{"id":20319,"date":"2024-12-24T11:13:00","date_gmt":"2024-12-24T09:13:00","guid":{"rendered":"https:\/\/www.hydrachim.fr\/?post_type=product&#038;p=20319"},"modified":"2025-05-22T11:53:50","modified_gmt":"2025-05-22T09:53:50","slug":"glassr_ecolabel_pae_002065291","status":"publish","type":"product","link":"https:\/\/www.hydrachim.fr\/en\/produit\/glassr_ecolabel_pae_002065291\/","title":{"rendered":"GLASS&#8217;R ECOLABEL PAE"},"content":{"rendered":"<p><strong>Nettoyant et d\u00e9graissant pour vitres et surfaces modernes<\/strong><\/p>\n<p><font color=\"#0090d4\"><b>GLASS&#8217;R ECOLABEL PAE<\/b><\/font> nettoie, d\u00e9graisse et fait briller les vitres, miroirs, et toutes surfaces* modernes et lavables (telles que les surfaces laqu\u00e9es et stratifi\u00e9es), sans laisser de traces ou de voiles.<br \/>\nEfficace sur les surfaces vitr\u00e9es int\u00e9rieures.<\/p>\n<p>Notre <font color=\"#0090d4\"><b>GLASS&#8217;R ECOLABEL PAE<\/b><\/font> s\u2019utilise pour les surfaces en collectivit\u00e9, cr\u00e8ches, EHPAD, locaux administratifs, h\u00f4tels, industries, locaux sociaux, tertiaires,&#8230;<br \/>\n<font color=\"#0090d4\"><b>GLASS\u2019R ECOLABEL<\/b><\/font> est certifi\u00e9 selon l\u2019ECOLABEL EUROPEEN, une r\u00e9f\u00e9rence en mati\u00e8re de respect de l\u2019environnement. L\u2019ECOLABEL EUROPEEN garantit une s\u00e9curit\u00e9 pour les utilisateurs, l\u2019environnement et la sant\u00e9.<\/p>\n<p><font color=\"#0090d4\"><b>GLASS&#8217;R ECOLABEL PAE<\/b><\/font> est une formule dilu\u00e9e conditionn\u00e9e en pulv\u00e9risateur de 750 mL. <\/p>\n<ul>\n<li>99% d&#8217;ingr\u00e9dients d&#8217;origine v\u00e9g\u00e9tale ou min\u00e9rale.<\/li>\n<ul>\n<ul>\n<li>Le produit diffuse un agr\u00e9able parfum de vent de fra\u00eecheur**.<\/li>\n<\/ul>\n<p><font color=\"#0090d4\"><b>GLASS&#8217;R ECOLABEL PAE<\/b><\/font> est fabriqu\u00e9 en France.<\/p>\n<p><strong>Disponible en :<br \/>\n&#8211; Carton de 6 x 750 mL. R\u00e9f.002065291<\/strong><\/p>\n<p class=\"y-product y-product__product-subtitle\">Avantage :<\/p>\n<p>A base d\u2019ingr\u00e9dients d\u2019origines min\u00e9rale ou v\u00e9g\u00e9tale respectant les crit\u00e8res de biod\u00e9gradabilit\u00e9 de la Commission Europ\u00e9enne.<\/p>\n<p><b>Le flacon du Glass&#8217;R ECOLABEL PAE peut se recharger gr\u00e2ce au <a href=\"https:\/\/www.hydrachim.fr\/?post_type=product&amp;p=15656&amp;preview=true\"><font color=\"#0090d4\">Glass&#8217;R ECOLABEL concentr\u00e9 de 50 mL<\/font><\/b><\/a><\/p>\n<ul>\n<li><b>Gain de plastique : <\/b>La recharge d\u2019un PAE par les capsules de la gamme des concentr\u00e9s permet la r\u00e9duction de plus de 78% de plastique. De plus, les capsules sont en plastique PE enti\u00e8rement recycl\u00e9s.<\/li>\n<li><b>Gain d\u2019emballage : <\/b>Nombre d\u2019usage du bidon : R\u00e9utilisable 100 fois apr\u00e8s remplisssage du bidon. Nombre d\u2019usage du spray : R\u00e9utilisable 17 fois apr\u00e8s rempissage du bidon.<\/li>\n<li><b>Gain de place en stockage : <\/b>Une recharge de 50mL est au moins 3 fois plus petite qu\u2019un pulv\u00e9risateur pr\u00eat \u00e0 l\u2019emploi. Soit, 3 cartons de 12 recharges (36 recharges au total) correspondent \u00e0 la place de seulement 4 pulv\u00e9risateurs. (1 palette de recharges \u00e9quivaut \u00e0 12 palettes de pulv\u00e9risateurs.)<\/li>\n<li><b>Gain de transport : <\/b>Le gain de place re\u00e7u par le conditionnement des recharges permet \u00e9galement un gain de transport. Il est possible de palettiser plus de cartons de recharges dans un camion que de cartons pulv\u00e9risateurs pr\u00eat \u00e0 l\u2019emploi : 12 palettes de pulv\u00e9risateurs \u00e9quivalent \u00e0 1 palette de recharge. Cela permet une r\u00e9duction de nos transports et donc une r\u00e9duction de nos \u00e9missions de Co2.<\/li>\n<p><em>N\u00b0 de t\u00e9l\u00e9phone d\u2019appel d\u2019urgence INRS\/ORFILA : + 33 (0)1 45 42 59 59. (N\u00b00652)<br \/>\nConforme \u00e0 la l\u00e9gislation relative aux produits de nettoyage du mat\u00e9riel pouvant se trouver en contact des denr\u00e9es alimentaires. (Arr\u00eat\u00e9 du 08\/09\/99 et ses amendements). Rin\u00e7age obligatoire.<br \/>\nEn cas de r\u00e9-emploi de votre pulv\u00e9risateur, attention \u00e0 bien nettoyer et s\u00e9cher celui-ci entre chaque recharge.<br \/>\nSi vous r\u00e9-utilisez votre pulv\u00e9risateur et le rechargez, vous pouvez conserver le produit P.A.E. environ 24 mois.<br \/>\n*Faire un test au pr\u00e9alable sur une partie non visible du support.<br \/>\n**Parfum de synth\u00e8se.<\/em><\/p>\n","protected":false},"excerpt":{"rendered":"<p>Nettoyant vitres &amp; surfaces modernes<\/p>\n","protected":false},"featured_media":20322,"template":"","meta":[],"product_brand":[],"product_type":[2],"product_visibility":[],"product_cat":[4101,4189,4143,4102],"class_list":{"0":"post-20319","1":"product","2":"type-product","3":"status-publish","4":"has-post-thumbnail","6":"product_cat-produitsecolabel","7":"product_cat-marquesidegreen","8":"product_cat-nouveautes","9":"product_cat-ecolabelsurface","10":"product_tag-chr","11":"product_tag-degraissant","12":"product_tag-ecolabel","13":"product_tag-nettoyant","14":"product_tag-pret-a-lemploi","15":"product_tag-surface-moderne","16":"product_tag-vitres","18":"first","19":"instock","20":"shipping-taxable","21":"product-type-simple"},"yoast_head":"<!-- This site is optimized with the Yoast SEO plugin v27.4 - https:\/\/yoast.com\/product\/yoast-seo-wordpress\/ -->\n<title>GLASS&#039;R ECOLABEL PAE - Hydrachim<\/title>\n<meta name=\"robots\" content=\"index, follow, max-snippet:-1, max-image-preview:large, max-video-preview:-1\" \/>\n<link rel=\"canonical\" href=\"https:\/\/www.hydrachim.fr\/en\/produit\/glassr_ecolabel_pae_002065291\/\" \/>\n<meta property=\"og:locale\" content=\"en_US\" \/>\n<meta property=\"og:type\" content=\"article\" \/>\n<meta property=\"og:title\" content=\"GLASS&#039;R ECOLABEL PAE - Hydrachim\" \/>\n<meta property=\"og:description\" content=\"Nettoyant vitres &amp; surfaces modernes\" \/>\n<meta property=\"og:url\" content=\"https:\/\/www.hydrachim.fr\/en\/produit\/glassr_ecolabel_pae_002065291\/\" \/>\n<meta property=\"og:site_name\" content=\"Hydrachim\" \/>\n<meta property=\"article:modified_time\" content=\"2025-05-22T09:53:50+00:00\" \/>\n<meta property=\"og:image\" content=\"https:\/\/www.hydrachim.fr\/app\/uploads\/2024\/12\/0652_GLASS_R_ECOLABEL___Nettoyant_vitre_PAE___750mL___DUNE.png\" \/>\n\t<meta property=\"og:image:width\" content=\"400\" \/>\n\t<meta property=\"og:image:height\" content=\"611\" \/>\n\t<meta property=\"og:image:type\" content=\"image\/png\" \/>\n<meta name=\"twitter:card\" content=\"summary_large_image\" \/>\n<meta name=\"twitter:label1\" content=\"Est. reading time\" \/>\n\t<meta name=\"twitter:data1\" content=\"2 minutes\" \/>\n<script type=\"application\/ld+json\" class=\"yoast-schema-graph\">{\"@context\":\"https:\\\/\\\/schema.org\",\"@graph\":[{\"@type\":\"WebPage\",\"@id\":\"https:\\\/\\\/www.hydrachim.fr\\\/en\\\/produit\\\/glassr_ecolabel_pae_002065291\\\/\",\"url\":\"https:\\\/\\\/www.hydrachim.fr\\\/en\\\/produit\\\/glassr_ecolabel_pae_002065291\\\/\",\"name\":\"GLASS'R ECOLABEL PAE - Hydrachim\",\"isPartOf\":{\"@id\":\"https:\\\/\\\/www.hydrachim.fr\\\/en\\\/#website\"},\"primaryImageOfPage\":{\"@id\":\"https:\\\/\\\/www.hydrachim.fr\\\/en\\\/produit\\\/glassr_ecolabel_pae_002065291\\\/#primaryimage\"},\"image\":{\"@id\":\"https:\\\/\\\/www.hydrachim.fr\\\/en\\\/produit\\\/glassr_ecolabel_pae_002065291\\\/#primaryimage\"},\"thumbnailUrl\":\"https:\\\/\\\/www.hydrachim.fr\\\/app\\\/uploads\\\/2024\\\/12\\\/0652_GLASS_R_ECOLABEL___Nettoyant_vitre_PAE___750mL___DUNE.png\",\"datePublished\":\"2024-12-24T09:13:00+00:00\",\"dateModified\":\"2025-05-22T09:53:50+00:00\",\"breadcrumb\":{\"@id\":\"https:\\\/\\\/www.hydrachim.fr\\\/en\\\/produit\\\/glassr_ecolabel_pae_002065291\\\/#breadcrumb\"},\"inLanguage\":\"en-US\",\"potentialAction\":[{\"@type\":\"ReadAction\",\"target\":[\"https:\\\/\\\/www.hydrachim.fr\\\/en\\\/produit\\\/glassr_ecolabel_pae_002065291\\\/\"]}]},{\"@type\":\"ImageObject\",\"inLanguage\":\"en-US\",\"@id\":\"https:\\\/\\\/www.hydrachim.fr\\\/en\\\/produit\\\/glassr_ecolabel_pae_002065291\\\/#primaryimage\",\"url\":\"https:\\\/\\\/www.hydrachim.fr\\\/app\\\/uploads\\\/2024\\\/12\\\/0652_GLASS_R_ECOLABEL___Nettoyant_vitre_PAE___750mL___DUNE.png\",\"contentUrl\":\"https:\\\/\\\/www.hydrachim.fr\\\/app\\\/uploads\\\/2024\\\/12\\\/0652_GLASS_R_ECOLABEL___Nettoyant_vitre_PAE___750mL___DUNE.png\",\"width\":400,\"height\":611},{\"@type\":\"BreadcrumbList\",\"@id\":\"https:\\\/\\\/www.hydrachim.fr\\\/en\\\/produit\\\/glassr_ecolabel_pae_002065291\\\/#breadcrumb\",\"itemListElement\":[{\"@type\":\"ListItem\",\"position\":1,\"name\":\"Home\",\"item\":\"https:\\\/\\\/www.hydrachim.fr\\\/en\\\/\"},{\"@type\":\"ListItem\",\"position\":2,\"name\":\"Boutique\",\"item\":\"https:\\\/\\\/www.hydrachim.fr\\\/boutique\\\/\"},{\"@type\":\"ListItem\",\"position\":3,\"name\":\"GLASS&rsquo;R ECOLABEL PAE\"}]},{\"@type\":\"WebSite\",\"@id\":\"https:\\\/\\\/www.hydrachim.fr\\\/en\\\/#website\",\"url\":\"https:\\\/\\\/www.hydrachim.fr\\\/en\\\/\",\"name\":\"Hydrachim\",\"description\":\"La science de l&#039;hygi\u00e8ne\",\"potentialAction\":[{\"@type\":\"SearchAction\",\"target\":{\"@type\":\"EntryPoint\",\"urlTemplate\":\"https:\\\/\\\/www.hydrachim.fr\\\/en\\\/?s={search_term_string}\"},\"query-input\":{\"@type\":\"PropertyValueSpecification\",\"valueRequired\":true,\"valueName\":\"search_term_string\"}}],\"inLanguage\":\"en-US\"}]}<\/script>\n<!-- \/ Yoast SEO plugin. -->","yoast_head_json":{"title":"GLASS'R ECOLABEL PAE - Hydrachim","robots":{"index":"index","follow":"follow","max-snippet":"max-snippet:-1","max-image-preview":"max-image-preview:large","max-video-preview":"max-video-preview:-1"},"canonical":"https:\/\/www.hydrachim.fr\/en\/produit\/glassr_ecolabel_pae_002065291\/","og_locale":"en_US","og_type":"article","og_title":"GLASS'R ECOLABEL PAE - Hydrachim","og_description":"Nettoyant vitres &amp; surfaces modernes","og_url":"https:\/\/www.hydrachim.fr\/en\/produit\/glassr_ecolabel_pae_002065291\/","og_site_name":"Hydrachim","article_modified_time":"2025-05-22T09:53:50+00:00","og_image":[{"width":400,"height":611,"url":"https:\/\/www.hydrachim.fr\/app\/uploads\/2024\/12\/0652_GLASS_R_ECOLABEL___Nettoyant_vitre_PAE___750mL___DUNE.png","type":"image\/png"}],"twitter_card":"summary_large_image","twitter_misc":{"Est. reading time":"2 minutes"},"schema":{"@context":"https:\/\/schema.org","@graph":[{"@type":"WebPage","@id":"https:\/\/www.hydrachim.fr\/en\/produit\/glassr_ecolabel_pae_002065291\/","url":"https:\/\/www.hydrachim.fr\/en\/produit\/glassr_ecolabel_pae_002065291\/","name":"GLASS'R ECOLABEL PAE - Hydrachim","isPartOf":{"@id":"https:\/\/www.hydrachim.fr\/en\/#website"},"primaryImageOfPage":{"@id":"https:\/\/www.hydrachim.fr\/en\/produit\/glassr_ecolabel_pae_002065291\/#primaryimage"},"image":{"@id":"https:\/\/www.hydrachim.fr\/en\/produit\/glassr_ecolabel_pae_002065291\/#primaryimage"},"thumbnailUrl":"https:\/\/www.hydrachim.fr\/app\/uploads\/2024\/12\/0652_GLASS_R_ECOLABEL___Nettoyant_vitre_PAE___750mL___DUNE.png","datePublished":"2024-12-24T09:13:00+00:00","dateModified":"2025-05-22T09:53:50+00:00","breadcrumb":{"@id":"https:\/\/www.hydrachim.fr\/en\/produit\/glassr_ecolabel_pae_002065291\/#breadcrumb"},"inLanguage":"en-US","potentialAction":[{"@type":"ReadAction","target":["https:\/\/www.hydrachim.fr\/en\/produit\/glassr_ecolabel_pae_002065291\/"]}]},{"@type":"ImageObject","inLanguage":"en-US","@id":"https:\/\/www.hydrachim.fr\/en\/produit\/glassr_ecolabel_pae_002065291\/#primaryimage","url":"https:\/\/www.hydrachim.fr\/app\/uploads\/2024\/12\/0652_GLASS_R_ECOLABEL___Nettoyant_vitre_PAE___750mL___DUNE.png","contentUrl":"https:\/\/www.hydrachim.fr\/app\/uploads\/2024\/12\/0652_GLASS_R_ECOLABEL___Nettoyant_vitre_PAE___750mL___DUNE.png","width":400,"height":611},{"@type":"BreadcrumbList","@id":"https:\/\/www.hydrachim.fr\/en\/produit\/glassr_ecolabel_pae_002065291\/#breadcrumb","itemListElement":[{"@type":"ListItem","position":1,"name":"Home","item":"https:\/\/www.hydrachim.fr\/en\/"},{"@type":"ListItem","position":2,"name":"Boutique","item":"https:\/\/www.hydrachim.fr\/boutique\/"},{"@type":"ListItem","position":3,"name":"GLASS&rsquo;R ECOLABEL PAE"}]},{"@type":"WebSite","@id":"https:\/\/www.hydrachim.fr\/en\/#website","url":"https:\/\/www.hydrachim.fr\/en\/","name":"Hydrachim","description":"La science de l&#039;hygi\u00e8ne","potentialAction":[{"@type":"SearchAction","target":{"@type":"EntryPoint","urlTemplate":"https:\/\/www.hydrachim.fr\/en\/?s={search_term_string}"},"query-input":{"@type":"PropertyValueSpecification","valueRequired":true,"valueName":"search_term_string"}}],"inLanguage":"en-US"}]}},"acf":{"fiche_methode":"","fiche_technique":"https:\/\/www.hydrachim.fr\/app\/uploads\/2024\/12\/FT___0652___GLASS_R_ECOLABEL_PAE_750_ML.pdf"},"_links":{"self":[{"href":"https:\/\/www.hydrachim.fr\/en\/wp-json\/wp\/v2\/product\/20319","targetHints":{"allow":["GET"]}}],"collection":[{"href":"https:\/\/www.hydrachim.fr\/en\/wp-json\/wp\/v2\/product"}],"about":[{"href":"https:\/\/www.hydrachim.fr\/en\/wp-json\/wp\/v2\/types\/product"}],"wp:featuredmedia":[{"embeddable":true,"href":"https:\/\/www.hydrachim.fr\/en\/wp-json\/wp\/v2\/media\/20322"}],"wp:attachment":[{"href":"https:\/\/www.hydrachim.fr\/en\/wp-json\/wp\/v2\/media?parent=20319"}],"wp:term":[{"taxonomy":"product_brand","embeddable":true,"href":"https:\/\/www.hydrachim.fr\/en\/wp-json\/wp\/v2\/product_brand?post=20319"},{"taxonomy":"product_type","embeddable":true,"href":"https:\/\/www.hydrachim.fr\/en\/wp-json\/wp\/v2\/product_type?post=20319"},{"taxonomy":"product_visibility","embeddable":true,"href":"https:\/\/www.hydrachim.fr\/en\/wp-json\/wp\/v2\/product_visibility?post=20319"},{"taxonomy":"product_cat","embeddable":true,"href":"https:\/\/www.hydrachim.fr\/en\/wp-json\/wp\/v2\/product_cat?post=20319"}],"curies":[{"name":"wp","href":"https:\/\/api.w.org\/{rel}","templated":true}]}}