{"id":20237,"date":"2024-12-19T09:57:18","date_gmt":"2024-12-19T07:57:18","guid":{"rendered":"https:\/\/www.hydrachim.fr\/?post_type=product&#038;p=20237"},"modified":"2025-11-17T15:37:50","modified_gmt":"2025-11-17T13:37:50","slug":"cch_5300_001116403","status":"publish","type":"product","link":"https:\/\/www.hydrachim.fr\/en\/produit\/cch_5300_001116403\/","title":{"rendered":"CCH 5300"},"content":{"rendered":"<p><strong>CCH 5300 est un produit neutre. Ses principes actifs lui permettent d\u2019assurer une protection anti-corrosion en milieu oxydant ou en pr\u00e9sence d\u2019oxyg\u00e8ne. CCH 5300 est \u00e9galement un inhibiteur de tartre (1 mm de tartre surconsommation de 10% d\u2019\u00e9nergie), il pr\u00e9vient la formation d\u2019oxyde m\u00e9tallique.<\/strong><\/p>\n<p>CCH 5300 est \u00e9galement adapt\u00e9 pour les installations de chauffage par le sol.<\/p>\n<p><strong>Disponible en :<br \/>\nBidon de 20Kg<\/strong><\/p>\n<p class=\"y-product y-product__product-subtitle\">Avantage :<\/p>\n<p>CCH 5300 est sp\u00e9cialement con\u00e7u pour ma\u00eetriser les risques de corrosion, d\u2019entartrage et de d\u00e9veloppements microbiologiques dans les r\u00e9seaux de toute nature (aluminium, fer, cuivre, mati\u00e8re synth\u00e9tique). CCH 5300 est adapt\u00e9 \u00e0 toutes les eaux (dures et douces).<\/p>\n<p>Le CCH 5300, produit pr\u00eat \u00e0 l\u2019emploi, se dose \u00e0 raison de 1 % du volume d\u2019eau en circulation.<\/p>\n<p>Retrouvez le mode d&#8217;emploi et le dosage en t\u00e9l\u00e9chargeant, ci-dessous, sa Fiche Technique.<\/p>\n<p><em>Avant toute utilisation, lisez l&#8217;\u00e9tiquette et les informations concernant le produit.<br \/>\n<\/em><\/p>\n","protected":false},"excerpt":{"rendered":"<p>Inhibiteur d\u2019entartrage et de corrosion pour les installations de chauffage central<\/p>\n","protected":false},"featured_media":20235,"template":"","meta":[],"product_brand":[],"product_type":[2],"product_visibility":[],"product_cat":[4725,4732,4175,4142,4143,4141,4724],"class_list":{"0":"post-20237","1":"product","2":"type-product","3":"status-publish","4":"has-post-thumbnail","6":"product_cat-produits-produitstraitement-des-eauxcircuit-chauffage","7":"product_cat-marqueshydrachim-water","8":"product_cat-nouveautesindustries","9":"product_cat-marques","10":"product_cat-nouveautes","11":"product_cat-produits","12":"product_cat-produitstraitement-des-eaux","14":"first","15":"instock","16":"shipping-taxable","17":"product-type-simple"},"yoast_head":"<!-- This site is optimized with the Yoast SEO plugin v27.6 - https:\/\/yoast.com\/product\/yoast-seo-wordpress\/ -->\n<title>CCH 5300 - Hydrachim<\/title>\n<meta name=\"robots\" content=\"index, follow, max-snippet:-1, max-image-preview:large, max-video-preview:-1\" \/>\n<link rel=\"canonical\" href=\"https:\/\/www.hydrachim.fr\/en\/produit\/cch_5300_001116403\/\" \/>\n<meta property=\"og:locale\" content=\"en_US\" \/>\n<meta property=\"og:type\" content=\"article\" \/>\n<meta property=\"og:title\" content=\"CCH 5300 - Hydrachim\" \/>\n<meta property=\"og:description\" content=\"Inhibiteur d\u2019entartrage et de corrosion pour les installations de chauffage central\" \/>\n<meta property=\"og:url\" content=\"https:\/\/www.hydrachim.fr\/en\/produit\/cch_5300_001116403\/\" \/>\n<meta property=\"og:site_name\" content=\"Hydrachim\" \/>\n<meta property=\"article:modified_time\" content=\"2025-11-17T13:37:50+00:00\" \/>\n<meta property=\"og:image\" content=\"https:\/\/www.hydrachim.fr\/app\/uploads\/2024\/12\/CCH_5300_20KG.png\" \/>\n\t<meta property=\"og:image:width\" content=\"542\" \/>\n\t<meta property=\"og:image:height\" content=\"575\" \/>\n\t<meta property=\"og:image:type\" content=\"image\/png\" \/>\n<meta name=\"twitter:card\" content=\"summary_large_image\" \/>\n<meta name=\"twitter:label1\" content=\"Est. reading time\" \/>\n\t<meta name=\"twitter:data1\" content=\"1 minute\" \/>\n<script type=\"application\/ld+json\" class=\"yoast-schema-graph\">{\"@context\":\"https:\\\/\\\/schema.org\",\"@graph\":[{\"@type\":\"WebPage\",\"@id\":\"https:\\\/\\\/www.hydrachim.fr\\\/en\\\/produit\\\/cch_5300_001116403\\\/\",\"url\":\"https:\\\/\\\/www.hydrachim.fr\\\/en\\\/produit\\\/cch_5300_001116403\\\/\",\"name\":\"CCH 5300 - Hydrachim\",\"isPartOf\":{\"@id\":\"https:\\\/\\\/www.hydrachim.fr\\\/en\\\/#website\"},\"primaryImageOfPage\":{\"@id\":\"https:\\\/\\\/www.hydrachim.fr\\\/en\\\/produit\\\/cch_5300_001116403\\\/#primaryimage\"},\"image\":{\"@id\":\"https:\\\/\\\/www.hydrachim.fr\\\/en\\\/produit\\\/cch_5300_001116403\\\/#primaryimage\"},\"thumbnailUrl\":\"https:\\\/\\\/www.hydrachim.fr\\\/app\\\/uploads\\\/2024\\\/12\\\/CCH_5300_20KG.png\",\"datePublished\":\"2024-12-19T07:57:18+00:00\",\"dateModified\":\"2025-11-17T13:37:50+00:00\",\"breadcrumb\":{\"@id\":\"https:\\\/\\\/www.hydrachim.fr\\\/en\\\/produit\\\/cch_5300_001116403\\\/#breadcrumb\"},\"inLanguage\":\"en-US\",\"potentialAction\":[{\"@type\":\"ReadAction\",\"target\":[\"https:\\\/\\\/www.hydrachim.fr\\\/en\\\/produit\\\/cch_5300_001116403\\\/\"]}]},{\"@type\":\"ImageObject\",\"inLanguage\":\"en-US\",\"@id\":\"https:\\\/\\\/www.hydrachim.fr\\\/en\\\/produit\\\/cch_5300_001116403\\\/#primaryimage\",\"url\":\"https:\\\/\\\/www.hydrachim.fr\\\/app\\\/uploads\\\/2024\\\/12\\\/CCH_5300_20KG.png\",\"contentUrl\":\"https:\\\/\\\/www.hydrachim.fr\\\/app\\\/uploads\\\/2024\\\/12\\\/CCH_5300_20KG.png\",\"width\":542,\"height\":575},{\"@type\":\"BreadcrumbList\",\"@id\":\"https:\\\/\\\/www.hydrachim.fr\\\/en\\\/produit\\\/cch_5300_001116403\\\/#breadcrumb\",\"itemListElement\":[{\"@type\":\"ListItem\",\"position\":1,\"name\":\"Home\",\"item\":\"https:\\\/\\\/www.hydrachim.fr\\\/en\\\/\"},{\"@type\":\"ListItem\",\"position\":2,\"name\":\"Boutique\",\"item\":\"https:\\\/\\\/www.hydrachim.fr\\\/boutique\\\/\"},{\"@type\":\"ListItem\",\"position\":3,\"name\":\"CCH 5300\"}]},{\"@type\":\"WebSite\",\"@id\":\"https:\\\/\\\/www.hydrachim.fr\\\/en\\\/#website\",\"url\":\"https:\\\/\\\/www.hydrachim.fr\\\/en\\\/\",\"name\":\"Hydrachim\",\"description\":\"La science de l&#039;hygi\u00e8ne\",\"potentialAction\":[{\"@type\":\"SearchAction\",\"target\":{\"@type\":\"EntryPoint\",\"urlTemplate\":\"https:\\\/\\\/www.hydrachim.fr\\\/en\\\/?s={search_term_string}\"},\"query-input\":{\"@type\":\"PropertyValueSpecification\",\"valueRequired\":true,\"valueName\":\"search_term_string\"}}],\"inLanguage\":\"en-US\"}]}<\/script>\n<!-- \/ Yoast SEO plugin. -->","yoast_head_json":{"title":"CCH 5300 - Hydrachim","robots":{"index":"index","follow":"follow","max-snippet":"max-snippet:-1","max-image-preview":"max-image-preview:large","max-video-preview":"max-video-preview:-1"},"canonical":"https:\/\/www.hydrachim.fr\/en\/produit\/cch_5300_001116403\/","og_locale":"en_US","og_type":"article","og_title":"CCH 5300 - Hydrachim","og_description":"Inhibiteur d\u2019entartrage et de corrosion pour les installations de chauffage central","og_url":"https:\/\/www.hydrachim.fr\/en\/produit\/cch_5300_001116403\/","og_site_name":"Hydrachim","article_modified_time":"2025-11-17T13:37:50+00:00","og_image":[{"width":542,"height":575,"url":"https:\/\/www.hydrachim.fr\/app\/uploads\/2024\/12\/CCH_5300_20KG.png","type":"image\/png"}],"twitter_card":"summary_large_image","twitter_misc":{"Est. reading time":"1 minute"},"schema":{"@context":"https:\/\/schema.org","@graph":[{"@type":"WebPage","@id":"https:\/\/www.hydrachim.fr\/en\/produit\/cch_5300_001116403\/","url":"https:\/\/www.hydrachim.fr\/en\/produit\/cch_5300_001116403\/","name":"CCH 5300 - Hydrachim","isPartOf":{"@id":"https:\/\/www.hydrachim.fr\/en\/#website"},"primaryImageOfPage":{"@id":"https:\/\/www.hydrachim.fr\/en\/produit\/cch_5300_001116403\/#primaryimage"},"image":{"@id":"https:\/\/www.hydrachim.fr\/en\/produit\/cch_5300_001116403\/#primaryimage"},"thumbnailUrl":"https:\/\/www.hydrachim.fr\/app\/uploads\/2024\/12\/CCH_5300_20KG.png","datePublished":"2024-12-19T07:57:18+00:00","dateModified":"2025-11-17T13:37:50+00:00","breadcrumb":{"@id":"https:\/\/www.hydrachim.fr\/en\/produit\/cch_5300_001116403\/#breadcrumb"},"inLanguage":"en-US","potentialAction":[{"@type":"ReadAction","target":["https:\/\/www.hydrachim.fr\/en\/produit\/cch_5300_001116403\/"]}]},{"@type":"ImageObject","inLanguage":"en-US","@id":"https:\/\/www.hydrachim.fr\/en\/produit\/cch_5300_001116403\/#primaryimage","url":"https:\/\/www.hydrachim.fr\/app\/uploads\/2024\/12\/CCH_5300_20KG.png","contentUrl":"https:\/\/www.hydrachim.fr\/app\/uploads\/2024\/12\/CCH_5300_20KG.png","width":542,"height":575},{"@type":"BreadcrumbList","@id":"https:\/\/www.hydrachim.fr\/en\/produit\/cch_5300_001116403\/#breadcrumb","itemListElement":[{"@type":"ListItem","position":1,"name":"Home","item":"https:\/\/www.hydrachim.fr\/en\/"},{"@type":"ListItem","position":2,"name":"Boutique","item":"https:\/\/www.hydrachim.fr\/boutique\/"},{"@type":"ListItem","position":3,"name":"CCH 5300"}]},{"@type":"WebSite","@id":"https:\/\/www.hydrachim.fr\/en\/#website","url":"https:\/\/www.hydrachim.fr\/en\/","name":"Hydrachim","description":"La science de l&#039;hygi\u00e8ne","potentialAction":[{"@type":"SearchAction","target":{"@type":"EntryPoint","urlTemplate":"https:\/\/www.hydrachim.fr\/en\/?s={search_term_string}"},"query-input":{"@type":"PropertyValueSpecification","valueRequired":true,"valueName":"search_term_string"}}],"inLanguage":"en-US"}]}},"acf":{"fiche_methode":"","fiche_technique":"https:\/\/www.hydrachim.fr\/app\/uploads\/2025\/11\/HYDRACHIM_WATER_FT_1164_CCH_5300.pdf"},"_links":{"self":[{"href":"https:\/\/www.hydrachim.fr\/en\/wp-json\/wp\/v2\/product\/20237","targetHints":{"allow":["GET"]}}],"collection":[{"href":"https:\/\/www.hydrachim.fr\/en\/wp-json\/wp\/v2\/product"}],"about":[{"href":"https:\/\/www.hydrachim.fr\/en\/wp-json\/wp\/v2\/types\/product"}],"wp:featuredmedia":[{"embeddable":true,"href":"https:\/\/www.hydrachim.fr\/en\/wp-json\/wp\/v2\/media\/20235"}],"wp:attachment":[{"href":"https:\/\/www.hydrachim.fr\/en\/wp-json\/wp\/v2\/media?parent=20237"}],"wp:term":[{"taxonomy":"product_brand","embeddable":true,"href":"https:\/\/www.hydrachim.fr\/en\/wp-json\/wp\/v2\/product_brand?post=20237"},{"taxonomy":"product_type","embeddable":true,"href":"https:\/\/www.hydrachim.fr\/en\/wp-json\/wp\/v2\/product_type?post=20237"},{"taxonomy":"product_visibility","embeddable":true,"href":"https:\/\/www.hydrachim.fr\/en\/wp-json\/wp\/v2\/product_visibility?post=20237"},{"taxonomy":"product_cat","embeddable":true,"href":"https:\/\/www.hydrachim.fr\/en\/wp-json\/wp\/v2\/product_cat?post=20237"}],"curies":[{"name":"wp","href":"https:\/\/api.w.org\/{rel}","templated":true}]}}