{"id":20234,"date":"2024-12-19T09:54:07","date_gmt":"2024-12-19T07:54:07","guid":{"rendered":"https:\/\/www.hydrachim.fr\/?post_type=product&#038;p=20234"},"modified":"2025-11-17T15:31:01","modified_gmt":"2025-11-17T13:31:01","slug":"cch_4100_001116003","status":"publish","type":"product","link":"https:\/\/www.hydrachim.fr\/en\/produit\/cch_4100_001116003\/","title":{"rendered":"CCH 4100"},"content":{"rendered":"<p><strong>CCH 4100 est utilis\u00e9 en lessivage avant la mise en service des installations neuves.<\/strong><\/p>\n<p>Il permet l\u2019\u00e9limination des restes de flux, de d\u00e9capant, de graisses, d\u2019hydrocarbures et de d\u00e9bris de tout ordre. Pour les installations anciennes, CCH 4100 est utilis\u00e9 comme d\u00e9sembouant.<br \/>\nDans les r\u00e9seaux de chauffage, les sels calcaires et les oxydes m\u00e9talliques forment des boues noires et des d\u00e9p\u00f4ts. Le d\u00e9sembouage des r\u00e9seaux oblige bien souvent \u00e0 arr\u00eater le fonctionnement des installations. Le CCH 4100, gr\u00e2ce \u00e0 son tr\u00e8s grand pouvoir dissolvant et dispersant permet la remise en solution progressive des d\u00e9p\u00f4ts sans arr\u00eat des installations.<\/p>\n<p><strong>Disponible en :<br \/>\nBidon de 20Kg<\/strong><\/p>\n<p class=\"y-product y-product__product-subtitle\">Avantage :<\/p>\n<p>CCH 4100 est \u00e0 base d\u2019agents complexant, dispersants et inhibiteurs de corrosion. Par complexation des ions alcalino-ferreux, il resolubilise les d\u00e9p\u00f4ts min\u00e9raux et disperse les particules insolubles. Cependant un bouchon emp\u00eachant la circulation ne sera probablement pas \u00e9limin\u00e9 uniquement par un nettoyage chimique. Vis-\u00e0-vis des surfaces m\u00e9talliques, CCH 4100 a une action passivante et est compatible avec tous les m\u00e9taux. Au rejet, la solution de CCH 4100 ne pr\u00e9sente aucun risque.<\/p>\n<p>CCH 4100 est inject\u00e9 progressivement dans le circuit \u00e0 l\u2019aide d\u2019une pompe doseuse ou d\u2019un sas d\u2019introduction \u00e0 raison de 1 \u00e0 5 %. Avant la mise en oeuvre, il convient de vidanger et chasser enti\u00e8rement l\u2019installation. Pour le nettoyage des installations existantes, on laissera le produit circuler dans l\u2019installation une dizaine de jour (en fonctionnement normal) ou 48 heures en marche forc\u00e9e et en chauffe. On vidangera et chassera l\u2019installation jusqu\u2019\u00e0 ce que l\u2019eau sorte claire. Si apr\u00e8s deux ou trois rin\u00e7ages ce n\u2019\u00e9tait pas le cas on pourra recommencer un nettoyage au CCH 4100. Pour les installations neuves, on introduira CCH 4100 apr\u00e8s un rin\u00e7age complet de l\u2019installation et on laissera circuler de 1 \u00e0 2 heures. On rincera l\u2019installation avant remplissage. <\/p>\n<p>Retrouvez le mode d&#8217;emploi et le dosage en t\u00e9l\u00e9chargeant, ci-dessous, sa Fiche Technique.<\/p>\n<p><em>Avant toute utilisation, lisez l&#8217;\u00e9tiquette et les informations concernant le produit.<\/em><\/p>\n","protected":false},"excerpt":{"rendered":"<p>R\u00e9actif de nettoyage, lessivage des installations de chauffage neuves ou anciennes<\/p>\n","protected":false},"featured_media":20232,"template":"","meta":[],"product_brand":[],"product_type":[2],"product_visibility":[],"product_cat":[4725,4732,4175,4143,4141,4724],"class_list":{"0":"post-20234","1":"product","2":"type-product","3":"status-publish","4":"has-post-thumbnail","6":"product_cat-produits-produitstraitement-des-eauxcircuit-chauffage","7":"product_cat-marqueshydrachim-water","8":"product_cat-nouveautesindustries","9":"product_cat-nouveautes","10":"product_cat-produits","11":"product_cat-produitstraitement-des-eaux","13":"first","14":"instock","15":"shipping-taxable","16":"product-type-simple"},"yoast_head":"<!-- This site is optimized with the Yoast SEO plugin v27.6 - https:\/\/yoast.com\/product\/yoast-seo-wordpress\/ -->\n<title>CCH 4100 - Hydrachim<\/title>\n<meta name=\"robots\" content=\"index, follow, max-snippet:-1, max-image-preview:large, max-video-preview:-1\" \/>\n<link rel=\"canonical\" href=\"https:\/\/www.hydrachim.fr\/en\/produit\/cch_4100_001116003\/\" \/>\n<meta property=\"og:locale\" content=\"en_US\" \/>\n<meta property=\"og:type\" content=\"article\" \/>\n<meta property=\"og:title\" content=\"CCH 4100 - Hydrachim\" \/>\n<meta property=\"og:description\" content=\"R\u00e9actif de nettoyage, lessivage des installations de chauffage neuves ou anciennes\" \/>\n<meta property=\"og:url\" content=\"https:\/\/www.hydrachim.fr\/en\/produit\/cch_4100_001116003\/\" \/>\n<meta property=\"og:site_name\" content=\"Hydrachim\" \/>\n<meta property=\"article:modified_time\" content=\"2025-11-17T13:31:01+00:00\" \/>\n<meta property=\"og:image\" content=\"https:\/\/www.hydrachim.fr\/app\/uploads\/2024\/12\/CCH_4100_20KG.png\" \/>\n\t<meta property=\"og:image:width\" content=\"542\" \/>\n\t<meta property=\"og:image:height\" content=\"575\" \/>\n\t<meta property=\"og:image:type\" content=\"image\/png\" \/>\n<meta name=\"twitter:card\" content=\"summary_large_image\" \/>\n<meta name=\"twitter:label1\" content=\"Est. reading time\" \/>\n\t<meta name=\"twitter:data1\" content=\"2 minutes\" \/>\n<script type=\"application\/ld+json\" class=\"yoast-schema-graph\">{\"@context\":\"https:\\\/\\\/schema.org\",\"@graph\":[{\"@type\":\"WebPage\",\"@id\":\"https:\\\/\\\/www.hydrachim.fr\\\/en\\\/produit\\\/cch_4100_001116003\\\/\",\"url\":\"https:\\\/\\\/www.hydrachim.fr\\\/en\\\/produit\\\/cch_4100_001116003\\\/\",\"name\":\"CCH 4100 - Hydrachim\",\"isPartOf\":{\"@id\":\"https:\\\/\\\/www.hydrachim.fr\\\/en\\\/#website\"},\"primaryImageOfPage\":{\"@id\":\"https:\\\/\\\/www.hydrachim.fr\\\/en\\\/produit\\\/cch_4100_001116003\\\/#primaryimage\"},\"image\":{\"@id\":\"https:\\\/\\\/www.hydrachim.fr\\\/en\\\/produit\\\/cch_4100_001116003\\\/#primaryimage\"},\"thumbnailUrl\":\"https:\\\/\\\/www.hydrachim.fr\\\/app\\\/uploads\\\/2024\\\/12\\\/CCH_4100_20KG.png\",\"datePublished\":\"2024-12-19T07:54:07+00:00\",\"dateModified\":\"2025-11-17T13:31:01+00:00\",\"breadcrumb\":{\"@id\":\"https:\\\/\\\/www.hydrachim.fr\\\/en\\\/produit\\\/cch_4100_001116003\\\/#breadcrumb\"},\"inLanguage\":\"en-US\",\"potentialAction\":[{\"@type\":\"ReadAction\",\"target\":[\"https:\\\/\\\/www.hydrachim.fr\\\/en\\\/produit\\\/cch_4100_001116003\\\/\"]}]},{\"@type\":\"ImageObject\",\"inLanguage\":\"en-US\",\"@id\":\"https:\\\/\\\/www.hydrachim.fr\\\/en\\\/produit\\\/cch_4100_001116003\\\/#primaryimage\",\"url\":\"https:\\\/\\\/www.hydrachim.fr\\\/app\\\/uploads\\\/2024\\\/12\\\/CCH_4100_20KG.png\",\"contentUrl\":\"https:\\\/\\\/www.hydrachim.fr\\\/app\\\/uploads\\\/2024\\\/12\\\/CCH_4100_20KG.png\",\"width\":542,\"height\":575},{\"@type\":\"BreadcrumbList\",\"@id\":\"https:\\\/\\\/www.hydrachim.fr\\\/en\\\/produit\\\/cch_4100_001116003\\\/#breadcrumb\",\"itemListElement\":[{\"@type\":\"ListItem\",\"position\":1,\"name\":\"Home\",\"item\":\"https:\\\/\\\/www.hydrachim.fr\\\/en\\\/\"},{\"@type\":\"ListItem\",\"position\":2,\"name\":\"Boutique\",\"item\":\"https:\\\/\\\/www.hydrachim.fr\\\/boutique\\\/\"},{\"@type\":\"ListItem\",\"position\":3,\"name\":\"CCH 4100\"}]},{\"@type\":\"WebSite\",\"@id\":\"https:\\\/\\\/www.hydrachim.fr\\\/en\\\/#website\",\"url\":\"https:\\\/\\\/www.hydrachim.fr\\\/en\\\/\",\"name\":\"Hydrachim\",\"description\":\"La science de l&#039;hygi\u00e8ne\",\"potentialAction\":[{\"@type\":\"SearchAction\",\"target\":{\"@type\":\"EntryPoint\",\"urlTemplate\":\"https:\\\/\\\/www.hydrachim.fr\\\/en\\\/?s={search_term_string}\"},\"query-input\":{\"@type\":\"PropertyValueSpecification\",\"valueRequired\":true,\"valueName\":\"search_term_string\"}}],\"inLanguage\":\"en-US\"}]}<\/script>\n<!-- \/ Yoast SEO plugin. -->","yoast_head_json":{"title":"CCH 4100 - Hydrachim","robots":{"index":"index","follow":"follow","max-snippet":"max-snippet:-1","max-image-preview":"max-image-preview:large","max-video-preview":"max-video-preview:-1"},"canonical":"https:\/\/www.hydrachim.fr\/en\/produit\/cch_4100_001116003\/","og_locale":"en_US","og_type":"article","og_title":"CCH 4100 - Hydrachim","og_description":"R\u00e9actif de nettoyage, lessivage des installations de chauffage neuves ou anciennes","og_url":"https:\/\/www.hydrachim.fr\/en\/produit\/cch_4100_001116003\/","og_site_name":"Hydrachim","article_modified_time":"2025-11-17T13:31:01+00:00","og_image":[{"width":542,"height":575,"url":"https:\/\/www.hydrachim.fr\/app\/uploads\/2024\/12\/CCH_4100_20KG.png","type":"image\/png"}],"twitter_card":"summary_large_image","twitter_misc":{"Est. reading time":"2 minutes"},"schema":{"@context":"https:\/\/schema.org","@graph":[{"@type":"WebPage","@id":"https:\/\/www.hydrachim.fr\/en\/produit\/cch_4100_001116003\/","url":"https:\/\/www.hydrachim.fr\/en\/produit\/cch_4100_001116003\/","name":"CCH 4100 - Hydrachim","isPartOf":{"@id":"https:\/\/www.hydrachim.fr\/en\/#website"},"primaryImageOfPage":{"@id":"https:\/\/www.hydrachim.fr\/en\/produit\/cch_4100_001116003\/#primaryimage"},"image":{"@id":"https:\/\/www.hydrachim.fr\/en\/produit\/cch_4100_001116003\/#primaryimage"},"thumbnailUrl":"https:\/\/www.hydrachim.fr\/app\/uploads\/2024\/12\/CCH_4100_20KG.png","datePublished":"2024-12-19T07:54:07+00:00","dateModified":"2025-11-17T13:31:01+00:00","breadcrumb":{"@id":"https:\/\/www.hydrachim.fr\/en\/produit\/cch_4100_001116003\/#breadcrumb"},"inLanguage":"en-US","potentialAction":[{"@type":"ReadAction","target":["https:\/\/www.hydrachim.fr\/en\/produit\/cch_4100_001116003\/"]}]},{"@type":"ImageObject","inLanguage":"en-US","@id":"https:\/\/www.hydrachim.fr\/en\/produit\/cch_4100_001116003\/#primaryimage","url":"https:\/\/www.hydrachim.fr\/app\/uploads\/2024\/12\/CCH_4100_20KG.png","contentUrl":"https:\/\/www.hydrachim.fr\/app\/uploads\/2024\/12\/CCH_4100_20KG.png","width":542,"height":575},{"@type":"BreadcrumbList","@id":"https:\/\/www.hydrachim.fr\/en\/produit\/cch_4100_001116003\/#breadcrumb","itemListElement":[{"@type":"ListItem","position":1,"name":"Home","item":"https:\/\/www.hydrachim.fr\/en\/"},{"@type":"ListItem","position":2,"name":"Boutique","item":"https:\/\/www.hydrachim.fr\/boutique\/"},{"@type":"ListItem","position":3,"name":"CCH 4100"}]},{"@type":"WebSite","@id":"https:\/\/www.hydrachim.fr\/en\/#website","url":"https:\/\/www.hydrachim.fr\/en\/","name":"Hydrachim","description":"La science de l&#039;hygi\u00e8ne","potentialAction":[{"@type":"SearchAction","target":{"@type":"EntryPoint","urlTemplate":"https:\/\/www.hydrachim.fr\/en\/?s={search_term_string}"},"query-input":{"@type":"PropertyValueSpecification","valueRequired":true,"valueName":"search_term_string"}}],"inLanguage":"en-US"}]}},"acf":{"fiche_methode":"","fiche_technique":"https:\/\/www.hydrachim.fr\/app\/uploads\/2025\/11\/HYDRACHIM_WATER_FT_1160_CCH_4100.pdf"},"_links":{"self":[{"href":"https:\/\/www.hydrachim.fr\/en\/wp-json\/wp\/v2\/product\/20234","targetHints":{"allow":["GET"]}}],"collection":[{"href":"https:\/\/www.hydrachim.fr\/en\/wp-json\/wp\/v2\/product"}],"about":[{"href":"https:\/\/www.hydrachim.fr\/en\/wp-json\/wp\/v2\/types\/product"}],"wp:featuredmedia":[{"embeddable":true,"href":"https:\/\/www.hydrachim.fr\/en\/wp-json\/wp\/v2\/media\/20232"}],"wp:attachment":[{"href":"https:\/\/www.hydrachim.fr\/en\/wp-json\/wp\/v2\/media?parent=20234"}],"wp:term":[{"taxonomy":"product_brand","embeddable":true,"href":"https:\/\/www.hydrachim.fr\/en\/wp-json\/wp\/v2\/product_brand?post=20234"},{"taxonomy":"product_type","embeddable":true,"href":"https:\/\/www.hydrachim.fr\/en\/wp-json\/wp\/v2\/product_type?post=20234"},{"taxonomy":"product_visibility","embeddable":true,"href":"https:\/\/www.hydrachim.fr\/en\/wp-json\/wp\/v2\/product_visibility?post=20234"},{"taxonomy":"product_cat","embeddable":true,"href":"https:\/\/www.hydrachim.fr\/en\/wp-json\/wp\/v2\/product_cat?post=20234"}],"curies":[{"name":"wp","href":"https:\/\/api.w.org\/{rel}","templated":true}]}}