{"id":20224,"date":"2024-12-18T17:58:18","date_gmt":"2024-12-18T15:58:18","guid":{"rendered":"https:\/\/www.hydrachim.fr\/?post_type=product&#038;p=20224"},"modified":"2025-11-18T12:22:02","modified_gmt":"2025-11-18T10:22:02","slug":"det_3500_001117191","status":"publish","type":"product","link":"https:\/\/www.hydrachim.fr\/en\/produit\/det_3500_001117191\/","title":{"rendered":"DET 3500"},"content":{"rendered":"<p><strong>DET 3500 est un produit acide destin\u00e9 \u00e0 \u00e9liminer les d\u00e9p\u00f4ts min\u00e9raux comme les tartres calcaires ou les oxydes m\u00e9talliques.<br \/>\nIl est utilis\u00e9 pour les d\u00e9tartrages ou le d\u00e9rouillage des chaudi\u00e8res, \u00e9changeurs de temp\u00e9rature, condenseurs, \u00e9vapocondensateurs, serpentins de chauffe-eau, etc.<\/strong><\/p>\n<p>DET 3500 peut-\u00eatre utilis\u00e9 pour baisser le pH des circuits ferm\u00e9s chauds ou froids. En effet, au-del\u00e0 d\u2019un pH de 8,5 se produit la corrosion des surfaces m\u00e9talliques en aluminium.<br \/>\nDET 3500 contient un indicateur color\u00e9 qui signifie par un passage du rouge au jaune la fin d\u2019activit\u00e9 de la solution de d\u00e9tartrage.<\/p>\n<p><strong>Disponible en :<br \/>\nBidon de 20 Kg<\/strong><\/p>\n<p class=\"y-product y-product__product-subtitle\">Avantage :<\/p>\n<p>DET 3500 n\u2019a aucune action vis-\u00e0-vis des joints plastiques, caoutchouc naturel ou synth\u00e9tique.<br \/>\nIl ne mousse pas et ne doit pas \u00eatre employ\u00e9 en d\u00e9tartrage sur des m\u00e9taux sensibles comme l\u2019aluminium et ses alliages, et l\u2019acier galvanis\u00e9.<\/p>\n<p>En d\u00e9tartrage, DET 3500 s\u2019utilise en solution de 5 \u00e0 30 % suivant la quantit\u00e9 et la nature des d\u00e9p\u00f4ts \u00e0 \u00e9liminer. L\u2019\u00e9l\u00e9vation de la temp\u00e9rature (50\u00b0C maximum) et l\u2019effet m\u00e9canique apport\u00e9 par une circulation forc\u00e9e sont b\u00e9n\u00e9fiques sur la vitesse d\u2019action. La dur\u00e9e d\u2019une op\u00e9ration de d\u00e9tartrage ne devra pas exc\u00e9der 24 heures.<\/p>\n<p>Retrouvez le mode d&#8217;emploie et le dosage du produit en t\u00e9l\u00e9chargent, ci-dessous, sa Fiche Technique.<\/p>\n<p><em>Avant toute utilisation, lisez l&#8217;\u00e9tiquette et les informations concernant la produit.<\/em><\/p>\n","protected":false},"excerpt":{"rendered":"<p>D\u00e9tartrant chimique<\/p>\n","protected":false},"featured_media":20222,"template":"","meta":[],"product_brand":[],"product_type":[2],"product_visibility":[],"product_cat":[4728,4732,4175,4142,4143,4141,4724],"class_list":{"0":"post-20224","1":"product","2":"type-product","3":"status-publish","4":"has-post-thumbnail","6":"product_cat-produits-produitstraitement-des-eauxdetartrant","7":"product_cat-marqueshydrachim-water","8":"product_cat-nouveautesindustries","9":"product_cat-marques","10":"product_cat-nouveautes","11":"product_cat-produits","12":"product_cat-produitstraitement-des-eaux","14":"first","15":"instock","16":"shipping-taxable","17":"product-type-simple"},"yoast_head":"<!-- This site is optimized with the Yoast SEO plugin v27.6 - https:\/\/yoast.com\/product\/yoast-seo-wordpress\/ -->\n<title>DET 3500 - Hydrachim<\/title>\n<meta name=\"robots\" content=\"index, follow, max-snippet:-1, max-image-preview:large, max-video-preview:-1\" \/>\n<link rel=\"canonical\" href=\"https:\/\/www.hydrachim.fr\/en\/produit\/det_3500_001117191\/\" \/>\n<meta property=\"og:locale\" content=\"en_US\" \/>\n<meta property=\"og:type\" content=\"article\" \/>\n<meta property=\"og:title\" content=\"DET 3500 - Hydrachim\" \/>\n<meta property=\"og:description\" content=\"D\u00e9tartrant chimique\" \/>\n<meta property=\"og:url\" content=\"https:\/\/www.hydrachim.fr\/en\/produit\/det_3500_001117191\/\" \/>\n<meta property=\"og:site_name\" content=\"Hydrachim\" \/>\n<meta property=\"article:modified_time\" content=\"2025-11-18T10:22:02+00:00\" \/>\n<meta property=\"og:image\" content=\"https:\/\/www.hydrachim.fr\/app\/uploads\/2024\/12\/DET_3500_20KG.png\" \/>\n\t<meta property=\"og:image:width\" content=\"542\" \/>\n\t<meta property=\"og:image:height\" content=\"575\" \/>\n\t<meta property=\"og:image:type\" content=\"image\/png\" \/>\n<meta name=\"twitter:card\" content=\"summary_large_image\" \/>\n<meta name=\"twitter:label1\" content=\"Est. reading time\" \/>\n\t<meta name=\"twitter:data1\" content=\"1 minute\" \/>\n<script type=\"application\/ld+json\" class=\"yoast-schema-graph\">{\"@context\":\"https:\\\/\\\/schema.org\",\"@graph\":[{\"@type\":\"WebPage\",\"@id\":\"https:\\\/\\\/www.hydrachim.fr\\\/en\\\/produit\\\/det_3500_001117191\\\/\",\"url\":\"https:\\\/\\\/www.hydrachim.fr\\\/en\\\/produit\\\/det_3500_001117191\\\/\",\"name\":\"DET 3500 - Hydrachim\",\"isPartOf\":{\"@id\":\"https:\\\/\\\/www.hydrachim.fr\\\/en\\\/#website\"},\"primaryImageOfPage\":{\"@id\":\"https:\\\/\\\/www.hydrachim.fr\\\/en\\\/produit\\\/det_3500_001117191\\\/#primaryimage\"},\"image\":{\"@id\":\"https:\\\/\\\/www.hydrachim.fr\\\/en\\\/produit\\\/det_3500_001117191\\\/#primaryimage\"},\"thumbnailUrl\":\"https:\\\/\\\/www.hydrachim.fr\\\/app\\\/uploads\\\/2024\\\/12\\\/DET_3500_20KG.png\",\"datePublished\":\"2024-12-18T15:58:18+00:00\",\"dateModified\":\"2025-11-18T10:22:02+00:00\",\"breadcrumb\":{\"@id\":\"https:\\\/\\\/www.hydrachim.fr\\\/en\\\/produit\\\/det_3500_001117191\\\/#breadcrumb\"},\"inLanguage\":\"en-US\",\"potentialAction\":[{\"@type\":\"ReadAction\",\"target\":[\"https:\\\/\\\/www.hydrachim.fr\\\/en\\\/produit\\\/det_3500_001117191\\\/\"]}]},{\"@type\":\"ImageObject\",\"inLanguage\":\"en-US\",\"@id\":\"https:\\\/\\\/www.hydrachim.fr\\\/en\\\/produit\\\/det_3500_001117191\\\/#primaryimage\",\"url\":\"https:\\\/\\\/www.hydrachim.fr\\\/app\\\/uploads\\\/2024\\\/12\\\/DET_3500_20KG.png\",\"contentUrl\":\"https:\\\/\\\/www.hydrachim.fr\\\/app\\\/uploads\\\/2024\\\/12\\\/DET_3500_20KG.png\",\"width\":542,\"height\":575},{\"@type\":\"BreadcrumbList\",\"@id\":\"https:\\\/\\\/www.hydrachim.fr\\\/en\\\/produit\\\/det_3500_001117191\\\/#breadcrumb\",\"itemListElement\":[{\"@type\":\"ListItem\",\"position\":1,\"name\":\"Home\",\"item\":\"https:\\\/\\\/www.hydrachim.fr\\\/en\\\/\"},{\"@type\":\"ListItem\",\"position\":2,\"name\":\"Boutique\",\"item\":\"https:\\\/\\\/www.hydrachim.fr\\\/boutique\\\/\"},{\"@type\":\"ListItem\",\"position\":3,\"name\":\"DET 3500\"}]},{\"@type\":\"WebSite\",\"@id\":\"https:\\\/\\\/www.hydrachim.fr\\\/en\\\/#website\",\"url\":\"https:\\\/\\\/www.hydrachim.fr\\\/en\\\/\",\"name\":\"Hydrachim\",\"description\":\"La science de l&#039;hygi\u00e8ne\",\"potentialAction\":[{\"@type\":\"SearchAction\",\"target\":{\"@type\":\"EntryPoint\",\"urlTemplate\":\"https:\\\/\\\/www.hydrachim.fr\\\/en\\\/?s={search_term_string}\"},\"query-input\":{\"@type\":\"PropertyValueSpecification\",\"valueRequired\":true,\"valueName\":\"search_term_string\"}}],\"inLanguage\":\"en-US\"}]}<\/script>\n<!-- \/ Yoast SEO plugin. -->","yoast_head_json":{"title":"DET 3500 - Hydrachim","robots":{"index":"index","follow":"follow","max-snippet":"max-snippet:-1","max-image-preview":"max-image-preview:large","max-video-preview":"max-video-preview:-1"},"canonical":"https:\/\/www.hydrachim.fr\/en\/produit\/det_3500_001117191\/","og_locale":"en_US","og_type":"article","og_title":"DET 3500 - Hydrachim","og_description":"D\u00e9tartrant chimique","og_url":"https:\/\/www.hydrachim.fr\/en\/produit\/det_3500_001117191\/","og_site_name":"Hydrachim","article_modified_time":"2025-11-18T10:22:02+00:00","og_image":[{"width":542,"height":575,"url":"https:\/\/www.hydrachim.fr\/app\/uploads\/2024\/12\/DET_3500_20KG.png","type":"image\/png"}],"twitter_card":"summary_large_image","twitter_misc":{"Est. reading time":"1 minute"},"schema":{"@context":"https:\/\/schema.org","@graph":[{"@type":"WebPage","@id":"https:\/\/www.hydrachim.fr\/en\/produit\/det_3500_001117191\/","url":"https:\/\/www.hydrachim.fr\/en\/produit\/det_3500_001117191\/","name":"DET 3500 - Hydrachim","isPartOf":{"@id":"https:\/\/www.hydrachim.fr\/en\/#website"},"primaryImageOfPage":{"@id":"https:\/\/www.hydrachim.fr\/en\/produit\/det_3500_001117191\/#primaryimage"},"image":{"@id":"https:\/\/www.hydrachim.fr\/en\/produit\/det_3500_001117191\/#primaryimage"},"thumbnailUrl":"https:\/\/www.hydrachim.fr\/app\/uploads\/2024\/12\/DET_3500_20KG.png","datePublished":"2024-12-18T15:58:18+00:00","dateModified":"2025-11-18T10:22:02+00:00","breadcrumb":{"@id":"https:\/\/www.hydrachim.fr\/en\/produit\/det_3500_001117191\/#breadcrumb"},"inLanguage":"en-US","potentialAction":[{"@type":"ReadAction","target":["https:\/\/www.hydrachim.fr\/en\/produit\/det_3500_001117191\/"]}]},{"@type":"ImageObject","inLanguage":"en-US","@id":"https:\/\/www.hydrachim.fr\/en\/produit\/det_3500_001117191\/#primaryimage","url":"https:\/\/www.hydrachim.fr\/app\/uploads\/2024\/12\/DET_3500_20KG.png","contentUrl":"https:\/\/www.hydrachim.fr\/app\/uploads\/2024\/12\/DET_3500_20KG.png","width":542,"height":575},{"@type":"BreadcrumbList","@id":"https:\/\/www.hydrachim.fr\/en\/produit\/det_3500_001117191\/#breadcrumb","itemListElement":[{"@type":"ListItem","position":1,"name":"Home","item":"https:\/\/www.hydrachim.fr\/en\/"},{"@type":"ListItem","position":2,"name":"Boutique","item":"https:\/\/www.hydrachim.fr\/boutique\/"},{"@type":"ListItem","position":3,"name":"DET 3500"}]},{"@type":"WebSite","@id":"https:\/\/www.hydrachim.fr\/en\/#website","url":"https:\/\/www.hydrachim.fr\/en\/","name":"Hydrachim","description":"La science de l&#039;hygi\u00e8ne","potentialAction":[{"@type":"SearchAction","target":{"@type":"EntryPoint","urlTemplate":"https:\/\/www.hydrachim.fr\/en\/?s={search_term_string}"},"query-input":{"@type":"PropertyValueSpecification","valueRequired":true,"valueName":"search_term_string"}}],"inLanguage":"en-US"}]}},"acf":{"fiche_methode":"","fiche_technique":"https:\/\/www.hydrachim.fr\/app\/uploads\/2025\/11\/HYDRACHIM_WATTER_FT_1171_DET_3500.pdf"},"_links":{"self":[{"href":"https:\/\/www.hydrachim.fr\/en\/wp-json\/wp\/v2\/product\/20224","targetHints":{"allow":["GET"]}}],"collection":[{"href":"https:\/\/www.hydrachim.fr\/en\/wp-json\/wp\/v2\/product"}],"about":[{"href":"https:\/\/www.hydrachim.fr\/en\/wp-json\/wp\/v2\/types\/product"}],"wp:featuredmedia":[{"embeddable":true,"href":"https:\/\/www.hydrachim.fr\/en\/wp-json\/wp\/v2\/media\/20222"}],"wp:attachment":[{"href":"https:\/\/www.hydrachim.fr\/en\/wp-json\/wp\/v2\/media?parent=20224"}],"wp:term":[{"taxonomy":"product_brand","embeddable":true,"href":"https:\/\/www.hydrachim.fr\/en\/wp-json\/wp\/v2\/product_brand?post=20224"},{"taxonomy":"product_type","embeddable":true,"href":"https:\/\/www.hydrachim.fr\/en\/wp-json\/wp\/v2\/product_type?post=20224"},{"taxonomy":"product_visibility","embeddable":true,"href":"https:\/\/www.hydrachim.fr\/en\/wp-json\/wp\/v2\/product_visibility?post=20224"},{"taxonomy":"product_cat","embeddable":true,"href":"https:\/\/www.hydrachim.fr\/en\/wp-json\/wp\/v2\/product_cat?post=20224"}],"curies":[{"name":"wp","href":"https:\/\/api.w.org\/{rel}","templated":true}]}}