{"id":20088,"date":"2024-12-16T17:07:23","date_gmt":"2024-12-16T15:07:23","guid":{"rendered":"https:\/\/www.hydrachim.fr\/?post_type=product&#038;p=20088"},"modified":"2026-01-28T12:52:20","modified_gmt":"2026-01-28T10:52:20","slug":"mem_9220_001425708","status":"publish","type":"product","link":"https:\/\/www.hydrachim.fr\/en\/produit\/mem_9220_001425708\/","title":{"rendered":"MEM 9220"},"content":{"rendered":"<p><strong>MEM 9220 est une formulation liquide \u00e0 base de s\u00e9questrant sp\u00e9cialement formul\u00e9e pour inhiber l\u2019encrassement des membranes de nanofiltration et d\u2019osmose inverse<\/strong><\/p>\n<p>MEM 9220 est un inhibiteur multifonctionnel qui agit contre le carbonate de calcium, le sulfate de calcium, les oxydes et hydroxydes m\u00e9talliques.<\/p>\n<p><strong>Disponible en :<br \/>\nBidon de 20Kg<br \/>\nF\u00fbt de 220Kg<br \/>\nIBC de 1000Kg<\/strong><\/p>\n<p class=\"y-product y-product__product-subtitle\">Avantage :<\/p>\n<p>Produits antitartre pour membranes utilis\u00e9es pour le traitement de l\u2019eau destin\u00e9e \u00e0 la consommation humaine.<\/p>\n<p>MEM 9220 peut \u00eatre inject\u00e9 pur ou en solution dilu\u00e9e en amont de l\u2019unit\u00e9 de filtration de fa\u00e7on \u00e0 obtenir un m\u00e9lange homog\u00e8ne. Compte tenu du caract\u00e8re l\u00e9g\u00e8rement corrosif du produit, la pompe doseuse doit disposer d\u2019un corps de pompe et syst\u00e8me d\u2019aspiration et injection en mati\u00e8re plastique (P.V.C., E.P.D.M., Polypropyl\u00e8ne,\u2026).<br \/>\nLe dosage moyen habituel en MEM 9220 est g\u00e9n\u00e9ralement de l\u2019ordre de 0.5 \u00e0 3 g\/m3, \u00e0 adapter en fonction de la qualit\u00e9 de l\u2019eau \u00e0 traiter et des caract\u00e9ristiques de fonctionnement de l\u2019installation. La recherche de la concentration en MEM 9220 s\u2019effectue par l\u2019analyse des phosphates<\/p>\n<p>Retrouvez le mode d&#8217;emploi et le dosage du produit en t\u00e9l\u00e9chargeant, ci-dessous, sa Fiche Technique.<\/p>\n<p><em>Avant toute utilisation, lisez l&#8217;\u00e9tiquette et les informations concernant le produit.<\/em><\/p>\n","protected":false},"excerpt":{"rendered":"<p>S\u00e9questrant pour membranes de nano-filtration et d\u2019osmose inverse<\/p>\n","protected":false},"featured_media":20086,"template":"","meta":[],"product_brand":[],"product_type":[2],"product_visibility":[],"product_cat":[4732,4175,4142,4731,4143,4141,4724],"class_list":{"0":"post-20088","1":"product","2":"type-product","3":"status-publish","4":"has-post-thumbnail","6":"product_cat-marqueshydrachim-water","7":"product_cat-nouveautesindustries","8":"product_cat-marques","9":"product_cat-produits-produitstraitement-des-eauxmembrane","10":"product_cat-nouveautes","11":"product_cat-produits","12":"product_cat-produitstraitement-des-eaux","14":"first","15":"instock","16":"shipping-taxable","17":"product-type-simple"},"yoast_head":"<!-- This site is optimized with the Yoast SEO plugin v27.4 - https:\/\/yoast.com\/product\/yoast-seo-wordpress\/ -->\n<title>MEM 9220 - Hydrachim<\/title>\n<meta name=\"robots\" content=\"index, follow, max-snippet:-1, max-image-preview:large, max-video-preview:-1\" \/>\n<link rel=\"canonical\" href=\"https:\/\/www.hydrachim.fr\/en\/produit\/mem_9220_001425708\/\" \/>\n<meta property=\"og:locale\" content=\"en_US\" \/>\n<meta property=\"og:type\" content=\"article\" \/>\n<meta property=\"og:title\" content=\"MEM 9220 - Hydrachim\" \/>\n<meta property=\"og:description\" content=\"S\u00e9questrant pour membranes de nano-filtration et d\u2019osmose inverse\" \/>\n<meta property=\"og:url\" content=\"https:\/\/www.hydrachim.fr\/en\/produit\/mem_9220_001425708\/\" \/>\n<meta property=\"og:site_name\" content=\"Hydrachim\" \/>\n<meta property=\"article:modified_time\" content=\"2026-01-28T10:52:20+00:00\" \/>\n<meta property=\"og:image\" content=\"https:\/\/www.hydrachim.fr\/app\/uploads\/2024\/12\/MEM_9220_20_KG.png\" \/>\n\t<meta property=\"og:image:width\" content=\"542\" \/>\n\t<meta property=\"og:image:height\" content=\"574\" \/>\n\t<meta property=\"og:image:type\" content=\"image\/png\" \/>\n<meta name=\"twitter:card\" content=\"summary_large_image\" \/>\n<meta name=\"twitter:label1\" content=\"Est. reading time\" \/>\n\t<meta name=\"twitter:data1\" content=\"1 minute\" \/>\n<script type=\"application\/ld+json\" class=\"yoast-schema-graph\">{\"@context\":\"https:\\\/\\\/schema.org\",\"@graph\":[{\"@type\":\"WebPage\",\"@id\":\"https:\\\/\\\/www.hydrachim.fr\\\/en\\\/produit\\\/mem_9220_001425708\\\/\",\"url\":\"https:\\\/\\\/www.hydrachim.fr\\\/en\\\/produit\\\/mem_9220_001425708\\\/\",\"name\":\"MEM 9220 - Hydrachim\",\"isPartOf\":{\"@id\":\"https:\\\/\\\/www.hydrachim.fr\\\/en\\\/#website\"},\"primaryImageOfPage\":{\"@id\":\"https:\\\/\\\/www.hydrachim.fr\\\/en\\\/produit\\\/mem_9220_001425708\\\/#primaryimage\"},\"image\":{\"@id\":\"https:\\\/\\\/www.hydrachim.fr\\\/en\\\/produit\\\/mem_9220_001425708\\\/#primaryimage\"},\"thumbnailUrl\":\"https:\\\/\\\/www.hydrachim.fr\\\/app\\\/uploads\\\/2024\\\/12\\\/MEM_9220_20_KG.png\",\"datePublished\":\"2024-12-16T15:07:23+00:00\",\"dateModified\":\"2026-01-28T10:52:20+00:00\",\"breadcrumb\":{\"@id\":\"https:\\\/\\\/www.hydrachim.fr\\\/en\\\/produit\\\/mem_9220_001425708\\\/#breadcrumb\"},\"inLanguage\":\"en-US\",\"potentialAction\":[{\"@type\":\"ReadAction\",\"target\":[\"https:\\\/\\\/www.hydrachim.fr\\\/en\\\/produit\\\/mem_9220_001425708\\\/\"]}]},{\"@type\":\"ImageObject\",\"inLanguage\":\"en-US\",\"@id\":\"https:\\\/\\\/www.hydrachim.fr\\\/en\\\/produit\\\/mem_9220_001425708\\\/#primaryimage\",\"url\":\"https:\\\/\\\/www.hydrachim.fr\\\/app\\\/uploads\\\/2024\\\/12\\\/MEM_9220_20_KG.png\",\"contentUrl\":\"https:\\\/\\\/www.hydrachim.fr\\\/app\\\/uploads\\\/2024\\\/12\\\/MEM_9220_20_KG.png\",\"width\":542,\"height\":574},{\"@type\":\"BreadcrumbList\",\"@id\":\"https:\\\/\\\/www.hydrachim.fr\\\/en\\\/produit\\\/mem_9220_001425708\\\/#breadcrumb\",\"itemListElement\":[{\"@type\":\"ListItem\",\"position\":1,\"name\":\"Home\",\"item\":\"https:\\\/\\\/www.hydrachim.fr\\\/en\\\/\"},{\"@type\":\"ListItem\",\"position\":2,\"name\":\"Boutique\",\"item\":\"https:\\\/\\\/www.hydrachim.fr\\\/boutique\\\/\"},{\"@type\":\"ListItem\",\"position\":3,\"name\":\"MEM 9220\"}]},{\"@type\":\"WebSite\",\"@id\":\"https:\\\/\\\/www.hydrachim.fr\\\/en\\\/#website\",\"url\":\"https:\\\/\\\/www.hydrachim.fr\\\/en\\\/\",\"name\":\"Hydrachim\",\"description\":\"La science de l&#039;hygi\u00e8ne\",\"potentialAction\":[{\"@type\":\"SearchAction\",\"target\":{\"@type\":\"EntryPoint\",\"urlTemplate\":\"https:\\\/\\\/www.hydrachim.fr\\\/en\\\/?s={search_term_string}\"},\"query-input\":{\"@type\":\"PropertyValueSpecification\",\"valueRequired\":true,\"valueName\":\"search_term_string\"}}],\"inLanguage\":\"en-US\"}]}<\/script>\n<!-- \/ Yoast SEO plugin. -->","yoast_head_json":{"title":"MEM 9220 - Hydrachim","robots":{"index":"index","follow":"follow","max-snippet":"max-snippet:-1","max-image-preview":"max-image-preview:large","max-video-preview":"max-video-preview:-1"},"canonical":"https:\/\/www.hydrachim.fr\/en\/produit\/mem_9220_001425708\/","og_locale":"en_US","og_type":"article","og_title":"MEM 9220 - Hydrachim","og_description":"S\u00e9questrant pour membranes de nano-filtration et d\u2019osmose inverse","og_url":"https:\/\/www.hydrachim.fr\/en\/produit\/mem_9220_001425708\/","og_site_name":"Hydrachim","article_modified_time":"2026-01-28T10:52:20+00:00","og_image":[{"width":542,"height":574,"url":"https:\/\/www.hydrachim.fr\/app\/uploads\/2024\/12\/MEM_9220_20_KG.png","type":"image\/png"}],"twitter_card":"summary_large_image","twitter_misc":{"Est. reading time":"1 minute"},"schema":{"@context":"https:\/\/schema.org","@graph":[{"@type":"WebPage","@id":"https:\/\/www.hydrachim.fr\/en\/produit\/mem_9220_001425708\/","url":"https:\/\/www.hydrachim.fr\/en\/produit\/mem_9220_001425708\/","name":"MEM 9220 - Hydrachim","isPartOf":{"@id":"https:\/\/www.hydrachim.fr\/en\/#website"},"primaryImageOfPage":{"@id":"https:\/\/www.hydrachim.fr\/en\/produit\/mem_9220_001425708\/#primaryimage"},"image":{"@id":"https:\/\/www.hydrachim.fr\/en\/produit\/mem_9220_001425708\/#primaryimage"},"thumbnailUrl":"https:\/\/www.hydrachim.fr\/app\/uploads\/2024\/12\/MEM_9220_20_KG.png","datePublished":"2024-12-16T15:07:23+00:00","dateModified":"2026-01-28T10:52:20+00:00","breadcrumb":{"@id":"https:\/\/www.hydrachim.fr\/en\/produit\/mem_9220_001425708\/#breadcrumb"},"inLanguage":"en-US","potentialAction":[{"@type":"ReadAction","target":["https:\/\/www.hydrachim.fr\/en\/produit\/mem_9220_001425708\/"]}]},{"@type":"ImageObject","inLanguage":"en-US","@id":"https:\/\/www.hydrachim.fr\/en\/produit\/mem_9220_001425708\/#primaryimage","url":"https:\/\/www.hydrachim.fr\/app\/uploads\/2024\/12\/MEM_9220_20_KG.png","contentUrl":"https:\/\/www.hydrachim.fr\/app\/uploads\/2024\/12\/MEM_9220_20_KG.png","width":542,"height":574},{"@type":"BreadcrumbList","@id":"https:\/\/www.hydrachim.fr\/en\/produit\/mem_9220_001425708\/#breadcrumb","itemListElement":[{"@type":"ListItem","position":1,"name":"Home","item":"https:\/\/www.hydrachim.fr\/en\/"},{"@type":"ListItem","position":2,"name":"Boutique","item":"https:\/\/www.hydrachim.fr\/boutique\/"},{"@type":"ListItem","position":3,"name":"MEM 9220"}]},{"@type":"WebSite","@id":"https:\/\/www.hydrachim.fr\/en\/#website","url":"https:\/\/www.hydrachim.fr\/en\/","name":"Hydrachim","description":"La science de l&#039;hygi\u00e8ne","potentialAction":[{"@type":"SearchAction","target":{"@type":"EntryPoint","urlTemplate":"https:\/\/www.hydrachim.fr\/en\/?s={search_term_string}"},"query-input":{"@type":"PropertyValueSpecification","valueRequired":true,"valueName":"search_term_string"}}],"inLanguage":"en-US"}]}},"acf":{"fiche_methode":"","fiche_technique":"https:\/\/www.hydrachim.fr\/app\/uploads\/2025\/11\/HYDRACHIM_WATER_FT_4257_MEM_9220.pdf"},"_links":{"self":[{"href":"https:\/\/www.hydrachim.fr\/en\/wp-json\/wp\/v2\/product\/20088","targetHints":{"allow":["GET"]}}],"collection":[{"href":"https:\/\/www.hydrachim.fr\/en\/wp-json\/wp\/v2\/product"}],"about":[{"href":"https:\/\/www.hydrachim.fr\/en\/wp-json\/wp\/v2\/types\/product"}],"wp:featuredmedia":[{"embeddable":true,"href":"https:\/\/www.hydrachim.fr\/en\/wp-json\/wp\/v2\/media\/20086"}],"wp:attachment":[{"href":"https:\/\/www.hydrachim.fr\/en\/wp-json\/wp\/v2\/media?parent=20088"}],"wp:term":[{"taxonomy":"product_brand","embeddable":true,"href":"https:\/\/www.hydrachim.fr\/en\/wp-json\/wp\/v2\/product_brand?post=20088"},{"taxonomy":"product_type","embeddable":true,"href":"https:\/\/www.hydrachim.fr\/en\/wp-json\/wp\/v2\/product_type?post=20088"},{"taxonomy":"product_visibility","embeddable":true,"href":"https:\/\/www.hydrachim.fr\/en\/wp-json\/wp\/v2\/product_visibility?post=20088"},{"taxonomy":"product_cat","embeddable":true,"href":"https:\/\/www.hydrachim.fr\/en\/wp-json\/wp\/v2\/product_cat?post=20088"}],"curies":[{"name":"wp","href":"https:\/\/api.w.org\/{rel}","templated":true}]}}