{"id":20079,"date":"2024-12-16T16:30:35","date_gmt":"2024-12-16T14:30:35","guid":{"rendered":"https:\/\/www.hydrachim.fr\/?post_type=product&#038;p=20079"},"modified":"2026-01-28T12:50:43","modified_gmt":"2026-01-28T10:50:43","slug":"mem_9530_001096503","status":"publish","type":"product","link":"https:\/\/www.hydrachim.fr\/en\/produit\/mem_9530_001096503\/","title":{"rendered":"MEM 9530"},"content":{"rendered":"<p><strong>MEM 9530 est une formulation liquide \u00e0 base d&#8217;acide critique utilis\u00e9e pour \u00e9liminer les d\u00e9pots min\u00e9raux constitu\u00e9s de sels de carbonate de calcium, ou des d\u00e9p\u00f4ts d&#8217;oxydes m\u00e9talliques. <\/strong><\/p>\n<p><strong><\/p>\n<ul>Disponible en :<br \/>\nBidon de 20Kg<\/strong><\/p>\n<p class=\"y-product y-product__product-subtitle\">Avantage :<\/p>\n<p>MEM 9530 est particuli\u00e8rement adapt\u00e9e pour le nettoyage des membranes d\u2019osmose inverse ou de nano-filtration, ou encore diff\u00e9rents syst\u00e8mes industriels encrass\u00e9s par des min\u00e9raux.<\/p>\n<p>La solution de nettoyage MEM 9530 doit \u00eatre pr\u00e9par\u00e9e avec de l\u2019eau osmos\u00e9e sans chlore. La concentration de la solution est en g\u00e9n\u00e9ral de 3 \u00e0 5%, \u00e0 adapter en fonction du type de membrane et du degr\u00e9 d\u2019encrassement. La dur\u00e9e de la phase de nettoyage est en g\u00e9n\u00e9ral d\u20191 heure.  En cas de fort encrassement, des phases de trempage de plusieurs heures peuvent \u00eatre n\u00e9cessaires, entrecoup\u00e9es de courtes phases de recirculation. Il est recommand\u00e9 de bien rincer la membrane avec de l\u2019eau potable apr\u00e8s le nettoyage. A la remise en service il est conseill\u00e9 de produire \u00e0 l\u2019\u00e9gout pendant environ 15 minutes pour \u00e9vacuer les r\u00e9sidus.<\/p>\n<p>Retrouvez le mode d&#8217;emploi et le dosage du produit en t\u00e9l\u00e9chargement, ci-dessous, sa fiche Technique.<\/p>\n<p><em>Avant toute utilisation, lisez l&#8217;\u00e9tiquette et les informations concernant le produit.<\/em><\/p>\n","protected":false},"excerpt":{"rendered":"<p>Nettoyage acide pour membranes de filtration<\/p>\n","protected":false},"featured_media":20077,"template":"","meta":[],"product_brand":[],"product_type":[2],"product_visibility":[],"product_cat":[4732,4175,4142,4731,4143,4141,4724],"class_list":{"0":"post-20079","1":"product","2":"type-product","3":"status-publish","4":"has-post-thumbnail","6":"product_cat-marqueshydrachim-water","7":"product_cat-nouveautesindustries","8":"product_cat-marques","9":"product_cat-produits-produitstraitement-des-eauxmembrane","10":"product_cat-nouveautes","11":"product_cat-produits","12":"product_cat-produitstraitement-des-eaux","14":"first","15":"instock","16":"shipping-taxable","17":"product-type-simple"},"yoast_head":"<!-- This site is optimized with the Yoast SEO plugin v27.4 - https:\/\/yoast.com\/product\/yoast-seo-wordpress\/ -->\n<title>MEM 9530 - Hydrachim<\/title>\n<meta name=\"robots\" content=\"index, follow, max-snippet:-1, max-image-preview:large, max-video-preview:-1\" \/>\n<link rel=\"canonical\" href=\"https:\/\/www.hydrachim.fr\/en\/produit\/mem_9530_001096503\/\" \/>\n<meta property=\"og:locale\" content=\"en_US\" \/>\n<meta property=\"og:type\" content=\"article\" \/>\n<meta property=\"og:title\" content=\"MEM 9530 - Hydrachim\" \/>\n<meta property=\"og:description\" content=\"Nettoyage acide pour membranes de filtration\" \/>\n<meta property=\"og:url\" content=\"https:\/\/www.hydrachim.fr\/en\/produit\/mem_9530_001096503\/\" \/>\n<meta property=\"og:site_name\" content=\"Hydrachim\" \/>\n<meta property=\"article:modified_time\" content=\"2026-01-28T10:50:43+00:00\" \/>\n<meta property=\"og:image\" content=\"https:\/\/www.hydrachim.fr\/app\/uploads\/2024\/12\/MEM_9530_20KG.png\" \/>\n\t<meta property=\"og:image:width\" content=\"542\" \/>\n\t<meta property=\"og:image:height\" content=\"574\" \/>\n\t<meta property=\"og:image:type\" content=\"image\/png\" \/>\n<meta name=\"twitter:card\" content=\"summary_large_image\" \/>\n<meta name=\"twitter:label1\" content=\"Est. reading time\" \/>\n\t<meta name=\"twitter:data1\" content=\"1 minute\" \/>\n<script type=\"application\/ld+json\" class=\"yoast-schema-graph\">{\"@context\":\"https:\\\/\\\/schema.org\",\"@graph\":[{\"@type\":\"WebPage\",\"@id\":\"https:\\\/\\\/www.hydrachim.fr\\\/en\\\/produit\\\/mem_9530_001096503\\\/\",\"url\":\"https:\\\/\\\/www.hydrachim.fr\\\/en\\\/produit\\\/mem_9530_001096503\\\/\",\"name\":\"MEM 9530 - Hydrachim\",\"isPartOf\":{\"@id\":\"https:\\\/\\\/www.hydrachim.fr\\\/en\\\/#website\"},\"primaryImageOfPage\":{\"@id\":\"https:\\\/\\\/www.hydrachim.fr\\\/en\\\/produit\\\/mem_9530_001096503\\\/#primaryimage\"},\"image\":{\"@id\":\"https:\\\/\\\/www.hydrachim.fr\\\/en\\\/produit\\\/mem_9530_001096503\\\/#primaryimage\"},\"thumbnailUrl\":\"https:\\\/\\\/www.hydrachim.fr\\\/app\\\/uploads\\\/2024\\\/12\\\/MEM_9530_20KG.png\",\"datePublished\":\"2024-12-16T14:30:35+00:00\",\"dateModified\":\"2026-01-28T10:50:43+00:00\",\"breadcrumb\":{\"@id\":\"https:\\\/\\\/www.hydrachim.fr\\\/en\\\/produit\\\/mem_9530_001096503\\\/#breadcrumb\"},\"inLanguage\":\"en-US\",\"potentialAction\":[{\"@type\":\"ReadAction\",\"target\":[\"https:\\\/\\\/www.hydrachim.fr\\\/en\\\/produit\\\/mem_9530_001096503\\\/\"]}]},{\"@type\":\"ImageObject\",\"inLanguage\":\"en-US\",\"@id\":\"https:\\\/\\\/www.hydrachim.fr\\\/en\\\/produit\\\/mem_9530_001096503\\\/#primaryimage\",\"url\":\"https:\\\/\\\/www.hydrachim.fr\\\/app\\\/uploads\\\/2024\\\/12\\\/MEM_9530_20KG.png\",\"contentUrl\":\"https:\\\/\\\/www.hydrachim.fr\\\/app\\\/uploads\\\/2024\\\/12\\\/MEM_9530_20KG.png\",\"width\":542,\"height\":574},{\"@type\":\"BreadcrumbList\",\"@id\":\"https:\\\/\\\/www.hydrachim.fr\\\/en\\\/produit\\\/mem_9530_001096503\\\/#breadcrumb\",\"itemListElement\":[{\"@type\":\"ListItem\",\"position\":1,\"name\":\"Home\",\"item\":\"https:\\\/\\\/www.hydrachim.fr\\\/en\\\/\"},{\"@type\":\"ListItem\",\"position\":2,\"name\":\"Boutique\",\"item\":\"https:\\\/\\\/www.hydrachim.fr\\\/boutique\\\/\"},{\"@type\":\"ListItem\",\"position\":3,\"name\":\"MEM 9530\"}]},{\"@type\":\"WebSite\",\"@id\":\"https:\\\/\\\/www.hydrachim.fr\\\/en\\\/#website\",\"url\":\"https:\\\/\\\/www.hydrachim.fr\\\/en\\\/\",\"name\":\"Hydrachim\",\"description\":\"La science de l&#039;hygi\u00e8ne\",\"potentialAction\":[{\"@type\":\"SearchAction\",\"target\":{\"@type\":\"EntryPoint\",\"urlTemplate\":\"https:\\\/\\\/www.hydrachim.fr\\\/en\\\/?s={search_term_string}\"},\"query-input\":{\"@type\":\"PropertyValueSpecification\",\"valueRequired\":true,\"valueName\":\"search_term_string\"}}],\"inLanguage\":\"en-US\"}]}<\/script>\n<!-- \/ Yoast SEO plugin. -->","yoast_head_json":{"title":"MEM 9530 - Hydrachim","robots":{"index":"index","follow":"follow","max-snippet":"max-snippet:-1","max-image-preview":"max-image-preview:large","max-video-preview":"max-video-preview:-1"},"canonical":"https:\/\/www.hydrachim.fr\/en\/produit\/mem_9530_001096503\/","og_locale":"en_US","og_type":"article","og_title":"MEM 9530 - Hydrachim","og_description":"Nettoyage acide pour membranes de filtration","og_url":"https:\/\/www.hydrachim.fr\/en\/produit\/mem_9530_001096503\/","og_site_name":"Hydrachim","article_modified_time":"2026-01-28T10:50:43+00:00","og_image":[{"width":542,"height":574,"url":"https:\/\/www.hydrachim.fr\/app\/uploads\/2024\/12\/MEM_9530_20KG.png","type":"image\/png"}],"twitter_card":"summary_large_image","twitter_misc":{"Est. reading time":"1 minute"},"schema":{"@context":"https:\/\/schema.org","@graph":[{"@type":"WebPage","@id":"https:\/\/www.hydrachim.fr\/en\/produit\/mem_9530_001096503\/","url":"https:\/\/www.hydrachim.fr\/en\/produit\/mem_9530_001096503\/","name":"MEM 9530 - Hydrachim","isPartOf":{"@id":"https:\/\/www.hydrachim.fr\/en\/#website"},"primaryImageOfPage":{"@id":"https:\/\/www.hydrachim.fr\/en\/produit\/mem_9530_001096503\/#primaryimage"},"image":{"@id":"https:\/\/www.hydrachim.fr\/en\/produit\/mem_9530_001096503\/#primaryimage"},"thumbnailUrl":"https:\/\/www.hydrachim.fr\/app\/uploads\/2024\/12\/MEM_9530_20KG.png","datePublished":"2024-12-16T14:30:35+00:00","dateModified":"2026-01-28T10:50:43+00:00","breadcrumb":{"@id":"https:\/\/www.hydrachim.fr\/en\/produit\/mem_9530_001096503\/#breadcrumb"},"inLanguage":"en-US","potentialAction":[{"@type":"ReadAction","target":["https:\/\/www.hydrachim.fr\/en\/produit\/mem_9530_001096503\/"]}]},{"@type":"ImageObject","inLanguage":"en-US","@id":"https:\/\/www.hydrachim.fr\/en\/produit\/mem_9530_001096503\/#primaryimage","url":"https:\/\/www.hydrachim.fr\/app\/uploads\/2024\/12\/MEM_9530_20KG.png","contentUrl":"https:\/\/www.hydrachim.fr\/app\/uploads\/2024\/12\/MEM_9530_20KG.png","width":542,"height":574},{"@type":"BreadcrumbList","@id":"https:\/\/www.hydrachim.fr\/en\/produit\/mem_9530_001096503\/#breadcrumb","itemListElement":[{"@type":"ListItem","position":1,"name":"Home","item":"https:\/\/www.hydrachim.fr\/en\/"},{"@type":"ListItem","position":2,"name":"Boutique","item":"https:\/\/www.hydrachim.fr\/boutique\/"},{"@type":"ListItem","position":3,"name":"MEM 9530"}]},{"@type":"WebSite","@id":"https:\/\/www.hydrachim.fr\/en\/#website","url":"https:\/\/www.hydrachim.fr\/en\/","name":"Hydrachim","description":"La science de l&#039;hygi\u00e8ne","potentialAction":[{"@type":"SearchAction","target":{"@type":"EntryPoint","urlTemplate":"https:\/\/www.hydrachim.fr\/en\/?s={search_term_string}"},"query-input":{"@type":"PropertyValueSpecification","valueRequired":true,"valueName":"search_term_string"}}],"inLanguage":"en-US"}]}},"acf":{"fiche_methode":"","fiche_technique":"https:\/\/www.hydrachim.fr\/app\/uploads\/2025\/11\/HYDRACHIM_WATER_FT_0965_MEM_9530.pdf"},"_links":{"self":[{"href":"https:\/\/www.hydrachim.fr\/en\/wp-json\/wp\/v2\/product\/20079","targetHints":{"allow":["GET"]}}],"collection":[{"href":"https:\/\/www.hydrachim.fr\/en\/wp-json\/wp\/v2\/product"}],"about":[{"href":"https:\/\/www.hydrachim.fr\/en\/wp-json\/wp\/v2\/types\/product"}],"wp:featuredmedia":[{"embeddable":true,"href":"https:\/\/www.hydrachim.fr\/en\/wp-json\/wp\/v2\/media\/20077"}],"wp:attachment":[{"href":"https:\/\/www.hydrachim.fr\/en\/wp-json\/wp\/v2\/media?parent=20079"}],"wp:term":[{"taxonomy":"product_brand","embeddable":true,"href":"https:\/\/www.hydrachim.fr\/en\/wp-json\/wp\/v2\/product_brand?post=20079"},{"taxonomy":"product_type","embeddable":true,"href":"https:\/\/www.hydrachim.fr\/en\/wp-json\/wp\/v2\/product_type?post=20079"},{"taxonomy":"product_visibility","embeddable":true,"href":"https:\/\/www.hydrachim.fr\/en\/wp-json\/wp\/v2\/product_visibility?post=20079"},{"taxonomy":"product_cat","embeddable":true,"href":"https:\/\/www.hydrachim.fr\/en\/wp-json\/wp\/v2\/product_cat?post=20079"}],"curies":[{"name":"wp","href":"https:\/\/api.w.org\/{rel}","templated":true}]}}