{"id":19564,"date":"2024-11-20T14:47:00","date_gmt":"2024-11-20T12:47:00","guid":{"rendered":"https:\/\/www.hydrachim.fr\/?post_type=product&#038;p=19564"},"modified":"2026-01-30T12:24:40","modified_gmt":"2026-01-30T10:24:40","slug":"respecthome_detartrant_machine_002220781","status":"publish","type":"product","link":"https:\/\/www.hydrachim.fr\/en\/produit\/respecthome_detartrant_machine_002220781\/","title":{"rendered":"Respect\u2019Home\u00ae D\u00e9tartrant machine"},"content":{"rendered":"<p><strong>RESPECT\u2019HOME DETARTRANT MACHINE\u00ae d\u00e9tartre et prot\u00e8ge les machines lave-vaisselles, lave-verres et lave-linges. Elle d\u00e9tartre \u00e9galement les cafeti\u00e8res et bouilloires.<br \/>\nRESPECT\u2019HOME DETARTRANT MACHINE\u00ae a \u00e9t\u00e9 con\u00e7u pour \u00e9liminer les sels de calcaires qui se trouvent \u00e0 l\u2019int\u00e9rieur des machines, surchauffeurs, thermoplongeurs, carrelages, sanitaires etc.<\/strong><\/p>\n<p>RESPECT\u2019HOME DETARTRANT MACHINE\u00ae s\u2019utilise en collectivit\u00e9, cr\u00e8ches, EHPAD, locaux administratifs, locaux sportifs, piscines, h\u00f4tels, industries, locaux sociaux, tertiaires,\u2026\n<\/p>\n<p><strong>Disponible en carton de 2 x 5L. R\u00e9f. 002220781<\/strong><\/p>\n<p class=\"y-product y-product__product-subtitle\">Avantage :<\/p>\n<p>Respecte les surfaces.<br \/>\n&#8211; 100% des ingr\u00e9dients sont d\u2019origine v\u00e9g\u00e9tale.<br \/>\n&#8211; Facilement biod\u00e9gradable (selon la m\u00e9thode OCDE 301B)<\/p>\n<p>Retrouvez le mode d&#8217;emploi et le dosage du produit en t\u00e9l\u00e9chargeant sa Fiche Technique et\/ou sa Fiche M\u00e9thode.<\/p>\n<p><em>Avant toute utilisation, lire l&#8217;\u00e9tiquette et les informations concernant le produit.<br \/>\nProduit conforme \u00e0 la l\u00e9gislation relative aux proc\u00e9d\u00e9s et aux produits utilis\u00e9s pour le nettoyage des mat\u00e9riaux et objets destin\u00e9s \u00e0 entrer en contact avec des denr\u00e9es, produits et boissons pour l\u2019alimentation de l\u2019homme et des animaux (Arr\u00eat\u00e9 du 08\/09\/1999 modifi\u00e9 le 19.12.2013). Rin\u00e7age obligatoire.<br \/>\nD\u00e9tergent certifi\u00e9 par ECOCERT Greenlife selon le r\u00e9f\u00e9rentiel ECOCERT \u00abEcod\u00e9tergent\u00bb disponible sur http:\/\/detergents.ecocert.com.<\/em><\/p>\n","protected":false},"excerpt":{"rendered":"<p>Nettoyant d\u00e9tartrant multisurfaces &#8211; Produit Ecocert.<\/p>\n","protected":false},"featured_media":30172,"template":"","meta":[],"product_brand":[],"product_type":[2],"product_visibility":[],"product_cat":[4117,4097,4128,4189,4143,4100],"class_list":{"0":"post-19564","1":"product","2":"type-product","3":"status-publish","4":"has-post-thumbnail","6":"product_cat-produitscuisine","7":"product_cat-produitsecocert","8":"product_cat-solentretien","9":"product_cat-marquesidegreen","10":"product_cat-nouveautes","11":"product_cat-ecocertsurface","12":"product_tag-degraissant","13":"product_tag-detachant","14":"product_tag-detartrant","15":"product_tag-ecocert","16":"product_tag-entretien-3","17":"product_tag-nettoyant","18":"product_tag-polyvalent","20":"first","21":"instock","22":"shipping-taxable","23":"product-type-simple"},"yoast_head":"<!-- This site is optimized with the Yoast SEO plugin v27.4 - https:\/\/yoast.com\/product\/yoast-seo-wordpress\/ -->\n<title>Respect\u2019Home\u00ae D\u00e9tartrant machine - Hydrachim<\/title>\n<meta name=\"robots\" content=\"index, follow, max-snippet:-1, max-image-preview:large, max-video-preview:-1\" \/>\n<link rel=\"canonical\" href=\"https:\/\/www.hydrachim.fr\/en\/produit\/respecthome_detartrant_machine_002220781\/\" \/>\n<meta property=\"og:locale\" content=\"en_US\" \/>\n<meta property=\"og:type\" content=\"article\" \/>\n<meta property=\"og:title\" content=\"Respect\u2019Home\u00ae D\u00e9tartrant machine - Hydrachim\" \/>\n<meta property=\"og:description\" content=\"Nettoyant d\u00e9tartrant multisurfaces - Produit Ecocert.\" \/>\n<meta property=\"og:url\" content=\"https:\/\/www.hydrachim.fr\/en\/produit\/respecthome_detartrant_machine_002220781\/\" \/>\n<meta property=\"og:site_name\" content=\"Hydrachim\" \/>\n<meta property=\"article:modified_time\" content=\"2026-01-30T10:24:40+00:00\" \/>\n<meta property=\"og:image\" content=\"https:\/\/www.hydrachim.fr\/app\/uploads\/2025\/04\/2207___DETARTRANT_MACHINE.png\" \/>\n\t<meta property=\"og:image:width\" content=\"1543\" \/>\n\t<meta property=\"og:image:height\" content=\"2227\" \/>\n\t<meta property=\"og:image:type\" content=\"image\/png\" \/>\n<meta name=\"twitter:card\" content=\"summary_large_image\" \/>\n<meta name=\"twitter:label1\" content=\"Est. reading time\" \/>\n\t<meta name=\"twitter:data1\" content=\"1 minute\" \/>\n<script type=\"application\/ld+json\" class=\"yoast-schema-graph\">{\"@context\":\"https:\\\/\\\/schema.org\",\"@graph\":[{\"@type\":\"WebPage\",\"@id\":\"https:\\\/\\\/www.hydrachim.fr\\\/en\\\/produit\\\/respecthome_detartrant_machine_002220781\\\/\",\"url\":\"https:\\\/\\\/www.hydrachim.fr\\\/en\\\/produit\\\/respecthome_detartrant_machine_002220781\\\/\",\"name\":\"Respect\u2019Home\u00ae D\u00e9tartrant machine - Hydrachim\",\"isPartOf\":{\"@id\":\"https:\\\/\\\/www.hydrachim.fr\\\/en\\\/#website\"},\"primaryImageOfPage\":{\"@id\":\"https:\\\/\\\/www.hydrachim.fr\\\/en\\\/produit\\\/respecthome_detartrant_machine_002220781\\\/#primaryimage\"},\"image\":{\"@id\":\"https:\\\/\\\/www.hydrachim.fr\\\/en\\\/produit\\\/respecthome_detartrant_machine_002220781\\\/#primaryimage\"},\"thumbnailUrl\":\"https:\\\/\\\/www.hydrachim.fr\\\/app\\\/uploads\\\/2026\\\/01\\\/2207_RESPECT_HOME_DETARTRANT_MACHINE_5L_bch_jaune_V2.png\",\"datePublished\":\"2024-11-20T12:47:00+00:00\",\"dateModified\":\"2026-01-30T10:24:40+00:00\",\"breadcrumb\":{\"@id\":\"https:\\\/\\\/www.hydrachim.fr\\\/en\\\/produit\\\/respecthome_detartrant_machine_002220781\\\/#breadcrumb\"},\"inLanguage\":\"en-US\",\"potentialAction\":[{\"@type\":\"ReadAction\",\"target\":[\"https:\\\/\\\/www.hydrachim.fr\\\/en\\\/produit\\\/respecthome_detartrant_machine_002220781\\\/\"]}]},{\"@type\":\"ImageObject\",\"inLanguage\":\"en-US\",\"@id\":\"https:\\\/\\\/www.hydrachim.fr\\\/en\\\/produit\\\/respecthome_detartrant_machine_002220781\\\/#primaryimage\",\"url\":\"https:\\\/\\\/www.hydrachim.fr\\\/app\\\/uploads\\\/2026\\\/01\\\/2207_RESPECT_HOME_DETARTRANT_MACHINE_5L_bch_jaune_V2.png\",\"contentUrl\":\"https:\\\/\\\/www.hydrachim.fr\\\/app\\\/uploads\\\/2026\\\/01\\\/2207_RESPECT_HOME_DETARTRANT_MACHINE_5L_bch_jaune_V2.png\",\"width\":450,\"height\":937},{\"@type\":\"BreadcrumbList\",\"@id\":\"https:\\\/\\\/www.hydrachim.fr\\\/en\\\/produit\\\/respecthome_detartrant_machine_002220781\\\/#breadcrumb\",\"itemListElement\":[{\"@type\":\"ListItem\",\"position\":1,\"name\":\"Home\",\"item\":\"https:\\\/\\\/www.hydrachim.fr\\\/en\\\/\"},{\"@type\":\"ListItem\",\"position\":2,\"name\":\"Boutique\",\"item\":\"https:\\\/\\\/www.hydrachim.fr\\\/boutique\\\/\"},{\"@type\":\"ListItem\",\"position\":3,\"name\":\"Respect\u2019Home\u00ae D\u00e9tartrant machine\"}]},{\"@type\":\"WebSite\",\"@id\":\"https:\\\/\\\/www.hydrachim.fr\\\/en\\\/#website\",\"url\":\"https:\\\/\\\/www.hydrachim.fr\\\/en\\\/\",\"name\":\"Hydrachim\",\"description\":\"La science de l&#039;hygi\u00e8ne\",\"potentialAction\":[{\"@type\":\"SearchAction\",\"target\":{\"@type\":\"EntryPoint\",\"urlTemplate\":\"https:\\\/\\\/www.hydrachim.fr\\\/en\\\/?s={search_term_string}\"},\"query-input\":{\"@type\":\"PropertyValueSpecification\",\"valueRequired\":true,\"valueName\":\"search_term_string\"}}],\"inLanguage\":\"en-US\"}]}<\/script>\n<!-- \/ Yoast SEO plugin. -->","yoast_head_json":{"title":"Respect\u2019Home\u00ae D\u00e9tartrant machine - Hydrachim","robots":{"index":"index","follow":"follow","max-snippet":"max-snippet:-1","max-image-preview":"max-image-preview:large","max-video-preview":"max-video-preview:-1"},"canonical":"https:\/\/www.hydrachim.fr\/en\/produit\/respecthome_detartrant_machine_002220781\/","og_locale":"en_US","og_type":"article","og_title":"Respect\u2019Home\u00ae D\u00e9tartrant machine - Hydrachim","og_description":"Nettoyant d\u00e9tartrant multisurfaces - Produit Ecocert.","og_url":"https:\/\/www.hydrachim.fr\/en\/produit\/respecthome_detartrant_machine_002220781\/","og_site_name":"Hydrachim","article_modified_time":"2026-01-30T10:24:40+00:00","og_image":[{"width":1543,"height":2227,"url":"https:\/\/www.hydrachim.fr\/app\/uploads\/2025\/04\/2207___DETARTRANT_MACHINE.png","type":"image\/png"}],"twitter_card":"summary_large_image","twitter_misc":{"Est. reading time":"1 minute"},"schema":{"@context":"https:\/\/schema.org","@graph":[{"@type":"WebPage","@id":"https:\/\/www.hydrachim.fr\/en\/produit\/respecthome_detartrant_machine_002220781\/","url":"https:\/\/www.hydrachim.fr\/en\/produit\/respecthome_detartrant_machine_002220781\/","name":"Respect\u2019Home\u00ae D\u00e9tartrant machine - Hydrachim","isPartOf":{"@id":"https:\/\/www.hydrachim.fr\/en\/#website"},"primaryImageOfPage":{"@id":"https:\/\/www.hydrachim.fr\/en\/produit\/respecthome_detartrant_machine_002220781\/#primaryimage"},"image":{"@id":"https:\/\/www.hydrachim.fr\/en\/produit\/respecthome_detartrant_machine_002220781\/#primaryimage"},"thumbnailUrl":"https:\/\/www.hydrachim.fr\/app\/uploads\/2026\/01\/2207_RESPECT_HOME_DETARTRANT_MACHINE_5L_bch_jaune_V2.png","datePublished":"2024-11-20T12:47:00+00:00","dateModified":"2026-01-30T10:24:40+00:00","breadcrumb":{"@id":"https:\/\/www.hydrachim.fr\/en\/produit\/respecthome_detartrant_machine_002220781\/#breadcrumb"},"inLanguage":"en-US","potentialAction":[{"@type":"ReadAction","target":["https:\/\/www.hydrachim.fr\/en\/produit\/respecthome_detartrant_machine_002220781\/"]}]},{"@type":"ImageObject","inLanguage":"en-US","@id":"https:\/\/www.hydrachim.fr\/en\/produit\/respecthome_detartrant_machine_002220781\/#primaryimage","url":"https:\/\/www.hydrachim.fr\/app\/uploads\/2026\/01\/2207_RESPECT_HOME_DETARTRANT_MACHINE_5L_bch_jaune_V2.png","contentUrl":"https:\/\/www.hydrachim.fr\/app\/uploads\/2026\/01\/2207_RESPECT_HOME_DETARTRANT_MACHINE_5L_bch_jaune_V2.png","width":450,"height":937},{"@type":"BreadcrumbList","@id":"https:\/\/www.hydrachim.fr\/en\/produit\/respecthome_detartrant_machine_002220781\/#breadcrumb","itemListElement":[{"@type":"ListItem","position":1,"name":"Home","item":"https:\/\/www.hydrachim.fr\/en\/"},{"@type":"ListItem","position":2,"name":"Boutique","item":"https:\/\/www.hydrachim.fr\/boutique\/"},{"@type":"ListItem","position":3,"name":"Respect\u2019Home\u00ae D\u00e9tartrant machine"}]},{"@type":"WebSite","@id":"https:\/\/www.hydrachim.fr\/en\/#website","url":"https:\/\/www.hydrachim.fr\/en\/","name":"Hydrachim","description":"La science de l&#039;hygi\u00e8ne","potentialAction":[{"@type":"SearchAction","target":{"@type":"EntryPoint","urlTemplate":"https:\/\/www.hydrachim.fr\/en\/?s={search_term_string}"},"query-input":{"@type":"PropertyValueSpecification","valueRequired":true,"valueName":"search_term_string"}}],"inLanguage":"en-US"}]}},"acf":{"fiche_methode":"","fiche_technique":"https:\/\/www.hydrachim.fr\/app\/uploads\/2024\/11\/FT_2207_IDEGREEN_ECOCERT___RESPECT_HOME_DETARTRANT_MACHINE.pdf"},"_links":{"self":[{"href":"https:\/\/www.hydrachim.fr\/en\/wp-json\/wp\/v2\/product\/19564","targetHints":{"allow":["GET"]}}],"collection":[{"href":"https:\/\/www.hydrachim.fr\/en\/wp-json\/wp\/v2\/product"}],"about":[{"href":"https:\/\/www.hydrachim.fr\/en\/wp-json\/wp\/v2\/types\/product"}],"wp:featuredmedia":[{"embeddable":true,"href":"https:\/\/www.hydrachim.fr\/en\/wp-json\/wp\/v2\/media\/30172"}],"wp:attachment":[{"href":"https:\/\/www.hydrachim.fr\/en\/wp-json\/wp\/v2\/media?parent=19564"}],"wp:term":[{"taxonomy":"product_brand","embeddable":true,"href":"https:\/\/www.hydrachim.fr\/en\/wp-json\/wp\/v2\/product_brand?post=19564"},{"taxonomy":"product_type","embeddable":true,"href":"https:\/\/www.hydrachim.fr\/en\/wp-json\/wp\/v2\/product_type?post=19564"},{"taxonomy":"product_visibility","embeddable":true,"href":"https:\/\/www.hydrachim.fr\/en\/wp-json\/wp\/v2\/product_visibility?post=19564"},{"taxonomy":"product_cat","embeddable":true,"href":"https:\/\/www.hydrachim.fr\/en\/wp-json\/wp\/v2\/product_cat?post=19564"}],"curies":[{"name":"wp","href":"https:\/\/api.w.org\/{rel}","templated":true}]}}