{"id":19033,"date":"2024-10-21T14:58:53","date_gmt":"2024-10-21T12:58:53","guid":{"rendered":"https:\/\/www.hydrachim.fr\/?post_type=product&#038;p=19033"},"modified":"2026-01-09T10:49:17","modified_gmt":"2026-01-09T08:49:17","slug":"g4f_001216091","status":"publish","type":"product","link":"https:\/\/www.hydrachim.fr\/en\/produit\/g4f_001216091\/","title":{"rendered":"G4F"},"content":{"rendered":"<p><strong>G4F est un produit liquide nettoyant, d\u00e9graissant et d\u00e9sinfectant pour l\u2019hygi\u00e8ne en clinique v\u00e9t\u00e9rinaire, animaleries, refuges animaliers, chenils, nurseries\u2026<br \/>\nD\u00e9sinfectant polyvalent moussant, toutes surfaces, s&#8217;utilise en dilution de 2 \u00e0 6% selon votre usage et pour un temps de contact maximum de 30 minutes.<\/strong><\/p>\n<p>G4F est un nettoyant d\u00e9sinfectant pratique et rapide \u00e0 utiliser pour l\u2019entretien r\u00e9gulier des locaux d\u2019accueil et d\u2019h\u00e9bergement des animaux, en 30 minutes maximum pour vos usages d\u2019entretien TP2-TP3.<br \/>\n\u00c9galement adapt\u00e9 pour un usage en zone de stockage des denr\u00e9es alimentaires ainsi qu\u2019en zone de pr\u00e9paration des aliments pour animaux (TP4) : d\u00e9sinfectez votre plan de travail, le mat\u00e9riel alimentaire, mangeoires, biberons\u2026 avant la pr\u00e9paration des repas de vos pensionnaires. Pour cet usage, G4F est bact\u00e9ricide, levuricide et virucide (* sur virus envelopp\u00e9s) d\u00e8s 5 minutes.<br \/>\nEN13727, EN13624, EN14476, EN16615, EN14349, EN16438, EN16777 retrouvez le d\u00e9tail des efficacit\u00e9s et doses de dilution dans la section 3 de la FT.<\/p>\n<p><strong>Disponible en :<br \/>\nCarton de 4 x 5L. R\u00e9f. 001216091,<br \/>\nBidon de 10L. R\u00e9f. 001216092.<\/strong><\/p>\n<p class=\"y-product y-product__product-subtitle\">Avantage :<\/p>\n<p>D\u00e9tergent et d\u00e9sinfectant concentr\u00e9 TP2-TP3-TP4 pour un gain de temps, sur vos usages en chenil, animalerie, clinique v\u00e9t\u00e9rinaire, refuge&#8230;<\/p>\n<p>TP03 Hygi\u00e8ne v\u00e9t\u00e9rinaire.<\/p>\n<p>Retrouvez le mode d\u2019emploi et le dosage du produit en t\u00e9l\u00e9chargeant la fiche technique.<\/p>\n<p><em>Utilisez les biocides avec pr\u00e9caution. Avant toute utilisation, lisez l\u2019\u00e9tiquette et les informations concernant le produit.<br \/>\nProduit strictement professionnel.<\/em><\/p>\n","protected":false},"excerpt":{"rendered":"<p>Nettoyant D\u00e9sinfectant concentr\u00e9, toutes surfaces : Bact\u00e9ricide, levuricide et Virucide*.<\/p>\n","protected":false},"featured_media":20833,"template":"","meta":[],"product_brand":[],"product_type":[2],"product_visibility":[],"product_cat":[4174,4115,4154,4089],"class_list":{"0":"post-19033","1":"product","2":"type-product","3":"status-publish","4":"has-post-thumbnail","6":"product_cat-nouveautesdesinfection","7":"product_cat-dsinfectionlevage","8":"product_cat-marqueshydrachim-elevage","9":"product_cat-elevagehygine-levage","10":"product_tag-bactericide","11":"product_tag-biocide","12":"product_tag-desinfectant","13":"product_tag-detergent","14":"product_tag-levuricide_1","15":"product_tag-moussant_1","16":"product_tag-nettoyant","17":"product_tag-tp2","18":"product_tag-tp3","19":"product_tag-tp4","20":"product_tag-virucide","22":"first","23":"instock","24":"shipping-taxable","25":"product-type-simple"},"yoast_head":"<!-- This site is optimized with the Yoast SEO plugin v27.4 - https:\/\/yoast.com\/product\/yoast-seo-wordpress\/ -->\n<title>G4F - Hydrachim<\/title>\n<meta name=\"robots\" content=\"index, follow, max-snippet:-1, max-image-preview:large, max-video-preview:-1\" \/>\n<link rel=\"canonical\" href=\"https:\/\/www.hydrachim.fr\/en\/produit\/g4f_001216091\/\" \/>\n<meta property=\"og:locale\" content=\"en_US\" \/>\n<meta property=\"og:type\" content=\"article\" \/>\n<meta property=\"og:title\" content=\"G4F - Hydrachim\" \/>\n<meta property=\"og:description\" content=\"Nettoyant D\u00e9sinfectant concentr\u00e9, toutes surfaces : Bact\u00e9ricide, levuricide et Virucide*.\" \/>\n<meta property=\"og:url\" content=\"https:\/\/www.hydrachim.fr\/en\/produit\/g4f_001216091\/\" \/>\n<meta property=\"og:site_name\" content=\"Hydrachim\" \/>\n<meta property=\"article:modified_time\" content=\"2026-01-09T08:49:17+00:00\" \/>\n<meta property=\"og:image\" content=\"https:\/\/www.hydrachim.fr\/app\/uploads\/2025\/02\/001216091_G4F_5L.png\" \/>\n\t<meta property=\"og:image:width\" content=\"332\" \/>\n\t<meta property=\"og:image:height\" content=\"591\" \/>\n\t<meta property=\"og:image:type\" content=\"image\/png\" \/>\n<meta name=\"twitter:card\" content=\"summary_large_image\" \/>\n<meta name=\"twitter:label1\" content=\"Est. reading time\" \/>\n\t<meta name=\"twitter:data1\" content=\"1 minute\" \/>\n<script type=\"application\/ld+json\" class=\"yoast-schema-graph\">{\"@context\":\"https:\\\/\\\/schema.org\",\"@graph\":[{\"@type\":\"WebPage\",\"@id\":\"https:\\\/\\\/www.hydrachim.fr\\\/en\\\/produit\\\/g4f_001216091\\\/\",\"url\":\"https:\\\/\\\/www.hydrachim.fr\\\/en\\\/produit\\\/g4f_001216091\\\/\",\"name\":\"G4F - Hydrachim\",\"isPartOf\":{\"@id\":\"https:\\\/\\\/www.hydrachim.fr\\\/en\\\/#website\"},\"primaryImageOfPage\":{\"@id\":\"https:\\\/\\\/www.hydrachim.fr\\\/en\\\/produit\\\/g4f_001216091\\\/#primaryimage\"},\"image\":{\"@id\":\"https:\\\/\\\/www.hydrachim.fr\\\/en\\\/produit\\\/g4f_001216091\\\/#primaryimage\"},\"thumbnailUrl\":\"https:\\\/\\\/www.hydrachim.fr\\\/app\\\/uploads\\\/2025\\\/02\\\/001216091_G4F_5L.png\",\"datePublished\":\"2024-10-21T12:58:53+00:00\",\"dateModified\":\"2026-01-09T08:49:17+00:00\",\"breadcrumb\":{\"@id\":\"https:\\\/\\\/www.hydrachim.fr\\\/en\\\/produit\\\/g4f_001216091\\\/#breadcrumb\"},\"inLanguage\":\"en-US\",\"potentialAction\":[{\"@type\":\"ReadAction\",\"target\":[\"https:\\\/\\\/www.hydrachim.fr\\\/en\\\/produit\\\/g4f_001216091\\\/\"]}]},{\"@type\":\"ImageObject\",\"inLanguage\":\"en-US\",\"@id\":\"https:\\\/\\\/www.hydrachim.fr\\\/en\\\/produit\\\/g4f_001216091\\\/#primaryimage\",\"url\":\"https:\\\/\\\/www.hydrachim.fr\\\/app\\\/uploads\\\/2025\\\/02\\\/001216091_G4F_5L.png\",\"contentUrl\":\"https:\\\/\\\/www.hydrachim.fr\\\/app\\\/uploads\\\/2025\\\/02\\\/001216091_G4F_5L.png\",\"width\":332,\"height\":591},{\"@type\":\"BreadcrumbList\",\"@id\":\"https:\\\/\\\/www.hydrachim.fr\\\/en\\\/produit\\\/g4f_001216091\\\/#breadcrumb\",\"itemListElement\":[{\"@type\":\"ListItem\",\"position\":1,\"name\":\"Home\",\"item\":\"https:\\\/\\\/www.hydrachim.fr\\\/en\\\/\"},{\"@type\":\"ListItem\",\"position\":2,\"name\":\"Boutique\",\"item\":\"https:\\\/\\\/www.hydrachim.fr\\\/boutique\\\/\"},{\"@type\":\"ListItem\",\"position\":3,\"name\":\"G4F\"}]},{\"@type\":\"WebSite\",\"@id\":\"https:\\\/\\\/www.hydrachim.fr\\\/en\\\/#website\",\"url\":\"https:\\\/\\\/www.hydrachim.fr\\\/en\\\/\",\"name\":\"Hydrachim\",\"description\":\"La science de l&#039;hygi\u00e8ne\",\"potentialAction\":[{\"@type\":\"SearchAction\",\"target\":{\"@type\":\"EntryPoint\",\"urlTemplate\":\"https:\\\/\\\/www.hydrachim.fr\\\/en\\\/?s={search_term_string}\"},\"query-input\":{\"@type\":\"PropertyValueSpecification\",\"valueRequired\":true,\"valueName\":\"search_term_string\"}}],\"inLanguage\":\"en-US\"}]}<\/script>\n<!-- \/ Yoast SEO plugin. -->","yoast_head_json":{"title":"G4F - Hydrachim","robots":{"index":"index","follow":"follow","max-snippet":"max-snippet:-1","max-image-preview":"max-image-preview:large","max-video-preview":"max-video-preview:-1"},"canonical":"https:\/\/www.hydrachim.fr\/en\/produit\/g4f_001216091\/","og_locale":"en_US","og_type":"article","og_title":"G4F - Hydrachim","og_description":"Nettoyant D\u00e9sinfectant concentr\u00e9, toutes surfaces : Bact\u00e9ricide, levuricide et Virucide*.","og_url":"https:\/\/www.hydrachim.fr\/en\/produit\/g4f_001216091\/","og_site_name":"Hydrachim","article_modified_time":"2026-01-09T08:49:17+00:00","og_image":[{"width":332,"height":591,"url":"https:\/\/www.hydrachim.fr\/app\/uploads\/2025\/02\/001216091_G4F_5L.png","type":"image\/png"}],"twitter_card":"summary_large_image","twitter_misc":{"Est. reading time":"1 minute"},"schema":{"@context":"https:\/\/schema.org","@graph":[{"@type":"WebPage","@id":"https:\/\/www.hydrachim.fr\/en\/produit\/g4f_001216091\/","url":"https:\/\/www.hydrachim.fr\/en\/produit\/g4f_001216091\/","name":"G4F - Hydrachim","isPartOf":{"@id":"https:\/\/www.hydrachim.fr\/en\/#website"},"primaryImageOfPage":{"@id":"https:\/\/www.hydrachim.fr\/en\/produit\/g4f_001216091\/#primaryimage"},"image":{"@id":"https:\/\/www.hydrachim.fr\/en\/produit\/g4f_001216091\/#primaryimage"},"thumbnailUrl":"https:\/\/www.hydrachim.fr\/app\/uploads\/2025\/02\/001216091_G4F_5L.png","datePublished":"2024-10-21T12:58:53+00:00","dateModified":"2026-01-09T08:49:17+00:00","breadcrumb":{"@id":"https:\/\/www.hydrachim.fr\/en\/produit\/g4f_001216091\/#breadcrumb"},"inLanguage":"en-US","potentialAction":[{"@type":"ReadAction","target":["https:\/\/www.hydrachim.fr\/en\/produit\/g4f_001216091\/"]}]},{"@type":"ImageObject","inLanguage":"en-US","@id":"https:\/\/www.hydrachim.fr\/en\/produit\/g4f_001216091\/#primaryimage","url":"https:\/\/www.hydrachim.fr\/app\/uploads\/2025\/02\/001216091_G4F_5L.png","contentUrl":"https:\/\/www.hydrachim.fr\/app\/uploads\/2025\/02\/001216091_G4F_5L.png","width":332,"height":591},{"@type":"BreadcrumbList","@id":"https:\/\/www.hydrachim.fr\/en\/produit\/g4f_001216091\/#breadcrumb","itemListElement":[{"@type":"ListItem","position":1,"name":"Home","item":"https:\/\/www.hydrachim.fr\/en\/"},{"@type":"ListItem","position":2,"name":"Boutique","item":"https:\/\/www.hydrachim.fr\/boutique\/"},{"@type":"ListItem","position":3,"name":"G4F"}]},{"@type":"WebSite","@id":"https:\/\/www.hydrachim.fr\/en\/#website","url":"https:\/\/www.hydrachim.fr\/en\/","name":"Hydrachim","description":"La science de l&#039;hygi\u00e8ne","potentialAction":[{"@type":"SearchAction","target":{"@type":"EntryPoint","urlTemplate":"https:\/\/www.hydrachim.fr\/en\/?s={search_term_string}"},"query-input":{"@type":"PropertyValueSpecification","valueRequired":true,"valueName":"search_term_string"}}],"inLanguage":"en-US"}]}},"acf":{"fiche_methode":"","fiche_technique":"https:\/\/www.hydrachim.fr\/app\/uploads\/2025\/12\/HYDRACHIM_ELEVAGE_FT2160_G4F.pdf"},"_links":{"self":[{"href":"https:\/\/www.hydrachim.fr\/en\/wp-json\/wp\/v2\/product\/19033","targetHints":{"allow":["GET"]}}],"collection":[{"href":"https:\/\/www.hydrachim.fr\/en\/wp-json\/wp\/v2\/product"}],"about":[{"href":"https:\/\/www.hydrachim.fr\/en\/wp-json\/wp\/v2\/types\/product"}],"wp:featuredmedia":[{"embeddable":true,"href":"https:\/\/www.hydrachim.fr\/en\/wp-json\/wp\/v2\/media\/20833"}],"wp:attachment":[{"href":"https:\/\/www.hydrachim.fr\/en\/wp-json\/wp\/v2\/media?parent=19033"}],"wp:term":[{"taxonomy":"product_brand","embeddable":true,"href":"https:\/\/www.hydrachim.fr\/en\/wp-json\/wp\/v2\/product_brand?post=19033"},{"taxonomy":"product_type","embeddable":true,"href":"https:\/\/www.hydrachim.fr\/en\/wp-json\/wp\/v2\/product_type?post=19033"},{"taxonomy":"product_visibility","embeddable":true,"href":"https:\/\/www.hydrachim.fr\/en\/wp-json\/wp\/v2\/product_visibility?post=19033"},{"taxonomy":"product_cat","embeddable":true,"href":"https:\/\/www.hydrachim.fr\/en\/wp-json\/wp\/v2\/product_cat?post=19033"}],"curies":[{"name":"wp","href":"https:\/\/api.w.org\/{rel}","templated":true}]}}