{"id":19030,"date":"2024-10-21T14:37:24","date_gmt":"2024-10-21T12:37:24","guid":{"rendered":"https:\/\/www.hydrachim.fr\/?post_type=product&#038;p=19030"},"modified":"2026-01-09T10:48:11","modified_gmt":"2026-01-09T08:48:11","slug":"g2f_0011216001","status":"publish","type":"product","link":"https:\/\/www.hydrachim.fr\/en\/produit\/g2f_0011216001\/","title":{"rendered":"G2F"},"content":{"rendered":"<p><strong>G2F est un produit liquide d\u00e9sinfectant concentr\u00e9 pour l\u2019hygi\u00e8ne en clinique v\u00e9t\u00e9rinaire, animaleries, refuges animaliers, chenils, nurseries\u2026<br \/>\nD\u00e9sinfectant polyvalent moussant, toutes surfaces, s&#8217;utilise en dilution de 2 \u00e0 6% selon votre usage et pour un temps de contact maximum de 30 minutes.<\/strong><\/p>\n<p>G2F convient \u00e9galement \u00e0 la ferme, pour l\u2019hygi\u00e8ne des petits mat\u00e9riels, cages, logettes, clapiers, pondoirs, \u2026 Pour un usage en spray mais aussi par immersion pour le petit mat\u00e9riel.<br \/>\nd\u00e9sinfectant complet, bact\u00e9ricide, virucide (sur virus envelopp\u00e9s), fongicide et levuricide en 30 minutes maximum pour tous vos usages TP2-TP3.<br \/>\nGr\u00e2ce a ses nombreux usages possibles, G2F est \u00e9galement adapt\u00e9 pour un usage en zone de stockage des denr\u00e9es alimentaires ainsi qu\u2019en zone de pr\u00e9paration des aliments pour animaux (TP4), d\u00e9sinfectez votre plan de travail, le mat\u00e9riel alimentaire, mangeoires, biberons\u2026 avant la pr\u00e9paration des repas de vos pensionnaires.<br \/>\nE?13727, EN13624, EN16615, EN14476, EN16777, EN17111, EN17122&#8230; Retrouvez le d\u00e9tail des efficacit\u00e9s et dosages sur la FT.<\/p>\n<p><strong>Disponible en :<br \/>\nCarton de 4 x 5L. R\u00e9f. 001216001,<br \/>\nBidon de 10L. R\u00e9f. 001216002.<\/strong><\/p>\n<p class=\"y-product y-product__product-subtitle\">Avantage :<\/p>\n<p>D\u00e9sinfectant concentr\u00e9 TP2-TP3-TP4 pour tous vos usages en refuge, chenil, animalerie, clinique v\u00e9t\u00e9rinaire.<\/p>\n<p>TP03 Hygi\u00e8ne v\u00e9t\u00e9rinaire.<\/p>\n<p>Retrouvez le mode d\u2019emploi et le dosage du produit en t\u00e9l\u00e9chargeant la fiche technique.<\/p>\n<p><em>Utilisez les biocides avec pr\u00e9caution. Avant toute utilisation, lisez l\u2019\u00e9tiquette et les informations concernant le produit.<br \/>\nProduit strictement professionnel.<\/em><\/p>\n","protected":false},"excerpt":{"rendered":"<p>D\u00e9sinfectant concentr\u00e9, toutes surfaces : Bact\u00e9ricide, Virucide, Fongicide.<\/p>\n","protected":false},"featured_media":20831,"template":"","meta":[],"product_brand":[],"product_type":[2],"product_visibility":[],"product_cat":[4174,4115,4154,4089],"class_list":{"0":"post-19030","1":"product","2":"type-product","3":"status-publish","4":"has-post-thumbnail","6":"product_cat-nouveautesdesinfection","7":"product_cat-dsinfectionlevage","8":"product_cat-marqueshydrachim-elevage","9":"product_cat-elevagehygine-levage","10":"product_tag-bactericide","11":"product_tag-biocide","12":"product_tag-desinfectant","13":"product_tag-fongicide_1","14":"product_tag-tp2","15":"product_tag-tp3","16":"product_tag-tp4","17":"product_tag-virucide","19":"first","20":"instock","21":"shipping-taxable","22":"product-type-simple"},"yoast_head":"<!-- This site is optimized with the Yoast SEO plugin v27.4 - https:\/\/yoast.com\/product\/yoast-seo-wordpress\/ -->\n<title>G2F - Hydrachim<\/title>\n<meta name=\"robots\" content=\"index, follow, max-snippet:-1, max-image-preview:large, max-video-preview:-1\" \/>\n<link rel=\"canonical\" href=\"https:\/\/www.hydrachim.fr\/en\/produit\/g2f_0011216001\/\" \/>\n<meta property=\"og:locale\" content=\"en_US\" \/>\n<meta property=\"og:type\" content=\"article\" \/>\n<meta property=\"og:title\" content=\"G2F - Hydrachim\" \/>\n<meta property=\"og:description\" content=\"D\u00e9sinfectant concentr\u00e9, toutes surfaces : Bact\u00e9ricide, Virucide, Fongicide.\" \/>\n<meta property=\"og:url\" content=\"https:\/\/www.hydrachim.fr\/en\/produit\/g2f_0011216001\/\" \/>\n<meta property=\"og:site_name\" content=\"Hydrachim\" \/>\n<meta property=\"article:modified_time\" content=\"2026-01-09T08:48:11+00:00\" \/>\n<meta property=\"og:image\" content=\"https:\/\/www.hydrachim.fr\/app\/uploads\/2025\/02\/001216001_G2F_5L.png\" \/>\n\t<meta property=\"og:image:width\" content=\"332\" \/>\n\t<meta property=\"og:image:height\" content=\"591\" \/>\n\t<meta property=\"og:image:type\" content=\"image\/png\" \/>\n<meta name=\"twitter:card\" content=\"summary_large_image\" \/>\n<meta name=\"twitter:label1\" content=\"Est. reading time\" \/>\n\t<meta name=\"twitter:data1\" content=\"1 minute\" \/>\n<script type=\"application\/ld+json\" class=\"yoast-schema-graph\">{\"@context\":\"https:\\\/\\\/schema.org\",\"@graph\":[{\"@type\":\"WebPage\",\"@id\":\"https:\\\/\\\/www.hydrachim.fr\\\/en\\\/produit\\\/g2f_0011216001\\\/\",\"url\":\"https:\\\/\\\/www.hydrachim.fr\\\/en\\\/produit\\\/g2f_0011216001\\\/\",\"name\":\"G2F - Hydrachim\",\"isPartOf\":{\"@id\":\"https:\\\/\\\/www.hydrachim.fr\\\/en\\\/#website\"},\"primaryImageOfPage\":{\"@id\":\"https:\\\/\\\/www.hydrachim.fr\\\/en\\\/produit\\\/g2f_0011216001\\\/#primaryimage\"},\"image\":{\"@id\":\"https:\\\/\\\/www.hydrachim.fr\\\/en\\\/produit\\\/g2f_0011216001\\\/#primaryimage\"},\"thumbnailUrl\":\"https:\\\/\\\/www.hydrachim.fr\\\/app\\\/uploads\\\/2025\\\/02\\\/001216001_G2F_5L.png\",\"datePublished\":\"2024-10-21T12:37:24+00:00\",\"dateModified\":\"2026-01-09T08:48:11+00:00\",\"breadcrumb\":{\"@id\":\"https:\\\/\\\/www.hydrachim.fr\\\/en\\\/produit\\\/g2f_0011216001\\\/#breadcrumb\"},\"inLanguage\":\"en-US\",\"potentialAction\":[{\"@type\":\"ReadAction\",\"target\":[\"https:\\\/\\\/www.hydrachim.fr\\\/en\\\/produit\\\/g2f_0011216001\\\/\"]}]},{\"@type\":\"ImageObject\",\"inLanguage\":\"en-US\",\"@id\":\"https:\\\/\\\/www.hydrachim.fr\\\/en\\\/produit\\\/g2f_0011216001\\\/#primaryimage\",\"url\":\"https:\\\/\\\/www.hydrachim.fr\\\/app\\\/uploads\\\/2025\\\/02\\\/001216001_G2F_5L.png\",\"contentUrl\":\"https:\\\/\\\/www.hydrachim.fr\\\/app\\\/uploads\\\/2025\\\/02\\\/001216001_G2F_5L.png\",\"width\":332,\"height\":591},{\"@type\":\"BreadcrumbList\",\"@id\":\"https:\\\/\\\/www.hydrachim.fr\\\/en\\\/produit\\\/g2f_0011216001\\\/#breadcrumb\",\"itemListElement\":[{\"@type\":\"ListItem\",\"position\":1,\"name\":\"Home\",\"item\":\"https:\\\/\\\/www.hydrachim.fr\\\/en\\\/\"},{\"@type\":\"ListItem\",\"position\":2,\"name\":\"Boutique\",\"item\":\"https:\\\/\\\/www.hydrachim.fr\\\/boutique\\\/\"},{\"@type\":\"ListItem\",\"position\":3,\"name\":\"G2F\"}]},{\"@type\":\"WebSite\",\"@id\":\"https:\\\/\\\/www.hydrachim.fr\\\/en\\\/#website\",\"url\":\"https:\\\/\\\/www.hydrachim.fr\\\/en\\\/\",\"name\":\"Hydrachim\",\"description\":\"La science de l&#039;hygi\u00e8ne\",\"potentialAction\":[{\"@type\":\"SearchAction\",\"target\":{\"@type\":\"EntryPoint\",\"urlTemplate\":\"https:\\\/\\\/www.hydrachim.fr\\\/en\\\/?s={search_term_string}\"},\"query-input\":{\"@type\":\"PropertyValueSpecification\",\"valueRequired\":true,\"valueName\":\"search_term_string\"}}],\"inLanguage\":\"en-US\"}]}<\/script>\n<!-- \/ Yoast SEO plugin. -->","yoast_head_json":{"title":"G2F - Hydrachim","robots":{"index":"index","follow":"follow","max-snippet":"max-snippet:-1","max-image-preview":"max-image-preview:large","max-video-preview":"max-video-preview:-1"},"canonical":"https:\/\/www.hydrachim.fr\/en\/produit\/g2f_0011216001\/","og_locale":"en_US","og_type":"article","og_title":"G2F - Hydrachim","og_description":"D\u00e9sinfectant concentr\u00e9, toutes surfaces : Bact\u00e9ricide, Virucide, Fongicide.","og_url":"https:\/\/www.hydrachim.fr\/en\/produit\/g2f_0011216001\/","og_site_name":"Hydrachim","article_modified_time":"2026-01-09T08:48:11+00:00","og_image":[{"width":332,"height":591,"url":"https:\/\/www.hydrachim.fr\/app\/uploads\/2025\/02\/001216001_G2F_5L.png","type":"image\/png"}],"twitter_card":"summary_large_image","twitter_misc":{"Est. reading time":"1 minute"},"schema":{"@context":"https:\/\/schema.org","@graph":[{"@type":"WebPage","@id":"https:\/\/www.hydrachim.fr\/en\/produit\/g2f_0011216001\/","url":"https:\/\/www.hydrachim.fr\/en\/produit\/g2f_0011216001\/","name":"G2F - Hydrachim","isPartOf":{"@id":"https:\/\/www.hydrachim.fr\/en\/#website"},"primaryImageOfPage":{"@id":"https:\/\/www.hydrachim.fr\/en\/produit\/g2f_0011216001\/#primaryimage"},"image":{"@id":"https:\/\/www.hydrachim.fr\/en\/produit\/g2f_0011216001\/#primaryimage"},"thumbnailUrl":"https:\/\/www.hydrachim.fr\/app\/uploads\/2025\/02\/001216001_G2F_5L.png","datePublished":"2024-10-21T12:37:24+00:00","dateModified":"2026-01-09T08:48:11+00:00","breadcrumb":{"@id":"https:\/\/www.hydrachim.fr\/en\/produit\/g2f_0011216001\/#breadcrumb"},"inLanguage":"en-US","potentialAction":[{"@type":"ReadAction","target":["https:\/\/www.hydrachim.fr\/en\/produit\/g2f_0011216001\/"]}]},{"@type":"ImageObject","inLanguage":"en-US","@id":"https:\/\/www.hydrachim.fr\/en\/produit\/g2f_0011216001\/#primaryimage","url":"https:\/\/www.hydrachim.fr\/app\/uploads\/2025\/02\/001216001_G2F_5L.png","contentUrl":"https:\/\/www.hydrachim.fr\/app\/uploads\/2025\/02\/001216001_G2F_5L.png","width":332,"height":591},{"@type":"BreadcrumbList","@id":"https:\/\/www.hydrachim.fr\/en\/produit\/g2f_0011216001\/#breadcrumb","itemListElement":[{"@type":"ListItem","position":1,"name":"Home","item":"https:\/\/www.hydrachim.fr\/en\/"},{"@type":"ListItem","position":2,"name":"Boutique","item":"https:\/\/www.hydrachim.fr\/boutique\/"},{"@type":"ListItem","position":3,"name":"G2F"}]},{"@type":"WebSite","@id":"https:\/\/www.hydrachim.fr\/en\/#website","url":"https:\/\/www.hydrachim.fr\/en\/","name":"Hydrachim","description":"La science de l&#039;hygi\u00e8ne","potentialAction":[{"@type":"SearchAction","target":{"@type":"EntryPoint","urlTemplate":"https:\/\/www.hydrachim.fr\/en\/?s={search_term_string}"},"query-input":{"@type":"PropertyValueSpecification","valueRequired":true,"valueName":"search_term_string"}}],"inLanguage":"en-US"}]}},"acf":{"fiche_methode":"","fiche_technique":"https:\/\/www.hydrachim.fr\/app\/uploads\/2025\/12\/HYDRACHIM_ELEVAGE_FT2160_G2F.pdf"},"_links":{"self":[{"href":"https:\/\/www.hydrachim.fr\/en\/wp-json\/wp\/v2\/product\/19030","targetHints":{"allow":["GET"]}}],"collection":[{"href":"https:\/\/www.hydrachim.fr\/en\/wp-json\/wp\/v2\/product"}],"about":[{"href":"https:\/\/www.hydrachim.fr\/en\/wp-json\/wp\/v2\/types\/product"}],"wp:featuredmedia":[{"embeddable":true,"href":"https:\/\/www.hydrachim.fr\/en\/wp-json\/wp\/v2\/media\/20831"}],"wp:attachment":[{"href":"https:\/\/www.hydrachim.fr\/en\/wp-json\/wp\/v2\/media?parent=19030"}],"wp:term":[{"taxonomy":"product_brand","embeddable":true,"href":"https:\/\/www.hydrachim.fr\/en\/wp-json\/wp\/v2\/product_brand?post=19030"},{"taxonomy":"product_type","embeddable":true,"href":"https:\/\/www.hydrachim.fr\/en\/wp-json\/wp\/v2\/product_type?post=19030"},{"taxonomy":"product_visibility","embeddable":true,"href":"https:\/\/www.hydrachim.fr\/en\/wp-json\/wp\/v2\/product_visibility?post=19030"},{"taxonomy":"product_cat","embeddable":true,"href":"https:\/\/www.hydrachim.fr\/en\/wp-json\/wp\/v2\/product_cat?post=19030"}],"curies":[{"name":"wp","href":"https:\/\/api.w.org\/{rel}","templated":true}]}}