{"id":18651,"date":"2024-09-24T14:56:30","date_gmt":"2024-09-24T12:56:30","guid":{"rendered":"https:\/\/www.hydrachim.fr\/?post_type=product&#038;p=18651"},"modified":"2026-03-23T12:57:09","modified_gmt":"2026-03-23T10:57:09","slug":"dip_purple_001102501","status":"publish","type":"product","link":"https:\/\/www.hydrachim.fr\/en\/produit\/dip_purple_001102501\/","title":{"rendered":"Dip Purple"},"content":{"rendered":"<p><strong><\/p>\n<h3>Dip Purple &#8211; Hygi\u00e8ne et protection des trayons &#8211; trempage apr\u00e8s traite.<\/h3>\n<p><\/strong><\/p>\n<p>Dip purple est un produit pr\u00eat \u00e0 l\u2019emploi, pour l\u2019hygi\u00e8ne et la protection des trayons, \u00e0 base de CHLORHEXIDINE. Il adh\u00e8re parfaitement au trayon, gr\u00e2ce \u00e0 sa texture homog\u00e8ne \u00e9paissie, anti-goutte et assure ainsi un temps de contact prolong\u00e9 sur le trayon.<br \/>\nCe produit contient du gel d\u2019Alo\u00e9 Vera, reconnu pour ses vertus de r\u00e9g\u00e9n\u00e9ration cellulaire et de cicatrisation. Gr\u00e2ce \u00e0 la pr\u00e9sence de mati\u00e8res reconnues pour leur propri\u00e9t\u00e9 humectante et \u00e0 son pH neutre, Dip Purple \u00e9vite la formation de ger\u00e7ures et de crevasses.<br \/>\nDe plus, le trempage de chaque trayon avec Dip Purple laisse un film hydratant (action filmog\u00e8ne) pour une protection optimale et visible \u00e0 l\u2019\u0153il nu.<br \/>\nDip purple permet une bonne d\u00e9sinfection, efficace d\u00e8s 5 minutes : bact\u00e9ricide conform\u00e9ment aux normes EN1656 et EN 17422 et levuricide selon la norme EN1657.<br \/>\nD&#8217;autre part, la formule est utilisable en agriculture biologique.<\/p>\n<h5>Formul\u00e9 et fabriqu\u00e9 en France.<\/h5>\n<p><script>jQuery(function() {(tarteaucitron.job = tarteaucitron.job || []).push('youtube');});<\/script><\/p>\n<div class=\"youtube_player\" videoID=\"1ISm3Xnj7eo\" width=\"500\" height=\"281\" theme=\"light\" rel=\"0\" controls=\"1\" showinfo=\"1\" autoplay=\"0\"><\/div>\n<p><b>Mode d\u2019emploi :<\/b><br \/>\n<\/p>\n<ul>\n<li>Imm\u00e9diatement apr\u00e8s la traite.<\/li>\n<li>Utiliser un gobelet anti-retour.<\/li>\n<li>Remplir le gobelet, propre et sec, au 3\/4.<\/li>\n<li>Tremper soigneusement chaque trayon avec le produit pur.<\/li>\n<li>Ne pas essuyer, ne pas rincer, laisser agir.<\/li>\n<li>Les trayons seront ainsi prot\u00e9g\u00e9s jusqu\u2019\u00e0 la traite suivante.<\/li>\n<li>Eliminer les r\u00e9sidus de produit, si n\u00e9cessaire, au d\u00e9but de la traite suivante, \u00e0 l\u2019aide d\u2019une lavette unique impr\u00e9gn\u00e9e d\u2019une solution nettoyante.<\/li>\n<\/ul>\n<p><strong>Disponible en :<br \/>\n&#8211; Bidon 20kg R\u00e9f 001102501,<br \/>\n&#8211; F\u00fbt de 60 kg R\u00e9f. 001102502.<br \/>\n<\/strong><\/p>\n<p class=\"y-product y-product__product-subtitle\">Avantage :<\/p>\n<p>DIP PURPLE assure la protection microbienne des trayons tout en leur donnant douceur et souplesse.<\/p>\n<p>Produit utilisable en agriculture biologique conforme au (UE) 2018\/848 (et ses amendements).<\/p>\n<p>Retrouvez le mode d&#8217;emploi et le dosage du produit en t\u00e9l\u00e9chargeant, ci-dessous, sa Fiche Technique.<\/p>\n<p><em>Utilisez les biocides avec pr\u00e9caution. Avant toute utilisation, lisez l&#8217;\u00e9tiquette et les informations concernant le produit.<\/p>\n<p>TP3 : Produits biocides destin\u00e9s \u00e0 l\u2019hygi\u00e8ne v\u00e9t\u00e9rinaire<\/em><\/p>\n","protected":false},"excerpt":{"rendered":"<p>Trempage \u00e9pais surgraissant apr\u00e8s traite. pH neutre.<\/p>\n","protected":false},"featured_media":30456,"template":"","meta":[],"product_brand":[],"product_type":[2],"product_visibility":[],"product_cat":[4154,3985],"class_list":{"0":"post-18651","1":"product","2":"type-product","3":"status-publish","4":"has-post-thumbnail","6":"product_cat-marqueshydrachim-elevage","7":"product_cat-hygiene-mamelle","8":"product_tag-bactericide","9":"product_tag-degraissant","10":"product_tag-hygine-du-trayon","11":"product_tag-mamelle","12":"product_tag-tp3","13":"product_tag-trempage","15":"first","16":"instock","17":"shipping-taxable","18":"product-type-simple"},"yoast_head":"<!-- This site is optimized with the Yoast SEO plugin v27.5 - https:\/\/yoast.com\/product\/yoast-seo-wordpress\/ -->\n<title>Dip Purple - Hydrachim<\/title>\n<meta name=\"robots\" content=\"index, follow, max-snippet:-1, max-image-preview:large, max-video-preview:-1\" \/>\n<link rel=\"canonical\" href=\"https:\/\/www.hydrachim.fr\/en\/produit\/dip_purple_001102501\/\" \/>\n<meta property=\"og:locale\" content=\"en_US\" \/>\n<meta property=\"og:type\" content=\"article\" \/>\n<meta property=\"og:title\" content=\"Dip Purple - Hydrachim\" \/>\n<meta property=\"og:description\" content=\"Trempage \u00e9pais surgraissant apr\u00e8s traite. pH neutre.\" \/>\n<meta property=\"og:url\" content=\"https:\/\/www.hydrachim.fr\/en\/produit\/dip_purple_001102501\/\" \/>\n<meta property=\"og:site_name\" content=\"Hydrachim\" \/>\n<meta property=\"article:modified_time\" content=\"2026-03-23T10:57:09+00:00\" \/>\n<meta property=\"og:image\" content=\"https:\/\/www.hydrachim.fr\/app\/uploads\/2026\/03\/001102501_Dippurple_mercury.png\" \/>\n\t<meta property=\"og:image:width\" content=\"717\" \/>\n\t<meta property=\"og:image:height\" content=\"1042\" \/>\n\t<meta property=\"og:image:type\" content=\"image\/png\" \/>\n<meta name=\"twitter:card\" content=\"summary_large_image\" \/>\n<meta name=\"twitter:label1\" content=\"Est. reading time\" \/>\n\t<meta name=\"twitter:data1\" content=\"2 minutes\" \/>\n<script type=\"application\/ld+json\" class=\"yoast-schema-graph\">{\"@context\":\"https:\\\/\\\/schema.org\",\"@graph\":[{\"@type\":\"WebPage\",\"@id\":\"https:\\\/\\\/www.hydrachim.fr\\\/en\\\/produit\\\/dip_purple_001102501\\\/\",\"url\":\"https:\\\/\\\/www.hydrachim.fr\\\/en\\\/produit\\\/dip_purple_001102501\\\/\",\"name\":\"Dip Purple - Hydrachim\",\"isPartOf\":{\"@id\":\"https:\\\/\\\/www.hydrachim.fr\\\/en\\\/#website\"},\"primaryImageOfPage\":{\"@id\":\"https:\\\/\\\/www.hydrachim.fr\\\/en\\\/produit\\\/dip_purple_001102501\\\/#primaryimage\"},\"image\":{\"@id\":\"https:\\\/\\\/www.hydrachim.fr\\\/en\\\/produit\\\/dip_purple_001102501\\\/#primaryimage\"},\"thumbnailUrl\":\"https:\\\/\\\/www.hydrachim.fr\\\/app\\\/uploads\\\/2026\\\/03\\\/001102501_Dippurple_mercury.png\",\"datePublished\":\"2024-09-24T12:56:30+00:00\",\"dateModified\":\"2026-03-23T10:57:09+00:00\",\"breadcrumb\":{\"@id\":\"https:\\\/\\\/www.hydrachim.fr\\\/en\\\/produit\\\/dip_purple_001102501\\\/#breadcrumb\"},\"inLanguage\":\"en-US\",\"potentialAction\":[{\"@type\":\"ReadAction\",\"target\":[\"https:\\\/\\\/www.hydrachim.fr\\\/en\\\/produit\\\/dip_purple_001102501\\\/\"]}]},{\"@type\":\"ImageObject\",\"inLanguage\":\"en-US\",\"@id\":\"https:\\\/\\\/www.hydrachim.fr\\\/en\\\/produit\\\/dip_purple_001102501\\\/#primaryimage\",\"url\":\"https:\\\/\\\/www.hydrachim.fr\\\/app\\\/uploads\\\/2026\\\/03\\\/001102501_Dippurple_mercury.png\",\"contentUrl\":\"https:\\\/\\\/www.hydrachim.fr\\\/app\\\/uploads\\\/2026\\\/03\\\/001102501_Dippurple_mercury.png\",\"width\":717,\"height\":1042},{\"@type\":\"BreadcrumbList\",\"@id\":\"https:\\\/\\\/www.hydrachim.fr\\\/en\\\/produit\\\/dip_purple_001102501\\\/#breadcrumb\",\"itemListElement\":[{\"@type\":\"ListItem\",\"position\":1,\"name\":\"Home\",\"item\":\"https:\\\/\\\/www.hydrachim.fr\\\/en\\\/\"},{\"@type\":\"ListItem\",\"position\":2,\"name\":\"Boutique\",\"item\":\"https:\\\/\\\/www.hydrachim.fr\\\/boutique\\\/\"},{\"@type\":\"ListItem\",\"position\":3,\"name\":\"Dip Purple\"}]},{\"@type\":\"WebSite\",\"@id\":\"https:\\\/\\\/www.hydrachim.fr\\\/en\\\/#website\",\"url\":\"https:\\\/\\\/www.hydrachim.fr\\\/en\\\/\",\"name\":\"Hydrachim\",\"description\":\"La science de l&#039;hygi\u00e8ne\",\"potentialAction\":[{\"@type\":\"SearchAction\",\"target\":{\"@type\":\"EntryPoint\",\"urlTemplate\":\"https:\\\/\\\/www.hydrachim.fr\\\/en\\\/?s={search_term_string}\"},\"query-input\":{\"@type\":\"PropertyValueSpecification\",\"valueRequired\":true,\"valueName\":\"search_term_string\"}}],\"inLanguage\":\"en-US\"}]}<\/script>\n<!-- \/ Yoast SEO plugin. -->","yoast_head_json":{"title":"Dip Purple - Hydrachim","robots":{"index":"index","follow":"follow","max-snippet":"max-snippet:-1","max-image-preview":"max-image-preview:large","max-video-preview":"max-video-preview:-1"},"canonical":"https:\/\/www.hydrachim.fr\/en\/produit\/dip_purple_001102501\/","og_locale":"en_US","og_type":"article","og_title":"Dip Purple - Hydrachim","og_description":"Trempage \u00e9pais surgraissant apr\u00e8s traite. pH neutre.","og_url":"https:\/\/www.hydrachim.fr\/en\/produit\/dip_purple_001102501\/","og_site_name":"Hydrachim","article_modified_time":"2026-03-23T10:57:09+00:00","og_image":[{"width":717,"height":1042,"url":"https:\/\/www.hydrachim.fr\/app\/uploads\/2026\/03\/001102501_Dippurple_mercury.png","type":"image\/png"}],"twitter_card":"summary_large_image","twitter_misc":{"Est. reading time":"2 minutes"},"schema":{"@context":"https:\/\/schema.org","@graph":[{"@type":"WebPage","@id":"https:\/\/www.hydrachim.fr\/en\/produit\/dip_purple_001102501\/","url":"https:\/\/www.hydrachim.fr\/en\/produit\/dip_purple_001102501\/","name":"Dip Purple - Hydrachim","isPartOf":{"@id":"https:\/\/www.hydrachim.fr\/en\/#website"},"primaryImageOfPage":{"@id":"https:\/\/www.hydrachim.fr\/en\/produit\/dip_purple_001102501\/#primaryimage"},"image":{"@id":"https:\/\/www.hydrachim.fr\/en\/produit\/dip_purple_001102501\/#primaryimage"},"thumbnailUrl":"https:\/\/www.hydrachim.fr\/app\/uploads\/2026\/03\/001102501_Dippurple_mercury.png","datePublished":"2024-09-24T12:56:30+00:00","dateModified":"2026-03-23T10:57:09+00:00","breadcrumb":{"@id":"https:\/\/www.hydrachim.fr\/en\/produit\/dip_purple_001102501\/#breadcrumb"},"inLanguage":"en-US","potentialAction":[{"@type":"ReadAction","target":["https:\/\/www.hydrachim.fr\/en\/produit\/dip_purple_001102501\/"]}]},{"@type":"ImageObject","inLanguage":"en-US","@id":"https:\/\/www.hydrachim.fr\/en\/produit\/dip_purple_001102501\/#primaryimage","url":"https:\/\/www.hydrachim.fr\/app\/uploads\/2026\/03\/001102501_Dippurple_mercury.png","contentUrl":"https:\/\/www.hydrachim.fr\/app\/uploads\/2026\/03\/001102501_Dippurple_mercury.png","width":717,"height":1042},{"@type":"BreadcrumbList","@id":"https:\/\/www.hydrachim.fr\/en\/produit\/dip_purple_001102501\/#breadcrumb","itemListElement":[{"@type":"ListItem","position":1,"name":"Home","item":"https:\/\/www.hydrachim.fr\/en\/"},{"@type":"ListItem","position":2,"name":"Boutique","item":"https:\/\/www.hydrachim.fr\/boutique\/"},{"@type":"ListItem","position":3,"name":"Dip Purple"}]},{"@type":"WebSite","@id":"https:\/\/www.hydrachim.fr\/en\/#website","url":"https:\/\/www.hydrachim.fr\/en\/","name":"Hydrachim","description":"La science de l&#039;hygi\u00e8ne","potentialAction":[{"@type":"SearchAction","target":{"@type":"EntryPoint","urlTemplate":"https:\/\/www.hydrachim.fr\/en\/?s={search_term_string}"},"query-input":{"@type":"PropertyValueSpecification","valueRequired":true,"valueName":"search_term_string"}}],"inLanguage":"en-US"}]}},"acf":{"fiche_methode":"","fiche_technique":"https:\/\/www.hydrachim.fr\/app\/uploads\/2025\/07\/FT_1025_DIP_PURPLE.pdf"},"_links":{"self":[{"href":"https:\/\/www.hydrachim.fr\/en\/wp-json\/wp\/v2\/product\/18651","targetHints":{"allow":["GET"]}}],"collection":[{"href":"https:\/\/www.hydrachim.fr\/en\/wp-json\/wp\/v2\/product"}],"about":[{"href":"https:\/\/www.hydrachim.fr\/en\/wp-json\/wp\/v2\/types\/product"}],"wp:featuredmedia":[{"embeddable":true,"href":"https:\/\/www.hydrachim.fr\/en\/wp-json\/wp\/v2\/media\/30456"}],"wp:attachment":[{"href":"https:\/\/www.hydrachim.fr\/en\/wp-json\/wp\/v2\/media?parent=18651"}],"wp:term":[{"taxonomy":"product_brand","embeddable":true,"href":"https:\/\/www.hydrachim.fr\/en\/wp-json\/wp\/v2\/product_brand?post=18651"},{"taxonomy":"product_type","embeddable":true,"href":"https:\/\/www.hydrachim.fr\/en\/wp-json\/wp\/v2\/product_type?post=18651"},{"taxonomy":"product_visibility","embeddable":true,"href":"https:\/\/www.hydrachim.fr\/en\/wp-json\/wp\/v2\/product_visibility?post=18651"},{"taxonomy":"product_cat","embeddable":true,"href":"https:\/\/www.hydrachim.fr\/en\/wp-json\/wp\/v2\/product_cat?post=18651"}],"curies":[{"name":"wp","href":"https:\/\/api.w.org\/{rel}","templated":true}]}}