{"id":18638,"date":"2024-09-23T11:14:24","date_gmt":"2024-09-23T09:14:24","guid":{"rendered":"https:\/\/www.hydrachim.fr\/?post_type=product&#038;p=18638"},"modified":"2026-04-02T10:20:29","modified_gmt":"2026-04-02T08:20:29","slug":"ao_spray_001214601","status":"publish","type":"product","link":"https:\/\/www.hydrachim.fr\/en\/produit\/ao_spray_001214601\/","title":{"rendered":"Ao Spray"},"content":{"rendered":"<p><strong>Ao Spray &#8211; Hygi\u00e8ne et protection des trayons apr\u00e8s traite avec une formule sans parfum destin\u00e9e aux zones d&#8217;AOP, AOC et IGP ; comme en r\u00e9gion Beaufort par exemple.<br \/>\nUne formule sans parfum ni Huile Essentielle.<\/strong><\/p>\n<p>Ao Spray est un produit liquide, pr\u00eat \u00e0 l\u2019emploi, \u00e0 base de CHLORHEXIDINE.<br \/>\nCe produit contient du gel d\u2019Alo\u00e9 Vera, reconnu pour ses vertus de r\u00e9g\u00e9n\u00e9ration cellulaire et de cicatrisation et de la glyc\u00e9rine. Gr\u00e2ce \u00e0 la pr\u00e9sence de mati\u00e8res reconnues pour leur propri\u00e9t\u00e9 humectante et \u00e0 son pH neutre, Spray Purple \u00e9vite la formation de ger\u00e7ures et de crevasses.<br \/>\nAo Spray est bact\u00e9ricide (efficace sur les bact\u00e9ries responsables des mammites) conform\u00e9ment aux normes EN 1656 et EN17422 et levuricide selon la norme EN 1657.<br \/>\nLe produit peut s\u2019utiliser aussi bien en robot de traite, en pulv\u00e9risation manuelle, ou automatique mais aussi en trempage liquide.<br \/>\nDe plus, la formule permet une utilisation en agriculture biologique.<\/p>\n<p><strong>Disponible en :<br \/>\n&#8211; Bidon 20kg R\u00e9f 001214601,<br \/>\n&#8211; F\u00fbt de 60 kg R\u00e9f. 001214602,<br \/>\n&#8211; Fut de 200kg R\u00e9f. 001214603.<br \/>\n<\/strong><\/p>\n<p class=\"y-product y-product__product-subtitle\">Avantage :<\/p>\n<p>Sa formule sans parfum vous permet une utilisation en toute confiance, dans le respect des cahiers des charges de vos territoires concern\u00e9s par des Appelations d&#8217;Origine Contr\u00f4l\u00e9es ou Prot\u00e9g\u00e9es.<\/p>\n<p>Produit utilisable en agriculture biologique conforme au (UE) 2018\/848 (et ses amendements).<\/p>\n<p>Retrouvez le mode d&#8217;emploi et le dosage du produit en t\u00e9l\u00e9chargeant, ci-dessous, sa Fiche Technique.<\/p>\n<p><em>Utilisez les biocides avec pr\u00e9caution. Avant toute utilisation, lisez l&#8217;\u00e9tiquette et les informations concernant le produit.<\/p>\n<p>TP3 : Produits biocides destin\u00e9s \u00e0 l\u2019hygi\u00e8ne v\u00e9t\u00e9rinaire<br \/>\n<\/em><\/p>\n","protected":false},"excerpt":{"rendered":"<p>Pulv\u00e9risation apr\u00e8s traite, sp\u00e9cial zone de collecte A.O.P. \/ A.O.C \/ I.G.P.<\/p>\n","protected":false},"featured_media":30500,"template":"","meta":[],"product_brand":[],"product_type":[2],"product_visibility":[],"product_cat":[4154,3985],"class_list":{"0":"post-18638","1":"product","2":"type-product","3":"status-publish","4":"has-post-thumbnail","6":"product_cat-marqueshydrachim-elevage","7":"product_cat-hygiene-mamelle","8":"product_tag-bactericide","9":"product_tag-degraissant","10":"product_tag-hygine-du-trayon","11":"product_tag-levuricide","12":"product_tag-mamelle","13":"product_tag-pulverisation","14":"product_tag-spray","15":"product_tag-tp3","17":"first","18":"instock","19":"shipping-taxable","20":"product-type-simple"},"yoast_head":"<!-- This site is optimized with the Yoast SEO plugin v27.5 - https:\/\/yoast.com\/product\/yoast-seo-wordpress\/ -->\n<title>Ao Spray - Hydrachim<\/title>\n<meta name=\"robots\" content=\"index, follow, max-snippet:-1, max-image-preview:large, max-video-preview:-1\" \/>\n<link rel=\"canonical\" href=\"https:\/\/www.hydrachim.fr\/en\/produit\/ao_spray_001214601\/\" \/>\n<meta property=\"og:locale\" content=\"en_US\" \/>\n<meta property=\"og:type\" content=\"article\" \/>\n<meta property=\"og:title\" content=\"Ao Spray - Hydrachim\" \/>\n<meta property=\"og:description\" content=\"Pulv\u00e9risation apr\u00e8s traite, sp\u00e9cial zone de collecte A.O.P. \/ A.O.C \/ I.G.P.\" \/>\n<meta property=\"og:url\" content=\"https:\/\/www.hydrachim.fr\/en\/produit\/ao_spray_001214601\/\" \/>\n<meta property=\"og:site_name\" content=\"Hydrachim\" \/>\n<meta property=\"article:modified_time\" content=\"2026-04-02T08:20:29+00:00\" \/>\n<meta property=\"og:image\" content=\"https:\/\/www.hydrachim.fr\/app\/uploads\/2026\/03\/001214601_Aospray_mercury.png\" \/>\n\t<meta property=\"og:image:width\" content=\"827\" \/>\n\t<meta property=\"og:image:height\" content=\"979\" \/>\n\t<meta property=\"og:image:type\" content=\"image\/png\" \/>\n<meta name=\"twitter:card\" content=\"summary_large_image\" \/>\n<meta name=\"twitter:label1\" content=\"Est. reading time\" \/>\n\t<meta name=\"twitter:data1\" content=\"1 minute\" \/>\n<script type=\"application\/ld+json\" class=\"yoast-schema-graph\">{\"@context\":\"https:\\\/\\\/schema.org\",\"@graph\":[{\"@type\":\"WebPage\",\"@id\":\"https:\\\/\\\/www.hydrachim.fr\\\/en\\\/produit\\\/ao_spray_001214601\\\/\",\"url\":\"https:\\\/\\\/www.hydrachim.fr\\\/en\\\/produit\\\/ao_spray_001214601\\\/\",\"name\":\"Ao Spray - Hydrachim\",\"isPartOf\":{\"@id\":\"https:\\\/\\\/www.hydrachim.fr\\\/en\\\/#website\"},\"primaryImageOfPage\":{\"@id\":\"https:\\\/\\\/www.hydrachim.fr\\\/en\\\/produit\\\/ao_spray_001214601\\\/#primaryimage\"},\"image\":{\"@id\":\"https:\\\/\\\/www.hydrachim.fr\\\/en\\\/produit\\\/ao_spray_001214601\\\/#primaryimage\"},\"thumbnailUrl\":\"https:\\\/\\\/www.hydrachim.fr\\\/app\\\/uploads\\\/2026\\\/03\\\/001214601_Aospray_mercury.png\",\"datePublished\":\"2024-09-23T09:14:24+00:00\",\"dateModified\":\"2026-04-02T08:20:29+00:00\",\"breadcrumb\":{\"@id\":\"https:\\\/\\\/www.hydrachim.fr\\\/en\\\/produit\\\/ao_spray_001214601\\\/#breadcrumb\"},\"inLanguage\":\"en-US\",\"potentialAction\":[{\"@type\":\"ReadAction\",\"target\":[\"https:\\\/\\\/www.hydrachim.fr\\\/en\\\/produit\\\/ao_spray_001214601\\\/\"]}]},{\"@type\":\"ImageObject\",\"inLanguage\":\"en-US\",\"@id\":\"https:\\\/\\\/www.hydrachim.fr\\\/en\\\/produit\\\/ao_spray_001214601\\\/#primaryimage\",\"url\":\"https:\\\/\\\/www.hydrachim.fr\\\/app\\\/uploads\\\/2026\\\/03\\\/001214601_Aospray_mercury.png\",\"contentUrl\":\"https:\\\/\\\/www.hydrachim.fr\\\/app\\\/uploads\\\/2026\\\/03\\\/001214601_Aospray_mercury.png\",\"width\":827,\"height\":979},{\"@type\":\"BreadcrumbList\",\"@id\":\"https:\\\/\\\/www.hydrachim.fr\\\/en\\\/produit\\\/ao_spray_001214601\\\/#breadcrumb\",\"itemListElement\":[{\"@type\":\"ListItem\",\"position\":1,\"name\":\"Home\",\"item\":\"https:\\\/\\\/www.hydrachim.fr\\\/en\\\/\"},{\"@type\":\"ListItem\",\"position\":2,\"name\":\"Boutique\",\"item\":\"https:\\\/\\\/www.hydrachim.fr\\\/boutique\\\/\"},{\"@type\":\"ListItem\",\"position\":3,\"name\":\"Ao Spray\"}]},{\"@type\":\"WebSite\",\"@id\":\"https:\\\/\\\/www.hydrachim.fr\\\/en\\\/#website\",\"url\":\"https:\\\/\\\/www.hydrachim.fr\\\/en\\\/\",\"name\":\"Hydrachim\",\"description\":\"La science de l&#039;hygi\u00e8ne\",\"potentialAction\":[{\"@type\":\"SearchAction\",\"target\":{\"@type\":\"EntryPoint\",\"urlTemplate\":\"https:\\\/\\\/www.hydrachim.fr\\\/en\\\/?s={search_term_string}\"},\"query-input\":{\"@type\":\"PropertyValueSpecification\",\"valueRequired\":true,\"valueName\":\"search_term_string\"}}],\"inLanguage\":\"en-US\"}]}<\/script>\n<!-- \/ Yoast SEO plugin. -->","yoast_head_json":{"title":"Ao Spray - Hydrachim","robots":{"index":"index","follow":"follow","max-snippet":"max-snippet:-1","max-image-preview":"max-image-preview:large","max-video-preview":"max-video-preview:-1"},"canonical":"https:\/\/www.hydrachim.fr\/en\/produit\/ao_spray_001214601\/","og_locale":"en_US","og_type":"article","og_title":"Ao Spray - Hydrachim","og_description":"Pulv\u00e9risation apr\u00e8s traite, sp\u00e9cial zone de collecte A.O.P. \/ A.O.C \/ I.G.P.","og_url":"https:\/\/www.hydrachim.fr\/en\/produit\/ao_spray_001214601\/","og_site_name":"Hydrachim","article_modified_time":"2026-04-02T08:20:29+00:00","og_image":[{"width":827,"height":979,"url":"https:\/\/www.hydrachim.fr\/app\/uploads\/2026\/03\/001214601_Aospray_mercury.png","type":"image\/png"}],"twitter_card":"summary_large_image","twitter_misc":{"Est. reading time":"1 minute"},"schema":{"@context":"https:\/\/schema.org","@graph":[{"@type":"WebPage","@id":"https:\/\/www.hydrachim.fr\/en\/produit\/ao_spray_001214601\/","url":"https:\/\/www.hydrachim.fr\/en\/produit\/ao_spray_001214601\/","name":"Ao Spray - Hydrachim","isPartOf":{"@id":"https:\/\/www.hydrachim.fr\/en\/#website"},"primaryImageOfPage":{"@id":"https:\/\/www.hydrachim.fr\/en\/produit\/ao_spray_001214601\/#primaryimage"},"image":{"@id":"https:\/\/www.hydrachim.fr\/en\/produit\/ao_spray_001214601\/#primaryimage"},"thumbnailUrl":"https:\/\/www.hydrachim.fr\/app\/uploads\/2026\/03\/001214601_Aospray_mercury.png","datePublished":"2024-09-23T09:14:24+00:00","dateModified":"2026-04-02T08:20:29+00:00","breadcrumb":{"@id":"https:\/\/www.hydrachim.fr\/en\/produit\/ao_spray_001214601\/#breadcrumb"},"inLanguage":"en-US","potentialAction":[{"@type":"ReadAction","target":["https:\/\/www.hydrachim.fr\/en\/produit\/ao_spray_001214601\/"]}]},{"@type":"ImageObject","inLanguage":"en-US","@id":"https:\/\/www.hydrachim.fr\/en\/produit\/ao_spray_001214601\/#primaryimage","url":"https:\/\/www.hydrachim.fr\/app\/uploads\/2026\/03\/001214601_Aospray_mercury.png","contentUrl":"https:\/\/www.hydrachim.fr\/app\/uploads\/2026\/03\/001214601_Aospray_mercury.png","width":827,"height":979},{"@type":"BreadcrumbList","@id":"https:\/\/www.hydrachim.fr\/en\/produit\/ao_spray_001214601\/#breadcrumb","itemListElement":[{"@type":"ListItem","position":1,"name":"Home","item":"https:\/\/www.hydrachim.fr\/en\/"},{"@type":"ListItem","position":2,"name":"Boutique","item":"https:\/\/www.hydrachim.fr\/boutique\/"},{"@type":"ListItem","position":3,"name":"Ao Spray"}]},{"@type":"WebSite","@id":"https:\/\/www.hydrachim.fr\/en\/#website","url":"https:\/\/www.hydrachim.fr\/en\/","name":"Hydrachim","description":"La science de l&#039;hygi\u00e8ne","potentialAction":[{"@type":"SearchAction","target":{"@type":"EntryPoint","urlTemplate":"https:\/\/www.hydrachim.fr\/en\/?s={search_term_string}"},"query-input":{"@type":"PropertyValueSpecification","valueRequired":true,"valueName":"search_term_string"}}],"inLanguage":"en-US"}]}},"acf":{"fiche_methode":"","fiche_technique":""},"_links":{"self":[{"href":"https:\/\/www.hydrachim.fr\/en\/wp-json\/wp\/v2\/product\/18638","targetHints":{"allow":["GET"]}}],"collection":[{"href":"https:\/\/www.hydrachim.fr\/en\/wp-json\/wp\/v2\/product"}],"about":[{"href":"https:\/\/www.hydrachim.fr\/en\/wp-json\/wp\/v2\/types\/product"}],"wp:featuredmedia":[{"embeddable":true,"href":"https:\/\/www.hydrachim.fr\/en\/wp-json\/wp\/v2\/media\/30500"}],"wp:attachment":[{"href":"https:\/\/www.hydrachim.fr\/en\/wp-json\/wp\/v2\/media?parent=18638"}],"wp:term":[{"taxonomy":"product_brand","embeddable":true,"href":"https:\/\/www.hydrachim.fr\/en\/wp-json\/wp\/v2\/product_brand?post=18638"},{"taxonomy":"product_type","embeddable":true,"href":"https:\/\/www.hydrachim.fr\/en\/wp-json\/wp\/v2\/product_type?post=18638"},{"taxonomy":"product_visibility","embeddable":true,"href":"https:\/\/www.hydrachim.fr\/en\/wp-json\/wp\/v2\/product_visibility?post=18638"},{"taxonomy":"product_cat","embeddable":true,"href":"https:\/\/www.hydrachim.fr\/en\/wp-json\/wp\/v2\/product_cat?post=18638"}],"curies":[{"name":"wp","href":"https:\/\/api.w.org\/{rel}","templated":true}]}}