{"id":18322,"date":"2024-08-12T16:15:47","date_gmt":"2024-08-12T14:15:47","guid":{"rendered":"https:\/\/www.hydrachim.fr\/?post_type=product&#038;p=18322"},"modified":"2025-12-05T09:02:40","modified_gmt":"2025-12-05T07:02:40","slug":"lessive_poudre_concentree_ecolabel_002225801","status":"publish","type":"product","link":"https:\/\/www.hydrachim.fr\/en\/produit\/lessive_poudre_concentree_ecolabel_002225801\/","title":{"rendered":"Lessive poudre concentr\u00e9e ECOLABEL"},"content":{"rendered":"<p><strong>Se pr\u00e9sente sous forme de poudre blanche atomis\u00e9e parfum fraicheur.<br \/>\nConvient au lavage du linge aussi bien en machine m\u00e9nag\u00e8re qu\u2019en machine industrielle.<br \/>\nRecommand\u00e9e pour les textiles d\u00e9licats : laines, couleurs, nylons et synth\u00e9tiques.<br \/>\nPr\u00e9sente une excellente efficacit\u00e9 sur les t\u00e2ches de prot\u00e9\u00efnes et d\u2019amidon, m\u00eame \u00e0 basse temp\u00e9rature et en eau tr\u00e8s dure (jusqu\u2019\u00e0 40\u00b0TH). Elle ne n\u00e9cessite pas d\u2019activateur de lavage.<\/strong><\/p>\n<p>Lessive poudre concentr\u00e9e est certifi\u00e9 selon l\u2019ECOLABEL EUROPEEN, une r\u00e9f\u00e9rence en mati\u00e8re de respect de l\u2019environnement.<br \/>\nGarantissant une s\u00e9curit\u00e9 pour les utilisateurs, l\u2019environnement et la sant\u00e9.<\/p>\n<p><strong>Disponible :<br \/>\nSac de 10 kg. R\u00e9f. 002225801<\/strong><\/p>\n<p class=\"y-product y-product__product-subtitle\">Avantage :<\/p>\n<p>Toutes temp\u00e9ratures &#8211; Ecolabel<\/p>\n<p>Retrouvez le mode d&#8217;emploi et le dosage du produit en t\u00e9l\u00e9chargeant, ci-dessous, sa Fiche Technique et\/ou sa Fiche M\u00e9thode.<\/p>\n<p><em>Avant toute utilisation, lisez l&#8217;\u00e9tiquette et les informations concernant le produit.<br \/>\nAppliquer le bon dosage recommand\u00e9 afin de faire baisser autant que possible la consommation d\u2019\u00e9nergie et d\u2019eau et de r\u00e9duire la pollution de l\u2019eau. En utilisant ce produit certifi\u00e9 avec le label Ecolabel de l\u2019UE, en suivant les recommandations de dosage indiqu\u00e9es et une temp\u00e9rature de lavage \u00e0 30\u00b0C, il contribuera \u00e0 r\u00e9duire la pollution de l\u2019eau, minimiser la g\u00e9n\u00e9ration de d\u00e9chets et la consommation d\u2019eau et d\u2019\u00e9nergie.<\/em><\/p>\n","protected":false},"excerpt":{"rendered":"<p>Nettoie et d\u00e9tache le linge.<br \/>\nEfficace d\u00e8s 30\u00b0C.<\/p>\n","protected":false},"featured_media":18584,"template":"","meta":[],"product_brand":[],"product_type":[2],"product_visibility":[],"product_cat":[4189,4134,4133,4173],"class_list":{"0":"post-18322","1":"product","2":"type-product","3":"status-publish","4":"has-post-thumbnail","6":"product_cat-marquesidegreen","7":"product_cat-lingelessive","8":"product_cat-produitslinge","9":"product_cat-nouveautesproduits-verts","10":"product_tag-atomisee","11":"product_tag-fraicheur","12":"product_tag-linge","13":"product_tag-poudre","15":"first","16":"instock","17":"shipping-taxable","18":"product-type-simple"},"yoast_head":"<!-- This site is optimized with the Yoast SEO plugin v27.5 - https:\/\/yoast.com\/product\/yoast-seo-wordpress\/ -->\n<title>Lessive poudre concentr\u00e9e ECOLABEL - Hydrachim<\/title>\n<meta name=\"robots\" content=\"index, follow, max-snippet:-1, max-image-preview:large, max-video-preview:-1\" \/>\n<link rel=\"canonical\" href=\"https:\/\/www.hydrachim.fr\/en\/produit\/lessive_poudre_concentree_ecolabel_002225801\/\" \/>\n<meta property=\"og:locale\" content=\"en_US\" \/>\n<meta property=\"og:type\" content=\"article\" \/>\n<meta property=\"og:title\" content=\"Lessive poudre concentr\u00e9e ECOLABEL - Hydrachim\" \/>\n<meta property=\"og:description\" content=\"Nettoie et d\u00e9tache le linge. Efficace d\u00e8s 30\u00b0C.\" \/>\n<meta property=\"og:url\" content=\"https:\/\/www.hydrachim.fr\/en\/produit\/lessive_poudre_concentree_ecolabel_002225801\/\" \/>\n<meta property=\"og:site_name\" content=\"Hydrachim\" \/>\n<meta property=\"article:modified_time\" content=\"2025-12-05T07:02:40+00:00\" \/>\n<meta property=\"og:image\" content=\"https:\/\/www.hydrachim.fr\/app\/uploads\/2024\/09\/2258_LESSIVE_POUDRE_ECOLABEL.png\" \/>\n\t<meta property=\"og:image:width\" content=\"450\" \/>\n\t<meta property=\"og:image:height\" content=\"625\" \/>\n\t<meta property=\"og:image:type\" content=\"image\/png\" \/>\n<meta name=\"twitter:card\" content=\"summary_large_image\" \/>\n<meta name=\"twitter:label1\" content=\"Est. reading time\" \/>\n\t<meta name=\"twitter:data1\" content=\"1 minute\" \/>\n<script type=\"application\/ld+json\" class=\"yoast-schema-graph\">{\"@context\":\"https:\\\/\\\/schema.org\",\"@graph\":[{\"@type\":\"WebPage\",\"@id\":\"https:\\\/\\\/www.hydrachim.fr\\\/en\\\/produit\\\/lessive_poudre_concentree_ecolabel_002225801\\\/\",\"url\":\"https:\\\/\\\/www.hydrachim.fr\\\/en\\\/produit\\\/lessive_poudre_concentree_ecolabel_002225801\\\/\",\"name\":\"Lessive poudre concentr\u00e9e ECOLABEL - Hydrachim\",\"isPartOf\":{\"@id\":\"https:\\\/\\\/www.hydrachim.fr\\\/en\\\/#website\"},\"primaryImageOfPage\":{\"@id\":\"https:\\\/\\\/www.hydrachim.fr\\\/en\\\/produit\\\/lessive_poudre_concentree_ecolabel_002225801\\\/#primaryimage\"},\"image\":{\"@id\":\"https:\\\/\\\/www.hydrachim.fr\\\/en\\\/produit\\\/lessive_poudre_concentree_ecolabel_002225801\\\/#primaryimage\"},\"thumbnailUrl\":\"https:\\\/\\\/www.hydrachim.fr\\\/app\\\/uploads\\\/2024\\\/09\\\/2258_LESSIVE_POUDRE_ECOLABEL.png\",\"datePublished\":\"2024-08-12T14:15:47+00:00\",\"dateModified\":\"2025-12-05T07:02:40+00:00\",\"breadcrumb\":{\"@id\":\"https:\\\/\\\/www.hydrachim.fr\\\/en\\\/produit\\\/lessive_poudre_concentree_ecolabel_002225801\\\/#breadcrumb\"},\"inLanguage\":\"en-US\",\"potentialAction\":[{\"@type\":\"ReadAction\",\"target\":[\"https:\\\/\\\/www.hydrachim.fr\\\/en\\\/produit\\\/lessive_poudre_concentree_ecolabel_002225801\\\/\"]}]},{\"@type\":\"ImageObject\",\"inLanguage\":\"en-US\",\"@id\":\"https:\\\/\\\/www.hydrachim.fr\\\/en\\\/produit\\\/lessive_poudre_concentree_ecolabel_002225801\\\/#primaryimage\",\"url\":\"https:\\\/\\\/www.hydrachim.fr\\\/app\\\/uploads\\\/2024\\\/09\\\/2258_LESSIVE_POUDRE_ECOLABEL.png\",\"contentUrl\":\"https:\\\/\\\/www.hydrachim.fr\\\/app\\\/uploads\\\/2024\\\/09\\\/2258_LESSIVE_POUDRE_ECOLABEL.png\",\"width\":450,\"height\":625},{\"@type\":\"BreadcrumbList\",\"@id\":\"https:\\\/\\\/www.hydrachim.fr\\\/en\\\/produit\\\/lessive_poudre_concentree_ecolabel_002225801\\\/#breadcrumb\",\"itemListElement\":[{\"@type\":\"ListItem\",\"position\":1,\"name\":\"Home\",\"item\":\"https:\\\/\\\/www.hydrachim.fr\\\/en\\\/\"},{\"@type\":\"ListItem\",\"position\":2,\"name\":\"Boutique\",\"item\":\"https:\\\/\\\/www.hydrachim.fr\\\/boutique\\\/\"},{\"@type\":\"ListItem\",\"position\":3,\"name\":\"Lessive poudre concentr\u00e9e ECOLABEL\"}]},{\"@type\":\"WebSite\",\"@id\":\"https:\\\/\\\/www.hydrachim.fr\\\/en\\\/#website\",\"url\":\"https:\\\/\\\/www.hydrachim.fr\\\/en\\\/\",\"name\":\"Hydrachim\",\"description\":\"La science de l&#039;hygi\u00e8ne\",\"potentialAction\":[{\"@type\":\"SearchAction\",\"target\":{\"@type\":\"EntryPoint\",\"urlTemplate\":\"https:\\\/\\\/www.hydrachim.fr\\\/en\\\/?s={search_term_string}\"},\"query-input\":{\"@type\":\"PropertyValueSpecification\",\"valueRequired\":true,\"valueName\":\"search_term_string\"}}],\"inLanguage\":\"en-US\"}]}<\/script>\n<!-- \/ Yoast SEO plugin. -->","yoast_head_json":{"title":"Lessive poudre concentr\u00e9e ECOLABEL - Hydrachim","robots":{"index":"index","follow":"follow","max-snippet":"max-snippet:-1","max-image-preview":"max-image-preview:large","max-video-preview":"max-video-preview:-1"},"canonical":"https:\/\/www.hydrachim.fr\/en\/produit\/lessive_poudre_concentree_ecolabel_002225801\/","og_locale":"en_US","og_type":"article","og_title":"Lessive poudre concentr\u00e9e ECOLABEL - Hydrachim","og_description":"Nettoie et d\u00e9tache le linge. Efficace d\u00e8s 30\u00b0C.","og_url":"https:\/\/www.hydrachim.fr\/en\/produit\/lessive_poudre_concentree_ecolabel_002225801\/","og_site_name":"Hydrachim","article_modified_time":"2025-12-05T07:02:40+00:00","og_image":[{"width":450,"height":625,"url":"https:\/\/www.hydrachim.fr\/app\/uploads\/2024\/09\/2258_LESSIVE_POUDRE_ECOLABEL.png","type":"image\/png"}],"twitter_card":"summary_large_image","twitter_misc":{"Est. reading time":"1 minute"},"schema":{"@context":"https:\/\/schema.org","@graph":[{"@type":"WebPage","@id":"https:\/\/www.hydrachim.fr\/en\/produit\/lessive_poudre_concentree_ecolabel_002225801\/","url":"https:\/\/www.hydrachim.fr\/en\/produit\/lessive_poudre_concentree_ecolabel_002225801\/","name":"Lessive poudre concentr\u00e9e ECOLABEL - Hydrachim","isPartOf":{"@id":"https:\/\/www.hydrachim.fr\/en\/#website"},"primaryImageOfPage":{"@id":"https:\/\/www.hydrachim.fr\/en\/produit\/lessive_poudre_concentree_ecolabel_002225801\/#primaryimage"},"image":{"@id":"https:\/\/www.hydrachim.fr\/en\/produit\/lessive_poudre_concentree_ecolabel_002225801\/#primaryimage"},"thumbnailUrl":"https:\/\/www.hydrachim.fr\/app\/uploads\/2024\/09\/2258_LESSIVE_POUDRE_ECOLABEL.png","datePublished":"2024-08-12T14:15:47+00:00","dateModified":"2025-12-05T07:02:40+00:00","breadcrumb":{"@id":"https:\/\/www.hydrachim.fr\/en\/produit\/lessive_poudre_concentree_ecolabel_002225801\/#breadcrumb"},"inLanguage":"en-US","potentialAction":[{"@type":"ReadAction","target":["https:\/\/www.hydrachim.fr\/en\/produit\/lessive_poudre_concentree_ecolabel_002225801\/"]}]},{"@type":"ImageObject","inLanguage":"en-US","@id":"https:\/\/www.hydrachim.fr\/en\/produit\/lessive_poudre_concentree_ecolabel_002225801\/#primaryimage","url":"https:\/\/www.hydrachim.fr\/app\/uploads\/2024\/09\/2258_LESSIVE_POUDRE_ECOLABEL.png","contentUrl":"https:\/\/www.hydrachim.fr\/app\/uploads\/2024\/09\/2258_LESSIVE_POUDRE_ECOLABEL.png","width":450,"height":625},{"@type":"BreadcrumbList","@id":"https:\/\/www.hydrachim.fr\/en\/produit\/lessive_poudre_concentree_ecolabel_002225801\/#breadcrumb","itemListElement":[{"@type":"ListItem","position":1,"name":"Home","item":"https:\/\/www.hydrachim.fr\/en\/"},{"@type":"ListItem","position":2,"name":"Boutique","item":"https:\/\/www.hydrachim.fr\/boutique\/"},{"@type":"ListItem","position":3,"name":"Lessive poudre concentr\u00e9e ECOLABEL"}]},{"@type":"WebSite","@id":"https:\/\/www.hydrachim.fr\/en\/#website","url":"https:\/\/www.hydrachim.fr\/en\/","name":"Hydrachim","description":"La science de l&#039;hygi\u00e8ne","potentialAction":[{"@type":"SearchAction","target":{"@type":"EntryPoint","urlTemplate":"https:\/\/www.hydrachim.fr\/en\/?s={search_term_string}"},"query-input":{"@type":"PropertyValueSpecification","valueRequired":true,"valueName":"search_term_string"}}],"inLanguage":"en-US"}]}},"acf":{"fiche_methode":"","fiche_technique":"https:\/\/www.hydrachim.fr\/app\/uploads\/2025\/05\/FT_2258_Lessive_poudre_ECOLABEL.pdf"},"_links":{"self":[{"href":"https:\/\/www.hydrachim.fr\/en\/wp-json\/wp\/v2\/product\/18322","targetHints":{"allow":["GET"]}}],"collection":[{"href":"https:\/\/www.hydrachim.fr\/en\/wp-json\/wp\/v2\/product"}],"about":[{"href":"https:\/\/www.hydrachim.fr\/en\/wp-json\/wp\/v2\/types\/product"}],"wp:featuredmedia":[{"embeddable":true,"href":"https:\/\/www.hydrachim.fr\/en\/wp-json\/wp\/v2\/media\/18584"}],"wp:attachment":[{"href":"https:\/\/www.hydrachim.fr\/en\/wp-json\/wp\/v2\/media?parent=18322"}],"wp:term":[{"taxonomy":"product_brand","embeddable":true,"href":"https:\/\/www.hydrachim.fr\/en\/wp-json\/wp\/v2\/product_brand?post=18322"},{"taxonomy":"product_type","embeddable":true,"href":"https:\/\/www.hydrachim.fr\/en\/wp-json\/wp\/v2\/product_type?post=18322"},{"taxonomy":"product_visibility","embeddable":true,"href":"https:\/\/www.hydrachim.fr\/en\/wp-json\/wp\/v2\/product_visibility?post=18322"},{"taxonomy":"product_cat","embeddable":true,"href":"https:\/\/www.hydrachim.fr\/en\/wp-json\/wp\/v2\/product_cat?post=18322"}],"curies":[{"name":"wp","href":"https:\/\/api.w.org\/{rel}","templated":true}]}}