{"id":18273,"date":"2024-08-08T11:04:25","date_gmt":"2024-08-08T09:04:25","guid":{"rendered":"https:\/\/www.hydrachim.fr\/?post_type=product&#038;p=18273"},"modified":"2024-09-10T11:42:17","modified_gmt":"2024-09-10T09:42:17","slug":"sanit_mousse_sp4_concentre_002218101","status":"publish","type":"product","link":"https:\/\/www.hydrachim.fr\/en\/produit\/sanit_mousse_sp4_concentre_002218101\/","title":{"rendered":"Sanit&#8217; Mousse SP4 concentr\u00e9"},"content":{"rendered":"<p><strong>Sanit&#8217; Mousse SP4 concentr\u00e9 nettoie, d\u00e9sinfecte, d\u00e9tartre et parfume les sanitaires<\/strong><\/p>\n<p>Sanit&#8217; Mousse SP4 concentr\u00e9 dissout le calcaire et les traces laiss\u00e9es par l\u2019eau et le savon.<br \/>\nId\u00e9al pour les baignoires, lavabos, robinetteries, carrelages muraux, vitres de douche, cuvettes des WC, etc&#8230;<br \/>\nSanit&#8217; Mousse SP4 concentr\u00e9 est bact\u00e9ricide, fongicide, virucide et tuberculocide. (Pour plus de d\u00e9tails se r\u00e9f\u00e9rer \u00e0 la fiche technique).<\/p>\n<p><strong>Disponible en :<br \/>\n&#8211; Carton de 4 x 5L. R\u00e9f. 002218101<\/strong><\/p>\n<p class=\"y-product y-product__product-subtitle\">Avantage :<\/p>\n<p>Bact\u00e9ricide, fongicide, virucide et tuberculocide. (Pour plus de d\u00e9tails se r\u00e9f\u00e9rer \u00e0 la fiche technique).<br \/>\nUtilisable sans action m\u00e9canique.<\/p>\n<p>Retrouvez le mode d&#8217;emploi et le dosage du produit en t\u00e9l\u00e9chargeant, ci-dessous, sa Fiche Technique.<\/p>\n<p><em>Utilisez les biocides avec pr\u00e9caution. Avant toute utilisation, lisez l&#8217;\u00e9tiquette et les informations concernant le produit.<br \/>\nProduit strictement professionnel.<br \/>\nAvant toute utilisation, assurez-vous que celle-ci est indispensable, notamment dans les lieux fr\u00e9quent\u00e9s par le grand public. Privil\u00e9giez chaque fois que possible les m\u00e9thodes alternatives et les produits pr\u00e9sentant le risque le plus faible pour la sant\u00e9 humaine et animale et pour l&#8217;environnement.<\/p>\n<p>TP2 : D\u00e9sinfectants utilis\u00e9s dans le domaine priv\u00e9 et dans le domaine de la sant\u00e9 publique et autres produits biocides<\/em><\/p>\n","protected":false},"excerpt":{"rendered":"<p>Nettoyant d\u00e9sinfectant sanitaire concentr\u00e9 liquide<\/p>\n","protected":false},"featured_media":18276,"template":"","meta":[],"product_brand":[],"product_type":[2],"product_visibility":[],"product_cat":[4145,4113,4122,4124],"class_list":{"0":"post-18273","1":"product","2":"type-product","3":"status-publish","4":"has-post-thumbnail","6":"product_cat-marquesorlav","7":"product_cat-dsinfectionsanitaire","8":"product_cat-produitssanitaire","9":"product_cat-sanitairesurface","10":"product_tag-chr","11":"product_tag-concentre","12":"product_tag-desinfectant","13":"product_tag-detartrant","14":"product_tag-liquide","15":"product_tag-nettoyant","16":"product_tag-sanitaire","17":"product_tag-tp2","19":"first","20":"instock","21":"shipping-taxable","22":"product-type-simple"},"yoast_head":"<!-- This site is optimized with the Yoast SEO plugin v27.5 - https:\/\/yoast.com\/product\/yoast-seo-wordpress\/ -->\n<title>Sanit&#039; Mousse SP4 concentr\u00e9 - Hydrachim<\/title>\n<meta name=\"robots\" content=\"index, follow, max-snippet:-1, max-image-preview:large, max-video-preview:-1\" \/>\n<link rel=\"canonical\" href=\"https:\/\/www.hydrachim.fr\/en\/produit\/sanit_mousse_sp4_concentre_002218101\/\" \/>\n<meta property=\"og:locale\" content=\"en_US\" \/>\n<meta property=\"og:type\" content=\"article\" \/>\n<meta property=\"og:title\" content=\"Sanit&#039; Mousse SP4 concentr\u00e9 - Hydrachim\" \/>\n<meta property=\"og:description\" content=\"Nettoyant d\u00e9sinfectant sanitaire concentr\u00e9 liquide\" \/>\n<meta property=\"og:url\" content=\"https:\/\/www.hydrachim.fr\/en\/produit\/sanit_mousse_sp4_concentre_002218101\/\" \/>\n<meta property=\"og:site_name\" content=\"Hydrachim\" \/>\n<meta property=\"article:modified_time\" content=\"2024-09-10T09:42:17+00:00\" \/>\n<meta property=\"og:image\" content=\"https:\/\/www.hydrachim.fr\/app\/uploads\/2024\/08\/2181___ORLAV___SANITMOUSSE_SP4_CONCENTRE____5L.png\" \/>\n\t<meta property=\"og:image:width\" content=\"400\" \/>\n\t<meta property=\"og:image:height\" content=\"625\" \/>\n\t<meta property=\"og:image:type\" content=\"image\/png\" \/>\n<meta name=\"twitter:card\" content=\"summary_large_image\" \/>\n<meta name=\"twitter:label1\" content=\"Est. reading time\" \/>\n\t<meta name=\"twitter:data1\" content=\"1 minute\" \/>\n<script type=\"application\/ld+json\" class=\"yoast-schema-graph\">{\"@context\":\"https:\\\/\\\/schema.org\",\"@graph\":[{\"@type\":\"WebPage\",\"@id\":\"https:\\\/\\\/www.hydrachim.fr\\\/en\\\/produit\\\/sanit_mousse_sp4_concentre_002218101\\\/\",\"url\":\"https:\\\/\\\/www.hydrachim.fr\\\/en\\\/produit\\\/sanit_mousse_sp4_concentre_002218101\\\/\",\"name\":\"Sanit' Mousse SP4 concentr\u00e9 - Hydrachim\",\"isPartOf\":{\"@id\":\"https:\\\/\\\/www.hydrachim.fr\\\/en\\\/#website\"},\"primaryImageOfPage\":{\"@id\":\"https:\\\/\\\/www.hydrachim.fr\\\/en\\\/produit\\\/sanit_mousse_sp4_concentre_002218101\\\/#primaryimage\"},\"image\":{\"@id\":\"https:\\\/\\\/www.hydrachim.fr\\\/en\\\/produit\\\/sanit_mousse_sp4_concentre_002218101\\\/#primaryimage\"},\"thumbnailUrl\":\"https:\\\/\\\/www.hydrachim.fr\\\/app\\\/uploads\\\/2024\\\/08\\\/2181___ORLAV___SANITMOUSSE_SP4_CONCENTRE____5L.png\",\"datePublished\":\"2024-08-08T09:04:25+00:00\",\"dateModified\":\"2024-09-10T09:42:17+00:00\",\"breadcrumb\":{\"@id\":\"https:\\\/\\\/www.hydrachim.fr\\\/en\\\/produit\\\/sanit_mousse_sp4_concentre_002218101\\\/#breadcrumb\"},\"inLanguage\":\"en-US\",\"potentialAction\":[{\"@type\":\"ReadAction\",\"target\":[\"https:\\\/\\\/www.hydrachim.fr\\\/en\\\/produit\\\/sanit_mousse_sp4_concentre_002218101\\\/\"]}]},{\"@type\":\"ImageObject\",\"inLanguage\":\"en-US\",\"@id\":\"https:\\\/\\\/www.hydrachim.fr\\\/en\\\/produit\\\/sanit_mousse_sp4_concentre_002218101\\\/#primaryimage\",\"url\":\"https:\\\/\\\/www.hydrachim.fr\\\/app\\\/uploads\\\/2024\\\/08\\\/2181___ORLAV___SANITMOUSSE_SP4_CONCENTRE____5L.png\",\"contentUrl\":\"https:\\\/\\\/www.hydrachim.fr\\\/app\\\/uploads\\\/2024\\\/08\\\/2181___ORLAV___SANITMOUSSE_SP4_CONCENTRE____5L.png\",\"width\":400,\"height\":625},{\"@type\":\"BreadcrumbList\",\"@id\":\"https:\\\/\\\/www.hydrachim.fr\\\/en\\\/produit\\\/sanit_mousse_sp4_concentre_002218101\\\/#breadcrumb\",\"itemListElement\":[{\"@type\":\"ListItem\",\"position\":1,\"name\":\"Home\",\"item\":\"https:\\\/\\\/www.hydrachim.fr\\\/en\\\/\"},{\"@type\":\"ListItem\",\"position\":2,\"name\":\"Boutique\",\"item\":\"https:\\\/\\\/www.hydrachim.fr\\\/boutique\\\/\"},{\"@type\":\"ListItem\",\"position\":3,\"name\":\"Sanit&rsquo; Mousse SP4 concentr\u00e9\"}]},{\"@type\":\"WebSite\",\"@id\":\"https:\\\/\\\/www.hydrachim.fr\\\/en\\\/#website\",\"url\":\"https:\\\/\\\/www.hydrachim.fr\\\/en\\\/\",\"name\":\"Hydrachim\",\"description\":\"La science de l&#039;hygi\u00e8ne\",\"potentialAction\":[{\"@type\":\"SearchAction\",\"target\":{\"@type\":\"EntryPoint\",\"urlTemplate\":\"https:\\\/\\\/www.hydrachim.fr\\\/en\\\/?s={search_term_string}\"},\"query-input\":{\"@type\":\"PropertyValueSpecification\",\"valueRequired\":true,\"valueName\":\"search_term_string\"}}],\"inLanguage\":\"en-US\"}]}<\/script>\n<!-- \/ Yoast SEO plugin. -->","yoast_head_json":{"title":"Sanit' Mousse SP4 concentr\u00e9 - Hydrachim","robots":{"index":"index","follow":"follow","max-snippet":"max-snippet:-1","max-image-preview":"max-image-preview:large","max-video-preview":"max-video-preview:-1"},"canonical":"https:\/\/www.hydrachim.fr\/en\/produit\/sanit_mousse_sp4_concentre_002218101\/","og_locale":"en_US","og_type":"article","og_title":"Sanit' Mousse SP4 concentr\u00e9 - Hydrachim","og_description":"Nettoyant d\u00e9sinfectant sanitaire concentr\u00e9 liquide","og_url":"https:\/\/www.hydrachim.fr\/en\/produit\/sanit_mousse_sp4_concentre_002218101\/","og_site_name":"Hydrachim","article_modified_time":"2024-09-10T09:42:17+00:00","og_image":[{"width":400,"height":625,"url":"https:\/\/www.hydrachim.fr\/app\/uploads\/2024\/08\/2181___ORLAV___SANITMOUSSE_SP4_CONCENTRE____5L.png","type":"image\/png"}],"twitter_card":"summary_large_image","twitter_misc":{"Est. reading time":"1 minute"},"schema":{"@context":"https:\/\/schema.org","@graph":[{"@type":"WebPage","@id":"https:\/\/www.hydrachim.fr\/en\/produit\/sanit_mousse_sp4_concentre_002218101\/","url":"https:\/\/www.hydrachim.fr\/en\/produit\/sanit_mousse_sp4_concentre_002218101\/","name":"Sanit' Mousse SP4 concentr\u00e9 - Hydrachim","isPartOf":{"@id":"https:\/\/www.hydrachim.fr\/en\/#website"},"primaryImageOfPage":{"@id":"https:\/\/www.hydrachim.fr\/en\/produit\/sanit_mousse_sp4_concentre_002218101\/#primaryimage"},"image":{"@id":"https:\/\/www.hydrachim.fr\/en\/produit\/sanit_mousse_sp4_concentre_002218101\/#primaryimage"},"thumbnailUrl":"https:\/\/www.hydrachim.fr\/app\/uploads\/2024\/08\/2181___ORLAV___SANITMOUSSE_SP4_CONCENTRE____5L.png","datePublished":"2024-08-08T09:04:25+00:00","dateModified":"2024-09-10T09:42:17+00:00","breadcrumb":{"@id":"https:\/\/www.hydrachim.fr\/en\/produit\/sanit_mousse_sp4_concentre_002218101\/#breadcrumb"},"inLanguage":"en-US","potentialAction":[{"@type":"ReadAction","target":["https:\/\/www.hydrachim.fr\/en\/produit\/sanit_mousse_sp4_concentre_002218101\/"]}]},{"@type":"ImageObject","inLanguage":"en-US","@id":"https:\/\/www.hydrachim.fr\/en\/produit\/sanit_mousse_sp4_concentre_002218101\/#primaryimage","url":"https:\/\/www.hydrachim.fr\/app\/uploads\/2024\/08\/2181___ORLAV___SANITMOUSSE_SP4_CONCENTRE____5L.png","contentUrl":"https:\/\/www.hydrachim.fr\/app\/uploads\/2024\/08\/2181___ORLAV___SANITMOUSSE_SP4_CONCENTRE____5L.png","width":400,"height":625},{"@type":"BreadcrumbList","@id":"https:\/\/www.hydrachim.fr\/en\/produit\/sanit_mousse_sp4_concentre_002218101\/#breadcrumb","itemListElement":[{"@type":"ListItem","position":1,"name":"Home","item":"https:\/\/www.hydrachim.fr\/en\/"},{"@type":"ListItem","position":2,"name":"Boutique","item":"https:\/\/www.hydrachim.fr\/boutique\/"},{"@type":"ListItem","position":3,"name":"Sanit&rsquo; Mousse SP4 concentr\u00e9"}]},{"@type":"WebSite","@id":"https:\/\/www.hydrachim.fr\/en\/#website","url":"https:\/\/www.hydrachim.fr\/en\/","name":"Hydrachim","description":"La science de l&#039;hygi\u00e8ne","potentialAction":[{"@type":"SearchAction","target":{"@type":"EntryPoint","urlTemplate":"https:\/\/www.hydrachim.fr\/en\/?s={search_term_string}"},"query-input":{"@type":"PropertyValueSpecification","valueRequired":true,"valueName":"search_term_string"}}],"inLanguage":"en-US"}]}},"acf":{"fiche_methode":"","fiche_technique":"https:\/\/www.hydrachim.fr\/app\/uploads\/2024\/08\/ORLAV___2181___SANIT__MOUSSE_SP4_CONCENTR____5L__4X5L_.pdf"},"_links":{"self":[{"href":"https:\/\/www.hydrachim.fr\/en\/wp-json\/wp\/v2\/product\/18273","targetHints":{"allow":["GET"]}}],"collection":[{"href":"https:\/\/www.hydrachim.fr\/en\/wp-json\/wp\/v2\/product"}],"about":[{"href":"https:\/\/www.hydrachim.fr\/en\/wp-json\/wp\/v2\/types\/product"}],"wp:featuredmedia":[{"embeddable":true,"href":"https:\/\/www.hydrachim.fr\/en\/wp-json\/wp\/v2\/media\/18276"}],"wp:attachment":[{"href":"https:\/\/www.hydrachim.fr\/en\/wp-json\/wp\/v2\/media?parent=18273"}],"wp:term":[{"taxonomy":"product_brand","embeddable":true,"href":"https:\/\/www.hydrachim.fr\/en\/wp-json\/wp\/v2\/product_brand?post=18273"},{"taxonomy":"product_type","embeddable":true,"href":"https:\/\/www.hydrachim.fr\/en\/wp-json\/wp\/v2\/product_type?post=18273"},{"taxonomy":"product_visibility","embeddable":true,"href":"https:\/\/www.hydrachim.fr\/en\/wp-json\/wp\/v2\/product_visibility?post=18273"},{"taxonomy":"product_cat","embeddable":true,"href":"https:\/\/www.hydrachim.fr\/en\/wp-json\/wp\/v2\/product_cat?post=18273"}],"curies":[{"name":"wp","href":"https:\/\/api.w.org\/{rel}","templated":true}]}}