{"id":18264,"date":"2024-08-07T14:44:25","date_gmt":"2024-08-07T12:44:25","guid":{"rendered":"https:\/\/www.hydrachim.fr\/?post_type=product&#038;p=18264"},"modified":"2024-08-07T14:55:46","modified_gmt":"2024-08-07T12:55:46","slug":"ddm_sp_pae_002217701","status":"publish","type":"product","link":"https:\/\/www.hydrachim.fr\/en\/produit\/ddm_sp_pae_002217701\/","title":{"rendered":"DDM SP PAE"},"content":{"rendered":"<p><strong>Efficacit\u00e9s d\u00e9sinfectantes :<br \/>\n&#8211; Bact\u00e9ricide,<br \/>\n&#8211; Levuricide,<br \/>\n&#8211; Fongicide,<br \/>\n&#8211; Virucide.<br \/>\nEfficacit\u00e9 prouv\u00e9e sur Coronavirus.<\/strong><\/p>\n<p>Con\u00e7u pour le nettoyage et la d\u00e9sinfection toutes surfaces* (sols, murs, tables, plans de travail, hottes, caissons d\u2019a\u00e9rations \u2026). Applicable en secteur m\u00e9dical (hors secteur chirurgical (TP2)).<\/p>\n<p>Ce produit dissout les graisses et les huiles lourdes.<br \/>\nS\u2019utilise pour les sols, fa\u00efences, tous supports lavables ayant de la mati\u00e8re grasse ou des t\u00e2ches \u00e0 \u00e9liminer.<\/p>\n<p><strong>Disponible en :<br \/>\n&#8211; Carton de 12&#215;750 mL. R\u00e9f. 002217701<\/strong><\/p>\n<p class=\"y-product y-product__product-subtitle\">Avantage :<\/p>\n<p>&#8211; Pr\u00eat \u00e0 l&#8217;emploi.<br \/>\n&#8211; Efficace sur Coronavirus.<\/p>\n<p>* Faire un essai au pr\u00e9alable sur une surface peu visible.<\/p>\n<p>Retrouvez le mode d&#8217;emploi et le dosage du produit en t\u00e9l\u00e9chargeant la fiche technique.<\/p>\n<p><em>Utilisez les biocides avec pr\u00e9caution. Avant toute utilisation, lisez l\u2019\u00e9tiquette et les informations concernant le produit.<\/p>\n<p>TP2 : D\u00e9sinfectants utilis\u00e9s dans le domaine priv\u00e9 et dans le domaine de la sant\u00e9 publique et autres produits biocides.<br \/>\nTP4 : D\u00e9sinfectants pour les surfaces en contact avec les denr\u00e9es alimentaires et les aliments pour animaux.<\/em><\/p>\n","protected":false},"excerpt":{"rendered":"<p>Nettoyant, d\u00e9graissant et d\u00e9sinfectant alimentaire.<br \/>\nPr\u00eat \u00e0 l&#8217;emploi. Formule sans parfum.<\/p>\n","protected":false},"featured_media":18265,"template":"","meta":[],"product_brand":[],"product_type":[2],"product_visibility":[],"product_cat":[4237,4114,4111,4151,4112],"class_list":{"0":"post-18264","1":"product","2":"type-product","3":"status-publish","4":"has-post-thumbnail","6":"product_cat-produits-produitsdsinfectioncoronavirus","7":"product_cat-dsinfectioncuisine","8":"product_cat-produitsdesinfection","9":"product_cat-marquesdeterquat","10":"product_cat-dsinfectionsurface","11":"product_tag-alimentaire","12":"product_tag-bactericide","13":"product_tag-degraissant","14":"product_tag-desinfectant","15":"product_tag-fongicide","16":"product_tag-graisse","17":"product_tag-levuricide_1","18":"product_tag-multi-surfaces","19":"product_tag-sans-parfum","20":"product_tag-secteur-medical","21":"product_tag-tp2","22":"product_tag-tp4","23":"product_tag-virucide","25":"first","26":"instock","27":"shipping-taxable","28":"product-type-simple"},"yoast_head":"<!-- This site is optimized with the Yoast SEO plugin v27.5 - https:\/\/yoast.com\/product\/yoast-seo-wordpress\/ -->\n<title>DDM SP PAE - Hydrachim<\/title>\n<meta name=\"robots\" content=\"index, follow, max-snippet:-1, max-image-preview:large, max-video-preview:-1\" \/>\n<link rel=\"canonical\" href=\"https:\/\/www.hydrachim.fr\/en\/produit\/ddm_sp_pae_002217701\/\" \/>\n<meta property=\"og:locale\" content=\"en_US\" \/>\n<meta property=\"og:type\" content=\"article\" \/>\n<meta property=\"og:title\" content=\"DDM SP PAE - Hydrachim\" \/>\n<meta property=\"og:description\" content=\"Nettoyant, d\u00e9graissant et d\u00e9sinfectant alimentaire. Pr\u00eat \u00e0 l&#039;emploi. Formule sans parfum.\" \/>\n<meta property=\"og:url\" content=\"https:\/\/www.hydrachim.fr\/en\/produit\/ddm_sp_pae_002217701\/\" \/>\n<meta property=\"og:site_name\" content=\"Hydrachim\" \/>\n<meta property=\"article:modified_time\" content=\"2024-08-07T12:55:46+00:00\" \/>\n<meta property=\"og:image\" content=\"https:\/\/www.hydrachim.fr\/app\/uploads\/2024\/08\/2177___DETERQUAT___DDM_SP_PAE___750ML.png\" \/>\n\t<meta property=\"og:image:width\" content=\"600\" \/>\n\t<meta property=\"og:image:height\" content=\"1300\" \/>\n\t<meta property=\"og:image:type\" content=\"image\/png\" \/>\n<meta name=\"twitter:card\" content=\"summary_large_image\" \/>\n<meta name=\"twitter:label1\" content=\"Est. reading time\" \/>\n\t<meta name=\"twitter:data1\" content=\"1 minute\" \/>\n<script type=\"application\/ld+json\" class=\"yoast-schema-graph\">{\"@context\":\"https:\\\/\\\/schema.org\",\"@graph\":[{\"@type\":\"WebPage\",\"@id\":\"https:\\\/\\\/www.hydrachim.fr\\\/en\\\/produit\\\/ddm_sp_pae_002217701\\\/\",\"url\":\"https:\\\/\\\/www.hydrachim.fr\\\/en\\\/produit\\\/ddm_sp_pae_002217701\\\/\",\"name\":\"DDM SP PAE - Hydrachim\",\"isPartOf\":{\"@id\":\"https:\\\/\\\/www.hydrachim.fr\\\/en\\\/#website\"},\"primaryImageOfPage\":{\"@id\":\"https:\\\/\\\/www.hydrachim.fr\\\/en\\\/produit\\\/ddm_sp_pae_002217701\\\/#primaryimage\"},\"image\":{\"@id\":\"https:\\\/\\\/www.hydrachim.fr\\\/en\\\/produit\\\/ddm_sp_pae_002217701\\\/#primaryimage\"},\"thumbnailUrl\":\"https:\\\/\\\/www.hydrachim.fr\\\/app\\\/uploads\\\/2024\\\/08\\\/2177___DETERQUAT___DDM_SP_PAE___750ML.png\",\"datePublished\":\"2024-08-07T12:44:25+00:00\",\"dateModified\":\"2024-08-07T12:55:46+00:00\",\"breadcrumb\":{\"@id\":\"https:\\\/\\\/www.hydrachim.fr\\\/en\\\/produit\\\/ddm_sp_pae_002217701\\\/#breadcrumb\"},\"inLanguage\":\"en-US\",\"potentialAction\":[{\"@type\":\"ReadAction\",\"target\":[\"https:\\\/\\\/www.hydrachim.fr\\\/en\\\/produit\\\/ddm_sp_pae_002217701\\\/\"]}]},{\"@type\":\"ImageObject\",\"inLanguage\":\"en-US\",\"@id\":\"https:\\\/\\\/www.hydrachim.fr\\\/en\\\/produit\\\/ddm_sp_pae_002217701\\\/#primaryimage\",\"url\":\"https:\\\/\\\/www.hydrachim.fr\\\/app\\\/uploads\\\/2024\\\/08\\\/2177___DETERQUAT___DDM_SP_PAE___750ML.png\",\"contentUrl\":\"https:\\\/\\\/www.hydrachim.fr\\\/app\\\/uploads\\\/2024\\\/08\\\/2177___DETERQUAT___DDM_SP_PAE___750ML.png\",\"width\":600,\"height\":1300},{\"@type\":\"BreadcrumbList\",\"@id\":\"https:\\\/\\\/www.hydrachim.fr\\\/en\\\/produit\\\/ddm_sp_pae_002217701\\\/#breadcrumb\",\"itemListElement\":[{\"@type\":\"ListItem\",\"position\":1,\"name\":\"Home\",\"item\":\"https:\\\/\\\/www.hydrachim.fr\\\/en\\\/\"},{\"@type\":\"ListItem\",\"position\":2,\"name\":\"Boutique\",\"item\":\"https:\\\/\\\/www.hydrachim.fr\\\/boutique\\\/\"},{\"@type\":\"ListItem\",\"position\":3,\"name\":\"DDM SP PAE\"}]},{\"@type\":\"WebSite\",\"@id\":\"https:\\\/\\\/www.hydrachim.fr\\\/en\\\/#website\",\"url\":\"https:\\\/\\\/www.hydrachim.fr\\\/en\\\/\",\"name\":\"Hydrachim\",\"description\":\"La science de l&#039;hygi\u00e8ne\",\"potentialAction\":[{\"@type\":\"SearchAction\",\"target\":{\"@type\":\"EntryPoint\",\"urlTemplate\":\"https:\\\/\\\/www.hydrachim.fr\\\/en\\\/?s={search_term_string}\"},\"query-input\":{\"@type\":\"PropertyValueSpecification\",\"valueRequired\":true,\"valueName\":\"search_term_string\"}}],\"inLanguage\":\"en-US\"}]}<\/script>\n<!-- \/ Yoast SEO plugin. -->","yoast_head_json":{"title":"DDM SP PAE - Hydrachim","robots":{"index":"index","follow":"follow","max-snippet":"max-snippet:-1","max-image-preview":"max-image-preview:large","max-video-preview":"max-video-preview:-1"},"canonical":"https:\/\/www.hydrachim.fr\/en\/produit\/ddm_sp_pae_002217701\/","og_locale":"en_US","og_type":"article","og_title":"DDM SP PAE - Hydrachim","og_description":"Nettoyant, d\u00e9graissant et d\u00e9sinfectant alimentaire. Pr\u00eat \u00e0 l'emploi. Formule sans parfum.","og_url":"https:\/\/www.hydrachim.fr\/en\/produit\/ddm_sp_pae_002217701\/","og_site_name":"Hydrachim","article_modified_time":"2024-08-07T12:55:46+00:00","og_image":[{"width":600,"height":1300,"url":"https:\/\/www.hydrachim.fr\/app\/uploads\/2024\/08\/2177___DETERQUAT___DDM_SP_PAE___750ML.png","type":"image\/png"}],"twitter_card":"summary_large_image","twitter_misc":{"Est. reading time":"1 minute"},"schema":{"@context":"https:\/\/schema.org","@graph":[{"@type":"WebPage","@id":"https:\/\/www.hydrachim.fr\/en\/produit\/ddm_sp_pae_002217701\/","url":"https:\/\/www.hydrachim.fr\/en\/produit\/ddm_sp_pae_002217701\/","name":"DDM SP PAE - Hydrachim","isPartOf":{"@id":"https:\/\/www.hydrachim.fr\/en\/#website"},"primaryImageOfPage":{"@id":"https:\/\/www.hydrachim.fr\/en\/produit\/ddm_sp_pae_002217701\/#primaryimage"},"image":{"@id":"https:\/\/www.hydrachim.fr\/en\/produit\/ddm_sp_pae_002217701\/#primaryimage"},"thumbnailUrl":"https:\/\/www.hydrachim.fr\/app\/uploads\/2024\/08\/2177___DETERQUAT___DDM_SP_PAE___750ML.png","datePublished":"2024-08-07T12:44:25+00:00","dateModified":"2024-08-07T12:55:46+00:00","breadcrumb":{"@id":"https:\/\/www.hydrachim.fr\/en\/produit\/ddm_sp_pae_002217701\/#breadcrumb"},"inLanguage":"en-US","potentialAction":[{"@type":"ReadAction","target":["https:\/\/www.hydrachim.fr\/en\/produit\/ddm_sp_pae_002217701\/"]}]},{"@type":"ImageObject","inLanguage":"en-US","@id":"https:\/\/www.hydrachim.fr\/en\/produit\/ddm_sp_pae_002217701\/#primaryimage","url":"https:\/\/www.hydrachim.fr\/app\/uploads\/2024\/08\/2177___DETERQUAT___DDM_SP_PAE___750ML.png","contentUrl":"https:\/\/www.hydrachim.fr\/app\/uploads\/2024\/08\/2177___DETERQUAT___DDM_SP_PAE___750ML.png","width":600,"height":1300},{"@type":"BreadcrumbList","@id":"https:\/\/www.hydrachim.fr\/en\/produit\/ddm_sp_pae_002217701\/#breadcrumb","itemListElement":[{"@type":"ListItem","position":1,"name":"Home","item":"https:\/\/www.hydrachim.fr\/en\/"},{"@type":"ListItem","position":2,"name":"Boutique","item":"https:\/\/www.hydrachim.fr\/boutique\/"},{"@type":"ListItem","position":3,"name":"DDM SP PAE"}]},{"@type":"WebSite","@id":"https:\/\/www.hydrachim.fr\/en\/#website","url":"https:\/\/www.hydrachim.fr\/en\/","name":"Hydrachim","description":"La science de l&#039;hygi\u00e8ne","potentialAction":[{"@type":"SearchAction","target":{"@type":"EntryPoint","urlTemplate":"https:\/\/www.hydrachim.fr\/en\/?s={search_term_string}"},"query-input":{"@type":"PropertyValueSpecification","valueRequired":true,"valueName":"search_term_string"}}],"inLanguage":"en-US"}]}},"acf":{"fiche_methode":"","fiche_technique":"https:\/\/www.hydrachim.fr\/app\/uploads\/2024\/08\/FT___2177___DETERQUAT_DDM_SP_PAE.pdf"},"_links":{"self":[{"href":"https:\/\/www.hydrachim.fr\/en\/wp-json\/wp\/v2\/product\/18264","targetHints":{"allow":["GET"]}}],"collection":[{"href":"https:\/\/www.hydrachim.fr\/en\/wp-json\/wp\/v2\/product"}],"about":[{"href":"https:\/\/www.hydrachim.fr\/en\/wp-json\/wp\/v2\/types\/product"}],"wp:featuredmedia":[{"embeddable":true,"href":"https:\/\/www.hydrachim.fr\/en\/wp-json\/wp\/v2\/media\/18265"}],"wp:attachment":[{"href":"https:\/\/www.hydrachim.fr\/en\/wp-json\/wp\/v2\/media?parent=18264"}],"wp:term":[{"taxonomy":"product_brand","embeddable":true,"href":"https:\/\/www.hydrachim.fr\/en\/wp-json\/wp\/v2\/product_brand?post=18264"},{"taxonomy":"product_type","embeddable":true,"href":"https:\/\/www.hydrachim.fr\/en\/wp-json\/wp\/v2\/product_type?post=18264"},{"taxonomy":"product_visibility","embeddable":true,"href":"https:\/\/www.hydrachim.fr\/en\/wp-json\/wp\/v2\/product_visibility?post=18264"},{"taxonomy":"product_cat","embeddable":true,"href":"https:\/\/www.hydrachim.fr\/en\/wp-json\/wp\/v2\/product_cat?post=18264"}],"curies":[{"name":"wp","href":"https:\/\/api.w.org\/{rel}","templated":true}]}}