{"id":18259,"date":"2024-08-07T14:07:34","date_gmt":"2024-08-07T12:07:34","guid":{"rendered":"https:\/\/www.hydrachim.fr\/?post_type=product&#038;p=18259"},"modified":"2024-08-07T14:42:24","modified_gmt":"2024-08-07T12:42:24","slug":"ddm_nf_002a71002","status":"publish","type":"product","link":"https:\/\/www.hydrachim.fr\/en\/produit\/ddm_nf_002a71002\/","title":{"rendered":"DDM NF"},"content":{"rendered":"<p><strong>DETERQUAT DDM NF est un super d\u00e9graissant d\u00e9sinfectant sans chlore actif.<br \/>\nId\u00e9al sur les surfaces alimentaires et non alimentaires.<\/strong><\/p>\n<p>DETERQUAT DDM NFest un produit a fort pouvoir d\u00e9graissant, \u00e9mulisifiant pour le nettoyage et la d\u00e9sinfection des surfaces en contact avec les denr\u00e9es alimentaires.<br \/>\nDETERQUAT DDM NF dissout les graisses et les huiles lourdes. DETERQUAT DDM NF s&#8217;utilise pour les sols, fa\u00efences, tous supports lavables ayant de la mati\u00e8re grasse ou des t\u00e2ches \u00e0 \u00e9liminer.<br \/>\nDETERQUAT DDM NF est :<br \/>\n&#8211; Bact\u00e9ricide,<br \/>\n&#8211; Levuricide,<br \/>\n&#8211; Virucide**<br \/>\n**Efficacit\u00e9 prouv\u00e9e sur Ad\u00e9novirus, Murine Norovirus et Virus envelopp\u00e9s (MVA).<\/p>\n<p><strong>Disponible en<br \/>\n&#8211; Carton de 4x5L R\u00e9f : 002A71001,<br \/>\n&#8211; Bidon de 20L R\u00e9f : 002A71002,<br \/>\n&#8211; F\u00fbt de 200L R\u00e9f : 002A71005,<br \/>\n&#8211; Container de 1000L R\u00e9f : 002A71024.<\/strong><\/p>\n<p>Retrouvez le mode d&#8217;emploi et le dosage du produit en t\u00e9l\u00e9chargeant la fiche technique.<\/p>\n<p><em>Utilisez les biocides avec pr\u00e9caution. Avant toute utilisation, lisez l\u2019\u00e9tiquette et les informations concernant le produit.<br \/>\nAvant toute utilisation, assurez-vous que celle-ci est indispensable, notamment dans les lieux fr\u00e9quent\u00e9s par le grand public. Privil\u00e9giez chaque fois que possible les m\u00e9thodes alternatives et les produits pr\u00e9sentant le risque le plus faible pour la sant\u00e9 humaine et animale et pour l\u2019environnement.<br \/>\nTP2 : D\u00e9sinfectants utilis\u00e9s dans le domaine priv\u00e9 et dans le domaine de la sant\u00e9 publique et autres produits biocides<br \/>\nTP4 : D\u00e9sinfectants pour les surfaces en contact avec les denr\u00e9es alimentaires et les aliments pour animaux<\/em><\/p>\n","protected":false},"excerpt":{"rendered":"<p>D\u00e9graissant D\u00e9sinfectant des surfaces alimentaires sans chlore actif.<\/p>\n","protected":false},"featured_media":18262,"template":"","meta":[],"product_brand":[],"product_type":[2],"product_visibility":[],"product_cat":[4027,4116,4237,4114,4151,4112],"class_list":{"0":"post-18259","1":"product","2":"type-product","3":"status-publish","4":"has-post-thumbnail","6":"product_cat-agro-alimentaire-industrie","7":"product_cat-dsinfectionagro-alimentaire","8":"product_cat-produits-produitsdsinfectioncoronavirus","9":"product_cat-dsinfectioncuisine","10":"product_cat-marquesdeterquat","11":"product_cat-dsinfectionsurface","12":"product_tag-alimentaire_1","13":"product_tag-bactericide-type-defficacit","14":"product_tag-canon-a-mousse","15":"product_tag-degraissant","16":"product_tag-desinfectant","17":"product_tag-mulsifiant","18":"product_tag-equipements-et-machines","19":"product_tag-industrie-agroalimentaire_1","20":"product_tag-industrie-boulangerie-viennoiserie-patisserie","21":"product_tag-industrie-viande-poisson","22":"product_tag-levuricide_1","23":"product_tag-liquide","24":"product_tag-moussant_1","25":"product_tag-pulverisation","26":"product_tag-sur-surfaces-ouvertes-sols-murs-plafonds","27":"product_tag-tous-types-dapplication","28":"product_tag-tous-types-defficacite","29":"product_tag-tous-types-de-secteur-dactivite","30":"product_tag-tp2","31":"product_tag-tp4","32":"product_tag-virucide_1","34":"first","35":"instock","36":"shipping-taxable","37":"product-type-simple"},"yoast_head":"<!-- This site is optimized with the Yoast SEO plugin v27.5 - https:\/\/yoast.com\/product\/yoast-seo-wordpress\/ -->\n<title>DDM NF - Hydrachim<\/title>\n<meta name=\"robots\" content=\"index, follow, max-snippet:-1, max-image-preview:large, max-video-preview:-1\" \/>\n<link rel=\"canonical\" href=\"https:\/\/www.hydrachim.fr\/en\/produit\/ddm_nf_002a71002\/\" \/>\n<meta property=\"og:locale\" content=\"en_US\" \/>\n<meta property=\"og:type\" content=\"article\" \/>\n<meta property=\"og:title\" content=\"DDM NF - Hydrachim\" \/>\n<meta property=\"og:description\" content=\"D\u00e9graissant D\u00e9sinfectant des surfaces alimentaires sans chlore actif.\" \/>\n<meta property=\"og:url\" content=\"https:\/\/www.hydrachim.fr\/en\/produit\/ddm_nf_002a71002\/\" \/>\n<meta property=\"og:site_name\" content=\"Hydrachim\" \/>\n<meta property=\"article:modified_time\" content=\"2024-08-07T12:42:24+00:00\" \/>\n<meta property=\"og:image\" content=\"https:\/\/www.hydrachim.fr\/app\/uploads\/2024\/08\/A710___Deterquat_DDM_NF___5L.png\" \/>\n\t<meta property=\"og:image:width\" content=\"600\" \/>\n\t<meta property=\"og:image:height\" content=\"912\" \/>\n\t<meta property=\"og:image:type\" content=\"image\/png\" \/>\n<meta name=\"twitter:card\" content=\"summary_large_image\" \/>\n<meta name=\"twitter:label1\" content=\"Est. reading time\" \/>\n\t<meta name=\"twitter:data1\" content=\"1 minute\" \/>\n<script type=\"application\/ld+json\" class=\"yoast-schema-graph\">{\"@context\":\"https:\\\/\\\/schema.org\",\"@graph\":[{\"@type\":\"WebPage\",\"@id\":\"https:\\\/\\\/www.hydrachim.fr\\\/en\\\/produit\\\/ddm_nf_002a71002\\\/\",\"url\":\"https:\\\/\\\/www.hydrachim.fr\\\/en\\\/produit\\\/ddm_nf_002a71002\\\/\",\"name\":\"DDM NF - Hydrachim\",\"isPartOf\":{\"@id\":\"https:\\\/\\\/www.hydrachim.fr\\\/en\\\/#website\"},\"primaryImageOfPage\":{\"@id\":\"https:\\\/\\\/www.hydrachim.fr\\\/en\\\/produit\\\/ddm_nf_002a71002\\\/#primaryimage\"},\"image\":{\"@id\":\"https:\\\/\\\/www.hydrachim.fr\\\/en\\\/produit\\\/ddm_nf_002a71002\\\/#primaryimage\"},\"thumbnailUrl\":\"https:\\\/\\\/www.hydrachim.fr\\\/app\\\/uploads\\\/2024\\\/08\\\/A710___Deterquat_DDM_NF___5L.png\",\"datePublished\":\"2024-08-07T12:07:34+00:00\",\"dateModified\":\"2024-08-07T12:42:24+00:00\",\"breadcrumb\":{\"@id\":\"https:\\\/\\\/www.hydrachim.fr\\\/en\\\/produit\\\/ddm_nf_002a71002\\\/#breadcrumb\"},\"inLanguage\":\"en-US\",\"potentialAction\":[{\"@type\":\"ReadAction\",\"target\":[\"https:\\\/\\\/www.hydrachim.fr\\\/en\\\/produit\\\/ddm_nf_002a71002\\\/\"]}]},{\"@type\":\"ImageObject\",\"inLanguage\":\"en-US\",\"@id\":\"https:\\\/\\\/www.hydrachim.fr\\\/en\\\/produit\\\/ddm_nf_002a71002\\\/#primaryimage\",\"url\":\"https:\\\/\\\/www.hydrachim.fr\\\/app\\\/uploads\\\/2024\\\/08\\\/A710___Deterquat_DDM_NF___5L.png\",\"contentUrl\":\"https:\\\/\\\/www.hydrachim.fr\\\/app\\\/uploads\\\/2024\\\/08\\\/A710___Deterquat_DDM_NF___5L.png\",\"width\":600,\"height\":912},{\"@type\":\"BreadcrumbList\",\"@id\":\"https:\\\/\\\/www.hydrachim.fr\\\/en\\\/produit\\\/ddm_nf_002a71002\\\/#breadcrumb\",\"itemListElement\":[{\"@type\":\"ListItem\",\"position\":1,\"name\":\"Home\",\"item\":\"https:\\\/\\\/www.hydrachim.fr\\\/en\\\/\"},{\"@type\":\"ListItem\",\"position\":2,\"name\":\"Boutique\",\"item\":\"https:\\\/\\\/www.hydrachim.fr\\\/boutique\\\/\"},{\"@type\":\"ListItem\",\"position\":3,\"name\":\"DDM NF\"}]},{\"@type\":\"WebSite\",\"@id\":\"https:\\\/\\\/www.hydrachim.fr\\\/en\\\/#website\",\"url\":\"https:\\\/\\\/www.hydrachim.fr\\\/en\\\/\",\"name\":\"Hydrachim\",\"description\":\"La science de l&#039;hygi\u00e8ne\",\"potentialAction\":[{\"@type\":\"SearchAction\",\"target\":{\"@type\":\"EntryPoint\",\"urlTemplate\":\"https:\\\/\\\/www.hydrachim.fr\\\/en\\\/?s={search_term_string}\"},\"query-input\":{\"@type\":\"PropertyValueSpecification\",\"valueRequired\":true,\"valueName\":\"search_term_string\"}}],\"inLanguage\":\"en-US\"}]}<\/script>\n<!-- \/ Yoast SEO plugin. -->","yoast_head_json":{"title":"DDM NF - Hydrachim","robots":{"index":"index","follow":"follow","max-snippet":"max-snippet:-1","max-image-preview":"max-image-preview:large","max-video-preview":"max-video-preview:-1"},"canonical":"https:\/\/www.hydrachim.fr\/en\/produit\/ddm_nf_002a71002\/","og_locale":"en_US","og_type":"article","og_title":"DDM NF - Hydrachim","og_description":"D\u00e9graissant D\u00e9sinfectant des surfaces alimentaires sans chlore actif.","og_url":"https:\/\/www.hydrachim.fr\/en\/produit\/ddm_nf_002a71002\/","og_site_name":"Hydrachim","article_modified_time":"2024-08-07T12:42:24+00:00","og_image":[{"width":600,"height":912,"url":"https:\/\/www.hydrachim.fr\/app\/uploads\/2024\/08\/A710___Deterquat_DDM_NF___5L.png","type":"image\/png"}],"twitter_card":"summary_large_image","twitter_misc":{"Est. reading time":"1 minute"},"schema":{"@context":"https:\/\/schema.org","@graph":[{"@type":"WebPage","@id":"https:\/\/www.hydrachim.fr\/en\/produit\/ddm_nf_002a71002\/","url":"https:\/\/www.hydrachim.fr\/en\/produit\/ddm_nf_002a71002\/","name":"DDM NF - Hydrachim","isPartOf":{"@id":"https:\/\/www.hydrachim.fr\/en\/#website"},"primaryImageOfPage":{"@id":"https:\/\/www.hydrachim.fr\/en\/produit\/ddm_nf_002a71002\/#primaryimage"},"image":{"@id":"https:\/\/www.hydrachim.fr\/en\/produit\/ddm_nf_002a71002\/#primaryimage"},"thumbnailUrl":"https:\/\/www.hydrachim.fr\/app\/uploads\/2024\/08\/A710___Deterquat_DDM_NF___5L.png","datePublished":"2024-08-07T12:07:34+00:00","dateModified":"2024-08-07T12:42:24+00:00","breadcrumb":{"@id":"https:\/\/www.hydrachim.fr\/en\/produit\/ddm_nf_002a71002\/#breadcrumb"},"inLanguage":"en-US","potentialAction":[{"@type":"ReadAction","target":["https:\/\/www.hydrachim.fr\/en\/produit\/ddm_nf_002a71002\/"]}]},{"@type":"ImageObject","inLanguage":"en-US","@id":"https:\/\/www.hydrachim.fr\/en\/produit\/ddm_nf_002a71002\/#primaryimage","url":"https:\/\/www.hydrachim.fr\/app\/uploads\/2024\/08\/A710___Deterquat_DDM_NF___5L.png","contentUrl":"https:\/\/www.hydrachim.fr\/app\/uploads\/2024\/08\/A710___Deterquat_DDM_NF___5L.png","width":600,"height":912},{"@type":"BreadcrumbList","@id":"https:\/\/www.hydrachim.fr\/en\/produit\/ddm_nf_002a71002\/#breadcrumb","itemListElement":[{"@type":"ListItem","position":1,"name":"Home","item":"https:\/\/www.hydrachim.fr\/en\/"},{"@type":"ListItem","position":2,"name":"Boutique","item":"https:\/\/www.hydrachim.fr\/boutique\/"},{"@type":"ListItem","position":3,"name":"DDM NF"}]},{"@type":"WebSite","@id":"https:\/\/www.hydrachim.fr\/en\/#website","url":"https:\/\/www.hydrachim.fr\/en\/","name":"Hydrachim","description":"La science de l&#039;hygi\u00e8ne","potentialAction":[{"@type":"SearchAction","target":{"@type":"EntryPoint","urlTemplate":"https:\/\/www.hydrachim.fr\/en\/?s={search_term_string}"},"query-input":{"@type":"PropertyValueSpecification","valueRequired":true,"valueName":"search_term_string"}}],"inLanguage":"en-US"}]}},"acf":{"fiche_methode":"","fiche_technique":"https:\/\/www.hydrachim.fr\/app\/uploads\/2024\/08\/FT_A710___DETERQUAT_DDM_NF.pdf"},"_links":{"self":[{"href":"https:\/\/www.hydrachim.fr\/en\/wp-json\/wp\/v2\/product\/18259","targetHints":{"allow":["GET"]}}],"collection":[{"href":"https:\/\/www.hydrachim.fr\/en\/wp-json\/wp\/v2\/product"}],"about":[{"href":"https:\/\/www.hydrachim.fr\/en\/wp-json\/wp\/v2\/types\/product"}],"wp:featuredmedia":[{"embeddable":true,"href":"https:\/\/www.hydrachim.fr\/en\/wp-json\/wp\/v2\/media\/18262"}],"wp:attachment":[{"href":"https:\/\/www.hydrachim.fr\/en\/wp-json\/wp\/v2\/media?parent=18259"}],"wp:term":[{"taxonomy":"product_brand","embeddable":true,"href":"https:\/\/www.hydrachim.fr\/en\/wp-json\/wp\/v2\/product_brand?post=18259"},{"taxonomy":"product_type","embeddable":true,"href":"https:\/\/www.hydrachim.fr\/en\/wp-json\/wp\/v2\/product_type?post=18259"},{"taxonomy":"product_visibility","embeddable":true,"href":"https:\/\/www.hydrachim.fr\/en\/wp-json\/wp\/v2\/product_visibility?post=18259"},{"taxonomy":"product_cat","embeddable":true,"href":"https:\/\/www.hydrachim.fr\/en\/wp-json\/wp\/v2\/product_cat?post=18259"}],"curies":[{"name":"wp","href":"https:\/\/api.w.org\/{rel}","templated":true}]}}