{"id":17168,"date":"2024-03-26T12:44:42","date_gmt":"2024-03-26T10:44:42","guid":{"rendered":"https:\/\/www.hydrachim.fr\/?post_type=product&#038;p=17168"},"modified":"2026-03-06T11:30:25","modified_gmt":"2026-03-06T09:30:25","slug":"dip_mint_001227802","status":"publish","type":"product","link":"https:\/\/www.hydrachim.fr\/en\/produit\/dip_mint_001227802\/","title":{"rendered":"Dip Mint"},"content":{"rendered":"<p><strong>Trempage d\u00e9sinfectant surgraissant, pr\u00eat \u00e0 l&#8217;emploi pour l&#8217;hygi\u00e8ne des trayons<\/strong><\/p>\n<p>La formule de Dip Mint combine des agents adoucissants et surgraissants utilis\u00e9s habituellement pour la formulation de produits cosm\u00e9tiques.<br \/>\nCette synergie permet de d\u00e9sinfecter efficacement la peau du trayon, en r\u00e9duisant l\u2019agression de l\u2019\u00e9piderme : la peau conserve sa souplesse, les ger\u00e7ures et les crevasses sont limit\u00e9es.<br \/>\nBact\u00e9ricide et levuricide : efficace d\u00e8s 5 minutes conform\u00e9ment aux normes en vigueur. Virucide sur MVA.<br \/>\nL\u2019huile essentielle de Menthe est reconnue pour son effet \u00ab freeze tonic \u00bb et poss\u00e8de \u00e9galement des propri\u00e9t\u00e9s anti-d\u00e9mangeaisons pour un meilleur confort des vaches.<br \/>\nUtilisable en agriculture biologique *.<\/p>\n<p><strong>Disponible en :<br \/>\n&#8211; Bidon de 20 kg. R\u00e9f. 001227802 \u2013 palette de 28 bidons.<br \/>\n&#8211; F\u00fbt de 60kg. R\u00e9f. 001227803 \u2013 palette de 6 futs.<br \/>\n&#8211; F\u00fbt de 200kg. R\u00e9f. 001227804 \u2013 palette de 2 futs.<\/strong><\/p>\n<p class=\"y-product y-product__product-subtitle\">Avantage :<\/p>\n<p>Utilisable en trempage en gobelet automatique, semi-automatique ou manuel.<\/p>\n<p>Retrouvez le mode d\u2019emploi et le dosage du produit en t\u00e9l\u00e9chargeant sa Fiche Technique.<\/p>\n<p><em>Utilisez les biocides avec pr\u00e9caution. Avant toute utilisation, lisez l\u2019\u00e9tiquette et les informations concernant le produit.<\/em><\/p>\n","protected":false},"excerpt":{"rendered":"<p>D\u00e9sinfectant \u00e0 base d\u2019acide lactique et d&#8217;Huile Essentielle de menthe.<\/p>\n","protected":false},"featured_media":30502,"template":"","meta":[],"product_brand":[],"product_type":[2],"product_visibility":[],"product_cat":[4154],"class_list":{"0":"post-17168","1":"product","2":"type-product","3":"status-publish","4":"has-post-thumbnail","6":"product_cat-marqueshydrachim-elevage","7":"product_tag-agriculture-biologique","8":"product_tag-amm","9":"product_tag-apres-traite","10":"product_tag-bactericide-type-defficacit","11":"product_tag-hygine-du-trayon","12":"product_tag-levuricide_1","13":"product_tag-mamelle","14":"product_tag-menthe","15":"product_tag-tp3","16":"product_tag-trempage","17":"product_tag-virucide_1","19":"first","20":"instock","21":"shipping-taxable","22":"product-type-simple"},"yoast_head":"<!-- This site is optimized with the Yoast SEO plugin v27.6 - https:\/\/yoast.com\/product\/yoast-seo-wordpress\/ -->\n<title>Dip Mint - Hydrachim<\/title>\n<meta name=\"robots\" content=\"index, follow, max-snippet:-1, max-image-preview:large, max-video-preview:-1\" \/>\n<link rel=\"canonical\" href=\"https:\/\/www.hydrachim.fr\/en\/produit\/dip_mint_001227802\/\" \/>\n<meta property=\"og:locale\" content=\"en_US\" \/>\n<meta property=\"og:type\" content=\"article\" \/>\n<meta property=\"og:title\" content=\"Dip Mint - Hydrachim\" \/>\n<meta property=\"og:description\" content=\"D\u00e9sinfectant \u00e0 base d\u2019acide lactique et d&#039;Huile Essentielle de menthe.\" \/>\n<meta property=\"og:url\" content=\"https:\/\/www.hydrachim.fr\/en\/produit\/dip_mint_001227802\/\" \/>\n<meta property=\"og:site_name\" content=\"Hydrachim\" \/>\n<meta property=\"article:modified_time\" content=\"2026-03-06T09:30:25+00:00\" \/>\n<meta property=\"og:image\" content=\"https:\/\/www.hydrachim.fr\/app\/uploads\/2026\/03\/001227802_DipMint_20kg_mercury.png\" \/>\n\t<meta property=\"og:image:width\" content=\"970\" \/>\n\t<meta property=\"og:image:height\" content=\"1148\" \/>\n\t<meta property=\"og:image:type\" content=\"image\/png\" \/>\n<meta name=\"twitter:card\" content=\"summary_large_image\" \/>\n<meta name=\"twitter:label1\" content=\"Est. reading time\" \/>\n\t<meta name=\"twitter:data1\" content=\"1 minute\" \/>\n<script type=\"application\/ld+json\" class=\"yoast-schema-graph\">{\"@context\":\"https:\\\/\\\/schema.org\",\"@graph\":[{\"@type\":\"WebPage\",\"@id\":\"https:\\\/\\\/www.hydrachim.fr\\\/en\\\/produit\\\/dip_mint_001227802\\\/\",\"url\":\"https:\\\/\\\/www.hydrachim.fr\\\/en\\\/produit\\\/dip_mint_001227802\\\/\",\"name\":\"Dip Mint - Hydrachim\",\"isPartOf\":{\"@id\":\"https:\\\/\\\/www.hydrachim.fr\\\/en\\\/#website\"},\"primaryImageOfPage\":{\"@id\":\"https:\\\/\\\/www.hydrachim.fr\\\/en\\\/produit\\\/dip_mint_001227802\\\/#primaryimage\"},\"image\":{\"@id\":\"https:\\\/\\\/www.hydrachim.fr\\\/en\\\/produit\\\/dip_mint_001227802\\\/#primaryimage\"},\"thumbnailUrl\":\"https:\\\/\\\/www.hydrachim.fr\\\/app\\\/uploads\\\/2026\\\/03\\\/001227802_DipMint_20kg_mercury.png\",\"datePublished\":\"2024-03-26T10:44:42+00:00\",\"dateModified\":\"2026-03-06T09:30:25+00:00\",\"breadcrumb\":{\"@id\":\"https:\\\/\\\/www.hydrachim.fr\\\/en\\\/produit\\\/dip_mint_001227802\\\/#breadcrumb\"},\"inLanguage\":\"en-US\",\"potentialAction\":[{\"@type\":\"ReadAction\",\"target\":[\"https:\\\/\\\/www.hydrachim.fr\\\/en\\\/produit\\\/dip_mint_001227802\\\/\"]}]},{\"@type\":\"ImageObject\",\"inLanguage\":\"en-US\",\"@id\":\"https:\\\/\\\/www.hydrachim.fr\\\/en\\\/produit\\\/dip_mint_001227802\\\/#primaryimage\",\"url\":\"https:\\\/\\\/www.hydrachim.fr\\\/app\\\/uploads\\\/2026\\\/03\\\/001227802_DipMint_20kg_mercury.png\",\"contentUrl\":\"https:\\\/\\\/www.hydrachim.fr\\\/app\\\/uploads\\\/2026\\\/03\\\/001227802_DipMint_20kg_mercury.png\",\"width\":970,\"height\":1148},{\"@type\":\"BreadcrumbList\",\"@id\":\"https:\\\/\\\/www.hydrachim.fr\\\/en\\\/produit\\\/dip_mint_001227802\\\/#breadcrumb\",\"itemListElement\":[{\"@type\":\"ListItem\",\"position\":1,\"name\":\"Home\",\"item\":\"https:\\\/\\\/www.hydrachim.fr\\\/en\\\/\"},{\"@type\":\"ListItem\",\"position\":2,\"name\":\"Boutique\",\"item\":\"https:\\\/\\\/www.hydrachim.fr\\\/boutique\\\/\"},{\"@type\":\"ListItem\",\"position\":3,\"name\":\"Dip Mint\"}]},{\"@type\":\"WebSite\",\"@id\":\"https:\\\/\\\/www.hydrachim.fr\\\/en\\\/#website\",\"url\":\"https:\\\/\\\/www.hydrachim.fr\\\/en\\\/\",\"name\":\"Hydrachim\",\"description\":\"La science de l&#039;hygi\u00e8ne\",\"potentialAction\":[{\"@type\":\"SearchAction\",\"target\":{\"@type\":\"EntryPoint\",\"urlTemplate\":\"https:\\\/\\\/www.hydrachim.fr\\\/en\\\/?s={search_term_string}\"},\"query-input\":{\"@type\":\"PropertyValueSpecification\",\"valueRequired\":true,\"valueName\":\"search_term_string\"}}],\"inLanguage\":\"en-US\"}]}<\/script>\n<!-- \/ Yoast SEO plugin. -->","yoast_head_json":{"title":"Dip Mint - Hydrachim","robots":{"index":"index","follow":"follow","max-snippet":"max-snippet:-1","max-image-preview":"max-image-preview:large","max-video-preview":"max-video-preview:-1"},"canonical":"https:\/\/www.hydrachim.fr\/en\/produit\/dip_mint_001227802\/","og_locale":"en_US","og_type":"article","og_title":"Dip Mint - Hydrachim","og_description":"D\u00e9sinfectant \u00e0 base d\u2019acide lactique et d'Huile Essentielle de menthe.","og_url":"https:\/\/www.hydrachim.fr\/en\/produit\/dip_mint_001227802\/","og_site_name":"Hydrachim","article_modified_time":"2026-03-06T09:30:25+00:00","og_image":[{"width":970,"height":1148,"url":"https:\/\/www.hydrachim.fr\/app\/uploads\/2026\/03\/001227802_DipMint_20kg_mercury.png","type":"image\/png"}],"twitter_card":"summary_large_image","twitter_misc":{"Est. reading time":"1 minute"},"schema":{"@context":"https:\/\/schema.org","@graph":[{"@type":"WebPage","@id":"https:\/\/www.hydrachim.fr\/en\/produit\/dip_mint_001227802\/","url":"https:\/\/www.hydrachim.fr\/en\/produit\/dip_mint_001227802\/","name":"Dip Mint - Hydrachim","isPartOf":{"@id":"https:\/\/www.hydrachim.fr\/en\/#website"},"primaryImageOfPage":{"@id":"https:\/\/www.hydrachim.fr\/en\/produit\/dip_mint_001227802\/#primaryimage"},"image":{"@id":"https:\/\/www.hydrachim.fr\/en\/produit\/dip_mint_001227802\/#primaryimage"},"thumbnailUrl":"https:\/\/www.hydrachim.fr\/app\/uploads\/2026\/03\/001227802_DipMint_20kg_mercury.png","datePublished":"2024-03-26T10:44:42+00:00","dateModified":"2026-03-06T09:30:25+00:00","breadcrumb":{"@id":"https:\/\/www.hydrachim.fr\/en\/produit\/dip_mint_001227802\/#breadcrumb"},"inLanguage":"en-US","potentialAction":[{"@type":"ReadAction","target":["https:\/\/www.hydrachim.fr\/en\/produit\/dip_mint_001227802\/"]}]},{"@type":"ImageObject","inLanguage":"en-US","@id":"https:\/\/www.hydrachim.fr\/en\/produit\/dip_mint_001227802\/#primaryimage","url":"https:\/\/www.hydrachim.fr\/app\/uploads\/2026\/03\/001227802_DipMint_20kg_mercury.png","contentUrl":"https:\/\/www.hydrachim.fr\/app\/uploads\/2026\/03\/001227802_DipMint_20kg_mercury.png","width":970,"height":1148},{"@type":"BreadcrumbList","@id":"https:\/\/www.hydrachim.fr\/en\/produit\/dip_mint_001227802\/#breadcrumb","itemListElement":[{"@type":"ListItem","position":1,"name":"Home","item":"https:\/\/www.hydrachim.fr\/en\/"},{"@type":"ListItem","position":2,"name":"Boutique","item":"https:\/\/www.hydrachim.fr\/boutique\/"},{"@type":"ListItem","position":3,"name":"Dip Mint"}]},{"@type":"WebSite","@id":"https:\/\/www.hydrachim.fr\/en\/#website","url":"https:\/\/www.hydrachim.fr\/en\/","name":"Hydrachim","description":"La science de l&#039;hygi\u00e8ne","potentialAction":[{"@type":"SearchAction","target":{"@type":"EntryPoint","urlTemplate":"https:\/\/www.hydrachim.fr\/en\/?s={search_term_string}"},"query-input":{"@type":"PropertyValueSpecification","valueRequired":true,"valueName":"search_term_string"}}],"inLanguage":"en-US"}]}},"acf":{"fiche_methode":"","fiche_technique":"https:\/\/www.hydrachim.fr\/app\/uploads\/2025\/12\/HYDRACHIM_ELEVAGE_FT2278_DIP_MINT.pdf"},"_links":{"self":[{"href":"https:\/\/www.hydrachim.fr\/en\/wp-json\/wp\/v2\/product\/17168","targetHints":{"allow":["GET"]}}],"collection":[{"href":"https:\/\/www.hydrachim.fr\/en\/wp-json\/wp\/v2\/product"}],"about":[{"href":"https:\/\/www.hydrachim.fr\/en\/wp-json\/wp\/v2\/types\/product"}],"wp:featuredmedia":[{"embeddable":true,"href":"https:\/\/www.hydrachim.fr\/en\/wp-json\/wp\/v2\/media\/30502"}],"wp:attachment":[{"href":"https:\/\/www.hydrachim.fr\/en\/wp-json\/wp\/v2\/media?parent=17168"}],"wp:term":[{"taxonomy":"product_brand","embeddable":true,"href":"https:\/\/www.hydrachim.fr\/en\/wp-json\/wp\/v2\/product_brand?post=17168"},{"taxonomy":"product_type","embeddable":true,"href":"https:\/\/www.hydrachim.fr\/en\/wp-json\/wp\/v2\/product_type?post=17168"},{"taxonomy":"product_visibility","embeddable":true,"href":"https:\/\/www.hydrachim.fr\/en\/wp-json\/wp\/v2\/product_visibility?post=17168"},{"taxonomy":"product_cat","embeddable":true,"href":"https:\/\/www.hydrachim.fr\/en\/wp-json\/wp\/v2\/product_cat?post=17168"}],"curies":[{"name":"wp","href":"https:\/\/api.w.org\/{rel}","templated":true}]}}