{"id":17078,"date":"2024-03-14T12:58:50","date_gmt":"2024-03-14T10:58:50","guid":{"rendered":"https:\/\/www.hydrachim.fr\/?post_type=product&#038;p=17078"},"modified":"2026-03-06T11:24:22","modified_gmt":"2026-03-06T09:24:22","slug":"lacti_easy_001159192","status":"publish","type":"product","link":"https:\/\/www.hydrachim.fr\/en\/produit\/lacti_easy_001159192\/","title":{"rendered":"Lacti Easy"},"content":{"rendered":"<p><strong>Lacti Easy &#8211; Liquide d\u00e9sinfectant surgraissant \u00e0 base d\u2019acide lactique.<\/strong><\/p>\n<p>La formule de Lacti Easy combine des agents adoucissants et surgraissants utilis\u00e9s habituellement pour la formulation de produits cosm\u00e9tiques.<br \/>\nAvant la traite, il permet de d\u00e9sinfecter efficacement le trayon : il est bact\u00e9ricide, levuricide, virucide sur MVA(Vaccine modifi\u00e9 d&#8217;Ankara) et efficace sur bact\u00e9riophages d\u00e8s 60 secondes, conform\u00e9ment aux normes en vigueur en 60 secondes. Apr\u00e8s la traite, il permet de d\u00e9sinfecter efficacement le trayon : il est bact\u00e9ricide, levuricide, virucide sur MVA(Vaccine modifi\u00e9 d&#8217;Ankara) d\u00e8s 5 minutes, conform\u00e9ment aux normes en vigueur.<\/p>\n<p><strong>Disponible en :<br \/>\n&#8211; Bidon de 20 kg. R\u00e9f. 001159192 \u2013 palette de 28 bidons.<br \/>\n&#8211; F\u00fbt de 60kg. R\u00e9f. 001159101 \u2013 palette de 6 futs.<br \/>\n&#8211; F\u00fbt de 200kg. R\u00e9f. 001159106 \u2013 palette de 2 futs.<\/strong><\/p>\n<p class=\"y-product y-product__product-subtitle\">Avantage :<\/p>\n<p>Polyvalent, le produit s\u2019utilise aussi bien en gobelet mousseur, qu\u2019en trempage liquide ou en pulv\u00e9risation.<br \/>\nSenteur menthe.<\/p>\n<p>Retrouvez le mode d\u2019emploi et le d\u00e9tail des efficacit\u00e9s, en t\u00e9l\u00e9chargeant sa Fiche Technique.<\/p>\n<p><em>Utilisez les biocides avec pr\u00e9caution. Avant toute utilisation, lisez l\u2019\u00e9tiquette et les informations concernant le produit.<\/em><\/p>\n","protected":false},"excerpt":{"rendered":"<p>Liquide d\u00e9sinfectant pour l&#8217;hygi\u00e8ne des trayons avant et apr\u00e8s traite<\/p>\n","protected":false},"featured_media":30484,"template":"","meta":[],"product_brand":[],"product_type":[2],"product_visibility":[],"product_cat":[4154,3985],"class_list":{"0":"post-17078","1":"product","2":"type-product","3":"status-publish","4":"has-post-thumbnail","6":"product_cat-marqueshydrachim-elevage","7":"product_cat-hygiene-mamelle","8":"product_tag-amm","9":"product_tag-apres-traite","10":"product_tag-avant-traite","11":"product_tag-bactericide-type-defficacit","12":"product_tag-bactriophages","13":"product_tag-hygine-du-trayon","14":"product_tag-levuricide_1","15":"product_tag-mamelle","16":"product_tag-mousse","17":"product_tag-pulverisation","18":"product_tag-robot-de-traite","19":"product_tag-virucide_1","21":"first","22":"instock","23":"shipping-taxable","24":"product-type-simple"},"yoast_head":"<!-- This site is optimized with the Yoast SEO plugin v27.3 - https:\/\/yoast.com\/product\/yoast-seo-wordpress\/ -->\n<title>Lacti Easy - Hydrachim<\/title>\n<meta name=\"robots\" content=\"index, follow, max-snippet:-1, max-image-preview:large, max-video-preview:-1\" \/>\n<link rel=\"canonical\" href=\"https:\/\/www.hydrachim.fr\/en\/produit\/lacti_easy_001159192\/\" \/>\n<meta property=\"og:locale\" content=\"en_US\" \/>\n<meta property=\"og:type\" content=\"article\" \/>\n<meta property=\"og:title\" content=\"Lacti Easy - Hydrachim\" \/>\n<meta property=\"og:description\" content=\"Liquide d\u00e9sinfectant pour l&#039;hygi\u00e8ne des trayons avant et apr\u00e8s traite\" \/>\n<meta property=\"og:url\" content=\"https:\/\/www.hydrachim.fr\/en\/produit\/lacti_easy_001159192\/\" \/>\n<meta property=\"og:site_name\" content=\"Hydrachim\" \/>\n<meta property=\"article:modified_time\" content=\"2026-03-06T09:24:22+00:00\" \/>\n<meta property=\"og:image\" content=\"https:\/\/www.hydrachim.fr\/app\/uploads\/2026\/03\/0011599192_1591_lactieasy_catalogue_20kg_mercury.png\" \/>\n\t<meta property=\"og:image:width\" content=\"652\" \/>\n\t<meta property=\"og:image:height\" content=\"948\" \/>\n\t<meta property=\"og:image:type\" content=\"image\/png\" \/>\n<meta name=\"twitter:card\" content=\"summary_large_image\" \/>\n<meta name=\"twitter:label1\" content=\"Est. reading time\" \/>\n\t<meta name=\"twitter:data1\" content=\"1 minute\" \/>\n<script type=\"application\/ld+json\" class=\"yoast-schema-graph\">{\"@context\":\"https:\\\/\\\/schema.org\",\"@graph\":[{\"@type\":\"WebPage\",\"@id\":\"https:\\\/\\\/www.hydrachim.fr\\\/en\\\/produit\\\/lacti_easy_001159192\\\/\",\"url\":\"https:\\\/\\\/www.hydrachim.fr\\\/en\\\/produit\\\/lacti_easy_001159192\\\/\",\"name\":\"Lacti Easy - Hydrachim\",\"isPartOf\":{\"@id\":\"https:\\\/\\\/www.hydrachim.fr\\\/en\\\/#website\"},\"primaryImageOfPage\":{\"@id\":\"https:\\\/\\\/www.hydrachim.fr\\\/en\\\/produit\\\/lacti_easy_001159192\\\/#primaryimage\"},\"image\":{\"@id\":\"https:\\\/\\\/www.hydrachim.fr\\\/en\\\/produit\\\/lacti_easy_001159192\\\/#primaryimage\"},\"thumbnailUrl\":\"https:\\\/\\\/www.hydrachim.fr\\\/app\\\/uploads\\\/2026\\\/03\\\/0011599192_1591_lactieasy_catalogue_20kg_mercury.png\",\"datePublished\":\"2024-03-14T10:58:50+00:00\",\"dateModified\":\"2026-03-06T09:24:22+00:00\",\"breadcrumb\":{\"@id\":\"https:\\\/\\\/www.hydrachim.fr\\\/en\\\/produit\\\/lacti_easy_001159192\\\/#breadcrumb\"},\"inLanguage\":\"en-US\",\"potentialAction\":[{\"@type\":\"ReadAction\",\"target\":[\"https:\\\/\\\/www.hydrachim.fr\\\/en\\\/produit\\\/lacti_easy_001159192\\\/\"]}]},{\"@type\":\"ImageObject\",\"inLanguage\":\"en-US\",\"@id\":\"https:\\\/\\\/www.hydrachim.fr\\\/en\\\/produit\\\/lacti_easy_001159192\\\/#primaryimage\",\"url\":\"https:\\\/\\\/www.hydrachim.fr\\\/app\\\/uploads\\\/2026\\\/03\\\/0011599192_1591_lactieasy_catalogue_20kg_mercury.png\",\"contentUrl\":\"https:\\\/\\\/www.hydrachim.fr\\\/app\\\/uploads\\\/2026\\\/03\\\/0011599192_1591_lactieasy_catalogue_20kg_mercury.png\",\"width\":652,\"height\":948},{\"@type\":\"BreadcrumbList\",\"@id\":\"https:\\\/\\\/www.hydrachim.fr\\\/en\\\/produit\\\/lacti_easy_001159192\\\/#breadcrumb\",\"itemListElement\":[{\"@type\":\"ListItem\",\"position\":1,\"name\":\"Home\",\"item\":\"https:\\\/\\\/www.hydrachim.fr\\\/en\\\/\"},{\"@type\":\"ListItem\",\"position\":2,\"name\":\"Boutique\",\"item\":\"https:\\\/\\\/www.hydrachim.fr\\\/boutique\\\/\"},{\"@type\":\"ListItem\",\"position\":3,\"name\":\"Lacti Easy\"}]},{\"@type\":\"WebSite\",\"@id\":\"https:\\\/\\\/www.hydrachim.fr\\\/en\\\/#website\",\"url\":\"https:\\\/\\\/www.hydrachim.fr\\\/en\\\/\",\"name\":\"Hydrachim\",\"description\":\"La science de l&#039;hygi\u00e8ne\",\"potentialAction\":[{\"@type\":\"SearchAction\",\"target\":{\"@type\":\"EntryPoint\",\"urlTemplate\":\"https:\\\/\\\/www.hydrachim.fr\\\/en\\\/?s={search_term_string}\"},\"query-input\":{\"@type\":\"PropertyValueSpecification\",\"valueRequired\":true,\"valueName\":\"search_term_string\"}}],\"inLanguage\":\"en-US\"}]}<\/script>\n<!-- \/ Yoast SEO plugin. -->","yoast_head_json":{"title":"Lacti Easy - Hydrachim","robots":{"index":"index","follow":"follow","max-snippet":"max-snippet:-1","max-image-preview":"max-image-preview:large","max-video-preview":"max-video-preview:-1"},"canonical":"https:\/\/www.hydrachim.fr\/en\/produit\/lacti_easy_001159192\/","og_locale":"en_US","og_type":"article","og_title":"Lacti Easy - Hydrachim","og_description":"Liquide d\u00e9sinfectant pour l'hygi\u00e8ne des trayons avant et apr\u00e8s traite","og_url":"https:\/\/www.hydrachim.fr\/en\/produit\/lacti_easy_001159192\/","og_site_name":"Hydrachim","article_modified_time":"2026-03-06T09:24:22+00:00","og_image":[{"width":652,"height":948,"url":"https:\/\/www.hydrachim.fr\/app\/uploads\/2026\/03\/0011599192_1591_lactieasy_catalogue_20kg_mercury.png","type":"image\/png"}],"twitter_card":"summary_large_image","twitter_misc":{"Est. reading time":"1 minute"},"schema":{"@context":"https:\/\/schema.org","@graph":[{"@type":"WebPage","@id":"https:\/\/www.hydrachim.fr\/en\/produit\/lacti_easy_001159192\/","url":"https:\/\/www.hydrachim.fr\/en\/produit\/lacti_easy_001159192\/","name":"Lacti Easy - Hydrachim","isPartOf":{"@id":"https:\/\/www.hydrachim.fr\/en\/#website"},"primaryImageOfPage":{"@id":"https:\/\/www.hydrachim.fr\/en\/produit\/lacti_easy_001159192\/#primaryimage"},"image":{"@id":"https:\/\/www.hydrachim.fr\/en\/produit\/lacti_easy_001159192\/#primaryimage"},"thumbnailUrl":"https:\/\/www.hydrachim.fr\/app\/uploads\/2026\/03\/0011599192_1591_lactieasy_catalogue_20kg_mercury.png","datePublished":"2024-03-14T10:58:50+00:00","dateModified":"2026-03-06T09:24:22+00:00","breadcrumb":{"@id":"https:\/\/www.hydrachim.fr\/en\/produit\/lacti_easy_001159192\/#breadcrumb"},"inLanguage":"en-US","potentialAction":[{"@type":"ReadAction","target":["https:\/\/www.hydrachim.fr\/en\/produit\/lacti_easy_001159192\/"]}]},{"@type":"ImageObject","inLanguage":"en-US","@id":"https:\/\/www.hydrachim.fr\/en\/produit\/lacti_easy_001159192\/#primaryimage","url":"https:\/\/www.hydrachim.fr\/app\/uploads\/2026\/03\/0011599192_1591_lactieasy_catalogue_20kg_mercury.png","contentUrl":"https:\/\/www.hydrachim.fr\/app\/uploads\/2026\/03\/0011599192_1591_lactieasy_catalogue_20kg_mercury.png","width":652,"height":948},{"@type":"BreadcrumbList","@id":"https:\/\/www.hydrachim.fr\/en\/produit\/lacti_easy_001159192\/#breadcrumb","itemListElement":[{"@type":"ListItem","position":1,"name":"Home","item":"https:\/\/www.hydrachim.fr\/en\/"},{"@type":"ListItem","position":2,"name":"Boutique","item":"https:\/\/www.hydrachim.fr\/boutique\/"},{"@type":"ListItem","position":3,"name":"Lacti Easy"}]},{"@type":"WebSite","@id":"https:\/\/www.hydrachim.fr\/en\/#website","url":"https:\/\/www.hydrachim.fr\/en\/","name":"Hydrachim","description":"La science de l&#039;hygi\u00e8ne","potentialAction":[{"@type":"SearchAction","target":{"@type":"EntryPoint","urlTemplate":"https:\/\/www.hydrachim.fr\/en\/?s={search_term_string}"},"query-input":{"@type":"PropertyValueSpecification","valueRequired":true,"valueName":"search_term_string"}}],"inLanguage":"en-US"}]}},"acf":{"fiche_methode":"","fiche_technique":"https:\/\/www.hydrachim.fr\/app\/uploads\/2025\/12\/HYDRACHIM_ELEVAGE_FT1591_LACTI_EASY.pdf"},"_links":{"self":[{"href":"https:\/\/www.hydrachim.fr\/en\/wp-json\/wp\/v2\/product\/17078","targetHints":{"allow":["GET"]}}],"collection":[{"href":"https:\/\/www.hydrachim.fr\/en\/wp-json\/wp\/v2\/product"}],"about":[{"href":"https:\/\/www.hydrachim.fr\/en\/wp-json\/wp\/v2\/types\/product"}],"wp:featuredmedia":[{"embeddable":true,"href":"https:\/\/www.hydrachim.fr\/en\/wp-json\/wp\/v2\/media\/30484"}],"wp:attachment":[{"href":"https:\/\/www.hydrachim.fr\/en\/wp-json\/wp\/v2\/media?parent=17078"}],"wp:term":[{"taxonomy":"product_brand","embeddable":true,"href":"https:\/\/www.hydrachim.fr\/en\/wp-json\/wp\/v2\/product_brand?post=17078"},{"taxonomy":"product_type","embeddable":true,"href":"https:\/\/www.hydrachim.fr\/en\/wp-json\/wp\/v2\/product_type?post=17078"},{"taxonomy":"product_visibility","embeddable":true,"href":"https:\/\/www.hydrachim.fr\/en\/wp-json\/wp\/v2\/product_visibility?post=17078"},{"taxonomy":"product_cat","embeddable":true,"href":"https:\/\/www.hydrachim.fr\/en\/wp-json\/wp\/v2\/product_cat?post=17078"}],"curies":[{"name":"wp","href":"https:\/\/api.w.org\/{rel}","templated":true}]}}