{"id":17076,"date":"2024-03-14T12:37:56","date_gmt":"2024-03-14T10:37:56","guid":{"rendered":"https:\/\/www.hydrachim.fr\/?post_type=product&#038;p=17076"},"modified":"2026-04-13T11:22:31","modified_gmt":"2026-04-13T09:22:31","slug":"lacti_blue_001227403","status":"publish","type":"product","link":"https:\/\/www.hydrachim.fr\/en\/produit\/lacti_blue_001227403\/","title":{"rendered":"Lacti Blue"},"content":{"rendered":"<p><strong>Lacti Blue &#8211; Trempage d\u00e9sinfectant surgraissant \u00e0 base d&#8217;acide lactique.<\/strong><\/p>\n<p>La formule du Lacti Blue combine des agents adoucissants et surgraissants utilis\u00e9s habituellement pour la formulation de produits cosm\u00e9tiques.<br \/>\nCette synergie permet de d\u00e9sinfecter efficacement la peau du trayon, en r\u00e9duisant l\u2019agression de l\u2019\u00e9piderme : la peau conserve sa souplesse, les ger\u00e7ures et les crevasses sont limit\u00e9es.<br \/>\nLacti Blue est efficace d\u00e8s 5 minutes, son action d\u00e9sinfectante est bact\u00e9ricide, levuricide et <b> virucide <\/b> conform\u00e9ment aux normes en vigueur en hygi\u00e8ne du trayon apr\u00e8s traite.<br \/>\n Utilisable en agriculture biologique *.<\/p>\n<p><strong>Disponible en :<br \/>\n&#8211; Bidon de 20kg R\u00e9f.001227403<br \/>\n&#8211; F\u00fbt de 60kg R\u00e9f.001227405<br \/>\n&#8211; F\u00fbt de 200kg R\u00e9f.001227406<br \/>\n&#8211; Container de 1000kg. R\u00e9f. 001227407<\/strong><\/p>\n<p class=\"y-product y-product__product-subtitle\">Avantage :<\/p>\n<p>Utilisable en trempage en goblet automatique, semi-automatique ou manuel.\n<\/p>\n<p>Retrouvez le mode d\u2019emploi et les efficacit\u00e9s du produit en t\u00e9l\u00e9chargeant sa Fiche Technique.<\/p>\n<p><em>Utilisez les biocides avec pr\u00e9caution. Avant toute utilisation, lisez l\u2019\u00e9tiquette et les informations concernant le produit.<\/em><\/p>\n","protected":false},"excerpt":{"rendered":"<p>D\u00e9sinfectant surgraissant apr\u00e8s traite : Bact\u00e9ricide, levuricide et virucide.<\/p>\n","protected":false},"featured_media":30488,"template":"","meta":[],"product_brand":[],"product_type":[2],"product_visibility":[],"product_cat":[4154,3985],"class_list":{"0":"post-17076","1":"product","2":"type-product","3":"status-publish","4":"has-post-thumbnail","6":"product_cat-marqueshydrachim-elevage","7":"product_cat-hygiene-mamelle","8":"product_tag-agriculture-biologique","9":"product_tag-amm","10":"product_tag-apres-traite","11":"product_tag-bactericide-type-defficacit","12":"product_tag-biocide","13":"product_tag-hygine-du-trayon","14":"product_tag-levuricide_1","15":"product_tag-mamelle","16":"product_tag-pret-a-lemploi","17":"product_tag-protection","18":"product_tag-tp3","19":"product_tag-trempage","20":"product_tag-virucide_1","22":"first","23":"instock","24":"shipping-taxable","25":"product-type-simple"},"yoast_head":"<!-- This site is optimized with the Yoast SEO plugin v27.3 - https:\/\/yoast.com\/product\/yoast-seo-wordpress\/ -->\n<title>Lacti Blue - Hydrachim<\/title>\n<meta name=\"robots\" content=\"index, follow, max-snippet:-1, max-image-preview:large, max-video-preview:-1\" \/>\n<link rel=\"canonical\" href=\"https:\/\/www.hydrachim.fr\/en\/produit\/lacti_blue_001227403\/\" \/>\n<meta property=\"og:locale\" content=\"en_US\" \/>\n<meta property=\"og:type\" content=\"article\" \/>\n<meta property=\"og:title\" content=\"Lacti Blue - Hydrachim\" \/>\n<meta property=\"og:description\" content=\"D\u00e9sinfectant surgraissant apr\u00e8s traite : Bact\u00e9ricide, levuricide et virucide.\" \/>\n<meta property=\"og:url\" content=\"https:\/\/www.hydrachim.fr\/en\/produit\/lacti_blue_001227403\/\" \/>\n<meta property=\"og:site_name\" content=\"Hydrachim\" \/>\n<meta property=\"article:modified_time\" content=\"2026-04-13T09:22:31+00:00\" \/>\n<meta property=\"og:image\" content=\"https:\/\/www.hydrachim.fr\/app\/uploads\/2026\/03\/001227403_LACTIBLUE_20kg_mercury.png\" \/>\n\t<meta property=\"og:image:width\" content=\"1058\" \/>\n\t<meta property=\"og:image:height\" content=\"1253\" \/>\n\t<meta property=\"og:image:type\" content=\"image\/png\" \/>\n<meta name=\"twitter:card\" content=\"summary_large_image\" \/>\n<meta name=\"twitter:label1\" content=\"Est. reading time\" \/>\n\t<meta name=\"twitter:data1\" content=\"1 minute\" \/>\n<script type=\"application\/ld+json\" class=\"yoast-schema-graph\">{\"@context\":\"https:\\\/\\\/schema.org\",\"@graph\":[{\"@type\":\"WebPage\",\"@id\":\"https:\\\/\\\/www.hydrachim.fr\\\/en\\\/produit\\\/lacti_blue_001227403\\\/\",\"url\":\"https:\\\/\\\/www.hydrachim.fr\\\/en\\\/produit\\\/lacti_blue_001227403\\\/\",\"name\":\"Lacti Blue - Hydrachim\",\"isPartOf\":{\"@id\":\"https:\\\/\\\/www.hydrachim.fr\\\/en\\\/#website\"},\"primaryImageOfPage\":{\"@id\":\"https:\\\/\\\/www.hydrachim.fr\\\/en\\\/produit\\\/lacti_blue_001227403\\\/#primaryimage\"},\"image\":{\"@id\":\"https:\\\/\\\/www.hydrachim.fr\\\/en\\\/produit\\\/lacti_blue_001227403\\\/#primaryimage\"},\"thumbnailUrl\":\"https:\\\/\\\/www.hydrachim.fr\\\/app\\\/uploads\\\/2026\\\/03\\\/001227403_LACTIBLUE_20kg_mercury.png\",\"datePublished\":\"2024-03-14T10:37:56+00:00\",\"dateModified\":\"2026-04-13T09:22:31+00:00\",\"breadcrumb\":{\"@id\":\"https:\\\/\\\/www.hydrachim.fr\\\/en\\\/produit\\\/lacti_blue_001227403\\\/#breadcrumb\"},\"inLanguage\":\"en-US\",\"potentialAction\":[{\"@type\":\"ReadAction\",\"target\":[\"https:\\\/\\\/www.hydrachim.fr\\\/en\\\/produit\\\/lacti_blue_001227403\\\/\"]}]},{\"@type\":\"ImageObject\",\"inLanguage\":\"en-US\",\"@id\":\"https:\\\/\\\/www.hydrachim.fr\\\/en\\\/produit\\\/lacti_blue_001227403\\\/#primaryimage\",\"url\":\"https:\\\/\\\/www.hydrachim.fr\\\/app\\\/uploads\\\/2026\\\/03\\\/001227403_LACTIBLUE_20kg_mercury.png\",\"contentUrl\":\"https:\\\/\\\/www.hydrachim.fr\\\/app\\\/uploads\\\/2026\\\/03\\\/001227403_LACTIBLUE_20kg_mercury.png\",\"width\":1058,\"height\":1253},{\"@type\":\"BreadcrumbList\",\"@id\":\"https:\\\/\\\/www.hydrachim.fr\\\/en\\\/produit\\\/lacti_blue_001227403\\\/#breadcrumb\",\"itemListElement\":[{\"@type\":\"ListItem\",\"position\":1,\"name\":\"Home\",\"item\":\"https:\\\/\\\/www.hydrachim.fr\\\/en\\\/\"},{\"@type\":\"ListItem\",\"position\":2,\"name\":\"Boutique\",\"item\":\"https:\\\/\\\/www.hydrachim.fr\\\/boutique\\\/\"},{\"@type\":\"ListItem\",\"position\":3,\"name\":\"Lacti Blue\"}]},{\"@type\":\"WebSite\",\"@id\":\"https:\\\/\\\/www.hydrachim.fr\\\/en\\\/#website\",\"url\":\"https:\\\/\\\/www.hydrachim.fr\\\/en\\\/\",\"name\":\"Hydrachim\",\"description\":\"La science de l&#039;hygi\u00e8ne\",\"potentialAction\":[{\"@type\":\"SearchAction\",\"target\":{\"@type\":\"EntryPoint\",\"urlTemplate\":\"https:\\\/\\\/www.hydrachim.fr\\\/en\\\/?s={search_term_string}\"},\"query-input\":{\"@type\":\"PropertyValueSpecification\",\"valueRequired\":true,\"valueName\":\"search_term_string\"}}],\"inLanguage\":\"en-US\"}]}<\/script>\n<!-- \/ Yoast SEO plugin. -->","yoast_head_json":{"title":"Lacti Blue - Hydrachim","robots":{"index":"index","follow":"follow","max-snippet":"max-snippet:-1","max-image-preview":"max-image-preview:large","max-video-preview":"max-video-preview:-1"},"canonical":"https:\/\/www.hydrachim.fr\/en\/produit\/lacti_blue_001227403\/","og_locale":"en_US","og_type":"article","og_title":"Lacti Blue - Hydrachim","og_description":"D\u00e9sinfectant surgraissant apr\u00e8s traite : Bact\u00e9ricide, levuricide et virucide.","og_url":"https:\/\/www.hydrachim.fr\/en\/produit\/lacti_blue_001227403\/","og_site_name":"Hydrachim","article_modified_time":"2026-04-13T09:22:31+00:00","og_image":[{"width":1058,"height":1253,"url":"https:\/\/www.hydrachim.fr\/app\/uploads\/2026\/03\/001227403_LACTIBLUE_20kg_mercury.png","type":"image\/png"}],"twitter_card":"summary_large_image","twitter_misc":{"Est. reading time":"1 minute"},"schema":{"@context":"https:\/\/schema.org","@graph":[{"@type":"WebPage","@id":"https:\/\/www.hydrachim.fr\/en\/produit\/lacti_blue_001227403\/","url":"https:\/\/www.hydrachim.fr\/en\/produit\/lacti_blue_001227403\/","name":"Lacti Blue - Hydrachim","isPartOf":{"@id":"https:\/\/www.hydrachim.fr\/en\/#website"},"primaryImageOfPage":{"@id":"https:\/\/www.hydrachim.fr\/en\/produit\/lacti_blue_001227403\/#primaryimage"},"image":{"@id":"https:\/\/www.hydrachim.fr\/en\/produit\/lacti_blue_001227403\/#primaryimage"},"thumbnailUrl":"https:\/\/www.hydrachim.fr\/app\/uploads\/2026\/03\/001227403_LACTIBLUE_20kg_mercury.png","datePublished":"2024-03-14T10:37:56+00:00","dateModified":"2026-04-13T09:22:31+00:00","breadcrumb":{"@id":"https:\/\/www.hydrachim.fr\/en\/produit\/lacti_blue_001227403\/#breadcrumb"},"inLanguage":"en-US","potentialAction":[{"@type":"ReadAction","target":["https:\/\/www.hydrachim.fr\/en\/produit\/lacti_blue_001227403\/"]}]},{"@type":"ImageObject","inLanguage":"en-US","@id":"https:\/\/www.hydrachim.fr\/en\/produit\/lacti_blue_001227403\/#primaryimage","url":"https:\/\/www.hydrachim.fr\/app\/uploads\/2026\/03\/001227403_LACTIBLUE_20kg_mercury.png","contentUrl":"https:\/\/www.hydrachim.fr\/app\/uploads\/2026\/03\/001227403_LACTIBLUE_20kg_mercury.png","width":1058,"height":1253},{"@type":"BreadcrumbList","@id":"https:\/\/www.hydrachim.fr\/en\/produit\/lacti_blue_001227403\/#breadcrumb","itemListElement":[{"@type":"ListItem","position":1,"name":"Home","item":"https:\/\/www.hydrachim.fr\/en\/"},{"@type":"ListItem","position":2,"name":"Boutique","item":"https:\/\/www.hydrachim.fr\/boutique\/"},{"@type":"ListItem","position":3,"name":"Lacti Blue"}]},{"@type":"WebSite","@id":"https:\/\/www.hydrachim.fr\/en\/#website","url":"https:\/\/www.hydrachim.fr\/en\/","name":"Hydrachim","description":"La science de l&#039;hygi\u00e8ne","potentialAction":[{"@type":"SearchAction","target":{"@type":"EntryPoint","urlTemplate":"https:\/\/www.hydrachim.fr\/en\/?s={search_term_string}"},"query-input":{"@type":"PropertyValueSpecification","valueRequired":true,"valueName":"search_term_string"}}],"inLanguage":"en-US"}]}},"acf":{"fiche_methode":"","fiche_technique":"https:\/\/www.hydrachim.fr\/app\/uploads\/2026\/04\/HYDRACHIM_ELEVAGE_FT2274_LACTI_BLUE_pdf.pdf"},"_links":{"self":[{"href":"https:\/\/www.hydrachim.fr\/en\/wp-json\/wp\/v2\/product\/17076","targetHints":{"allow":["GET"]}}],"collection":[{"href":"https:\/\/www.hydrachim.fr\/en\/wp-json\/wp\/v2\/product"}],"about":[{"href":"https:\/\/www.hydrachim.fr\/en\/wp-json\/wp\/v2\/types\/product"}],"wp:featuredmedia":[{"embeddable":true,"href":"https:\/\/www.hydrachim.fr\/en\/wp-json\/wp\/v2\/media\/30488"}],"wp:attachment":[{"href":"https:\/\/www.hydrachim.fr\/en\/wp-json\/wp\/v2\/media?parent=17076"}],"wp:term":[{"taxonomy":"product_brand","embeddable":true,"href":"https:\/\/www.hydrachim.fr\/en\/wp-json\/wp\/v2\/product_brand?post=17076"},{"taxonomy":"product_type","embeddable":true,"href":"https:\/\/www.hydrachim.fr\/en\/wp-json\/wp\/v2\/product_type?post=17076"},{"taxonomy":"product_visibility","embeddable":true,"href":"https:\/\/www.hydrachim.fr\/en\/wp-json\/wp\/v2\/product_visibility?post=17076"},{"taxonomy":"product_cat","embeddable":true,"href":"https:\/\/www.hydrachim.fr\/en\/wp-json\/wp\/v2\/product_cat?post=17076"}],"curies":[{"name":"wp","href":"https:\/\/api.w.org\/{rel}","templated":true}]}}