{"id":16776,"date":"2024-02-09T12:17:34","date_gmt":"2024-02-09T10:17:34","guid":{"rendered":"https:\/\/www.hydrachim.fr\/?post_type=product&#038;p=16776"},"modified":"2026-04-13T10:24:35","modified_gmt":"2026-04-13T08:24:35","slug":"sorbidip_001214201","status":"publish","type":"product","link":"https:\/\/www.hydrachim.fr\/en\/produit\/sorbidip_001214201\/","title":{"rendered":"Sorbi&#8217;Dip"},"content":{"rendered":"<p><strong>Trempage et protection des trayons apr\u00e8s la traite.<\/strong><\/p>\n<p>Sa formule sans parfum est utilisable dans tous \u00e9levages, y compris dans les p\u00e9rim\u00e8tres d\u2019AOC (Appellation d\u2019Origine Contr\u00f4l\u00e9e) ou d&#8217;AOP (Appellation d&#8217;Origine Prot\u00e9g\u00e9e).<\/p>\n<p>Avec une peau propre et sans l\u00e9sion, les risques pathog\u00e8nes sont r\u00e9duits et le d\u00e9veloppement des mammites en est limit\u00e9.<br \/>\nLa formule de Sorbi\u2019Dip combine des agents adoucissants et surgraissants utilis\u00e9s habituellement pour la formulation de produits cosm\u00e9tiques : glyc\u00e9rine et gel d\u2019Alo\u00e9 Vera.<\/p>\n<p>Sorbi\u2019Dip ne goutte pas, obture le sphincter ce qui pr\u00e9serve le trayon, apr\u00e8s la traite pendant la p\u00e9riode \u00e0 risques (premi\u00e8res heures) et jusqu\u2019\u00e0 la traite suivante.<br \/>\nSorbi\u2019Dip est utilisable sur les trayons des animaux laitiers, vaches, bufflonnes.<\/p>\n<p>Retrouvez le mode d&#8217;emploi en t\u00e9l\u00e9chargeant sa Fiche Technique.<\/p>\n","protected":false},"excerpt":{"rendered":"<p>Protection du trayon apr\u00e8s traite, sans parfum.<\/p>\n","protected":false},"featured_media":30494,"template":"","meta":[],"product_brand":[],"product_type":[2],"product_visibility":[],"product_cat":[3979,4154,3985],"class_list":{"0":"post-16776","1":"product","2":"type-product","3":"status-publish","4":"has-post-thumbnail","6":"product_cat-produitselevage","7":"product_cat-marqueshydrachim-elevage","8":"product_cat-hygiene-mamelle","9":"product_tag-aop-aoc","10":"product_tag-apres-traite","11":"product_tag-epais","12":"product_tag-hydratant","13":"product_tag-pret-a-lemploi","14":"product_tag-protection","15":"product_tag-protection-du-trayon","16":"product_tag-sans-parfum","17":"product_tag-trempage","19":"first","20":"instock","21":"shipping-taxable","22":"product-type-simple"},"yoast_head":"<!-- This site is optimized with the Yoast SEO plugin v27.4 - https:\/\/yoast.com\/product\/yoast-seo-wordpress\/ -->\n<title>Sorbi&#039;Dip - Hydrachim<\/title>\n<meta name=\"robots\" content=\"index, follow, max-snippet:-1, max-image-preview:large, max-video-preview:-1\" \/>\n<link rel=\"canonical\" href=\"https:\/\/www.hydrachim.fr\/en\/produit\/sorbidip_001214201\/\" \/>\n<meta property=\"og:locale\" content=\"en_US\" \/>\n<meta property=\"og:type\" content=\"article\" \/>\n<meta property=\"og:title\" content=\"Sorbi&#039;Dip - Hydrachim\" \/>\n<meta property=\"og:description\" content=\"Protection du trayon apr\u00e8s traite, sans parfum.\" \/>\n<meta property=\"og:url\" content=\"https:\/\/www.hydrachim.fr\/en\/produit\/sorbidip_001214201\/\" \/>\n<meta property=\"og:site_name\" content=\"Hydrachim\" \/>\n<meta property=\"article:modified_time\" content=\"2026-04-13T08:24:35+00:00\" \/>\n<meta property=\"og:image\" content=\"https:\/\/www.hydrachim.fr\/app\/uploads\/2026\/03\/001214201_SORBI_DIP_20kg_blanc_mercury.png\" \/>\n\t<meta property=\"og:image:width\" content=\"1058\" \/>\n\t<meta property=\"og:image:height\" content=\"1253\" \/>\n\t<meta property=\"og:image:type\" content=\"image\/png\" \/>\n<meta name=\"twitter:card\" content=\"summary_large_image\" \/>\n<meta name=\"twitter:label1\" content=\"Est. reading time\" \/>\n\t<meta name=\"twitter:data1\" content=\"1 minute\" \/>\n<script type=\"application\/ld+json\" class=\"yoast-schema-graph\">{\"@context\":\"https:\\\/\\\/schema.org\",\"@graph\":[{\"@type\":\"WebPage\",\"@id\":\"https:\\\/\\\/www.hydrachim.fr\\\/en\\\/produit\\\/sorbidip_001214201\\\/\",\"url\":\"https:\\\/\\\/www.hydrachim.fr\\\/en\\\/produit\\\/sorbidip_001214201\\\/\",\"name\":\"Sorbi'Dip - Hydrachim\",\"isPartOf\":{\"@id\":\"https:\\\/\\\/www.hydrachim.fr\\\/en\\\/#website\"},\"primaryImageOfPage\":{\"@id\":\"https:\\\/\\\/www.hydrachim.fr\\\/en\\\/produit\\\/sorbidip_001214201\\\/#primaryimage\"},\"image\":{\"@id\":\"https:\\\/\\\/www.hydrachim.fr\\\/en\\\/produit\\\/sorbidip_001214201\\\/#primaryimage\"},\"thumbnailUrl\":\"https:\\\/\\\/www.hydrachim.fr\\\/app\\\/uploads\\\/2026\\\/03\\\/001214201_SORBI_DIP_20kg_blanc_mercury.png\",\"datePublished\":\"2024-02-09T10:17:34+00:00\",\"dateModified\":\"2026-04-13T08:24:35+00:00\",\"breadcrumb\":{\"@id\":\"https:\\\/\\\/www.hydrachim.fr\\\/en\\\/produit\\\/sorbidip_001214201\\\/#breadcrumb\"},\"inLanguage\":\"en-US\",\"potentialAction\":[{\"@type\":\"ReadAction\",\"target\":[\"https:\\\/\\\/www.hydrachim.fr\\\/en\\\/produit\\\/sorbidip_001214201\\\/\"]}]},{\"@type\":\"ImageObject\",\"inLanguage\":\"en-US\",\"@id\":\"https:\\\/\\\/www.hydrachim.fr\\\/en\\\/produit\\\/sorbidip_001214201\\\/#primaryimage\",\"url\":\"https:\\\/\\\/www.hydrachim.fr\\\/app\\\/uploads\\\/2026\\\/03\\\/001214201_SORBI_DIP_20kg_blanc_mercury.png\",\"contentUrl\":\"https:\\\/\\\/www.hydrachim.fr\\\/app\\\/uploads\\\/2026\\\/03\\\/001214201_SORBI_DIP_20kg_blanc_mercury.png\",\"width\":1058,\"height\":1253},{\"@type\":\"BreadcrumbList\",\"@id\":\"https:\\\/\\\/www.hydrachim.fr\\\/en\\\/produit\\\/sorbidip_001214201\\\/#breadcrumb\",\"itemListElement\":[{\"@type\":\"ListItem\",\"position\":1,\"name\":\"Home\",\"item\":\"https:\\\/\\\/www.hydrachim.fr\\\/en\\\/\"},{\"@type\":\"ListItem\",\"position\":2,\"name\":\"Boutique\",\"item\":\"https:\\\/\\\/www.hydrachim.fr\\\/boutique\\\/\"},{\"@type\":\"ListItem\",\"position\":3,\"name\":\"Sorbi&rsquo;Dip\"}]},{\"@type\":\"WebSite\",\"@id\":\"https:\\\/\\\/www.hydrachim.fr\\\/en\\\/#website\",\"url\":\"https:\\\/\\\/www.hydrachim.fr\\\/en\\\/\",\"name\":\"Hydrachim\",\"description\":\"La science de l&#039;hygi\u00e8ne\",\"potentialAction\":[{\"@type\":\"SearchAction\",\"target\":{\"@type\":\"EntryPoint\",\"urlTemplate\":\"https:\\\/\\\/www.hydrachim.fr\\\/en\\\/?s={search_term_string}\"},\"query-input\":{\"@type\":\"PropertyValueSpecification\",\"valueRequired\":true,\"valueName\":\"search_term_string\"}}],\"inLanguage\":\"en-US\"}]}<\/script>\n<!-- \/ Yoast SEO plugin. -->","yoast_head_json":{"title":"Sorbi'Dip - Hydrachim","robots":{"index":"index","follow":"follow","max-snippet":"max-snippet:-1","max-image-preview":"max-image-preview:large","max-video-preview":"max-video-preview:-1"},"canonical":"https:\/\/www.hydrachim.fr\/en\/produit\/sorbidip_001214201\/","og_locale":"en_US","og_type":"article","og_title":"Sorbi'Dip - Hydrachim","og_description":"Protection du trayon apr\u00e8s traite, sans parfum.","og_url":"https:\/\/www.hydrachim.fr\/en\/produit\/sorbidip_001214201\/","og_site_name":"Hydrachim","article_modified_time":"2026-04-13T08:24:35+00:00","og_image":[{"width":1058,"height":1253,"url":"https:\/\/www.hydrachim.fr\/app\/uploads\/2026\/03\/001214201_SORBI_DIP_20kg_blanc_mercury.png","type":"image\/png"}],"twitter_card":"summary_large_image","twitter_misc":{"Est. reading time":"1 minute"},"schema":{"@context":"https:\/\/schema.org","@graph":[{"@type":"WebPage","@id":"https:\/\/www.hydrachim.fr\/en\/produit\/sorbidip_001214201\/","url":"https:\/\/www.hydrachim.fr\/en\/produit\/sorbidip_001214201\/","name":"Sorbi'Dip - Hydrachim","isPartOf":{"@id":"https:\/\/www.hydrachim.fr\/en\/#website"},"primaryImageOfPage":{"@id":"https:\/\/www.hydrachim.fr\/en\/produit\/sorbidip_001214201\/#primaryimage"},"image":{"@id":"https:\/\/www.hydrachim.fr\/en\/produit\/sorbidip_001214201\/#primaryimage"},"thumbnailUrl":"https:\/\/www.hydrachim.fr\/app\/uploads\/2026\/03\/001214201_SORBI_DIP_20kg_blanc_mercury.png","datePublished":"2024-02-09T10:17:34+00:00","dateModified":"2026-04-13T08:24:35+00:00","breadcrumb":{"@id":"https:\/\/www.hydrachim.fr\/en\/produit\/sorbidip_001214201\/#breadcrumb"},"inLanguage":"en-US","potentialAction":[{"@type":"ReadAction","target":["https:\/\/www.hydrachim.fr\/en\/produit\/sorbidip_001214201\/"]}]},{"@type":"ImageObject","inLanguage":"en-US","@id":"https:\/\/www.hydrachim.fr\/en\/produit\/sorbidip_001214201\/#primaryimage","url":"https:\/\/www.hydrachim.fr\/app\/uploads\/2026\/03\/001214201_SORBI_DIP_20kg_blanc_mercury.png","contentUrl":"https:\/\/www.hydrachim.fr\/app\/uploads\/2026\/03\/001214201_SORBI_DIP_20kg_blanc_mercury.png","width":1058,"height":1253},{"@type":"BreadcrumbList","@id":"https:\/\/www.hydrachim.fr\/en\/produit\/sorbidip_001214201\/#breadcrumb","itemListElement":[{"@type":"ListItem","position":1,"name":"Home","item":"https:\/\/www.hydrachim.fr\/en\/"},{"@type":"ListItem","position":2,"name":"Boutique","item":"https:\/\/www.hydrachim.fr\/boutique\/"},{"@type":"ListItem","position":3,"name":"Sorbi&rsquo;Dip"}]},{"@type":"WebSite","@id":"https:\/\/www.hydrachim.fr\/en\/#website","url":"https:\/\/www.hydrachim.fr\/en\/","name":"Hydrachim","description":"La science de l&#039;hygi\u00e8ne","potentialAction":[{"@type":"SearchAction","target":{"@type":"EntryPoint","urlTemplate":"https:\/\/www.hydrachim.fr\/en\/?s={search_term_string}"},"query-input":{"@type":"PropertyValueSpecification","valueRequired":true,"valueName":"search_term_string"}}],"inLanguage":"en-US"}]}},"acf":{"fiche_methode":"","fiche_technique":"https:\/\/www.hydrachim.fr\/app\/uploads\/2026\/04\/HYDRACHIM_ELEVAGE_FT2142_SORBIDIP.pdf"},"_links":{"self":[{"href":"https:\/\/www.hydrachim.fr\/en\/wp-json\/wp\/v2\/product\/16776","targetHints":{"allow":["GET"]}}],"collection":[{"href":"https:\/\/www.hydrachim.fr\/en\/wp-json\/wp\/v2\/product"}],"about":[{"href":"https:\/\/www.hydrachim.fr\/en\/wp-json\/wp\/v2\/types\/product"}],"wp:featuredmedia":[{"embeddable":true,"href":"https:\/\/www.hydrachim.fr\/en\/wp-json\/wp\/v2\/media\/30494"}],"wp:attachment":[{"href":"https:\/\/www.hydrachim.fr\/en\/wp-json\/wp\/v2\/media?parent=16776"}],"wp:term":[{"taxonomy":"product_brand","embeddable":true,"href":"https:\/\/www.hydrachim.fr\/en\/wp-json\/wp\/v2\/product_brand?post=16776"},{"taxonomy":"product_type","embeddable":true,"href":"https:\/\/www.hydrachim.fr\/en\/wp-json\/wp\/v2\/product_type?post=16776"},{"taxonomy":"product_visibility","embeddable":true,"href":"https:\/\/www.hydrachim.fr\/en\/wp-json\/wp\/v2\/product_visibility?post=16776"},{"taxonomy":"product_cat","embeddable":true,"href":"https:\/\/www.hydrachim.fr\/en\/wp-json\/wp\/v2\/product_cat?post=16776"}],"curies":[{"name":"wp","href":"https:\/\/api.w.org\/{rel}","templated":true}]}}