{"id":16768,"date":"2024-02-09T10:44:27","date_gmt":"2024-02-09T08:44:27","guid":{"rendered":"https:\/\/www.hydrachim.fr\/?post_type=product&#038;p=16768"},"modified":"2026-01-09T10:43:35","modified_gmt":"2026-01-09T08:43:35","slug":"g8f_001135901","status":"publish","type":"product","link":"https:\/\/www.hydrachim.fr\/en\/produit\/g8f_001135901\/","title":{"rendered":"G8F"},"content":{"rendered":"<p><strong>G8F est un d\u00e9sinfectant d&#8217;\u00e9levage polyvalent tr\u00e8s concentr\u00e9 utilisable pour la d\u00e9sinfection des b\u00e2timents d&#8217;\u00e9levage (dont les zones de stockage des aliments), des v\u00e9hicules de transport d&#8217;animaux (y compris les roues), du mat\u00e9riel d&#8217;\u00e9levage ainsi que des p\u00e9diluves.<br \/>\n<\/br>Il peut \u00eatre utilis\u00e9 en pulv\u00e9risation, en thermon\u00e9bulisation ou immersion selon vos besoins.<br \/>\n<\/b>Produit limpide et incolore, sans formol et sans parfum<\/strong><\/p>\n<p>G8F est efficace contre les virus envelopp\u00e9s (couvrant la grippe aviaire et la peste porcine africaine) \u00e0 0.1% et les virus non envelopp\u00e9s \u00e0 0.5% ( en pulv\u00e9risation \u00e0 10\u00b0C en 30 minutes).<\/p>\n<p><strong>Disponible en :<br \/>\n&#8211; Carton de 6 x 1L. R\u00e9f. 001135901<br \/>\n&#8211; Carton de 4 x 5L. R\u00e9f. 001135902<br \/>\n&#8211; Bidon de 20L. R\u00e9f. 001135903 <\/strong><\/p>\n<p class=\"y-product y-product__product-subtitle\">Avantage :<\/p>\n<p>D\u00e9sinfectant bact\u00e9ricide, levuricide et virucide, tr\u00e8s concentr\u00e9 et polyvalent.<br \/>\nUtilisation en pulv\u00e9risation, thermon\u00e9bulisation, immersion et p\u00e9diluve.<\/p>\n<p>Retrouvez le mode d\u2019emploi et le dosage du produit en t\u00e9l\u00e9chargeant la fiche technique.<\/p>\n<p><em>Utilisez les biocides avec pr\u00e9caution. Avant toute utilisation, lisez l\u2019\u00e9tiquette et les informations concernant le produit.<br \/>\nProduit strictement professionnel. TP3 \u2013 TP4.<\/em><\/p>\n","protected":false},"excerpt":{"rendered":"<p>D\u00e9sinfectant d&#8217;\u00e9levage bact\u00e9ricide, virucide, polyvalent tr\u00e8s concentr\u00e9. TP3 &#8211; TP4.<\/p>\n","protected":false},"featured_media":17294,"template":"","meta":[],"product_brand":[],"product_type":[2],"product_visibility":[],"product_cat":[4174,3979,4115,4154],"class_list":{"0":"post-16768","1":"product","2":"type-product","3":"status-publish","4":"has-post-thumbnail","6":"product_cat-nouveautesdesinfection","7":"product_cat-produitselevage","8":"product_cat-dsinfectionlevage","9":"product_cat-marqueshydrachim-elevage","10":"product_tag-bactericide","11":"product_tag-btiment-dlevage","12":"product_tag-biocide","13":"product_tag-concentre","14":"product_tag-desinfectant","15":"product_tag-levuricide","16":"product_tag-tp3","17":"product_tag-tp4","18":"product_tag-virucide","20":"first","21":"instock","22":"shipping-taxable","23":"product-type-simple"},"yoast_head":"<!-- This site is optimized with the Yoast SEO plugin v27.5 - https:\/\/yoast.com\/product\/yoast-seo-wordpress\/ -->\n<title>G8F - Hydrachim<\/title>\n<meta name=\"robots\" content=\"index, follow, max-snippet:-1, max-image-preview:large, max-video-preview:-1\" \/>\n<link rel=\"canonical\" href=\"https:\/\/www.hydrachim.fr\/en\/produit\/g8f_001135901\/\" \/>\n<meta property=\"og:locale\" content=\"en_US\" \/>\n<meta property=\"og:type\" content=\"article\" \/>\n<meta property=\"og:title\" content=\"G8F - Hydrachim\" \/>\n<meta property=\"og:description\" content=\"D\u00e9sinfectant d&#039;\u00e9levage bact\u00e9ricide, virucide, polyvalent tr\u00e8s concentr\u00e9. TP3 - TP4.\" \/>\n<meta property=\"og:url\" content=\"https:\/\/www.hydrachim.fr\/en\/produit\/g8f_001135901\/\" \/>\n<meta property=\"og:site_name\" content=\"Hydrachim\" \/>\n<meta property=\"article:modified_time\" content=\"2026-01-09T08:43:35+00:00\" \/>\n<meta property=\"og:image\" content=\"https:\/\/www.hydrachim.fr\/app\/uploads\/2024\/04\/1388_G8F_20kg_mercury.png\" \/>\n\t<meta property=\"og:image:width\" content=\"918\" \/>\n\t<meta property=\"og:image:height\" content=\"1108\" \/>\n\t<meta property=\"og:image:type\" content=\"image\/png\" \/>\n<meta name=\"twitter:card\" content=\"summary_large_image\" \/>\n<meta name=\"twitter:label1\" content=\"Est. reading time\" \/>\n\t<meta name=\"twitter:data1\" content=\"1 minute\" \/>\n<script type=\"application\/ld+json\" class=\"yoast-schema-graph\">{\"@context\":\"https:\\\/\\\/schema.org\",\"@graph\":[{\"@type\":\"WebPage\",\"@id\":\"https:\\\/\\\/www.hydrachim.fr\\\/en\\\/produit\\\/g8f_001135901\\\/\",\"url\":\"https:\\\/\\\/www.hydrachim.fr\\\/en\\\/produit\\\/g8f_001135901\\\/\",\"name\":\"G8F - Hydrachim\",\"isPartOf\":{\"@id\":\"https:\\\/\\\/www.hydrachim.fr\\\/en\\\/#website\"},\"primaryImageOfPage\":{\"@id\":\"https:\\\/\\\/www.hydrachim.fr\\\/en\\\/produit\\\/g8f_001135901\\\/#primaryimage\"},\"image\":{\"@id\":\"https:\\\/\\\/www.hydrachim.fr\\\/en\\\/produit\\\/g8f_001135901\\\/#primaryimage\"},\"thumbnailUrl\":\"https:\\\/\\\/www.hydrachim.fr\\\/app\\\/uploads\\\/2024\\\/04\\\/1388_G8F_20kg_mercury.png\",\"datePublished\":\"2024-02-09T08:44:27+00:00\",\"dateModified\":\"2026-01-09T08:43:35+00:00\",\"breadcrumb\":{\"@id\":\"https:\\\/\\\/www.hydrachim.fr\\\/en\\\/produit\\\/g8f_001135901\\\/#breadcrumb\"},\"inLanguage\":\"en-US\",\"potentialAction\":[{\"@type\":\"ReadAction\",\"target\":[\"https:\\\/\\\/www.hydrachim.fr\\\/en\\\/produit\\\/g8f_001135901\\\/\"]}]},{\"@type\":\"ImageObject\",\"inLanguage\":\"en-US\",\"@id\":\"https:\\\/\\\/www.hydrachim.fr\\\/en\\\/produit\\\/g8f_001135901\\\/#primaryimage\",\"url\":\"https:\\\/\\\/www.hydrachim.fr\\\/app\\\/uploads\\\/2024\\\/04\\\/1388_G8F_20kg_mercury.png\",\"contentUrl\":\"https:\\\/\\\/www.hydrachim.fr\\\/app\\\/uploads\\\/2024\\\/04\\\/1388_G8F_20kg_mercury.png\",\"width\":918,\"height\":1108},{\"@type\":\"BreadcrumbList\",\"@id\":\"https:\\\/\\\/www.hydrachim.fr\\\/en\\\/produit\\\/g8f_001135901\\\/#breadcrumb\",\"itemListElement\":[{\"@type\":\"ListItem\",\"position\":1,\"name\":\"Home\",\"item\":\"https:\\\/\\\/www.hydrachim.fr\\\/en\\\/\"},{\"@type\":\"ListItem\",\"position\":2,\"name\":\"Boutique\",\"item\":\"https:\\\/\\\/www.hydrachim.fr\\\/boutique\\\/\"},{\"@type\":\"ListItem\",\"position\":3,\"name\":\"G8F\"}]},{\"@type\":\"WebSite\",\"@id\":\"https:\\\/\\\/www.hydrachim.fr\\\/en\\\/#website\",\"url\":\"https:\\\/\\\/www.hydrachim.fr\\\/en\\\/\",\"name\":\"Hydrachim\",\"description\":\"La science de l&#039;hygi\u00e8ne\",\"potentialAction\":[{\"@type\":\"SearchAction\",\"target\":{\"@type\":\"EntryPoint\",\"urlTemplate\":\"https:\\\/\\\/www.hydrachim.fr\\\/en\\\/?s={search_term_string}\"},\"query-input\":{\"@type\":\"PropertyValueSpecification\",\"valueRequired\":true,\"valueName\":\"search_term_string\"}}],\"inLanguage\":\"en-US\"}]}<\/script>\n<!-- \/ Yoast SEO plugin. -->","yoast_head_json":{"title":"G8F - Hydrachim","robots":{"index":"index","follow":"follow","max-snippet":"max-snippet:-1","max-image-preview":"max-image-preview:large","max-video-preview":"max-video-preview:-1"},"canonical":"https:\/\/www.hydrachim.fr\/en\/produit\/g8f_001135901\/","og_locale":"en_US","og_type":"article","og_title":"G8F - Hydrachim","og_description":"D\u00e9sinfectant d'\u00e9levage bact\u00e9ricide, virucide, polyvalent tr\u00e8s concentr\u00e9. TP3 - TP4.","og_url":"https:\/\/www.hydrachim.fr\/en\/produit\/g8f_001135901\/","og_site_name":"Hydrachim","article_modified_time":"2026-01-09T08:43:35+00:00","og_image":[{"width":918,"height":1108,"url":"https:\/\/www.hydrachim.fr\/app\/uploads\/2024\/04\/1388_G8F_20kg_mercury.png","type":"image\/png"}],"twitter_card":"summary_large_image","twitter_misc":{"Est. reading time":"1 minute"},"schema":{"@context":"https:\/\/schema.org","@graph":[{"@type":"WebPage","@id":"https:\/\/www.hydrachim.fr\/en\/produit\/g8f_001135901\/","url":"https:\/\/www.hydrachim.fr\/en\/produit\/g8f_001135901\/","name":"G8F - Hydrachim","isPartOf":{"@id":"https:\/\/www.hydrachim.fr\/en\/#website"},"primaryImageOfPage":{"@id":"https:\/\/www.hydrachim.fr\/en\/produit\/g8f_001135901\/#primaryimage"},"image":{"@id":"https:\/\/www.hydrachim.fr\/en\/produit\/g8f_001135901\/#primaryimage"},"thumbnailUrl":"https:\/\/www.hydrachim.fr\/app\/uploads\/2024\/04\/1388_G8F_20kg_mercury.png","datePublished":"2024-02-09T08:44:27+00:00","dateModified":"2026-01-09T08:43:35+00:00","breadcrumb":{"@id":"https:\/\/www.hydrachim.fr\/en\/produit\/g8f_001135901\/#breadcrumb"},"inLanguage":"en-US","potentialAction":[{"@type":"ReadAction","target":["https:\/\/www.hydrachim.fr\/en\/produit\/g8f_001135901\/"]}]},{"@type":"ImageObject","inLanguage":"en-US","@id":"https:\/\/www.hydrachim.fr\/en\/produit\/g8f_001135901\/#primaryimage","url":"https:\/\/www.hydrachim.fr\/app\/uploads\/2024\/04\/1388_G8F_20kg_mercury.png","contentUrl":"https:\/\/www.hydrachim.fr\/app\/uploads\/2024\/04\/1388_G8F_20kg_mercury.png","width":918,"height":1108},{"@type":"BreadcrumbList","@id":"https:\/\/www.hydrachim.fr\/en\/produit\/g8f_001135901\/#breadcrumb","itemListElement":[{"@type":"ListItem","position":1,"name":"Home","item":"https:\/\/www.hydrachim.fr\/en\/"},{"@type":"ListItem","position":2,"name":"Boutique","item":"https:\/\/www.hydrachim.fr\/boutique\/"},{"@type":"ListItem","position":3,"name":"G8F"}]},{"@type":"WebSite","@id":"https:\/\/www.hydrachim.fr\/en\/#website","url":"https:\/\/www.hydrachim.fr\/en\/","name":"Hydrachim","description":"La science de l&#039;hygi\u00e8ne","potentialAction":[{"@type":"SearchAction","target":{"@type":"EntryPoint","urlTemplate":"https:\/\/www.hydrachim.fr\/en\/?s={search_term_string}"},"query-input":{"@type":"PropertyValueSpecification","valueRequired":true,"valueName":"search_term_string"}}],"inLanguage":"en-US"}]}},"acf":{"fiche_methode":"","fiche_technique":"https:\/\/www.hydrachim.fr\/app\/uploads\/2025\/12\/HYDRACHIM_ELEVAGE_FT1359_G8F-1.pdf"},"_links":{"self":[{"href":"https:\/\/www.hydrachim.fr\/en\/wp-json\/wp\/v2\/product\/16768","targetHints":{"allow":["GET"]}}],"collection":[{"href":"https:\/\/www.hydrachim.fr\/en\/wp-json\/wp\/v2\/product"}],"about":[{"href":"https:\/\/www.hydrachim.fr\/en\/wp-json\/wp\/v2\/types\/product"}],"wp:featuredmedia":[{"embeddable":true,"href":"https:\/\/www.hydrachim.fr\/en\/wp-json\/wp\/v2\/media\/17294"}],"wp:attachment":[{"href":"https:\/\/www.hydrachim.fr\/en\/wp-json\/wp\/v2\/media?parent=16768"}],"wp:term":[{"taxonomy":"product_brand","embeddable":true,"href":"https:\/\/www.hydrachim.fr\/en\/wp-json\/wp\/v2\/product_brand?post=16768"},{"taxonomy":"product_type","embeddable":true,"href":"https:\/\/www.hydrachim.fr\/en\/wp-json\/wp\/v2\/product_type?post=16768"},{"taxonomy":"product_visibility","embeddable":true,"href":"https:\/\/www.hydrachim.fr\/en\/wp-json\/wp\/v2\/product_visibility?post=16768"},{"taxonomy":"product_cat","embeddable":true,"href":"https:\/\/www.hydrachim.fr\/en\/wp-json\/wp\/v2\/product_cat?post=16768"}],"curies":[{"name":"wp","href":"https:\/\/api.w.org\/{rel}","templated":true}]}}