{"id":16463,"date":"2023-12-20T16:33:03","date_gmt":"2023-12-20T14:33:03","guid":{"rendered":"https:\/\/www.hydrachim.fr\/?post_type=product&#038;p=16463"},"modified":"2026-04-23T09:30:43","modified_gmt":"2026-04-23T07:30:43","slug":"super_degraissant_alcalin_003k24101","status":"publish","type":"product","link":"https:\/\/www.hydrachim.fr\/en\/produit\/super_degraissant_alcalin_003k24101\/","title":{"rendered":"SUPER DEGRAISSANT ALCALIN"},"content":{"rendered":"<p><strong>SUPER DEGRAISSANT ALCALIN est un d\u00e9graissant polyvalent pour tous types de sols (carrelages, sols plastiques,&#8230;).<br \/>\nSp\u00e9cifique pour la remise en \u00e9tat de sols tr\u00e8s encrass\u00e9s, en alternance avec un d\u00e9tergent neutre. Il \u00e9limine tous types de graisses (animales, v\u00e9g\u00e9tales, min\u00e9rales).<\/strong><\/p>\n<p>Diluer dans de l&#8217;eau chaude de 2% \u00e0 10% suivant l&#8217;encrassement du sol.<br \/>\nLaisser agir 5 \u00e0 10 minutes puis passer la monobrosse \u00e9quip\u00e9e d&#8217;un disque dur ou manuellement.<br \/>\nBien rincer \u00e0 l&#8217;eau claire pour obtenir un pH neutre sur le sol.<\/p>\n<p><strong>Disponible en carton de 4x5L. R\u00e9f. 003K24101<\/strong><\/p>\n<p class=\"y-product y-product__product-subtitle\">Avantage :<\/p>\n<p>Tous types de sols<br \/>\nRemet en \u00e9tat<\/p>\n<p><em>Retrouvez le mode d&#8217;emploi et le dosage du produit en t\u00e9l\u00e9chargeant sa Fiche Technique.<\/em><\/p>\n","protected":false},"excerpt":{"rendered":"<p>D\u00e9graissant polyvalent<\/p>\n","protected":false},"featured_media":31006,"template":"","meta":[],"product_brand":[],"product_type":[2],"product_visibility":[],"product_cat":[4026,4153,4092],"class_list":{"0":"post-16463","1":"product","2":"type-product","3":"status-publish","4":"has-post-thumbnail","6":"product_cat-produitsindustrie","7":"product_cat-marqueskemnet","8":"product_cat-industriestation-vhicule","9":"product_tag-alcalin","10":"product_tag-degraissant","11":"product_tag-polyvalent","12":"product_tag-sol","13":"product_tag-sur-surfaces-ouvertes-sols-murs-plafonds","15":"first","16":"instock","17":"shipping-taxable","18":"product-type-simple"},"yoast_head":"<!-- This site is optimized with the Yoast SEO plugin v27.5 - https:\/\/yoast.com\/product\/yoast-seo-wordpress\/ -->\n<title>SUPER DEGRAISSANT ALCALIN - Hydrachim<\/title>\n<meta name=\"robots\" content=\"index, follow, max-snippet:-1, max-image-preview:large, max-video-preview:-1\" \/>\n<link rel=\"canonical\" href=\"https:\/\/www.hydrachim.fr\/en\/produit\/super_degraissant_alcalin_003k24101\/\" \/>\n<meta property=\"og:locale\" content=\"en_US\" \/>\n<meta property=\"og:type\" content=\"article\" \/>\n<meta property=\"og:title\" content=\"SUPER DEGRAISSANT ALCALIN - Hydrachim\" \/>\n<meta property=\"og:description\" content=\"D\u00e9graissant polyvalent\" \/>\n<meta property=\"og:url\" content=\"https:\/\/www.hydrachim.fr\/en\/produit\/super_degraissant_alcalin_003k24101\/\" \/>\n<meta property=\"og:site_name\" content=\"Hydrachim\" \/>\n<meta property=\"article:modified_time\" content=\"2026-04-23T07:30:43+00:00\" \/>\n<meta property=\"og:image\" content=\"https:\/\/www.hydrachim.fr\/app\/uploads\/2026\/04\/K241___SUPER_DEGRAISSANT_ALCALIN___5L.png\" \/>\n\t<meta property=\"og:image:width\" content=\"600\" \/>\n\t<meta property=\"og:image:height\" content=\"1026\" \/>\n\t<meta property=\"og:image:type\" content=\"image\/png\" \/>\n<meta name=\"twitter:card\" content=\"summary_large_image\" \/>\n<meta name=\"twitter:label1\" content=\"Est. reading time\" \/>\n\t<meta name=\"twitter:data1\" content=\"1 minute\" \/>\n<script type=\"application\/ld+json\" class=\"yoast-schema-graph\">{\"@context\":\"https:\\\/\\\/schema.org\",\"@graph\":[{\"@type\":\"WebPage\",\"@id\":\"https:\\\/\\\/www.hydrachim.fr\\\/en\\\/produit\\\/super_degraissant_alcalin_003k24101\\\/\",\"url\":\"https:\\\/\\\/www.hydrachim.fr\\\/en\\\/produit\\\/super_degraissant_alcalin_003k24101\\\/\",\"name\":\"SUPER DEGRAISSANT ALCALIN - Hydrachim\",\"isPartOf\":{\"@id\":\"https:\\\/\\\/www.hydrachim.fr\\\/en\\\/#website\"},\"primaryImageOfPage\":{\"@id\":\"https:\\\/\\\/www.hydrachim.fr\\\/en\\\/produit\\\/super_degraissant_alcalin_003k24101\\\/#primaryimage\"},\"image\":{\"@id\":\"https:\\\/\\\/www.hydrachim.fr\\\/en\\\/produit\\\/super_degraissant_alcalin_003k24101\\\/#primaryimage\"},\"thumbnailUrl\":\"https:\\\/\\\/www.hydrachim.fr\\\/app\\\/uploads\\\/2026\\\/04\\\/K241___SUPER_DEGRAISSANT_ALCALIN___5L.png\",\"datePublished\":\"2023-12-20T14:33:03+00:00\",\"dateModified\":\"2026-04-23T07:30:43+00:00\",\"breadcrumb\":{\"@id\":\"https:\\\/\\\/www.hydrachim.fr\\\/en\\\/produit\\\/super_degraissant_alcalin_003k24101\\\/#breadcrumb\"},\"inLanguage\":\"en-US\",\"potentialAction\":[{\"@type\":\"ReadAction\",\"target\":[\"https:\\\/\\\/www.hydrachim.fr\\\/en\\\/produit\\\/super_degraissant_alcalin_003k24101\\\/\"]}]},{\"@type\":\"ImageObject\",\"inLanguage\":\"en-US\",\"@id\":\"https:\\\/\\\/www.hydrachim.fr\\\/en\\\/produit\\\/super_degraissant_alcalin_003k24101\\\/#primaryimage\",\"url\":\"https:\\\/\\\/www.hydrachim.fr\\\/app\\\/uploads\\\/2026\\\/04\\\/K241___SUPER_DEGRAISSANT_ALCALIN___5L.png\",\"contentUrl\":\"https:\\\/\\\/www.hydrachim.fr\\\/app\\\/uploads\\\/2026\\\/04\\\/K241___SUPER_DEGRAISSANT_ALCALIN___5L.png\",\"width\":600,\"height\":1026},{\"@type\":\"BreadcrumbList\",\"@id\":\"https:\\\/\\\/www.hydrachim.fr\\\/en\\\/produit\\\/super_degraissant_alcalin_003k24101\\\/#breadcrumb\",\"itemListElement\":[{\"@type\":\"ListItem\",\"position\":1,\"name\":\"Home\",\"item\":\"https:\\\/\\\/www.hydrachim.fr\\\/en\\\/\"},{\"@type\":\"ListItem\",\"position\":2,\"name\":\"Boutique\",\"item\":\"https:\\\/\\\/www.hydrachim.fr\\\/boutique\\\/\"},{\"@type\":\"ListItem\",\"position\":3,\"name\":\"SUPER DEGRAISSANT ALCALIN\"}]},{\"@type\":\"WebSite\",\"@id\":\"https:\\\/\\\/www.hydrachim.fr\\\/en\\\/#website\",\"url\":\"https:\\\/\\\/www.hydrachim.fr\\\/en\\\/\",\"name\":\"Hydrachim\",\"description\":\"La science de l&#039;hygi\u00e8ne\",\"potentialAction\":[{\"@type\":\"SearchAction\",\"target\":{\"@type\":\"EntryPoint\",\"urlTemplate\":\"https:\\\/\\\/www.hydrachim.fr\\\/en\\\/?s={search_term_string}\"},\"query-input\":{\"@type\":\"PropertyValueSpecification\",\"valueRequired\":true,\"valueName\":\"search_term_string\"}}],\"inLanguage\":\"en-US\"}]}<\/script>\n<!-- \/ Yoast SEO plugin. -->","yoast_head_json":{"title":"SUPER DEGRAISSANT ALCALIN - Hydrachim","robots":{"index":"index","follow":"follow","max-snippet":"max-snippet:-1","max-image-preview":"max-image-preview:large","max-video-preview":"max-video-preview:-1"},"canonical":"https:\/\/www.hydrachim.fr\/en\/produit\/super_degraissant_alcalin_003k24101\/","og_locale":"en_US","og_type":"article","og_title":"SUPER DEGRAISSANT ALCALIN - Hydrachim","og_description":"D\u00e9graissant polyvalent","og_url":"https:\/\/www.hydrachim.fr\/en\/produit\/super_degraissant_alcalin_003k24101\/","og_site_name":"Hydrachim","article_modified_time":"2026-04-23T07:30:43+00:00","og_image":[{"width":600,"height":1026,"url":"https:\/\/www.hydrachim.fr\/app\/uploads\/2026\/04\/K241___SUPER_DEGRAISSANT_ALCALIN___5L.png","type":"image\/png"}],"twitter_card":"summary_large_image","twitter_misc":{"Est. reading time":"1 minute"},"schema":{"@context":"https:\/\/schema.org","@graph":[{"@type":"WebPage","@id":"https:\/\/www.hydrachim.fr\/en\/produit\/super_degraissant_alcalin_003k24101\/","url":"https:\/\/www.hydrachim.fr\/en\/produit\/super_degraissant_alcalin_003k24101\/","name":"SUPER DEGRAISSANT ALCALIN - Hydrachim","isPartOf":{"@id":"https:\/\/www.hydrachim.fr\/en\/#website"},"primaryImageOfPage":{"@id":"https:\/\/www.hydrachim.fr\/en\/produit\/super_degraissant_alcalin_003k24101\/#primaryimage"},"image":{"@id":"https:\/\/www.hydrachim.fr\/en\/produit\/super_degraissant_alcalin_003k24101\/#primaryimage"},"thumbnailUrl":"https:\/\/www.hydrachim.fr\/app\/uploads\/2026\/04\/K241___SUPER_DEGRAISSANT_ALCALIN___5L.png","datePublished":"2023-12-20T14:33:03+00:00","dateModified":"2026-04-23T07:30:43+00:00","breadcrumb":{"@id":"https:\/\/www.hydrachim.fr\/en\/produit\/super_degraissant_alcalin_003k24101\/#breadcrumb"},"inLanguage":"en-US","potentialAction":[{"@type":"ReadAction","target":["https:\/\/www.hydrachim.fr\/en\/produit\/super_degraissant_alcalin_003k24101\/"]}]},{"@type":"ImageObject","inLanguage":"en-US","@id":"https:\/\/www.hydrachim.fr\/en\/produit\/super_degraissant_alcalin_003k24101\/#primaryimage","url":"https:\/\/www.hydrachim.fr\/app\/uploads\/2026\/04\/K241___SUPER_DEGRAISSANT_ALCALIN___5L.png","contentUrl":"https:\/\/www.hydrachim.fr\/app\/uploads\/2026\/04\/K241___SUPER_DEGRAISSANT_ALCALIN___5L.png","width":600,"height":1026},{"@type":"BreadcrumbList","@id":"https:\/\/www.hydrachim.fr\/en\/produit\/super_degraissant_alcalin_003k24101\/#breadcrumb","itemListElement":[{"@type":"ListItem","position":1,"name":"Home","item":"https:\/\/www.hydrachim.fr\/en\/"},{"@type":"ListItem","position":2,"name":"Boutique","item":"https:\/\/www.hydrachim.fr\/boutique\/"},{"@type":"ListItem","position":3,"name":"SUPER DEGRAISSANT ALCALIN"}]},{"@type":"WebSite","@id":"https:\/\/www.hydrachim.fr\/en\/#website","url":"https:\/\/www.hydrachim.fr\/en\/","name":"Hydrachim","description":"La science de l&#039;hygi\u00e8ne","potentialAction":[{"@type":"SearchAction","target":{"@type":"EntryPoint","urlTemplate":"https:\/\/www.hydrachim.fr\/en\/?s={search_term_string}"},"query-input":{"@type":"PropertyValueSpecification","valueRequired":true,"valueName":"search_term_string"}}],"inLanguage":"en-US"}]}},"acf":{"fiche_methode":"","fiche_technique":"https:\/\/www.hydrachim.fr\/app\/uploads\/2025\/02\/FT___KEMNET___K241___SUPER_DEGRAISSANT_ALCALIN.pdf"},"_links":{"self":[{"href":"https:\/\/www.hydrachim.fr\/en\/wp-json\/wp\/v2\/product\/16463","targetHints":{"allow":["GET"]}}],"collection":[{"href":"https:\/\/www.hydrachim.fr\/en\/wp-json\/wp\/v2\/product"}],"about":[{"href":"https:\/\/www.hydrachim.fr\/en\/wp-json\/wp\/v2\/types\/product"}],"wp:featuredmedia":[{"embeddable":true,"href":"https:\/\/www.hydrachim.fr\/en\/wp-json\/wp\/v2\/media\/31006"}],"wp:attachment":[{"href":"https:\/\/www.hydrachim.fr\/en\/wp-json\/wp\/v2\/media?parent=16463"}],"wp:term":[{"taxonomy":"product_brand","embeddable":true,"href":"https:\/\/www.hydrachim.fr\/en\/wp-json\/wp\/v2\/product_brand?post=16463"},{"taxonomy":"product_type","embeddable":true,"href":"https:\/\/www.hydrachim.fr\/en\/wp-json\/wp\/v2\/product_type?post=16463"},{"taxonomy":"product_visibility","embeddable":true,"href":"https:\/\/www.hydrachim.fr\/en\/wp-json\/wp\/v2\/product_visibility?post=16463"},{"taxonomy":"product_cat","embeddable":true,"href":"https:\/\/www.hydrachim.fr\/en\/wp-json\/wp\/v2\/product_cat?post=16463"}],"curies":[{"name":"wp","href":"https:\/\/api.w.org\/{rel}","templated":true}]}}