{"id":16338,"date":"2023-12-05T17:31:42","date_gmt":"2023-12-05T15:31:42","guid":{"rendered":"https:\/\/www.hydrachim.fr\/?post_type=product&#038;p=16338"},"modified":"2024-01-30T17:44:53","modified_gmt":"2024-01-30T15:44:53","slug":"proact_sol_002209401","status":"publish","type":"product","link":"https:\/\/www.hydrachim.fr\/en\/produit\/proact_sol_002209401\/","title":{"rendered":"PRO&#8217;ACT SOL"},"content":{"rendered":"<p><strong>PRO\u2019ACT Sol est un nettoyant probiotique concentr\u00e9 pour les sols qui traite les mauvaises odeurs.<br \/>\n<\/strong><\/p>\n<p>PRO\u2019ACT Sol est un nettoyant probiotique concentr\u00e9 pour l\u2019entretien des sols.<br \/>\nIl d\u00e9grade et \u00e9limine les mati\u00e8res organiques, et convient pour tout type de sol.<br \/>\nCe produit est utilisable pour les autolaveuses.<br \/>\nIl \u00e9limine les mauvaises odeurs et les biofilms, et laisse une agr\u00e9able odeur orange grenade.<br \/>\nContient 95% d\u2019ingr\u00e9dients d\u2019origine naturelle.<\/p>\n<p><strong>Disponible en :<br \/>\nCarton de 4x5L. R\u00e9f : 002209401<\/strong><\/p>\n<p class=\"y-product y-product__product-subtitle\">Avantage :<\/p>\n<p>D\u00e9tergent concentr\u00e9 pour le nettoyage industriel des sols pour les h\u00f4tels, restaurants, maisons de retraite, \u00e9coles, h\u00f4pitaux&#8230;<br \/>\nBiocomp\u00e9tition des bact\u00e9ries.<br \/>\nFormule concentr\u00e9e non class\u00e9e.<br \/>\nManipulation sans danger \/ non toxique.<br \/>\nEfficacit\u00e9 durable : Renouveler toutes les 72H.<\/p>\n<p>Retrouvez le mode d\u2019emploi et le dosage du produit en t\u00e9l\u00e9chargeant, ci-dessous, sa Fiche Technique. <\/p>\n<p><em>\u2013 Conserver sous cl\u00e9 et hors de port\u00e9e des enfants.<br \/>\n\u2013 En cas de contact avec les yeux, laver imm\u00e9diatement et abondamment \u00e0 l\u2019eau et consulter un sp\u00e9cialiste.<br \/>\n\u2013 En cas d\u2019ingestion, consulter imm\u00e9diatement un m\u00e9decin et lui montrer l\u2019\u00e9tiquette ou l\u2019emballage.<br \/>\n\u2013 Inoffensif pour les voies respiratoires.<br \/>\n\u2013 Ne pas m\u00e9langer avec de l\u2019eau de javel ou tout autre produit d\u2019entretien<br \/>\n\u2013 Stocker le produit dans un endroit frais et sec. Conserver \u00e0 l\u2019abri du gel et \u00e9viter les expositions prolong\u00e9es \u00e0 des temp\u00e9ratures sup\u00e9rieures \u00e0 40\u00b0C.<\/em><\/p>\n","protected":false},"excerpt":{"rendered":"<p>Nettoyant probiotique concentr\u00e9 pour l\u2019entretien des sols.<br \/>\nParfum : Orange \/ grenade.<\/p>\n","protected":false},"featured_media":16694,"template":"","meta":[],"product_brand":[],"product_type":[2],"product_visibility":[],"product_cat":[4149,4128,4127],"class_list":{"0":"post-16338","1":"product","2":"type-product","3":"status-publish","4":"has-post-thumbnail","6":"product_cat-marquesactemia","7":"product_cat-solentretien","8":"product_cat-produitssurface-sol","9":"product_tag-autolaveuse","10":"product_tag-grenade","11":"product_tag-orange","12":"product_tag-parfum","13":"product_tag-probiotique","14":"product_tag-sol","16":"first","17":"instock","18":"shipping-taxable","19":"product-type-simple"},"yoast_head":"<!-- This site is optimized with the Yoast SEO plugin v27.4 - https:\/\/yoast.com\/product\/yoast-seo-wordpress\/ -->\n<title>PRO&#039;ACT SOL - Hydrachim<\/title>\n<meta name=\"robots\" content=\"index, follow, max-snippet:-1, max-image-preview:large, max-video-preview:-1\" \/>\n<link rel=\"canonical\" href=\"https:\/\/www.hydrachim.fr\/en\/produit\/proact_sol_002209401\/\" \/>\n<meta property=\"og:locale\" content=\"en_US\" \/>\n<meta property=\"og:type\" content=\"article\" \/>\n<meta property=\"og:title\" content=\"PRO&#039;ACT SOL - Hydrachim\" \/>\n<meta property=\"og:description\" content=\"Nettoyant probiotique concentr\u00e9 pour l\u2019entretien des sols. Parfum : Orange \/ grenade.\" \/>\n<meta property=\"og:url\" content=\"https:\/\/www.hydrachim.fr\/en\/produit\/proact_sol_002209401\/\" \/>\n<meta property=\"og:site_name\" content=\"Hydrachim\" \/>\n<meta property=\"article:modified_time\" content=\"2024-01-30T15:44:53+00:00\" \/>\n<meta property=\"og:image\" content=\"https:\/\/www.hydrachim.fr\/app\/uploads\/2024\/01\/2094___PRO_ACT_SOL___auto_laveuse.png\" \/>\n\t<meta property=\"og:image:width\" content=\"882\" \/>\n\t<meta property=\"og:image:height\" content=\"750\" \/>\n\t<meta property=\"og:image:type\" content=\"image\/png\" \/>\n<meta name=\"twitter:card\" content=\"summary_large_image\" \/>\n<meta name=\"twitter:label1\" content=\"Est. reading time\" \/>\n\t<meta name=\"twitter:data1\" content=\"1 minute\" \/>\n<script type=\"application\/ld+json\" class=\"yoast-schema-graph\">{\"@context\":\"https:\\\/\\\/schema.org\",\"@graph\":[{\"@type\":\"WebPage\",\"@id\":\"https:\\\/\\\/www.hydrachim.fr\\\/en\\\/produit\\\/proact_sol_002209401\\\/\",\"url\":\"https:\\\/\\\/www.hydrachim.fr\\\/en\\\/produit\\\/proact_sol_002209401\\\/\",\"name\":\"PRO'ACT SOL - Hydrachim\",\"isPartOf\":{\"@id\":\"https:\\\/\\\/www.hydrachim.fr\\\/en\\\/#website\"},\"primaryImageOfPage\":{\"@id\":\"https:\\\/\\\/www.hydrachim.fr\\\/en\\\/produit\\\/proact_sol_002209401\\\/#primaryimage\"},\"image\":{\"@id\":\"https:\\\/\\\/www.hydrachim.fr\\\/en\\\/produit\\\/proact_sol_002209401\\\/#primaryimage\"},\"thumbnailUrl\":\"https:\\\/\\\/www.hydrachim.fr\\\/app\\\/uploads\\\/2024\\\/01\\\/2094___PRO_ACT_SOL___auto_laveuse.png\",\"datePublished\":\"2023-12-05T15:31:42+00:00\",\"dateModified\":\"2024-01-30T15:44:53+00:00\",\"breadcrumb\":{\"@id\":\"https:\\\/\\\/www.hydrachim.fr\\\/en\\\/produit\\\/proact_sol_002209401\\\/#breadcrumb\"},\"inLanguage\":\"en-US\",\"potentialAction\":[{\"@type\":\"ReadAction\",\"target\":[\"https:\\\/\\\/www.hydrachim.fr\\\/en\\\/produit\\\/proact_sol_002209401\\\/\"]}]},{\"@type\":\"ImageObject\",\"inLanguage\":\"en-US\",\"@id\":\"https:\\\/\\\/www.hydrachim.fr\\\/en\\\/produit\\\/proact_sol_002209401\\\/#primaryimage\",\"url\":\"https:\\\/\\\/www.hydrachim.fr\\\/app\\\/uploads\\\/2024\\\/01\\\/2094___PRO_ACT_SOL___auto_laveuse.png\",\"contentUrl\":\"https:\\\/\\\/www.hydrachim.fr\\\/app\\\/uploads\\\/2024\\\/01\\\/2094___PRO_ACT_SOL___auto_laveuse.png\",\"width\":882,\"height\":750},{\"@type\":\"BreadcrumbList\",\"@id\":\"https:\\\/\\\/www.hydrachim.fr\\\/en\\\/produit\\\/proact_sol_002209401\\\/#breadcrumb\",\"itemListElement\":[{\"@type\":\"ListItem\",\"position\":1,\"name\":\"Home\",\"item\":\"https:\\\/\\\/www.hydrachim.fr\\\/en\\\/\"},{\"@type\":\"ListItem\",\"position\":2,\"name\":\"Boutique\",\"item\":\"https:\\\/\\\/www.hydrachim.fr\\\/boutique\\\/\"},{\"@type\":\"ListItem\",\"position\":3,\"name\":\"PRO&rsquo;ACT SOL\"}]},{\"@type\":\"WebSite\",\"@id\":\"https:\\\/\\\/www.hydrachim.fr\\\/en\\\/#website\",\"url\":\"https:\\\/\\\/www.hydrachim.fr\\\/en\\\/\",\"name\":\"Hydrachim\",\"description\":\"La science de l&#039;hygi\u00e8ne\",\"potentialAction\":[{\"@type\":\"SearchAction\",\"target\":{\"@type\":\"EntryPoint\",\"urlTemplate\":\"https:\\\/\\\/www.hydrachim.fr\\\/en\\\/?s={search_term_string}\"},\"query-input\":{\"@type\":\"PropertyValueSpecification\",\"valueRequired\":true,\"valueName\":\"search_term_string\"}}],\"inLanguage\":\"en-US\"}]}<\/script>\n<!-- \/ Yoast SEO plugin. -->","yoast_head_json":{"title":"PRO'ACT SOL - Hydrachim","robots":{"index":"index","follow":"follow","max-snippet":"max-snippet:-1","max-image-preview":"max-image-preview:large","max-video-preview":"max-video-preview:-1"},"canonical":"https:\/\/www.hydrachim.fr\/en\/produit\/proact_sol_002209401\/","og_locale":"en_US","og_type":"article","og_title":"PRO'ACT SOL - Hydrachim","og_description":"Nettoyant probiotique concentr\u00e9 pour l\u2019entretien des sols. Parfum : Orange \/ grenade.","og_url":"https:\/\/www.hydrachim.fr\/en\/produit\/proact_sol_002209401\/","og_site_name":"Hydrachim","article_modified_time":"2024-01-30T15:44:53+00:00","og_image":[{"width":882,"height":750,"url":"https:\/\/www.hydrachim.fr\/app\/uploads\/2024\/01\/2094___PRO_ACT_SOL___auto_laveuse.png","type":"image\/png"}],"twitter_card":"summary_large_image","twitter_misc":{"Est. reading time":"1 minute"},"schema":{"@context":"https:\/\/schema.org","@graph":[{"@type":"WebPage","@id":"https:\/\/www.hydrachim.fr\/en\/produit\/proact_sol_002209401\/","url":"https:\/\/www.hydrachim.fr\/en\/produit\/proact_sol_002209401\/","name":"PRO'ACT SOL - Hydrachim","isPartOf":{"@id":"https:\/\/www.hydrachim.fr\/en\/#website"},"primaryImageOfPage":{"@id":"https:\/\/www.hydrachim.fr\/en\/produit\/proact_sol_002209401\/#primaryimage"},"image":{"@id":"https:\/\/www.hydrachim.fr\/en\/produit\/proact_sol_002209401\/#primaryimage"},"thumbnailUrl":"https:\/\/www.hydrachim.fr\/app\/uploads\/2024\/01\/2094___PRO_ACT_SOL___auto_laveuse.png","datePublished":"2023-12-05T15:31:42+00:00","dateModified":"2024-01-30T15:44:53+00:00","breadcrumb":{"@id":"https:\/\/www.hydrachim.fr\/en\/produit\/proact_sol_002209401\/#breadcrumb"},"inLanguage":"en-US","potentialAction":[{"@type":"ReadAction","target":["https:\/\/www.hydrachim.fr\/en\/produit\/proact_sol_002209401\/"]}]},{"@type":"ImageObject","inLanguage":"en-US","@id":"https:\/\/www.hydrachim.fr\/en\/produit\/proact_sol_002209401\/#primaryimage","url":"https:\/\/www.hydrachim.fr\/app\/uploads\/2024\/01\/2094___PRO_ACT_SOL___auto_laveuse.png","contentUrl":"https:\/\/www.hydrachim.fr\/app\/uploads\/2024\/01\/2094___PRO_ACT_SOL___auto_laveuse.png","width":882,"height":750},{"@type":"BreadcrumbList","@id":"https:\/\/www.hydrachim.fr\/en\/produit\/proact_sol_002209401\/#breadcrumb","itemListElement":[{"@type":"ListItem","position":1,"name":"Home","item":"https:\/\/www.hydrachim.fr\/en\/"},{"@type":"ListItem","position":2,"name":"Boutique","item":"https:\/\/www.hydrachim.fr\/boutique\/"},{"@type":"ListItem","position":3,"name":"PRO&rsquo;ACT SOL"}]},{"@type":"WebSite","@id":"https:\/\/www.hydrachim.fr\/en\/#website","url":"https:\/\/www.hydrachim.fr\/en\/","name":"Hydrachim","description":"La science de l&#039;hygi\u00e8ne","potentialAction":[{"@type":"SearchAction","target":{"@type":"EntryPoint","urlTemplate":"https:\/\/www.hydrachim.fr\/en\/?s={search_term_string}"},"query-input":{"@type":"PropertyValueSpecification","valueRequired":true,"valueName":"search_term_string"}}],"inLanguage":"en-US"}]}},"acf":{"fiche_methode":"","fiche_technique":"https:\/\/www.hydrachim.fr\/app\/uploads\/2024\/01\/ACTEMIA___2094___PRO_ACT_SOL-2.pdf"},"_links":{"self":[{"href":"https:\/\/www.hydrachim.fr\/en\/wp-json\/wp\/v2\/product\/16338","targetHints":{"allow":["GET"]}}],"collection":[{"href":"https:\/\/www.hydrachim.fr\/en\/wp-json\/wp\/v2\/product"}],"about":[{"href":"https:\/\/www.hydrachim.fr\/en\/wp-json\/wp\/v2\/types\/product"}],"wp:featuredmedia":[{"embeddable":true,"href":"https:\/\/www.hydrachim.fr\/en\/wp-json\/wp\/v2\/media\/16694"}],"wp:attachment":[{"href":"https:\/\/www.hydrachim.fr\/en\/wp-json\/wp\/v2\/media?parent=16338"}],"wp:term":[{"taxonomy":"product_brand","embeddable":true,"href":"https:\/\/www.hydrachim.fr\/en\/wp-json\/wp\/v2\/product_brand?post=16338"},{"taxonomy":"product_type","embeddable":true,"href":"https:\/\/www.hydrachim.fr\/en\/wp-json\/wp\/v2\/product_type?post=16338"},{"taxonomy":"product_visibility","embeddable":true,"href":"https:\/\/www.hydrachim.fr\/en\/wp-json\/wp\/v2\/product_visibility?post=16338"},{"taxonomy":"product_cat","embeddable":true,"href":"https:\/\/www.hydrachim.fr\/en\/wp-json\/wp\/v2\/product_cat?post=16338"}],"curies":[{"name":"wp","href":"https:\/\/api.w.org\/{rel}","templated":true}]}}