{"id":16333,"date":"2023-12-05T17:13:58","date_gmt":"2023-12-05T15:13:58","guid":{"rendered":"https:\/\/www.hydrachim.fr\/?post_type=product&#038;p=16333"},"modified":"2024-01-30T11:59:48","modified_gmt":"2024-01-30T09:59:48","slug":"proact_surface_002209301","status":"publish","type":"product","link":"https:\/\/www.hydrachim.fr\/en\/produit\/proact_surface_002209301\/","title":{"rendered":"PRO&#8217;ACT SURFACE"},"content":{"rendered":"<p><strong>PRO\u2019ACT Surface est un nettoyant multi-surfaces qui traite les mauvaises odeurs. <\/strong><\/p>\n<p>Il  permet  une  action  facile  et  rapide,  et  un  nettoyage  en  profondeur gr\u00e2ce aux micro-organismes actifs.<br \/>\nIl  d\u00e9grade  et  \u00e9limine  les  mati\u00e8res  organiques  responsables  des  mauvaises  odeurs,  et  laisse  une  agr\u00e9able  odeur  orange\/grenade gr\u00e2ce \u00e0 son pouvoir d\u00e9sodorisant prolong\u00e9.<br \/>\nUtilisable sur le mobilier ext\u00e9rieur.<br \/>\nContient 99% d\u2019ingr\u00e9dients d\u2019origine naturelle.<\/p>\n<p><strong>Disponible en :<br \/>\nCarton de 6x750mL. R\u00e9f : 002209301<\/strong><\/p>\n<p class=\"y-product y-product__product-subtitle\">Avantage :<\/p>\n<p>Nettoyant  multi-surfaces  et  traitement  des  odeurs  pour  les  h\u00f4tels, restaurants, maisons de retraite, \u00e9coles, h\u00f4pitaux&#8230;<br \/>\nBiocomp\u00e9tition des bact\u00e9ries.<br \/>\nFormule pr\u00eat \u00e0 l&#8217;emploi non class\u00e9e.<br \/>\nManipulation sans danger \/ non toxique.<br \/>\nEfficacit\u00e9 durable : Renouveler toutes les 72H.<\/p>\n<p>Retrouvez le mode d\u2019emploi et le dosage du produit en t\u00e9l\u00e9chargeant, ci-dessous, sa Fiche Technique.<\/p>\n","protected":false},"excerpt":{"rendered":"<p>Nettoyant probiotique multi-surfaces.<br \/>\nParfum : Orange \/ grenade.<\/p>\n","protected":false},"featured_media":16334,"template":"","meta":[],"product_brand":[],"product_type":[2],"product_visibility":[],"product_cat":[4149,4128,4127],"class_list":{"0":"post-16333","1":"product","2":"type-product","3":"status-publish","4":"has-post-thumbnail","6":"product_cat-marquesactemia","7":"product_cat-solentretien","8":"product_cat-produitssurface-sol","9":"product_tag-grenade","10":"product_tag-multi-surfaces","11":"product_tag-orange","12":"product_tag-parfum","13":"product_tag-probiotique","14":"product_tag-traitement-des-odeurs","16":"first","17":"instock","18":"shipping-taxable","19":"product-type-simple"},"yoast_head":"<!-- This site is optimized with the Yoast SEO plugin v27.5 - https:\/\/yoast.com\/product\/yoast-seo-wordpress\/ -->\n<title>PRO&#039;ACT SURFACE - Hydrachim<\/title>\n<meta name=\"robots\" content=\"index, follow, max-snippet:-1, max-image-preview:large, max-video-preview:-1\" \/>\n<link rel=\"canonical\" href=\"https:\/\/www.hydrachim.fr\/en\/produit\/proact_surface_002209301\/\" \/>\n<meta property=\"og:locale\" content=\"en_US\" \/>\n<meta property=\"og:type\" content=\"article\" \/>\n<meta property=\"og:title\" content=\"PRO&#039;ACT SURFACE - Hydrachim\" \/>\n<meta property=\"og:description\" content=\"Nettoyant probiotique multi-surfaces.  Parfum : Orange \/ grenade.\" \/>\n<meta property=\"og:url\" content=\"https:\/\/www.hydrachim.fr\/en\/produit\/proact_surface_002209301\/\" \/>\n<meta property=\"og:site_name\" content=\"Hydrachim\" \/>\n<meta property=\"article:modified_time\" content=\"2024-01-30T09:59:48+00:00\" \/>\n<meta property=\"og:image\" content=\"https:\/\/www.hydrachim.fr\/app\/uploads\/2023\/12\/2093___PRO_ACT_SURFACE.png\" \/>\n\t<meta property=\"og:image:width\" content=\"560\" \/>\n\t<meta property=\"og:image:height\" content=\"1000\" \/>\n\t<meta property=\"og:image:type\" content=\"image\/png\" \/>\n<meta name=\"twitter:card\" content=\"summary_large_image\" \/>\n<meta name=\"twitter:label1\" content=\"Est. reading time\" \/>\n\t<meta name=\"twitter:data1\" content=\"1 minute\" \/>\n<script type=\"application\/ld+json\" class=\"yoast-schema-graph\">{\"@context\":\"https:\\\/\\\/schema.org\",\"@graph\":[{\"@type\":\"WebPage\",\"@id\":\"https:\\\/\\\/www.hydrachim.fr\\\/en\\\/produit\\\/proact_surface_002209301\\\/\",\"url\":\"https:\\\/\\\/www.hydrachim.fr\\\/en\\\/produit\\\/proact_surface_002209301\\\/\",\"name\":\"PRO'ACT SURFACE - Hydrachim\",\"isPartOf\":{\"@id\":\"https:\\\/\\\/www.hydrachim.fr\\\/en\\\/#website\"},\"primaryImageOfPage\":{\"@id\":\"https:\\\/\\\/www.hydrachim.fr\\\/en\\\/produit\\\/proact_surface_002209301\\\/#primaryimage\"},\"image\":{\"@id\":\"https:\\\/\\\/www.hydrachim.fr\\\/en\\\/produit\\\/proact_surface_002209301\\\/#primaryimage\"},\"thumbnailUrl\":\"https:\\\/\\\/www.hydrachim.fr\\\/app\\\/uploads\\\/2023\\\/12\\\/2093___PRO_ACT_SURFACE.png\",\"datePublished\":\"2023-12-05T15:13:58+00:00\",\"dateModified\":\"2024-01-30T09:59:48+00:00\",\"breadcrumb\":{\"@id\":\"https:\\\/\\\/www.hydrachim.fr\\\/en\\\/produit\\\/proact_surface_002209301\\\/#breadcrumb\"},\"inLanguage\":\"en-US\",\"potentialAction\":[{\"@type\":\"ReadAction\",\"target\":[\"https:\\\/\\\/www.hydrachim.fr\\\/en\\\/produit\\\/proact_surface_002209301\\\/\"]}]},{\"@type\":\"ImageObject\",\"inLanguage\":\"en-US\",\"@id\":\"https:\\\/\\\/www.hydrachim.fr\\\/en\\\/produit\\\/proact_surface_002209301\\\/#primaryimage\",\"url\":\"https:\\\/\\\/www.hydrachim.fr\\\/app\\\/uploads\\\/2023\\\/12\\\/2093___PRO_ACT_SURFACE.png\",\"contentUrl\":\"https:\\\/\\\/www.hydrachim.fr\\\/app\\\/uploads\\\/2023\\\/12\\\/2093___PRO_ACT_SURFACE.png\",\"width\":560,\"height\":1000},{\"@type\":\"BreadcrumbList\",\"@id\":\"https:\\\/\\\/www.hydrachim.fr\\\/en\\\/produit\\\/proact_surface_002209301\\\/#breadcrumb\",\"itemListElement\":[{\"@type\":\"ListItem\",\"position\":1,\"name\":\"Home\",\"item\":\"https:\\\/\\\/www.hydrachim.fr\\\/en\\\/\"},{\"@type\":\"ListItem\",\"position\":2,\"name\":\"Boutique\",\"item\":\"https:\\\/\\\/www.hydrachim.fr\\\/boutique\\\/\"},{\"@type\":\"ListItem\",\"position\":3,\"name\":\"PRO&rsquo;ACT SURFACE\"}]},{\"@type\":\"WebSite\",\"@id\":\"https:\\\/\\\/www.hydrachim.fr\\\/en\\\/#website\",\"url\":\"https:\\\/\\\/www.hydrachim.fr\\\/en\\\/\",\"name\":\"Hydrachim\",\"description\":\"La science de l&#039;hygi\u00e8ne\",\"potentialAction\":[{\"@type\":\"SearchAction\",\"target\":{\"@type\":\"EntryPoint\",\"urlTemplate\":\"https:\\\/\\\/www.hydrachim.fr\\\/en\\\/?s={search_term_string}\"},\"query-input\":{\"@type\":\"PropertyValueSpecification\",\"valueRequired\":true,\"valueName\":\"search_term_string\"}}],\"inLanguage\":\"en-US\"}]}<\/script>\n<!-- \/ Yoast SEO plugin. -->","yoast_head_json":{"title":"PRO'ACT SURFACE - Hydrachim","robots":{"index":"index","follow":"follow","max-snippet":"max-snippet:-1","max-image-preview":"max-image-preview:large","max-video-preview":"max-video-preview:-1"},"canonical":"https:\/\/www.hydrachim.fr\/en\/produit\/proact_surface_002209301\/","og_locale":"en_US","og_type":"article","og_title":"PRO'ACT SURFACE - Hydrachim","og_description":"Nettoyant probiotique multi-surfaces.  Parfum : Orange \/ grenade.","og_url":"https:\/\/www.hydrachim.fr\/en\/produit\/proact_surface_002209301\/","og_site_name":"Hydrachim","article_modified_time":"2024-01-30T09:59:48+00:00","og_image":[{"width":560,"height":1000,"url":"https:\/\/www.hydrachim.fr\/app\/uploads\/2023\/12\/2093___PRO_ACT_SURFACE.png","type":"image\/png"}],"twitter_card":"summary_large_image","twitter_misc":{"Est. reading time":"1 minute"},"schema":{"@context":"https:\/\/schema.org","@graph":[{"@type":"WebPage","@id":"https:\/\/www.hydrachim.fr\/en\/produit\/proact_surface_002209301\/","url":"https:\/\/www.hydrachim.fr\/en\/produit\/proact_surface_002209301\/","name":"PRO'ACT SURFACE - Hydrachim","isPartOf":{"@id":"https:\/\/www.hydrachim.fr\/en\/#website"},"primaryImageOfPage":{"@id":"https:\/\/www.hydrachim.fr\/en\/produit\/proact_surface_002209301\/#primaryimage"},"image":{"@id":"https:\/\/www.hydrachim.fr\/en\/produit\/proact_surface_002209301\/#primaryimage"},"thumbnailUrl":"https:\/\/www.hydrachim.fr\/app\/uploads\/2023\/12\/2093___PRO_ACT_SURFACE.png","datePublished":"2023-12-05T15:13:58+00:00","dateModified":"2024-01-30T09:59:48+00:00","breadcrumb":{"@id":"https:\/\/www.hydrachim.fr\/en\/produit\/proact_surface_002209301\/#breadcrumb"},"inLanguage":"en-US","potentialAction":[{"@type":"ReadAction","target":["https:\/\/www.hydrachim.fr\/en\/produit\/proact_surface_002209301\/"]}]},{"@type":"ImageObject","inLanguage":"en-US","@id":"https:\/\/www.hydrachim.fr\/en\/produit\/proact_surface_002209301\/#primaryimage","url":"https:\/\/www.hydrachim.fr\/app\/uploads\/2023\/12\/2093___PRO_ACT_SURFACE.png","contentUrl":"https:\/\/www.hydrachim.fr\/app\/uploads\/2023\/12\/2093___PRO_ACT_SURFACE.png","width":560,"height":1000},{"@type":"BreadcrumbList","@id":"https:\/\/www.hydrachim.fr\/en\/produit\/proact_surface_002209301\/#breadcrumb","itemListElement":[{"@type":"ListItem","position":1,"name":"Home","item":"https:\/\/www.hydrachim.fr\/en\/"},{"@type":"ListItem","position":2,"name":"Boutique","item":"https:\/\/www.hydrachim.fr\/boutique\/"},{"@type":"ListItem","position":3,"name":"PRO&rsquo;ACT SURFACE"}]},{"@type":"WebSite","@id":"https:\/\/www.hydrachim.fr\/en\/#website","url":"https:\/\/www.hydrachim.fr\/en\/","name":"Hydrachim","description":"La science de l&#039;hygi\u00e8ne","potentialAction":[{"@type":"SearchAction","target":{"@type":"EntryPoint","urlTemplate":"https:\/\/www.hydrachim.fr\/en\/?s={search_term_string}"},"query-input":{"@type":"PropertyValueSpecification","valueRequired":true,"valueName":"search_term_string"}}],"inLanguage":"en-US"}]}},"acf":{"fiche_methode":"","fiche_technique":"https:\/\/www.hydrachim.fr\/app\/uploads\/2023\/12\/ACTEMIA___2093___PRO_ACT_SURFACE.pdf"},"_links":{"self":[{"href":"https:\/\/www.hydrachim.fr\/en\/wp-json\/wp\/v2\/product\/16333","targetHints":{"allow":["GET"]}}],"collection":[{"href":"https:\/\/www.hydrachim.fr\/en\/wp-json\/wp\/v2\/product"}],"about":[{"href":"https:\/\/www.hydrachim.fr\/en\/wp-json\/wp\/v2\/types\/product"}],"wp:featuredmedia":[{"embeddable":true,"href":"https:\/\/www.hydrachim.fr\/en\/wp-json\/wp\/v2\/media\/16334"}],"wp:attachment":[{"href":"https:\/\/www.hydrachim.fr\/en\/wp-json\/wp\/v2\/media?parent=16333"}],"wp:term":[{"taxonomy":"product_brand","embeddable":true,"href":"https:\/\/www.hydrachim.fr\/en\/wp-json\/wp\/v2\/product_brand?post=16333"},{"taxonomy":"product_type","embeddable":true,"href":"https:\/\/www.hydrachim.fr\/en\/wp-json\/wp\/v2\/product_type?post=16333"},{"taxonomy":"product_visibility","embeddable":true,"href":"https:\/\/www.hydrachim.fr\/en\/wp-json\/wp\/v2\/product_visibility?post=16333"},{"taxonomy":"product_cat","embeddable":true,"href":"https:\/\/www.hydrachim.fr\/en\/wp-json\/wp\/v2\/product_cat?post=16333"}],"curies":[{"name":"wp","href":"https:\/\/api.w.org\/{rel}","templated":true}]}}