{"id":16328,"date":"2023-12-05T16:31:23","date_gmt":"2023-12-05T14:31:23","guid":{"rendered":"https:\/\/www.hydrachim.fr\/?post_type=product&#038;p=16328"},"modified":"2024-01-30T11:59:29","modified_gmt":"2024-01-30T09:59:29","slug":"proact_sanitaire_002209101","status":"publish","type":"product","link":"https:\/\/www.hydrachim.fr\/en\/produit\/proact_sanitaire_002209101\/","title":{"rendered":"PRO&#8217;ACT SANITAIRE"},"content":{"rendered":"<p><strong>PRO&#8217;ACT Sanitaire traite les mauvaises odeurs, s&#8217;utilise sur tout type de surface. <\/strong><\/p>\n<p>PRO\u2019ACT  Sanitaire  est  un  nettoyant  probiotique  qui  d\u00e9grade  les  salissures  organiques  pr\u00e9sentent  sur  les  surfaces  des  sanitaires.<br \/>\nIl convient \u00e0 toutes les surfaces sanitaires.L\u2019action nettoyante des micro-organismes, qui se trouvent dans le produit, permet un nettoyage longue dur\u00e9e.<br \/>\nSon pouvoir d\u00e9sodorisant laisse un agr\u00e9able parfum menthe.<br \/>\n99% des ingr\u00e9dients sont d&#8217;origine naturelle.<\/p>\n<p><strong>Disponible en :<br \/>\nCarton de 6x750mL. R\u00e9f : 002209101<\/strong><\/p>\n<p class=\"y-product y-product__product-subtitle\">Avantage :<\/p>\n<p>Nettoyage  des  sanitaires  et  traitement  des  odeurs  dans  les  h\u00f4tels,  restaurants,  maisons de retraite, \u00e9coles, h\u00f4pitaux&#8230;<br \/>\nBiocomp\u00e9tition des bact\u00e9ries.<br \/>\nFormule pr\u00eat \u00e0 l&#8217;emploi non class\u00e9e.<br \/>\nManipulation sans danger \/ non toxique.<br \/>\nEfficacit\u00e9 durable : Renouveler toutes les 72H.<\/p>\n<p>Retrouvez le mode d\u2019emploi et le dosage du produit en t\u00e9l\u00e9chargeant, ci-dessous, sa Fiche Technique.<\/p>\n<p><em>\u2013 Conserver sous cl\u00e9 et hors de port\u00e9e des enfants.<br \/>\n\u2013 En cas de contact avec les yeux, laver imm\u00e9diatement et abondamment \u00e0 l\u2019eau et consulter un sp\u00e9cialiste.<br \/>\n\u2013 En cas d\u2019ingestion, consulter imm\u00e9diatement un m\u00e9decin et lui montrer l\u2019\u00e9tiquette ou l\u2019emballage.<br \/>\n\u2013 Inoffensif pour les voies respiratoires.<br \/>\n\u2013 Ne pas m\u00e9langer avec de l\u2019eau de javel ou tout autre produit d\u2019entretien<br \/>\n\u2013 Stocker le produit dans un endroit frais et sec. Conserver \u00e0 l\u2019abri du gel et \u00e9viter les expositions prolong\u00e9es \u00e0 des temp\u00e9ratures sup\u00e9rieures \u00e0 40\u00b0C.<\/em><\/p>\n","protected":false},"excerpt":{"rendered":"<p>Nettoyant probiotiques pour les sanitaires.<br \/>\nParfum : Menthe.<\/p>\n","protected":false},"featured_media":16331,"template":"","meta":[],"product_brand":[],"product_type":[2],"product_visibility":[],"product_cat":[4149,4126,4122,4124],"class_list":{"0":"post-16328","1":"product","2":"type-product","3":"status-publish","4":"has-post-thumbnail","6":"product_cat-marquesactemia","7":"product_cat-sanitaireodeur","8":"product_cat-produitssanitaire","9":"product_cat-sanitairesurface","10":"product_tag-parfum","11":"product_tag-probiotique","12":"product_tag-sanitaire","13":"product_tag-toutes-surfaces","14":"product_tag-traitement-des-odeurs","16":"first","17":"instock","18":"shipping-taxable","19":"product-type-simple"},"yoast_head":"<!-- This site is optimized with the Yoast SEO plugin v27.4 - https:\/\/yoast.com\/product\/yoast-seo-wordpress\/ -->\n<title>PRO&#039;ACT SANITAIRE - Hydrachim<\/title>\n<meta name=\"robots\" content=\"index, follow, max-snippet:-1, max-image-preview:large, max-video-preview:-1\" \/>\n<link rel=\"canonical\" href=\"https:\/\/www.hydrachim.fr\/en\/produit\/proact_sanitaire_002209101\/\" \/>\n<meta property=\"og:locale\" content=\"en_US\" \/>\n<meta property=\"og:type\" content=\"article\" \/>\n<meta property=\"og:title\" content=\"PRO&#039;ACT SANITAIRE - Hydrachim\" \/>\n<meta property=\"og:description\" content=\"Nettoyant probiotiques pour les sanitaires. Parfum : Menthe.\" \/>\n<meta property=\"og:url\" content=\"https:\/\/www.hydrachim.fr\/en\/produit\/proact_sanitaire_002209101\/\" \/>\n<meta property=\"og:site_name\" content=\"Hydrachim\" \/>\n<meta property=\"article:modified_time\" content=\"2024-01-30T09:59:29+00:00\" \/>\n<meta property=\"og:image\" content=\"https:\/\/www.hydrachim.fr\/app\/uploads\/2023\/12\/2091___PRO_ACT_SANITAIRE.png\" \/>\n\t<meta property=\"og:image:width\" content=\"560\" \/>\n\t<meta property=\"og:image:height\" content=\"1000\" \/>\n\t<meta property=\"og:image:type\" content=\"image\/png\" \/>\n<meta name=\"twitter:card\" content=\"summary_large_image\" \/>\n<meta name=\"twitter:label1\" content=\"Est. reading time\" \/>\n\t<meta name=\"twitter:data1\" content=\"1 minute\" \/>\n<script type=\"application\/ld+json\" class=\"yoast-schema-graph\">{\"@context\":\"https:\\\/\\\/schema.org\",\"@graph\":[{\"@type\":\"WebPage\",\"@id\":\"https:\\\/\\\/www.hydrachim.fr\\\/en\\\/produit\\\/proact_sanitaire_002209101\\\/\",\"url\":\"https:\\\/\\\/www.hydrachim.fr\\\/en\\\/produit\\\/proact_sanitaire_002209101\\\/\",\"name\":\"PRO'ACT SANITAIRE - Hydrachim\",\"isPartOf\":{\"@id\":\"https:\\\/\\\/www.hydrachim.fr\\\/en\\\/#website\"},\"primaryImageOfPage\":{\"@id\":\"https:\\\/\\\/www.hydrachim.fr\\\/en\\\/produit\\\/proact_sanitaire_002209101\\\/#primaryimage\"},\"image\":{\"@id\":\"https:\\\/\\\/www.hydrachim.fr\\\/en\\\/produit\\\/proact_sanitaire_002209101\\\/#primaryimage\"},\"thumbnailUrl\":\"https:\\\/\\\/www.hydrachim.fr\\\/app\\\/uploads\\\/2023\\\/12\\\/2091___PRO_ACT_SANITAIRE.png\",\"datePublished\":\"2023-12-05T14:31:23+00:00\",\"dateModified\":\"2024-01-30T09:59:29+00:00\",\"breadcrumb\":{\"@id\":\"https:\\\/\\\/www.hydrachim.fr\\\/en\\\/produit\\\/proact_sanitaire_002209101\\\/#breadcrumb\"},\"inLanguage\":\"en-US\",\"potentialAction\":[{\"@type\":\"ReadAction\",\"target\":[\"https:\\\/\\\/www.hydrachim.fr\\\/en\\\/produit\\\/proact_sanitaire_002209101\\\/\"]}]},{\"@type\":\"ImageObject\",\"inLanguage\":\"en-US\",\"@id\":\"https:\\\/\\\/www.hydrachim.fr\\\/en\\\/produit\\\/proact_sanitaire_002209101\\\/#primaryimage\",\"url\":\"https:\\\/\\\/www.hydrachim.fr\\\/app\\\/uploads\\\/2023\\\/12\\\/2091___PRO_ACT_SANITAIRE.png\",\"contentUrl\":\"https:\\\/\\\/www.hydrachim.fr\\\/app\\\/uploads\\\/2023\\\/12\\\/2091___PRO_ACT_SANITAIRE.png\",\"width\":560,\"height\":1000},{\"@type\":\"BreadcrumbList\",\"@id\":\"https:\\\/\\\/www.hydrachim.fr\\\/en\\\/produit\\\/proact_sanitaire_002209101\\\/#breadcrumb\",\"itemListElement\":[{\"@type\":\"ListItem\",\"position\":1,\"name\":\"Home\",\"item\":\"https:\\\/\\\/www.hydrachim.fr\\\/en\\\/\"},{\"@type\":\"ListItem\",\"position\":2,\"name\":\"Boutique\",\"item\":\"https:\\\/\\\/www.hydrachim.fr\\\/boutique\\\/\"},{\"@type\":\"ListItem\",\"position\":3,\"name\":\"PRO&rsquo;ACT SANITAIRE\"}]},{\"@type\":\"WebSite\",\"@id\":\"https:\\\/\\\/www.hydrachim.fr\\\/en\\\/#website\",\"url\":\"https:\\\/\\\/www.hydrachim.fr\\\/en\\\/\",\"name\":\"Hydrachim\",\"description\":\"La science de l&#039;hygi\u00e8ne\",\"potentialAction\":[{\"@type\":\"SearchAction\",\"target\":{\"@type\":\"EntryPoint\",\"urlTemplate\":\"https:\\\/\\\/www.hydrachim.fr\\\/en\\\/?s={search_term_string}\"},\"query-input\":{\"@type\":\"PropertyValueSpecification\",\"valueRequired\":true,\"valueName\":\"search_term_string\"}}],\"inLanguage\":\"en-US\"}]}<\/script>\n<!-- \/ Yoast SEO plugin. -->","yoast_head_json":{"title":"PRO'ACT SANITAIRE - Hydrachim","robots":{"index":"index","follow":"follow","max-snippet":"max-snippet:-1","max-image-preview":"max-image-preview:large","max-video-preview":"max-video-preview:-1"},"canonical":"https:\/\/www.hydrachim.fr\/en\/produit\/proact_sanitaire_002209101\/","og_locale":"en_US","og_type":"article","og_title":"PRO'ACT SANITAIRE - Hydrachim","og_description":"Nettoyant probiotiques pour les sanitaires. Parfum : Menthe.","og_url":"https:\/\/www.hydrachim.fr\/en\/produit\/proact_sanitaire_002209101\/","og_site_name":"Hydrachim","article_modified_time":"2024-01-30T09:59:29+00:00","og_image":[{"width":560,"height":1000,"url":"https:\/\/www.hydrachim.fr\/app\/uploads\/2023\/12\/2091___PRO_ACT_SANITAIRE.png","type":"image\/png"}],"twitter_card":"summary_large_image","twitter_misc":{"Est. reading time":"1 minute"},"schema":{"@context":"https:\/\/schema.org","@graph":[{"@type":"WebPage","@id":"https:\/\/www.hydrachim.fr\/en\/produit\/proact_sanitaire_002209101\/","url":"https:\/\/www.hydrachim.fr\/en\/produit\/proact_sanitaire_002209101\/","name":"PRO'ACT SANITAIRE - Hydrachim","isPartOf":{"@id":"https:\/\/www.hydrachim.fr\/en\/#website"},"primaryImageOfPage":{"@id":"https:\/\/www.hydrachim.fr\/en\/produit\/proact_sanitaire_002209101\/#primaryimage"},"image":{"@id":"https:\/\/www.hydrachim.fr\/en\/produit\/proact_sanitaire_002209101\/#primaryimage"},"thumbnailUrl":"https:\/\/www.hydrachim.fr\/app\/uploads\/2023\/12\/2091___PRO_ACT_SANITAIRE.png","datePublished":"2023-12-05T14:31:23+00:00","dateModified":"2024-01-30T09:59:29+00:00","breadcrumb":{"@id":"https:\/\/www.hydrachim.fr\/en\/produit\/proact_sanitaire_002209101\/#breadcrumb"},"inLanguage":"en-US","potentialAction":[{"@type":"ReadAction","target":["https:\/\/www.hydrachim.fr\/en\/produit\/proact_sanitaire_002209101\/"]}]},{"@type":"ImageObject","inLanguage":"en-US","@id":"https:\/\/www.hydrachim.fr\/en\/produit\/proact_sanitaire_002209101\/#primaryimage","url":"https:\/\/www.hydrachim.fr\/app\/uploads\/2023\/12\/2091___PRO_ACT_SANITAIRE.png","contentUrl":"https:\/\/www.hydrachim.fr\/app\/uploads\/2023\/12\/2091___PRO_ACT_SANITAIRE.png","width":560,"height":1000},{"@type":"BreadcrumbList","@id":"https:\/\/www.hydrachim.fr\/en\/produit\/proact_sanitaire_002209101\/#breadcrumb","itemListElement":[{"@type":"ListItem","position":1,"name":"Home","item":"https:\/\/www.hydrachim.fr\/en\/"},{"@type":"ListItem","position":2,"name":"Boutique","item":"https:\/\/www.hydrachim.fr\/boutique\/"},{"@type":"ListItem","position":3,"name":"PRO&rsquo;ACT SANITAIRE"}]},{"@type":"WebSite","@id":"https:\/\/www.hydrachim.fr\/en\/#website","url":"https:\/\/www.hydrachim.fr\/en\/","name":"Hydrachim","description":"La science de l&#039;hygi\u00e8ne","potentialAction":[{"@type":"SearchAction","target":{"@type":"EntryPoint","urlTemplate":"https:\/\/www.hydrachim.fr\/en\/?s={search_term_string}"},"query-input":{"@type":"PropertyValueSpecification","valueRequired":true,"valueName":"search_term_string"}}],"inLanguage":"en-US"}]}},"acf":{"fiche_methode":"","fiche_technique":"https:\/\/www.hydrachim.fr\/app\/uploads\/2023\/12\/ACTEMIA___2091___PRO_ACT_SANITAIRE.pdf"},"_links":{"self":[{"href":"https:\/\/www.hydrachim.fr\/en\/wp-json\/wp\/v2\/product\/16328","targetHints":{"allow":["GET"]}}],"collection":[{"href":"https:\/\/www.hydrachim.fr\/en\/wp-json\/wp\/v2\/product"}],"about":[{"href":"https:\/\/www.hydrachim.fr\/en\/wp-json\/wp\/v2\/types\/product"}],"wp:featuredmedia":[{"embeddable":true,"href":"https:\/\/www.hydrachim.fr\/en\/wp-json\/wp\/v2\/media\/16331"}],"wp:attachment":[{"href":"https:\/\/www.hydrachim.fr\/en\/wp-json\/wp\/v2\/media?parent=16328"}],"wp:term":[{"taxonomy":"product_brand","embeddable":true,"href":"https:\/\/www.hydrachim.fr\/en\/wp-json\/wp\/v2\/product_brand?post=16328"},{"taxonomy":"product_type","embeddable":true,"href":"https:\/\/www.hydrachim.fr\/en\/wp-json\/wp\/v2\/product_type?post=16328"},{"taxonomy":"product_visibility","embeddable":true,"href":"https:\/\/www.hydrachim.fr\/en\/wp-json\/wp\/v2\/product_visibility?post=16328"},{"taxonomy":"product_cat","embeddable":true,"href":"https:\/\/www.hydrachim.fr\/en\/wp-json\/wp\/v2\/product_cat?post=16328"}],"curies":[{"name":"wp","href":"https:\/\/api.w.org\/{rel}","templated":true}]}}