{"id":16319,"date":"2023-12-05T15:37:28","date_gmt":"2023-12-05T13:37:28","guid":{"rendered":"https:\/\/www.hydrachim.fr\/?post_type=product&#038;p=16319"},"modified":"2025-07-03T15:21:29","modified_gmt":"2025-07-03T13:21:29","slug":"proact_air_002209001","status":"publish","type":"product","link":"https:\/\/www.hydrachim.fr\/en\/produit\/proact_air_002209001\/","title":{"rendered":"PRO&#8217;ACT AIR"},"content":{"rendered":"<p><strong>PRO\u2019ACT  Air  est  un  purificateur  d\u2019air  \u00e0  l\u2019action  longue  dur\u00e9e  qui  aide  \u00e0  pr\u00e9venir  les  allergies  aux  acariens  :  mol\u00e9cules  organiques  responsables  des  allergies  aux  acariens,  pollens,  poils et squames d\u2019animaux domestiques soit chiens et chats.<\/strong><\/p>\n<p>Les  excr\u00e9ments  des  acariens  sont  \u00e0  l\u2019origine  des  r\u00e9actions  allergiques.  Ils  sont  pr\u00e9sents  dans  les  textiles  (tapis,  literie,  rideaux,  etc)  en  attendant  de  rentrer  en  contact  avec  les  muqueuses.<br \/>\nPro\u2019Act  Air  neutralise  les  mati\u00e8res  f\u00e9cales  des  acariens  et  donc  les  r\u00e9sidus  contenant  l\u2019allerg\u00e8ne,  ce  qui  permet d\u2019assainir l\u2019air int\u00e9rieur.<br \/>\nIl laisse une agr\u00e9able odeur gr\u00e2ce \u00e0 son parfum frais.<br \/>\nContient 98% d&#8217;ingr\u00e9dients d&#8217;origine naturelle.<\/p>\n<p><strong>Disponible en :<br \/>\nCarton de 6x750mL. R\u00e9f : 002209001<\/strong><\/p>\n<p class=\"y-product y-product__product-subtitle\">Avantage :<\/p>\n<p>Purificateur  d\u2019air  pour  les  h\u00f4tels,  restaurants,  maisons  de  retraite, \u00e9coles, h\u00f4pitaux&#8230;<br \/>\nBiocomp\u00e9tition des bact\u00e9ries.<br \/>\nFormule pr\u00eat \u00e0 l&#8217;emploi non class\u00e9e.<br \/>\nManipulation sans danger \/ non toxique.<br \/>\nEfficacit\u00e9 durable : Renouveler toutes les 72H.<\/p>\n<p>Retrouvez le mode d\u2019emploi et le dosage du produit en t\u00e9l\u00e9chargeant, ci-dessous, sa Fiche Technique.<\/p>\n<p><em>\u2013 Conserver sous cl\u00e9 et hors de port\u00e9e des enfants.<br \/>\n\u2013 En cas de contact avec les yeux, laver imm\u00e9diatement et abondamment \u00e0 l\u2019eau et consulter un sp\u00e9cialiste.<br \/>\n\u2013 En cas d\u2019ingestion, consulter imm\u00e9diatement un m\u00e9decin et lui montrer l\u2019\u00e9tiquette ou l\u2019emballage.<br \/>\n\u2013 Inoffensif pour les voies respiratoires.<br \/>\n\u2013 Ne pas m\u00e9langer avec de l\u2019eau de javel ou tout autre produit d\u2019entretien<br \/>\n\u2013 Stocker le produit dans un endroit frais et sec. Conserver \u00e0 l\u2019abri du gel et \u00e9viter les expositions prolong\u00e9es \u00e0 des temp\u00e9ratures sup\u00e9rieures \u00e0 40\u00b0C.<\/em><\/p>\n","protected":false},"excerpt":{"rendered":"<p>Spray probiotique d\u2019assainissement de l\u2019air int\u00e9rieur.<br \/>\nParfum : Aloe Vera.<\/p>\n","protected":false},"featured_media":16326,"template":"","meta":[],"product_brand":[],"product_type":[2],"product_visibility":[],"product_cat":[4149,4132],"class_list":{"0":"post-16319","1":"product","2":"type-product","3":"status-publish","4":"has-post-thumbnail","6":"product_cat-marquesactemia","7":"product_cat-solodeur","8":"product_tag-air-intrieur","9":"product_tag-assainissant","10":"product_tag-probiotique","11":"product_tag-spray","13":"first","14":"instock","15":"shipping-taxable","16":"product-type-simple"},"yoast_head":"<!-- This site is optimized with the Yoast SEO plugin v27.4 - https:\/\/yoast.com\/product\/yoast-seo-wordpress\/ -->\n<title>PRO&#039;ACT AIR - Hydrachim<\/title>\n<meta name=\"robots\" content=\"index, follow, max-snippet:-1, max-image-preview:large, max-video-preview:-1\" \/>\n<link rel=\"canonical\" href=\"https:\/\/www.hydrachim.fr\/en\/produit\/proact_air_002209001\/\" \/>\n<meta property=\"og:locale\" content=\"en_US\" \/>\n<meta property=\"og:type\" content=\"article\" \/>\n<meta property=\"og:title\" content=\"PRO&#039;ACT AIR - Hydrachim\" \/>\n<meta property=\"og:description\" content=\"Spray probiotique d\u2019assainissement de l\u2019air int\u00e9rieur. Parfum : Aloe Vera.\" \/>\n<meta property=\"og:url\" content=\"https:\/\/www.hydrachim.fr\/en\/produit\/proact_air_002209001\/\" \/>\n<meta property=\"og:site_name\" content=\"Hydrachim\" \/>\n<meta property=\"article:modified_time\" content=\"2025-07-03T13:21:29+00:00\" \/>\n<meta property=\"og:image\" content=\"https:\/\/www.hydrachim.fr\/app\/uploads\/2023\/12\/2090___PRO_ACT_AIR.png\" \/>\n\t<meta property=\"og:image:width\" content=\"560\" \/>\n\t<meta property=\"og:image:height\" content=\"1000\" \/>\n\t<meta property=\"og:image:type\" content=\"image\/png\" \/>\n<meta name=\"twitter:card\" content=\"summary_large_image\" \/>\n<meta name=\"twitter:label1\" content=\"Est. reading time\" \/>\n\t<meta name=\"twitter:data1\" content=\"1 minute\" \/>\n<script type=\"application\/ld+json\" class=\"yoast-schema-graph\">{\"@context\":\"https:\\\/\\\/schema.org\",\"@graph\":[{\"@type\":\"WebPage\",\"@id\":\"https:\\\/\\\/www.hydrachim.fr\\\/en\\\/produit\\\/proact_air_002209001\\\/\",\"url\":\"https:\\\/\\\/www.hydrachim.fr\\\/en\\\/produit\\\/proact_air_002209001\\\/\",\"name\":\"PRO'ACT AIR - Hydrachim\",\"isPartOf\":{\"@id\":\"https:\\\/\\\/www.hydrachim.fr\\\/en\\\/#website\"},\"primaryImageOfPage\":{\"@id\":\"https:\\\/\\\/www.hydrachim.fr\\\/en\\\/produit\\\/proact_air_002209001\\\/#primaryimage\"},\"image\":{\"@id\":\"https:\\\/\\\/www.hydrachim.fr\\\/en\\\/produit\\\/proact_air_002209001\\\/#primaryimage\"},\"thumbnailUrl\":\"https:\\\/\\\/www.hydrachim.fr\\\/app\\\/uploads\\\/2023\\\/12\\\/2090___PRO_ACT_AIR.png\",\"datePublished\":\"2023-12-05T13:37:28+00:00\",\"dateModified\":\"2025-07-03T13:21:29+00:00\",\"breadcrumb\":{\"@id\":\"https:\\\/\\\/www.hydrachim.fr\\\/en\\\/produit\\\/proact_air_002209001\\\/#breadcrumb\"},\"inLanguage\":\"en-US\",\"potentialAction\":[{\"@type\":\"ReadAction\",\"target\":[\"https:\\\/\\\/www.hydrachim.fr\\\/en\\\/produit\\\/proact_air_002209001\\\/\"]}]},{\"@type\":\"ImageObject\",\"inLanguage\":\"en-US\",\"@id\":\"https:\\\/\\\/www.hydrachim.fr\\\/en\\\/produit\\\/proact_air_002209001\\\/#primaryimage\",\"url\":\"https:\\\/\\\/www.hydrachim.fr\\\/app\\\/uploads\\\/2023\\\/12\\\/2090___PRO_ACT_AIR.png\",\"contentUrl\":\"https:\\\/\\\/www.hydrachim.fr\\\/app\\\/uploads\\\/2023\\\/12\\\/2090___PRO_ACT_AIR.png\",\"width\":560,\"height\":1000},{\"@type\":\"BreadcrumbList\",\"@id\":\"https:\\\/\\\/www.hydrachim.fr\\\/en\\\/produit\\\/proact_air_002209001\\\/#breadcrumb\",\"itemListElement\":[{\"@type\":\"ListItem\",\"position\":1,\"name\":\"Home\",\"item\":\"https:\\\/\\\/www.hydrachim.fr\\\/en\\\/\"},{\"@type\":\"ListItem\",\"position\":2,\"name\":\"Boutique\",\"item\":\"https:\\\/\\\/www.hydrachim.fr\\\/boutique\\\/\"},{\"@type\":\"ListItem\",\"position\":3,\"name\":\"PRO&rsquo;ACT AIR\"}]},{\"@type\":\"WebSite\",\"@id\":\"https:\\\/\\\/www.hydrachim.fr\\\/en\\\/#website\",\"url\":\"https:\\\/\\\/www.hydrachim.fr\\\/en\\\/\",\"name\":\"Hydrachim\",\"description\":\"La science de l&#039;hygi\u00e8ne\",\"potentialAction\":[{\"@type\":\"SearchAction\",\"target\":{\"@type\":\"EntryPoint\",\"urlTemplate\":\"https:\\\/\\\/www.hydrachim.fr\\\/en\\\/?s={search_term_string}\"},\"query-input\":{\"@type\":\"PropertyValueSpecification\",\"valueRequired\":true,\"valueName\":\"search_term_string\"}}],\"inLanguage\":\"en-US\"}]}<\/script>\n<!-- \/ Yoast SEO plugin. -->","yoast_head_json":{"title":"PRO'ACT AIR - Hydrachim","robots":{"index":"index","follow":"follow","max-snippet":"max-snippet:-1","max-image-preview":"max-image-preview:large","max-video-preview":"max-video-preview:-1"},"canonical":"https:\/\/www.hydrachim.fr\/en\/produit\/proact_air_002209001\/","og_locale":"en_US","og_type":"article","og_title":"PRO'ACT AIR - Hydrachim","og_description":"Spray probiotique d\u2019assainissement de l\u2019air int\u00e9rieur. Parfum : Aloe Vera.","og_url":"https:\/\/www.hydrachim.fr\/en\/produit\/proact_air_002209001\/","og_site_name":"Hydrachim","article_modified_time":"2025-07-03T13:21:29+00:00","og_image":[{"width":560,"height":1000,"url":"https:\/\/www.hydrachim.fr\/app\/uploads\/2023\/12\/2090___PRO_ACT_AIR.png","type":"image\/png"}],"twitter_card":"summary_large_image","twitter_misc":{"Est. reading time":"1 minute"},"schema":{"@context":"https:\/\/schema.org","@graph":[{"@type":"WebPage","@id":"https:\/\/www.hydrachim.fr\/en\/produit\/proact_air_002209001\/","url":"https:\/\/www.hydrachim.fr\/en\/produit\/proact_air_002209001\/","name":"PRO'ACT AIR - Hydrachim","isPartOf":{"@id":"https:\/\/www.hydrachim.fr\/en\/#website"},"primaryImageOfPage":{"@id":"https:\/\/www.hydrachim.fr\/en\/produit\/proact_air_002209001\/#primaryimage"},"image":{"@id":"https:\/\/www.hydrachim.fr\/en\/produit\/proact_air_002209001\/#primaryimage"},"thumbnailUrl":"https:\/\/www.hydrachim.fr\/app\/uploads\/2023\/12\/2090___PRO_ACT_AIR.png","datePublished":"2023-12-05T13:37:28+00:00","dateModified":"2025-07-03T13:21:29+00:00","breadcrumb":{"@id":"https:\/\/www.hydrachim.fr\/en\/produit\/proact_air_002209001\/#breadcrumb"},"inLanguage":"en-US","potentialAction":[{"@type":"ReadAction","target":["https:\/\/www.hydrachim.fr\/en\/produit\/proact_air_002209001\/"]}]},{"@type":"ImageObject","inLanguage":"en-US","@id":"https:\/\/www.hydrachim.fr\/en\/produit\/proact_air_002209001\/#primaryimage","url":"https:\/\/www.hydrachim.fr\/app\/uploads\/2023\/12\/2090___PRO_ACT_AIR.png","contentUrl":"https:\/\/www.hydrachim.fr\/app\/uploads\/2023\/12\/2090___PRO_ACT_AIR.png","width":560,"height":1000},{"@type":"BreadcrumbList","@id":"https:\/\/www.hydrachim.fr\/en\/produit\/proact_air_002209001\/#breadcrumb","itemListElement":[{"@type":"ListItem","position":1,"name":"Home","item":"https:\/\/www.hydrachim.fr\/en\/"},{"@type":"ListItem","position":2,"name":"Boutique","item":"https:\/\/www.hydrachim.fr\/boutique\/"},{"@type":"ListItem","position":3,"name":"PRO&rsquo;ACT AIR"}]},{"@type":"WebSite","@id":"https:\/\/www.hydrachim.fr\/en\/#website","url":"https:\/\/www.hydrachim.fr\/en\/","name":"Hydrachim","description":"La science de l&#039;hygi\u00e8ne","potentialAction":[{"@type":"SearchAction","target":{"@type":"EntryPoint","urlTemplate":"https:\/\/www.hydrachim.fr\/en\/?s={search_term_string}"},"query-input":{"@type":"PropertyValueSpecification","valueRequired":true,"valueName":"search_term_string"}}],"inLanguage":"en-US"}]}},"acf":{"fiche_methode":"","fiche_technique":"https:\/\/www.hydrachim.fr\/app\/uploads\/2025\/07\/FT___ACTEMIA___2090___PRO_ACT_AIR.pdf"},"_links":{"self":[{"href":"https:\/\/www.hydrachim.fr\/en\/wp-json\/wp\/v2\/product\/16319","targetHints":{"allow":["GET"]}}],"collection":[{"href":"https:\/\/www.hydrachim.fr\/en\/wp-json\/wp\/v2\/product"}],"about":[{"href":"https:\/\/www.hydrachim.fr\/en\/wp-json\/wp\/v2\/types\/product"}],"wp:featuredmedia":[{"embeddable":true,"href":"https:\/\/www.hydrachim.fr\/en\/wp-json\/wp\/v2\/media\/16326"}],"wp:attachment":[{"href":"https:\/\/www.hydrachim.fr\/en\/wp-json\/wp\/v2\/media?parent=16319"}],"wp:term":[{"taxonomy":"product_brand","embeddable":true,"href":"https:\/\/www.hydrachim.fr\/en\/wp-json\/wp\/v2\/product_brand?post=16319"},{"taxonomy":"product_type","embeddable":true,"href":"https:\/\/www.hydrachim.fr\/en\/wp-json\/wp\/v2\/product_type?post=16319"},{"taxonomy":"product_visibility","embeddable":true,"href":"https:\/\/www.hydrachim.fr\/en\/wp-json\/wp\/v2\/product_visibility?post=16319"},{"taxonomy":"product_cat","embeddable":true,"href":"https:\/\/www.hydrachim.fr\/en\/wp-json\/wp\/v2\/product_cat?post=16319"}],"curies":[{"name":"wp","href":"https:\/\/api.w.org\/{rel}","templated":true}]}}