{"id":15721,"date":"2023-09-22T10:36:19","date_gmt":"2023-09-22T08:36:19","guid":{"rendered":"https:\/\/www.hydrachim.fr\/?post_type=product&#038;p=15721"},"modified":"2025-04-24T11:32:57","modified_gmt":"2025-04-24T09:32:57","slug":"descaler__concentre___station_de_dilution_002066002","status":"publish","type":"product","link":"https:\/\/www.hydrachim.fr\/en\/produit\/descaler__concentre___station_de_dilution_002066002\/","title":{"rendered":"DESCALE&#8217;R  concentr\u00e9   station de dilution"},"content":{"rendered":"<p><strong>D\u00e9tartrant et nettoyant pour toutes les surfaces sanitaires<\/strong><\/p>\n<p><font color=\"#d0103f\"><b>DESCALE\u2019R<\/b><\/font> d\u00e9tartre et nettoie toutes les surfaces sanitaires (salle de bain, WC, douche, parois de verre, murs, carrelages,\u2026). Il a une action d\u00e9tartrante quotidienne, il \u00e9limine aussi les d\u00e9p\u00f4ts de savons et fait briller les surfaces. <\/p>\n<p><font color=\"#d0103f\"><b>DESCALE\u2019R<\/b><\/font> s\u2019utilise pour les surfaces sanitaires en collectivit\u00e9, cr\u00e8ches, EHPAD, locaux administratifs, h\u00f4tels, industries, locaux sociaux, tertiaires,&#8230;<\/p>\n<p><font color=\"#d0103f\"><b>DESCALE\u2019R<\/b><\/font> est une formule concentr\u00e9e destin\u00e9e \u00e0 \u00eatre dilu\u00e9e dans un pulv\u00e9risateur.<\/p>\n<p><font color=\"#d0103f\"><b>DESCALE\u2019R<\/b><\/font> est fabriqu\u00e9 en France.<\/p>\n<ul>\n<li>Parfum Energizing. (Parfum \u00e9nergisant, fruits exotiques, odeur tonique).<\/li>\n<\/ul>\n<p><strong>Disponible en :<br \/>\n&#8211; Carton de 2&#215;5 L \u2013 R\u00e9f.002066001<br \/>\n&#8211; Carton de 6&#215;1 L \u2013 R\u00e9f.002066002<\/strong><\/p>\n<p class=\"y-product y-product__product-subtitle\">Avantage :<\/p>\n<p><\/p>\n<p>Un bidon de 1Litre vous permet de conditionner 50 pulv\u00e9risateurs de 650 mL.<br \/>\nDe la m\u00eame mani\u00e8re, un bidon de 5 Litres vous permet de conditionner 250 pulv\u00e9risateurs 650 mL. <\/p>\n<ul>\n<li>Gain de place de stockage et de recyclage.<\/li>\n<li>Gain de co\u00fbt de transport.<\/li>\n<p><h4><b>Mode d&#8217;emploi :<\/b><\/h4>\n<p>&gt;&gt; Ne pas utiliser pur. Descale\u2019R est concentr\u00e9 et doit \u00eatre dilu\u00e9 avant utilisation.<\/p>\n<p>Vous avez 2 mani\u00e8res de diluer ce produit dans vos pulv\u00e9risateurs techniques :<\/p>\n<p><b>En automatique :<\/b><br \/>\nEn station de dilution de mani\u00e8re \u00e0 obtenir 20 mL de produit dans votre bidon de 650 mL.<\/p>\n<p><b>Manuellement :<\/b><br \/>\n<i>Si vous avez un bidon de 1 L :<\/i><br \/>\n1. Prendre votre bidon,<br \/>\n2. Visser votre bouchon doseur $D-62<br \/>\n3. Presser sur le bidon pour faire monter 20 mL dans votre bouchon,<br \/>\n4. Verser la quantit\u00e9 dans votre pulv\u00e9risateur 650 mL pr\u00e9alablement rempli de 630 mL d\u2019eau.<\/p>\n<p><i>Si vous avez un bidon de 5 L :<\/i><br \/>\n1. Prendre votre bidon,<br \/>\n2. Emboiter votre bec verseur $D-63,<br \/>\n3. Verser 20 ml dans votre pulv\u00e9risateur 650 mL pr\u00e9alablement rempli de 630 mL d\u2019eau.<\/p>\n<p>Votre produit est pr\u00eat \u00e0 l&#8217;emploi !<\/p>\n<p>Pour l&#8217;utilisation du produit PAE : se r\u00e9f\u00e9rer \u00e0 la fiche technique ou \u00e9tiquette du pulv\u00e9risateur. Descale\u2019R peut se diluer dans notre pulv\u00e9risateur technique (Disponible \u00e0 la vente en assortiment).<\/p>\n<p><em>Attention \u00e0 bien nettoyer et s\u00e9cher votre pulv\u00e9risateur entre chaque recharge.<br \/>\nUne fois votre produit dilu\u00e9 en Pr\u00eat A l\u2019Emploi, vous pouvez conserver ce P.A.E. environ 12 mois.<br \/>\nFormule d\u00e9pos\u00e9e au centre antipoison de Nancy (N\u00b00651) : + 33 (0)3 83 22 50 50.<br \/>\nN\u00b0 de t\u00e9l\u00e9phone d\u2019appel d\u2019urgence INRS\/ORFILA : + 33 (0)1 45 42 59 59.<br \/>\nPour une question de s\u00e9curit\u00e9, ne pas r\u00e9utiliser l\u2019emballage vide.<br \/>\nDilu\u00e9 : Conforme \u00e0 la l\u00e9gislation relative aux produits de nettoyage du mat\u00e9riel pouvant se trouver en contact des denr\u00e9es alimentaires. Pour cette utilisation, rin\u00e7age obligatoire.<br \/>\nCe produit n\u2019est pas destin\u00e9 \u00e0 un nettoyage industriel.<\/em><\/p>\n","protected":false},"excerpt":{"rendered":"<p>D\u00e9tartrant surfaces sanitaires<\/p>\n","protected":false},"featured_media":21467,"template":"","meta":[],"product_brand":[],"product_type":[2],"product_visibility":[],"product_cat":[4189,4143],"class_list":{"0":"post-15721","1":"product","2":"type-product","3":"status-publish","4":"has-post-thumbnail","6":"product_cat-marquesidegreen","7":"product_cat-nouveautes","8":"product_tag-chr","9":"product_tag-concentre","10":"product_tag-detartrant","11":"product_tag-sanitaire","13":"first","14":"instock","15":"shipping-taxable","16":"product-type-simple"},"yoast_head":"<!-- This site is optimized with the Yoast SEO plugin v27.5 - https:\/\/yoast.com\/product\/yoast-seo-wordpress\/ -->\n<title>DESCALE&#039;R concentr\u00e9  station de dilution - Hydrachim<\/title>\n<meta name=\"description\" content=\"DESCALE\u2019R d\u00e9tartre et nettoie toutes les surfaces sanitaires. Il a une action d\u00e9tartrante quotidienne, il \u00e9limine aussi les d\u00e9p\u00f4ts de savons.\" \/>\n<meta name=\"robots\" content=\"index, follow, max-snippet:-1, max-image-preview:large, max-video-preview:-1\" \/>\n<link rel=\"canonical\" href=\"https:\/\/www.hydrachim.fr\/en\/produit\/descaler__concentre___station_de_dilution_002066002\/\" \/>\n<meta property=\"og:locale\" content=\"en_US\" \/>\n<meta property=\"og:type\" content=\"article\" \/>\n<meta property=\"og:title\" content=\"DESCALE&#039;R concentr\u00e9  station de dilution - Hydrachim\" \/>\n<meta property=\"og:description\" content=\"DESCALE\u2019R d\u00e9tartre et nettoie toutes les surfaces sanitaires. Il a une action d\u00e9tartrante quotidienne, il \u00e9limine aussi les d\u00e9p\u00f4ts de savons.\" \/>\n<meta property=\"og:url\" content=\"https:\/\/www.hydrachim.fr\/en\/produit\/descaler__concentre___station_de_dilution_002066002\/\" \/>\n<meta property=\"og:site_name\" content=\"Hydrachim\" \/>\n<meta property=\"article:modified_time\" content=\"2025-04-24T09:32:57+00:00\" \/>\n<meta property=\"og:image\" content=\"https:\/\/www.hydrachim.fr\/app\/uploads\/2025\/04\/0660___DESCALE_RR-1.png\" \/>\n\t<meta property=\"og:image:width\" content=\"1543\" \/>\n\t<meta property=\"og:image:height\" content=\"2227\" \/>\n\t<meta property=\"og:image:type\" content=\"image\/png\" \/>\n<meta name=\"twitter:card\" content=\"summary_large_image\" \/>\n<meta name=\"twitter:label1\" content=\"Est. reading time\" \/>\n\t<meta name=\"twitter:data1\" content=\"3 minutes\" \/>\n<script type=\"application\/ld+json\" class=\"yoast-schema-graph\">{\"@context\":\"https:\\\/\\\/schema.org\",\"@graph\":[{\"@type\":\"WebPage\",\"@id\":\"https:\\\/\\\/www.hydrachim.fr\\\/en\\\/produit\\\/descaler__concentre___station_de_dilution_002066002\\\/\",\"url\":\"https:\\\/\\\/www.hydrachim.fr\\\/en\\\/produit\\\/descaler__concentre___station_de_dilution_002066002\\\/\",\"name\":\"DESCALE'R concentr\u00e9 station de dilution - Hydrachim\",\"isPartOf\":{\"@id\":\"https:\\\/\\\/www.hydrachim.fr\\\/en\\\/#website\"},\"primaryImageOfPage\":{\"@id\":\"https:\\\/\\\/www.hydrachim.fr\\\/en\\\/produit\\\/descaler__concentre___station_de_dilution_002066002\\\/#primaryimage\"},\"image\":{\"@id\":\"https:\\\/\\\/www.hydrachim.fr\\\/en\\\/produit\\\/descaler__concentre___station_de_dilution_002066002\\\/#primaryimage\"},\"thumbnailUrl\":\"https:\\\/\\\/www.hydrachim.fr\\\/app\\\/uploads\\\/2025\\\/04\\\/0660___DESCALE_RR-1.png\",\"datePublished\":\"2023-09-22T08:36:19+00:00\",\"dateModified\":\"2025-04-24T09:32:57+00:00\",\"description\":\"DESCALE\u2019R d\u00e9tartre et nettoie toutes les surfaces sanitaires. Il a une action d\u00e9tartrante quotidienne, il \u00e9limine aussi les d\u00e9p\u00f4ts de savons.\",\"breadcrumb\":{\"@id\":\"https:\\\/\\\/www.hydrachim.fr\\\/en\\\/produit\\\/descaler__concentre___station_de_dilution_002066002\\\/#breadcrumb\"},\"inLanguage\":\"en-US\",\"potentialAction\":[{\"@type\":\"ReadAction\",\"target\":[\"https:\\\/\\\/www.hydrachim.fr\\\/en\\\/produit\\\/descaler__concentre___station_de_dilution_002066002\\\/\"]}]},{\"@type\":\"ImageObject\",\"inLanguage\":\"en-US\",\"@id\":\"https:\\\/\\\/www.hydrachim.fr\\\/en\\\/produit\\\/descaler__concentre___station_de_dilution_002066002\\\/#primaryimage\",\"url\":\"https:\\\/\\\/www.hydrachim.fr\\\/app\\\/uploads\\\/2025\\\/04\\\/0660___DESCALE_RR-1.png\",\"contentUrl\":\"https:\\\/\\\/www.hydrachim.fr\\\/app\\\/uploads\\\/2025\\\/04\\\/0660___DESCALE_RR-1.png\",\"width\":1543,\"height\":2227},{\"@type\":\"BreadcrumbList\",\"@id\":\"https:\\\/\\\/www.hydrachim.fr\\\/en\\\/produit\\\/descaler__concentre___station_de_dilution_002066002\\\/#breadcrumb\",\"itemListElement\":[{\"@type\":\"ListItem\",\"position\":1,\"name\":\"Home\",\"item\":\"https:\\\/\\\/www.hydrachim.fr\\\/en\\\/\"},{\"@type\":\"ListItem\",\"position\":2,\"name\":\"Boutique\",\"item\":\"https:\\\/\\\/www.hydrachim.fr\\\/boutique\\\/\"},{\"@type\":\"ListItem\",\"position\":3,\"name\":\"DESCALE&rsquo;R concentr\u00e9 station de dilution\"}]},{\"@type\":\"WebSite\",\"@id\":\"https:\\\/\\\/www.hydrachim.fr\\\/en\\\/#website\",\"url\":\"https:\\\/\\\/www.hydrachim.fr\\\/en\\\/\",\"name\":\"Hydrachim\",\"description\":\"La science de l&#039;hygi\u00e8ne\",\"potentialAction\":[{\"@type\":\"SearchAction\",\"target\":{\"@type\":\"EntryPoint\",\"urlTemplate\":\"https:\\\/\\\/www.hydrachim.fr\\\/en\\\/?s={search_term_string}\"},\"query-input\":{\"@type\":\"PropertyValueSpecification\",\"valueRequired\":true,\"valueName\":\"search_term_string\"}}],\"inLanguage\":\"en-US\"}]}<\/script>\n<!-- \/ Yoast SEO plugin. -->","yoast_head_json":{"title":"DESCALE'R concentr\u00e9  station de dilution - Hydrachim","description":"DESCALE\u2019R d\u00e9tartre et nettoie toutes les surfaces sanitaires. Il a une action d\u00e9tartrante quotidienne, il \u00e9limine aussi les d\u00e9p\u00f4ts de savons.","robots":{"index":"index","follow":"follow","max-snippet":"max-snippet:-1","max-image-preview":"max-image-preview:large","max-video-preview":"max-video-preview:-1"},"canonical":"https:\/\/www.hydrachim.fr\/en\/produit\/descaler__concentre___station_de_dilution_002066002\/","og_locale":"en_US","og_type":"article","og_title":"DESCALE'R concentr\u00e9  station de dilution - Hydrachim","og_description":"DESCALE\u2019R d\u00e9tartre et nettoie toutes les surfaces sanitaires. Il a une action d\u00e9tartrante quotidienne, il \u00e9limine aussi les d\u00e9p\u00f4ts de savons.","og_url":"https:\/\/www.hydrachim.fr\/en\/produit\/descaler__concentre___station_de_dilution_002066002\/","og_site_name":"Hydrachim","article_modified_time":"2025-04-24T09:32:57+00:00","og_image":[{"width":1543,"height":2227,"url":"https:\/\/www.hydrachim.fr\/app\/uploads\/2025\/04\/0660___DESCALE_RR-1.png","type":"image\/png"}],"twitter_card":"summary_large_image","twitter_misc":{"Est. reading time":"3 minutes"},"schema":{"@context":"https:\/\/schema.org","@graph":[{"@type":"WebPage","@id":"https:\/\/www.hydrachim.fr\/en\/produit\/descaler__concentre___station_de_dilution_002066002\/","url":"https:\/\/www.hydrachim.fr\/en\/produit\/descaler__concentre___station_de_dilution_002066002\/","name":"DESCALE'R concentr\u00e9 station de dilution - Hydrachim","isPartOf":{"@id":"https:\/\/www.hydrachim.fr\/en\/#website"},"primaryImageOfPage":{"@id":"https:\/\/www.hydrachim.fr\/en\/produit\/descaler__concentre___station_de_dilution_002066002\/#primaryimage"},"image":{"@id":"https:\/\/www.hydrachim.fr\/en\/produit\/descaler__concentre___station_de_dilution_002066002\/#primaryimage"},"thumbnailUrl":"https:\/\/www.hydrachim.fr\/app\/uploads\/2025\/04\/0660___DESCALE_RR-1.png","datePublished":"2023-09-22T08:36:19+00:00","dateModified":"2025-04-24T09:32:57+00:00","description":"DESCALE\u2019R d\u00e9tartre et nettoie toutes les surfaces sanitaires. Il a une action d\u00e9tartrante quotidienne, il \u00e9limine aussi les d\u00e9p\u00f4ts de savons.","breadcrumb":{"@id":"https:\/\/www.hydrachim.fr\/en\/produit\/descaler__concentre___station_de_dilution_002066002\/#breadcrumb"},"inLanguage":"en-US","potentialAction":[{"@type":"ReadAction","target":["https:\/\/www.hydrachim.fr\/en\/produit\/descaler__concentre___station_de_dilution_002066002\/"]}]},{"@type":"ImageObject","inLanguage":"en-US","@id":"https:\/\/www.hydrachim.fr\/en\/produit\/descaler__concentre___station_de_dilution_002066002\/#primaryimage","url":"https:\/\/www.hydrachim.fr\/app\/uploads\/2025\/04\/0660___DESCALE_RR-1.png","contentUrl":"https:\/\/www.hydrachim.fr\/app\/uploads\/2025\/04\/0660___DESCALE_RR-1.png","width":1543,"height":2227},{"@type":"BreadcrumbList","@id":"https:\/\/www.hydrachim.fr\/en\/produit\/descaler__concentre___station_de_dilution_002066002\/#breadcrumb","itemListElement":[{"@type":"ListItem","position":1,"name":"Home","item":"https:\/\/www.hydrachim.fr\/en\/"},{"@type":"ListItem","position":2,"name":"Boutique","item":"https:\/\/www.hydrachim.fr\/boutique\/"},{"@type":"ListItem","position":3,"name":"DESCALE&rsquo;R concentr\u00e9 station de dilution"}]},{"@type":"WebSite","@id":"https:\/\/www.hydrachim.fr\/en\/#website","url":"https:\/\/www.hydrachim.fr\/en\/","name":"Hydrachim","description":"La science de l&#039;hygi\u00e8ne","potentialAction":[{"@type":"SearchAction","target":{"@type":"EntryPoint","urlTemplate":"https:\/\/www.hydrachim.fr\/en\/?s={search_term_string}"},"query-input":{"@type":"PropertyValueSpecification","valueRequired":true,"valueName":"search_term_string"}}],"inLanguage":"en-US"}]}},"acf":{"fiche_methode":"","fiche_technique":"https:\/\/www.hydrachim.fr\/app\/uploads\/2023\/11\/FT___0660__DESCALE_R___station_de_dilution.pdf"},"_links":{"self":[{"href":"https:\/\/www.hydrachim.fr\/en\/wp-json\/wp\/v2\/product\/15721","targetHints":{"allow":["GET"]}}],"collection":[{"href":"https:\/\/www.hydrachim.fr\/en\/wp-json\/wp\/v2\/product"}],"about":[{"href":"https:\/\/www.hydrachim.fr\/en\/wp-json\/wp\/v2\/types\/product"}],"wp:featuredmedia":[{"embeddable":true,"href":"https:\/\/www.hydrachim.fr\/en\/wp-json\/wp\/v2\/media\/21467"}],"wp:attachment":[{"href":"https:\/\/www.hydrachim.fr\/en\/wp-json\/wp\/v2\/media?parent=15721"}],"wp:term":[{"taxonomy":"product_brand","embeddable":true,"href":"https:\/\/www.hydrachim.fr\/en\/wp-json\/wp\/v2\/product_brand?post=15721"},{"taxonomy":"product_type","embeddable":true,"href":"https:\/\/www.hydrachim.fr\/en\/wp-json\/wp\/v2\/product_type?post=15721"},{"taxonomy":"product_visibility","embeddable":true,"href":"https:\/\/www.hydrachim.fr\/en\/wp-json\/wp\/v2\/product_visibility?post=15721"},{"taxonomy":"product_cat","embeddable":true,"href":"https:\/\/www.hydrachim.fr\/en\/wp-json\/wp\/v2\/product_cat?post=15721"}],"curies":[{"name":"wp","href":"https:\/\/api.w.org\/{rel}","templated":true}]}}