{"id":15590,"date":"2023-09-12T12:14:23","date_gmt":"2023-09-12T10:14:23","guid":{"rendered":"https:\/\/www.hydrachim.fr\/produit\/decapmousse_001270002\/"},"modified":"2026-03-16T10:16:14","modified_gmt":"2026-03-16T08:16:14","slug":"decapmousse_001270002","status":"publish","type":"product","link":"https:\/\/www.hydrachim.fr\/en\/produit\/decapmousse_001270002\/","title":{"rendered":"D\u00e9cap&#8217;Mousse"},"content":{"rendered":"<p><strong>D\u00e9cap&#8217;Mousse est un d\u00e9tergent alcalin moussant fortement complexant, d\u00e9velopp\u00e9 pour le nettoyage des surfaces verticales en \u00e9levage.<br \/>\nSans phosphates. S\u00e9questrant.<br \/>\nD\u00e9cap&#8217;Mousse est utilisable en agriculture biologique*.<\/strong><\/p>\n<p>D\u00e9cap&#8217;Mousse s&#8217;utilise en application mousse (canon \u00e0 mousse ou haute pression) sur les murs, mat\u00e9riels, portes&#8230;<br \/>\nSa belle tenue de mousse, permet \u00e0 D\u00e9cap\u2019Mousse d&#8217;\u00eatre actif plus longtemps sur les parois, pour un r\u00e9sultat optimal.\n<\/p>\n<p><strong>Disponible en :<br \/>\n&#8211; Bidon de 22kg, R\u00e9f 001270002,<br \/>\n&#8211; F\u00fbt de 65kg, R\u00e9f. 001270003,<br \/>\n&#8211; F\u00fbt de 210kg, R\u00e9f. 001270004.<\/strong><\/p>\n<p class=\"y-product y-product__product-subtitle\">Avantage :<\/p>\n<p>Une mousse qui fait vraiment la diff\u00e9rence, pour vos usages en \u00e9levage porcins et avicoles.<br \/>\nId\u00e9al avant toute action de d\u00e9sinfection.<\/p>\n<p>* Produit utilisable en agriculture biologique conforme au reglement (UE) 2018\/848 (et ses amendements).<\/p>\n<p>Retrouvez le mode d&#8217;emploi et le dosage du produit en t\u00e9l\u00e9chargeant la Fiche Technique.<\/p>\n","protected":false},"excerpt":{"rendered":"<p>D\u00e9tergent alcalin moussant sp\u00e9cial surfaces verticales.<\/p>\n","protected":false},"featured_media":30604,"template":"","meta":[],"product_brand":[],"product_type":[2],"product_visibility":[],"product_cat":[4154,4089],"class_list":{"0":"post-15590","1":"product","2":"type-product","3":"status-publish","4":"has-post-thumbnail","6":"product_cat-marqueshydrachim-elevage","7":"product_cat-elevagehygine-levage","8":"product_tag-alcalin","9":"product_tag-btiment-dlevage","10":"product_tag-beton","11":"product_tag-canon-a-mousse","12":"product_tag-degraissant","13":"product_tag-desincrustant","14":"product_tag-detergent","15":"product_tag-eau-moyennement-dure","16":"product_tag-facade","17":"product_tag-materiel","18":"product_tag-surface","20":"first","21":"instock","22":"shipping-taxable","23":"product-type-simple"},"yoast_head":"<!-- This site is optimized with the Yoast SEO plugin v27.5 - https:\/\/yoast.com\/product\/yoast-seo-wordpress\/ -->\n<title>D\u00e9cap&#039;Mousse - Hydrachim<\/title>\n<meta name=\"robots\" content=\"index, follow, max-snippet:-1, max-image-preview:large, max-video-preview:-1\" \/>\n<link rel=\"canonical\" href=\"https:\/\/www.hydrachim.fr\/en\/produit\/decapmousse_001270002\/\" \/>\n<meta property=\"og:locale\" content=\"en_US\" \/>\n<meta property=\"og:type\" content=\"article\" \/>\n<meta property=\"og:title\" content=\"D\u00e9cap&#039;Mousse - Hydrachim\" \/>\n<meta property=\"og:description\" content=\"D\u00e9tergent alcalin moussant sp\u00e9cial surfaces verticales.\" \/>\n<meta property=\"og:url\" content=\"https:\/\/www.hydrachim.fr\/en\/produit\/decapmousse_001270002\/\" \/>\n<meta property=\"og:site_name\" content=\"Hydrachim\" \/>\n<meta property=\"article:modified_time\" content=\"2026-03-16T08:16:14+00:00\" \/>\n<meta property=\"og:image\" content=\"https:\/\/www.hydrachim.fr\/app\/uploads\/2026\/03\/001270002_D_cap_Mousse_22kg_mercury.png\" \/>\n\t<meta property=\"og:image:width\" content=\"639\" \/>\n\t<meta property=\"og:image:height\" content=\"914\" \/>\n\t<meta property=\"og:image:type\" content=\"image\/png\" \/>\n<meta name=\"twitter:card\" content=\"summary_large_image\" \/>\n<meta name=\"twitter:label1\" content=\"Est. reading time\" \/>\n\t<meta name=\"twitter:data1\" content=\"1 minute\" \/>\n<script type=\"application\/ld+json\" class=\"yoast-schema-graph\">{\"@context\":\"https:\\\/\\\/schema.org\",\"@graph\":[{\"@type\":\"WebPage\",\"@id\":\"https:\\\/\\\/www.hydrachim.fr\\\/en\\\/produit\\\/decapmousse_001270002\\\/\",\"url\":\"https:\\\/\\\/www.hydrachim.fr\\\/en\\\/produit\\\/decapmousse_001270002\\\/\",\"name\":\"D\u00e9cap'Mousse - Hydrachim\",\"isPartOf\":{\"@id\":\"https:\\\/\\\/www.hydrachim.fr\\\/en\\\/#website\"},\"primaryImageOfPage\":{\"@id\":\"https:\\\/\\\/www.hydrachim.fr\\\/en\\\/produit\\\/decapmousse_001270002\\\/#primaryimage\"},\"image\":{\"@id\":\"https:\\\/\\\/www.hydrachim.fr\\\/en\\\/produit\\\/decapmousse_001270002\\\/#primaryimage\"},\"thumbnailUrl\":\"https:\\\/\\\/www.hydrachim.fr\\\/app\\\/uploads\\\/2026\\\/03\\\/001270002_D_cap_Mousse_22kg_mercury.png\",\"datePublished\":\"2023-09-12T10:14:23+00:00\",\"dateModified\":\"2026-03-16T08:16:14+00:00\",\"breadcrumb\":{\"@id\":\"https:\\\/\\\/www.hydrachim.fr\\\/en\\\/produit\\\/decapmousse_001270002\\\/#breadcrumb\"},\"inLanguage\":\"en-US\",\"potentialAction\":[{\"@type\":\"ReadAction\",\"target\":[\"https:\\\/\\\/www.hydrachim.fr\\\/en\\\/produit\\\/decapmousse_001270002\\\/\"]}]},{\"@type\":\"ImageObject\",\"inLanguage\":\"en-US\",\"@id\":\"https:\\\/\\\/www.hydrachim.fr\\\/en\\\/produit\\\/decapmousse_001270002\\\/#primaryimage\",\"url\":\"https:\\\/\\\/www.hydrachim.fr\\\/app\\\/uploads\\\/2026\\\/03\\\/001270002_D_cap_Mousse_22kg_mercury.png\",\"contentUrl\":\"https:\\\/\\\/www.hydrachim.fr\\\/app\\\/uploads\\\/2026\\\/03\\\/001270002_D_cap_Mousse_22kg_mercury.png\",\"width\":639,\"height\":914},{\"@type\":\"BreadcrumbList\",\"@id\":\"https:\\\/\\\/www.hydrachim.fr\\\/en\\\/produit\\\/decapmousse_001270002\\\/#breadcrumb\",\"itemListElement\":[{\"@type\":\"ListItem\",\"position\":1,\"name\":\"Home\",\"item\":\"https:\\\/\\\/www.hydrachim.fr\\\/en\\\/\"},{\"@type\":\"ListItem\",\"position\":2,\"name\":\"Boutique\",\"item\":\"https:\\\/\\\/www.hydrachim.fr\\\/boutique\\\/\"},{\"@type\":\"ListItem\",\"position\":3,\"name\":\"D\u00e9cap&rsquo;Mousse\"}]},{\"@type\":\"WebSite\",\"@id\":\"https:\\\/\\\/www.hydrachim.fr\\\/en\\\/#website\",\"url\":\"https:\\\/\\\/www.hydrachim.fr\\\/en\\\/\",\"name\":\"Hydrachim\",\"description\":\"La science de l&#039;hygi\u00e8ne\",\"potentialAction\":[{\"@type\":\"SearchAction\",\"target\":{\"@type\":\"EntryPoint\",\"urlTemplate\":\"https:\\\/\\\/www.hydrachim.fr\\\/en\\\/?s={search_term_string}\"},\"query-input\":{\"@type\":\"PropertyValueSpecification\",\"valueRequired\":true,\"valueName\":\"search_term_string\"}}],\"inLanguage\":\"en-US\"}]}<\/script>\n<!-- \/ Yoast SEO plugin. -->","yoast_head_json":{"title":"D\u00e9cap'Mousse - Hydrachim","robots":{"index":"index","follow":"follow","max-snippet":"max-snippet:-1","max-image-preview":"max-image-preview:large","max-video-preview":"max-video-preview:-1"},"canonical":"https:\/\/www.hydrachim.fr\/en\/produit\/decapmousse_001270002\/","og_locale":"en_US","og_type":"article","og_title":"D\u00e9cap'Mousse - Hydrachim","og_description":"D\u00e9tergent alcalin moussant sp\u00e9cial surfaces verticales.","og_url":"https:\/\/www.hydrachim.fr\/en\/produit\/decapmousse_001270002\/","og_site_name":"Hydrachim","article_modified_time":"2026-03-16T08:16:14+00:00","og_image":[{"width":639,"height":914,"url":"https:\/\/www.hydrachim.fr\/app\/uploads\/2026\/03\/001270002_D_cap_Mousse_22kg_mercury.png","type":"image\/png"}],"twitter_card":"summary_large_image","twitter_misc":{"Est. reading time":"1 minute"},"schema":{"@context":"https:\/\/schema.org","@graph":[{"@type":"WebPage","@id":"https:\/\/www.hydrachim.fr\/en\/produit\/decapmousse_001270002\/","url":"https:\/\/www.hydrachim.fr\/en\/produit\/decapmousse_001270002\/","name":"D\u00e9cap'Mousse - Hydrachim","isPartOf":{"@id":"https:\/\/www.hydrachim.fr\/en\/#website"},"primaryImageOfPage":{"@id":"https:\/\/www.hydrachim.fr\/en\/produit\/decapmousse_001270002\/#primaryimage"},"image":{"@id":"https:\/\/www.hydrachim.fr\/en\/produit\/decapmousse_001270002\/#primaryimage"},"thumbnailUrl":"https:\/\/www.hydrachim.fr\/app\/uploads\/2026\/03\/001270002_D_cap_Mousse_22kg_mercury.png","datePublished":"2023-09-12T10:14:23+00:00","dateModified":"2026-03-16T08:16:14+00:00","breadcrumb":{"@id":"https:\/\/www.hydrachim.fr\/en\/produit\/decapmousse_001270002\/#breadcrumb"},"inLanguage":"en-US","potentialAction":[{"@type":"ReadAction","target":["https:\/\/www.hydrachim.fr\/en\/produit\/decapmousse_001270002\/"]}]},{"@type":"ImageObject","inLanguage":"en-US","@id":"https:\/\/www.hydrachim.fr\/en\/produit\/decapmousse_001270002\/#primaryimage","url":"https:\/\/www.hydrachim.fr\/app\/uploads\/2026\/03\/001270002_D_cap_Mousse_22kg_mercury.png","contentUrl":"https:\/\/www.hydrachim.fr\/app\/uploads\/2026\/03\/001270002_D_cap_Mousse_22kg_mercury.png","width":639,"height":914},{"@type":"BreadcrumbList","@id":"https:\/\/www.hydrachim.fr\/en\/produit\/decapmousse_001270002\/#breadcrumb","itemListElement":[{"@type":"ListItem","position":1,"name":"Home","item":"https:\/\/www.hydrachim.fr\/en\/"},{"@type":"ListItem","position":2,"name":"Boutique","item":"https:\/\/www.hydrachim.fr\/boutique\/"},{"@type":"ListItem","position":3,"name":"D\u00e9cap&rsquo;Mousse"}]},{"@type":"WebSite","@id":"https:\/\/www.hydrachim.fr\/en\/#website","url":"https:\/\/www.hydrachim.fr\/en\/","name":"Hydrachim","description":"La science de l&#039;hygi\u00e8ne","potentialAction":[{"@type":"SearchAction","target":{"@type":"EntryPoint","urlTemplate":"https:\/\/www.hydrachim.fr\/en\/?s={search_term_string}"},"query-input":{"@type":"PropertyValueSpecification","valueRequired":true,"valueName":"search_term_string"}}],"inLanguage":"en-US"}]}},"acf":{"fiche_methode":"","fiche_technique":"https:\/\/www.hydrachim.fr\/app\/uploads\/2025\/12\/HYDRACHIM_ELEVAGE_FT2700_DECAPMOUSSE-1.pdf"},"_links":{"self":[{"href":"https:\/\/www.hydrachim.fr\/en\/wp-json\/wp\/v2\/product\/15590","targetHints":{"allow":["GET"]}}],"collection":[{"href":"https:\/\/www.hydrachim.fr\/en\/wp-json\/wp\/v2\/product"}],"about":[{"href":"https:\/\/www.hydrachim.fr\/en\/wp-json\/wp\/v2\/types\/product"}],"wp:featuredmedia":[{"embeddable":true,"href":"https:\/\/www.hydrachim.fr\/en\/wp-json\/wp\/v2\/media\/30604"}],"wp:attachment":[{"href":"https:\/\/www.hydrachim.fr\/en\/wp-json\/wp\/v2\/media?parent=15590"}],"wp:term":[{"taxonomy":"product_brand","embeddable":true,"href":"https:\/\/www.hydrachim.fr\/en\/wp-json\/wp\/v2\/product_brand?post=15590"},{"taxonomy":"product_type","embeddable":true,"href":"https:\/\/www.hydrachim.fr\/en\/wp-json\/wp\/v2\/product_type?post=15590"},{"taxonomy":"product_visibility","embeddable":true,"href":"https:\/\/www.hydrachim.fr\/en\/wp-json\/wp\/v2\/product_visibility?post=15590"},{"taxonomy":"product_cat","embeddable":true,"href":"https:\/\/www.hydrachim.fr\/en\/wp-json\/wp\/v2\/product_cat?post=15590"}],"curies":[{"name":"wp","href":"https:\/\/api.w.org\/{rel}","templated":true}]}}