{"id":14907,"date":"2023-06-21T13:56:15","date_gmt":"2023-06-21T11:56:15","guid":{"rendered":"https:\/\/www.hydrachim.fr\/produit\/tendre_bulle_002225402\/"},"modified":"2025-12-05T16:19:04","modified_gmt":"2025-12-05T14:19:04","slug":"tendre_bulle_ecolabel_sans_parfum_002225401","status":"publish","type":"product","link":"https:\/\/www.hydrachim.fr\/en\/produit\/tendre_bulle_ecolabel_sans_parfum_002225401\/","title":{"rendered":"TENDRE BULLE ECOLABEL sans parfum"},"content":{"rendered":"<p><strong>Tendre bulle est une cr\u00e8me lavante pour les mains, test\u00e9e sous contr\u00f4le dermatologique.<br \/>\nElle contient 94% d\u2019ingr\u00e9dients d\u2019origine naturelle.<br \/>\nElle lave en douceur les peaux sensibles.<br \/>\nFormul\u00e9e sans parfum et sans colorant, elle respecte l\u2019\u00e9quilibre de votre peau.<br \/>\nAdapt\u00e9e pour les b\u00e9b\u00e9s (\u00e0 partir de 2 mois), les enfants et les personnes \u00e2g\u00e9es.<br \/>\nSp\u00e9cial cr\u00e8ches, \u00e9coles et Ehpad<\/strong><\/p>\n<p>Tendre bulle est certifi\u00e9 selon l\u2019ECOLABEL EUROPEEN, une r\u00e9f\u00e9rence en mati\u00e8re de respect de l\u2019environnement. L\u2019ECOLABEL EUROPEEN garantit une s\u00e9curit\u00e9 pour les utilisateurs, l\u2019environnement et la sant\u00e9.<\/p>\n<p><strong>Disponible en :<br \/>\n\u2013 Carton de 6 x 500mL. R\u00e9f. 002225401<br \/>\n\u2013 Carton de 6 x 1L poche. R\u00e9f. 002225404<br \/>\n\u2013 Carton de 4 X 5L. R\u00e9f. 002225402<\/strong><\/p>\n<p class=\"y-product y-product__product-subtitle\">Avantage :<\/p>\n<p>Retrouvez le mode d\u2019emploi et le dosage du produit en t\u00e9l\u00e9chargeant sa Fiche Technique.<\/p>\n<p><em>Avant toute utilisation, lisez l\u2019\u00e9tiquette et les informations concernant le produit.<br \/>\nUn dosage correct permet de r\u00e9aliser des \u00e9conomies et de r\u00e9duire la quantit\u00e9 de produit rejet\u00e9e dans l&#8217;eau\/ l\u2019environnement.<br \/>\nIngr\u00e9dients : AQUA, SODIUM LAURETH SULFATE, GLYCERIN, SODIUM CHLORIDE, COCAMIDOPROPYL BETAINE, LAURYL GLUCOSIDE, SODIUM BENZOATE, CITRIC ACID, SODIUM HYDROXIDE.<\/em><\/p>\n","protected":false},"excerpt":{"rendered":"<p>Cr\u00e8me lavante Mains &#8211; Sans Parfum<br \/>\nB\u00e9b\u00e9s (\u00e0 partir de 2 mois) &#8211; Enfants &#8211; Personnes \u00e2g\u00e9es<\/p>\n","protected":false},"featured_media":23323,"template":"","meta":[],"product_brand":[],"product_type":[2],"product_visibility":[],"product_cat":[4138,4101,4105,4141,4295],"class_list":{"0":"post-14907","1":"product","2":"type-product","3":"status-publish","4":"has-post-thumbnail","6":"product_cat-produits-produitsmains-corpscremes-lavantes-pour-les-mains","7":"product_cat-produitsecolabel","8":"product_cat-ecolabelmains-corps","9":"product_cat-produits","10":"product_cat-marquessimplement","11":"product_tag-creme","12":"product_tag-ecolabel","13":"product_tag-liquide","14":"product_tag-nettoyant","15":"product_tag-origine-vegetale","16":"product_tag-sans-parfum","18":"first","19":"instock","20":"shipping-taxable","21":"product-type-simple"},"yoast_head":"<!-- This site is optimized with the Yoast SEO plugin v27.6 - https:\/\/yoast.com\/product\/yoast-seo-wordpress\/ -->\n<title>TENDRE BULLE ECOLABEL sans parfum - Hydrachim<\/title>\n<meta name=\"robots\" content=\"index, follow, max-snippet:-1, max-image-preview:large, max-video-preview:-1\" \/>\n<link rel=\"canonical\" href=\"https:\/\/www.hydrachim.fr\/en\/produit\/tendre_bulle_ecolabel_sans_parfum_002225401\/\" \/>\n<meta property=\"og:locale\" content=\"en_US\" \/>\n<meta property=\"og:type\" content=\"article\" \/>\n<meta property=\"og:title\" content=\"TENDRE BULLE ECOLABEL sans parfum - Hydrachim\" \/>\n<meta property=\"og:description\" content=\"Cr\u00e8me lavante Mains - Sans Parfum B\u00e9b\u00e9s (\u00e0 partir de 2 mois) - Enfants - Personnes \u00e2g\u00e9es\" \/>\n<meta property=\"og:url\" content=\"https:\/\/www.hydrachim.fr\/en\/produit\/tendre_bulle_ecolabel_sans_parfum_002225401\/\" \/>\n<meta property=\"og:site_name\" content=\"Hydrachim\" \/>\n<meta property=\"article:modified_time\" content=\"2025-12-05T14:19:04+00:00\" \/>\n<meta property=\"og:image\" content=\"https:\/\/www.hydrachim.fr\/app\/uploads\/2023\/06\/SIMPLEMENT___2254___TENDRE_BULLE_SANS_PARFUM___5L_ECOLABEL.png\" \/>\n\t<meta property=\"og:image:width\" content=\"355\" \/>\n\t<meta property=\"og:image:height\" content=\"511\" \/>\n\t<meta property=\"og:image:type\" content=\"image\/png\" \/>\n<meta name=\"twitter:card\" content=\"summary_large_image\" \/>\n<meta name=\"twitter:label1\" content=\"Est. reading time\" \/>\n\t<meta name=\"twitter:data1\" content=\"1 minute\" \/>\n<script type=\"application\/ld+json\" class=\"yoast-schema-graph\">{\"@context\":\"https:\\\/\\\/schema.org\",\"@graph\":[{\"@type\":\"WebPage\",\"@id\":\"https:\\\/\\\/www.hydrachim.fr\\\/en\\\/produit\\\/tendre_bulle_ecolabel_sans_parfum_002225401\\\/\",\"url\":\"https:\\\/\\\/www.hydrachim.fr\\\/en\\\/produit\\\/tendre_bulle_ecolabel_sans_parfum_002225401\\\/\",\"name\":\"TENDRE BULLE ECOLABEL sans parfum - Hydrachim\",\"isPartOf\":{\"@id\":\"https:\\\/\\\/www.hydrachim.fr\\\/en\\\/#website\"},\"primaryImageOfPage\":{\"@id\":\"https:\\\/\\\/www.hydrachim.fr\\\/en\\\/produit\\\/tendre_bulle_ecolabel_sans_parfum_002225401\\\/#primaryimage\"},\"image\":{\"@id\":\"https:\\\/\\\/www.hydrachim.fr\\\/en\\\/produit\\\/tendre_bulle_ecolabel_sans_parfum_002225401\\\/#primaryimage\"},\"thumbnailUrl\":\"https:\\\/\\\/www.hydrachim.fr\\\/app\\\/uploads\\\/2025\\\/12\\\/SIMPLEMENT___2254___TENDRE_BULLE___5L_STYLE_NC.png\",\"datePublished\":\"2023-06-21T11:56:15+00:00\",\"dateModified\":\"2025-12-05T14:19:04+00:00\",\"breadcrumb\":{\"@id\":\"https:\\\/\\\/www.hydrachim.fr\\\/en\\\/produit\\\/tendre_bulle_ecolabel_sans_parfum_002225401\\\/#breadcrumb\"},\"inLanguage\":\"en-US\",\"potentialAction\":[{\"@type\":\"ReadAction\",\"target\":[\"https:\\\/\\\/www.hydrachim.fr\\\/en\\\/produit\\\/tendre_bulle_ecolabel_sans_parfum_002225401\\\/\"]}]},{\"@type\":\"ImageObject\",\"inLanguage\":\"en-US\",\"@id\":\"https:\\\/\\\/www.hydrachim.fr\\\/en\\\/produit\\\/tendre_bulle_ecolabel_sans_parfum_002225401\\\/#primaryimage\",\"url\":\"https:\\\/\\\/www.hydrachim.fr\\\/app\\\/uploads\\\/2025\\\/12\\\/SIMPLEMENT___2254___TENDRE_BULLE___5L_STYLE_NC.png\",\"contentUrl\":\"https:\\\/\\\/www.hydrachim.fr\\\/app\\\/uploads\\\/2025\\\/12\\\/SIMPLEMENT___2254___TENDRE_BULLE___5L_STYLE_NC.png\",\"width\":600,\"height\":1000},{\"@type\":\"BreadcrumbList\",\"@id\":\"https:\\\/\\\/www.hydrachim.fr\\\/en\\\/produit\\\/tendre_bulle_ecolabel_sans_parfum_002225401\\\/#breadcrumb\",\"itemListElement\":[{\"@type\":\"ListItem\",\"position\":1,\"name\":\"Home\",\"item\":\"https:\\\/\\\/www.hydrachim.fr\\\/en\\\/\"},{\"@type\":\"ListItem\",\"position\":2,\"name\":\"Boutique\",\"item\":\"https:\\\/\\\/www.hydrachim.fr\\\/boutique\\\/\"},{\"@type\":\"ListItem\",\"position\":3,\"name\":\"TENDRE BULLE ECOLABEL sans parfum\"}]},{\"@type\":\"WebSite\",\"@id\":\"https:\\\/\\\/www.hydrachim.fr\\\/en\\\/#website\",\"url\":\"https:\\\/\\\/www.hydrachim.fr\\\/en\\\/\",\"name\":\"Hydrachim\",\"description\":\"La science de l&#039;hygi\u00e8ne\",\"potentialAction\":[{\"@type\":\"SearchAction\",\"target\":{\"@type\":\"EntryPoint\",\"urlTemplate\":\"https:\\\/\\\/www.hydrachim.fr\\\/en\\\/?s={search_term_string}\"},\"query-input\":{\"@type\":\"PropertyValueSpecification\",\"valueRequired\":true,\"valueName\":\"search_term_string\"}}],\"inLanguage\":\"en-US\"}]}<\/script>\n<!-- \/ Yoast SEO plugin. -->","yoast_head_json":{"title":"TENDRE BULLE ECOLABEL sans parfum - Hydrachim","robots":{"index":"index","follow":"follow","max-snippet":"max-snippet:-1","max-image-preview":"max-image-preview:large","max-video-preview":"max-video-preview:-1"},"canonical":"https:\/\/www.hydrachim.fr\/en\/produit\/tendre_bulle_ecolabel_sans_parfum_002225401\/","og_locale":"en_US","og_type":"article","og_title":"TENDRE BULLE ECOLABEL sans parfum - Hydrachim","og_description":"Cr\u00e8me lavante Mains - Sans Parfum B\u00e9b\u00e9s (\u00e0 partir de 2 mois) - Enfants - Personnes \u00e2g\u00e9es","og_url":"https:\/\/www.hydrachim.fr\/en\/produit\/tendre_bulle_ecolabel_sans_parfum_002225401\/","og_site_name":"Hydrachim","article_modified_time":"2025-12-05T14:19:04+00:00","og_image":[{"width":355,"height":511,"url":"https:\/\/www.hydrachim.fr\/app\/uploads\/2023\/06\/SIMPLEMENT___2254___TENDRE_BULLE_SANS_PARFUM___5L_ECOLABEL.png","type":"image\/png"}],"twitter_card":"summary_large_image","twitter_misc":{"Est. reading time":"1 minute"},"schema":{"@context":"https:\/\/schema.org","@graph":[{"@type":"WebPage","@id":"https:\/\/www.hydrachim.fr\/en\/produit\/tendre_bulle_ecolabel_sans_parfum_002225401\/","url":"https:\/\/www.hydrachim.fr\/en\/produit\/tendre_bulle_ecolabel_sans_parfum_002225401\/","name":"TENDRE BULLE ECOLABEL sans parfum - Hydrachim","isPartOf":{"@id":"https:\/\/www.hydrachim.fr\/en\/#website"},"primaryImageOfPage":{"@id":"https:\/\/www.hydrachim.fr\/en\/produit\/tendre_bulle_ecolabel_sans_parfum_002225401\/#primaryimage"},"image":{"@id":"https:\/\/www.hydrachim.fr\/en\/produit\/tendre_bulle_ecolabel_sans_parfum_002225401\/#primaryimage"},"thumbnailUrl":"https:\/\/www.hydrachim.fr\/app\/uploads\/2025\/12\/SIMPLEMENT___2254___TENDRE_BULLE___5L_STYLE_NC.png","datePublished":"2023-06-21T11:56:15+00:00","dateModified":"2025-12-05T14:19:04+00:00","breadcrumb":{"@id":"https:\/\/www.hydrachim.fr\/en\/produit\/tendre_bulle_ecolabel_sans_parfum_002225401\/#breadcrumb"},"inLanguage":"en-US","potentialAction":[{"@type":"ReadAction","target":["https:\/\/www.hydrachim.fr\/en\/produit\/tendre_bulle_ecolabel_sans_parfum_002225401\/"]}]},{"@type":"ImageObject","inLanguage":"en-US","@id":"https:\/\/www.hydrachim.fr\/en\/produit\/tendre_bulle_ecolabel_sans_parfum_002225401\/#primaryimage","url":"https:\/\/www.hydrachim.fr\/app\/uploads\/2025\/12\/SIMPLEMENT___2254___TENDRE_BULLE___5L_STYLE_NC.png","contentUrl":"https:\/\/www.hydrachim.fr\/app\/uploads\/2025\/12\/SIMPLEMENT___2254___TENDRE_BULLE___5L_STYLE_NC.png","width":600,"height":1000},{"@type":"BreadcrumbList","@id":"https:\/\/www.hydrachim.fr\/en\/produit\/tendre_bulle_ecolabel_sans_parfum_002225401\/#breadcrumb","itemListElement":[{"@type":"ListItem","position":1,"name":"Home","item":"https:\/\/www.hydrachim.fr\/en\/"},{"@type":"ListItem","position":2,"name":"Boutique","item":"https:\/\/www.hydrachim.fr\/boutique\/"},{"@type":"ListItem","position":3,"name":"TENDRE BULLE ECOLABEL sans parfum"}]},{"@type":"WebSite","@id":"https:\/\/www.hydrachim.fr\/en\/#website","url":"https:\/\/www.hydrachim.fr\/en\/","name":"Hydrachim","description":"La science de l&#039;hygi\u00e8ne","potentialAction":[{"@type":"SearchAction","target":{"@type":"EntryPoint","urlTemplate":"https:\/\/www.hydrachim.fr\/en\/?s={search_term_string}"},"query-input":{"@type":"PropertyValueSpecification","valueRequired":true,"valueName":"search_term_string"}}],"inLanguage":"en-US"}]}},"acf":{"fiche_methode":"","fiche_technique":"https:\/\/www.hydrachim.fr\/app\/uploads\/2025\/12\/FT_SIMPLEMENT___2254___TENDRE_BULLE_SANS_PARFUM___ECOLABEL.pdf"},"_links":{"self":[{"href":"https:\/\/www.hydrachim.fr\/en\/wp-json\/wp\/v2\/product\/14907","targetHints":{"allow":["GET"]}}],"collection":[{"href":"https:\/\/www.hydrachim.fr\/en\/wp-json\/wp\/v2\/product"}],"about":[{"href":"https:\/\/www.hydrachim.fr\/en\/wp-json\/wp\/v2\/types\/product"}],"wp:featuredmedia":[{"embeddable":true,"href":"https:\/\/www.hydrachim.fr\/en\/wp-json\/wp\/v2\/media\/23323"}],"wp:attachment":[{"href":"https:\/\/www.hydrachim.fr\/en\/wp-json\/wp\/v2\/media?parent=14907"}],"wp:term":[{"taxonomy":"product_brand","embeddable":true,"href":"https:\/\/www.hydrachim.fr\/en\/wp-json\/wp\/v2\/product_brand?post=14907"},{"taxonomy":"product_type","embeddable":true,"href":"https:\/\/www.hydrachim.fr\/en\/wp-json\/wp\/v2\/product_type?post=14907"},{"taxonomy":"product_visibility","embeddable":true,"href":"https:\/\/www.hydrachim.fr\/en\/wp-json\/wp\/v2\/product_visibility?post=14907"},{"taxonomy":"product_cat","embeddable":true,"href":"https:\/\/www.hydrachim.fr\/en\/wp-json\/wp\/v2\/product_cat?post=14907"}],"curies":[{"name":"wp","href":"https:\/\/api.w.org\/{rel}","templated":true}]}}