{"id":14798,"date":"2023-06-05T14:42:44","date_gmt":"2023-06-05T12:42:44","guid":{"rendered":"https:\/\/www.hydrachim.fr\/?post_type=product&#038;p=14798"},"modified":"2025-04-22T15:02:52","modified_gmt":"2025-04-22T13:02:52","slug":"dam_002213505","status":"publish","type":"product","link":"https:\/\/www.hydrachim.fr\/en\/produit\/dam_002213505\/","title":{"rendered":"DAM"},"content":{"rendered":"<p><strong>DETERQUAT DAM s\u2019emploie comme d\u00e9tartrant d\u00e9tergent des sols, plafonds et du mat\u00e9riel en application mousse.<br \/>\nId\u00e9al dans les secteurs professionnels de l\u2019alimentaire. Egalement adapt\u00e9 au nettoyage et la d\u00e9sinfection des chambres froides et des vitrines r\u00e9frig\u00e9r\u00e9es.<\/p>\n<p>DETERQUAT DAM est d\u00e9sinfectant :<br \/>\n&#8211; Bact\u00e9ricide<br \/>\n&#8211; Levuricide<br \/>\n&#8211; Virucide<br \/>\n<\/strong><\/p>\n<p>D\u00e9sinfectant acide auto moussant.<br \/>\nNettoie, d\u00e9tartre et d\u00e9sinfecte les surfaces. S\u2019utilise en alternance avec un alcalin ou alcalin chlor\u00e9 moussant.<br \/>\nDETERQUAT DAM est soutenu au niveau du r\u00e8glement Biocide 528\/2012 en TP4 et enregistr\u00e9 sous BioCID.\n<\/p>\n<p><strong>Disponible en :<br \/>\n&#8211; Carton de 4 x 5 L. R\u00e9f. 002213505.<br \/>\n&#8211; F\u00fbt de 200L. R\u00e9f. 002213517.<\/strong><\/p>\n<p class=\"y-product y-product__product-subtitle\">Avantage :<\/p>\n<p>Nettoie, d\u00e9tartre et d\u00e9sinfecte les surfaces.<\/p>\n<p>Retrouvez le mode d&#8217;emploi et le dosage du produit en t\u00e9l\u00e9chargeant sa Fiche Technique<\/p>\n<p><em>Utilisez les biocides avec pr\u00e9caution. Avant toute utilisation, lisez l&#8217;\u00e9tiquette et les informations concernant le produit.<\/p>\n<p>TP4 : D\u00e9sinfectants pour les surfaces en contact avec les denr\u00e9es alimentaires et les aliments pour animaux.<\/em><\/p>\n","protected":false},"excerpt":{"rendered":"<p>D\u00e9tartrant &#8211; D\u00e9tergent &#8211; D\u00e9sinfectant<br \/>\nSp\u00e9cial surface alimentaire<\/p>\n","protected":false},"featured_media":14801,"template":"","meta":[],"product_brand":[],"product_type":[2],"product_visibility":[],"product_cat":[4174,4111,4151,4112],"class_list":{"0":"post-14798","1":"product","2":"type-product","3":"status-publish","4":"has-post-thumbnail","6":"product_cat-nouveautesdesinfection","7":"product_cat-produitsdesinfection","8":"product_cat-marquesdeterquat","9":"product_cat-dsinfectionsurface","10":"product_tag-bactericide","11":"product_tag-chambre-froide","12":"product_tag-desinfectant","13":"product_tag-detartrant","14":"product_tag-detergent","15":"product_tag-industrie-agroalimentaire_1","16":"product_tag-industrie-boulangerie-viennoiserie-patisserie","17":"product_tag-levuricide","18":"product_tag-metiers-de-bouche","19":"product_tag-moussant","20":"product_tag-tous-types-dapplication","21":"product_tag-tous-types-defficacite","22":"product_tag-tous-types-de-secteur-dactivite","23":"product_tag-tp4","24":"product_tag-virucide","26":"first","27":"instock","28":"shipping-taxable","29":"product-type-simple"},"yoast_head":"<!-- This site is optimized with the Yoast SEO plugin v27.5 - https:\/\/yoast.com\/product\/yoast-seo-wordpress\/ -->\n<title>DAM - Hydrachim<\/title>\n<meta name=\"robots\" content=\"index, follow, max-snippet:-1, max-image-preview:large, max-video-preview:-1\" \/>\n<link rel=\"canonical\" href=\"https:\/\/www.hydrachim.fr\/en\/produit\/dam_002213505\/\" \/>\n<meta property=\"og:locale\" content=\"en_US\" \/>\n<meta property=\"og:type\" content=\"article\" \/>\n<meta property=\"og:title\" content=\"DAM - Hydrachim\" \/>\n<meta property=\"og:description\" content=\"D\u00e9tartrant - D\u00e9tergent - D\u00e9sinfectant Sp\u00e9cial surface alimentaire\" \/>\n<meta property=\"og:url\" content=\"https:\/\/www.hydrachim.fr\/en\/produit\/dam_002213505\/\" \/>\n<meta property=\"og:site_name\" content=\"Hydrachim\" \/>\n<meta property=\"article:modified_time\" content=\"2025-04-22T13:02:52+00:00\" \/>\n<meta property=\"og:image\" content=\"https:\/\/www.hydrachim.fr\/app\/uploads\/2023\/06\/2135___DETERQUAT_DAM___5L___Bidon_rouge.png\" \/>\n\t<meta property=\"og:image:width\" content=\"600\" \/>\n\t<meta property=\"og:image:height\" content=\"853\" \/>\n\t<meta property=\"og:image:type\" content=\"image\/png\" \/>\n<meta name=\"twitter:card\" content=\"summary_large_image\" \/>\n<meta name=\"twitter:label1\" content=\"Est. reading time\" \/>\n\t<meta name=\"twitter:data1\" content=\"1 minute\" \/>\n<script type=\"application\/ld+json\" class=\"yoast-schema-graph\">{\"@context\":\"https:\\\/\\\/schema.org\",\"@graph\":[{\"@type\":\"WebPage\",\"@id\":\"https:\\\/\\\/www.hydrachim.fr\\\/en\\\/produit\\\/dam_002213505\\\/\",\"url\":\"https:\\\/\\\/www.hydrachim.fr\\\/en\\\/produit\\\/dam_002213505\\\/\",\"name\":\"DAM - Hydrachim\",\"isPartOf\":{\"@id\":\"https:\\\/\\\/www.hydrachim.fr\\\/en\\\/#website\"},\"primaryImageOfPage\":{\"@id\":\"https:\\\/\\\/www.hydrachim.fr\\\/en\\\/produit\\\/dam_002213505\\\/#primaryimage\"},\"image\":{\"@id\":\"https:\\\/\\\/www.hydrachim.fr\\\/en\\\/produit\\\/dam_002213505\\\/#primaryimage\"},\"thumbnailUrl\":\"https:\\\/\\\/www.hydrachim.fr\\\/app\\\/uploads\\\/2023\\\/06\\\/2135___DETERQUAT_DAM___5L___Bidon_rouge.png\",\"datePublished\":\"2023-06-05T12:42:44+00:00\",\"dateModified\":\"2025-04-22T13:02:52+00:00\",\"breadcrumb\":{\"@id\":\"https:\\\/\\\/www.hydrachim.fr\\\/en\\\/produit\\\/dam_002213505\\\/#breadcrumb\"},\"inLanguage\":\"en-US\",\"potentialAction\":[{\"@type\":\"ReadAction\",\"target\":[\"https:\\\/\\\/www.hydrachim.fr\\\/en\\\/produit\\\/dam_002213505\\\/\"]}]},{\"@type\":\"ImageObject\",\"inLanguage\":\"en-US\",\"@id\":\"https:\\\/\\\/www.hydrachim.fr\\\/en\\\/produit\\\/dam_002213505\\\/#primaryimage\",\"url\":\"https:\\\/\\\/www.hydrachim.fr\\\/app\\\/uploads\\\/2023\\\/06\\\/2135___DETERQUAT_DAM___5L___Bidon_rouge.png\",\"contentUrl\":\"https:\\\/\\\/www.hydrachim.fr\\\/app\\\/uploads\\\/2023\\\/06\\\/2135___DETERQUAT_DAM___5L___Bidon_rouge.png\",\"width\":600,\"height\":853},{\"@type\":\"BreadcrumbList\",\"@id\":\"https:\\\/\\\/www.hydrachim.fr\\\/en\\\/produit\\\/dam_002213505\\\/#breadcrumb\",\"itemListElement\":[{\"@type\":\"ListItem\",\"position\":1,\"name\":\"Home\",\"item\":\"https:\\\/\\\/www.hydrachim.fr\\\/en\\\/\"},{\"@type\":\"ListItem\",\"position\":2,\"name\":\"Boutique\",\"item\":\"https:\\\/\\\/www.hydrachim.fr\\\/boutique\\\/\"},{\"@type\":\"ListItem\",\"position\":3,\"name\":\"DAM\"}]},{\"@type\":\"WebSite\",\"@id\":\"https:\\\/\\\/www.hydrachim.fr\\\/en\\\/#website\",\"url\":\"https:\\\/\\\/www.hydrachim.fr\\\/en\\\/\",\"name\":\"Hydrachim\",\"description\":\"La science de l&#039;hygi\u00e8ne\",\"potentialAction\":[{\"@type\":\"SearchAction\",\"target\":{\"@type\":\"EntryPoint\",\"urlTemplate\":\"https:\\\/\\\/www.hydrachim.fr\\\/en\\\/?s={search_term_string}\"},\"query-input\":{\"@type\":\"PropertyValueSpecification\",\"valueRequired\":true,\"valueName\":\"search_term_string\"}}],\"inLanguage\":\"en-US\"}]}<\/script>\n<!-- \/ Yoast SEO plugin. -->","yoast_head_json":{"title":"DAM - Hydrachim","robots":{"index":"index","follow":"follow","max-snippet":"max-snippet:-1","max-image-preview":"max-image-preview:large","max-video-preview":"max-video-preview:-1"},"canonical":"https:\/\/www.hydrachim.fr\/en\/produit\/dam_002213505\/","og_locale":"en_US","og_type":"article","og_title":"DAM - Hydrachim","og_description":"D\u00e9tartrant - D\u00e9tergent - D\u00e9sinfectant Sp\u00e9cial surface alimentaire","og_url":"https:\/\/www.hydrachim.fr\/en\/produit\/dam_002213505\/","og_site_name":"Hydrachim","article_modified_time":"2025-04-22T13:02:52+00:00","og_image":[{"width":600,"height":853,"url":"https:\/\/www.hydrachim.fr\/app\/uploads\/2023\/06\/2135___DETERQUAT_DAM___5L___Bidon_rouge.png","type":"image\/png"}],"twitter_card":"summary_large_image","twitter_misc":{"Est. reading time":"1 minute"},"schema":{"@context":"https:\/\/schema.org","@graph":[{"@type":"WebPage","@id":"https:\/\/www.hydrachim.fr\/en\/produit\/dam_002213505\/","url":"https:\/\/www.hydrachim.fr\/en\/produit\/dam_002213505\/","name":"DAM - Hydrachim","isPartOf":{"@id":"https:\/\/www.hydrachim.fr\/en\/#website"},"primaryImageOfPage":{"@id":"https:\/\/www.hydrachim.fr\/en\/produit\/dam_002213505\/#primaryimage"},"image":{"@id":"https:\/\/www.hydrachim.fr\/en\/produit\/dam_002213505\/#primaryimage"},"thumbnailUrl":"https:\/\/www.hydrachim.fr\/app\/uploads\/2023\/06\/2135___DETERQUAT_DAM___5L___Bidon_rouge.png","datePublished":"2023-06-05T12:42:44+00:00","dateModified":"2025-04-22T13:02:52+00:00","breadcrumb":{"@id":"https:\/\/www.hydrachim.fr\/en\/produit\/dam_002213505\/#breadcrumb"},"inLanguage":"en-US","potentialAction":[{"@type":"ReadAction","target":["https:\/\/www.hydrachim.fr\/en\/produit\/dam_002213505\/"]}]},{"@type":"ImageObject","inLanguage":"en-US","@id":"https:\/\/www.hydrachim.fr\/en\/produit\/dam_002213505\/#primaryimage","url":"https:\/\/www.hydrachim.fr\/app\/uploads\/2023\/06\/2135___DETERQUAT_DAM___5L___Bidon_rouge.png","contentUrl":"https:\/\/www.hydrachim.fr\/app\/uploads\/2023\/06\/2135___DETERQUAT_DAM___5L___Bidon_rouge.png","width":600,"height":853},{"@type":"BreadcrumbList","@id":"https:\/\/www.hydrachim.fr\/en\/produit\/dam_002213505\/#breadcrumb","itemListElement":[{"@type":"ListItem","position":1,"name":"Home","item":"https:\/\/www.hydrachim.fr\/en\/"},{"@type":"ListItem","position":2,"name":"Boutique","item":"https:\/\/www.hydrachim.fr\/boutique\/"},{"@type":"ListItem","position":3,"name":"DAM"}]},{"@type":"WebSite","@id":"https:\/\/www.hydrachim.fr\/en\/#website","url":"https:\/\/www.hydrachim.fr\/en\/","name":"Hydrachim","description":"La science de l&#039;hygi\u00e8ne","potentialAction":[{"@type":"SearchAction","target":{"@type":"EntryPoint","urlTemplate":"https:\/\/www.hydrachim.fr\/en\/?s={search_term_string}"},"query-input":{"@type":"PropertyValueSpecification","valueRequired":true,"valueName":"search_term_string"}}],"inLanguage":"en-US"}]}},"acf":{"fiche_methode":"","fiche_technique":"https:\/\/www.hydrachim.fr\/app\/uploads\/2025\/04\/FT___2135___DETERQUAT_DAM.pdf"},"_links":{"self":[{"href":"https:\/\/www.hydrachim.fr\/en\/wp-json\/wp\/v2\/product\/14798","targetHints":{"allow":["GET"]}}],"collection":[{"href":"https:\/\/www.hydrachim.fr\/en\/wp-json\/wp\/v2\/product"}],"about":[{"href":"https:\/\/www.hydrachim.fr\/en\/wp-json\/wp\/v2\/types\/product"}],"wp:featuredmedia":[{"embeddable":true,"href":"https:\/\/www.hydrachim.fr\/en\/wp-json\/wp\/v2\/media\/14801"}],"wp:attachment":[{"href":"https:\/\/www.hydrachim.fr\/en\/wp-json\/wp\/v2\/media?parent=14798"}],"wp:term":[{"taxonomy":"product_brand","embeddable":true,"href":"https:\/\/www.hydrachim.fr\/en\/wp-json\/wp\/v2\/product_brand?post=14798"},{"taxonomy":"product_type","embeddable":true,"href":"https:\/\/www.hydrachim.fr\/en\/wp-json\/wp\/v2\/product_type?post=14798"},{"taxonomy":"product_visibility","embeddable":true,"href":"https:\/\/www.hydrachim.fr\/en\/wp-json\/wp\/v2\/product_visibility?post=14798"},{"taxonomy":"product_cat","embeddable":true,"href":"https:\/\/www.hydrachim.fr\/en\/wp-json\/wp\/v2\/product_cat?post=14798"}],"curies":[{"name":"wp","href":"https:\/\/api.w.org\/{rel}","templated":true}]}}