{"id":14487,"date":"2023-05-03T11:10:55","date_gmt":"2023-05-03T09:10:55","guid":{"rendered":"https:\/\/www.hydrachim.fr\/?post_type=product&#038;p=14487"},"modified":"2026-03-02T15:43:36","modified_gmt":"2026-03-02T13:43:36","slug":"frozen_cleaner_002071205","status":"publish","type":"product","link":"https:\/\/www.hydrachim.fr\/en\/produit\/frozen_cleaner_002071205\/","title":{"rendered":"FROZEN CLEANER"},"content":{"rendered":"<p><strong>FROZEN CLEANER est un nettoyant d\u00e9sinfectant adapt\u00e9 \u00e0 un usage en :<br \/>\n&#8211; Machine \u00e0 chantilly<br \/>\n&#8211; Machine \u00e0 glace<br \/>\n&#8211; Machine \u00e0 gla\u00e7ons<br \/>\n&#8211; Tireuse \u00e0 bi\u00e8res<\/p>\n<p>Efficace sur les d\u00e9p\u00f4ts d\u2019origine laitiers.<\/strong><\/p>\n<p>FROZEN CLEANER est :<br \/>\n&#8211; Bact\u00e9ricide<br \/>\n&#8211; Levuricide<\/p>\n<p><strong>Disponible en :<br \/>\n&#8211; Carton de 12 x 1L bouillotte. R\u00e9f. 002071205<br \/>\n&#8211; Carton de 4 x 5L. R\u00e9f. 002071204<\/strong><\/p>\n<p class=\"y-product y-product__product-subtitle\">Avantage :<\/p>\n<p>Formule non moussante pour un rin\u00e7age facile.<br \/>\nEfficace sur les d\u00e9p\u00f4ts d&#8217;origine laitiers.<\/p>\n<p>Conforme \u00e0 la l\u00e9gislation relative aux produits de nettoyage du mat\u00e9riel pouvant se trouver en contact des denr\u00e9es alimentaires. Pour cette utilisation, rin\u00e7age obligatoire. (Arr\u00eat\u00e9 du 08\/09\/99 et ses amendements).<\/p>\n<p>Retrouvez le mode d&#8217;emploi et le dosage du produit en t\u00e9l\u00e9chargeant la fiche technique.<\/p>\n<p><em>Utilisez les biocides avec pr\u00e9caution. Avant toute utilisation, lisez l&#8217;\u00e9tiquette et les informations concernant le produit.<\/em><\/p>\n","protected":false},"excerpt":{"rendered":"<p>Nettoyant d\u00e9sinfectant<br \/>\nSp\u00e9cial machine \u00e0 chantilly &#8211; Machine \u00e0 glace &#8211; Machine \u00e0 gla\u00e7ons &#8211; Tireuse \u00e0 bi\u00e8re<\/p>\n","protected":false},"featured_media":30402,"template":"","meta":[],"product_brand":[],"product_type":[2],"product_visibility":[],"product_cat":[4117,4111,4174,4151],"class_list":{"0":"post-14487","1":"product","2":"type-product","3":"status-publish","4":"has-post-thumbnail","6":"product_cat-produitscuisine","7":"product_cat-produitsdesinfection","8":"product_cat-nouveautesdesinfection","9":"product_cat-marquesdeterquat","10":"product_tag-alimentaire","11":"product_tag-bactericide","12":"product_tag-cafe-hotel-restaurant","13":"product_tag-dpt-laitier","14":"product_tag-levuricide","15":"product_tag-machine--chantilly","16":"product_tag-machine--glace","17":"product_tag-machine--glaons","18":"product_tag-nettoyant","19":"product_tag-tireuse--bire","21":"first","22":"instock","23":"shipping-taxable","24":"product-type-simple"},"yoast_head":"<!-- This site is optimized with the Yoast SEO plugin v27.4 - https:\/\/yoast.com\/product\/yoast-seo-wordpress\/ -->\n<title>FROZEN CLEANER - Hydrachim<\/title>\n<meta name=\"robots\" content=\"index, follow, max-snippet:-1, max-image-preview:large, max-video-preview:-1\" \/>\n<link rel=\"canonical\" href=\"https:\/\/www.hydrachim.fr\/en\/produit\/frozen_cleaner_002071205\/\" \/>\n<meta property=\"og:locale\" content=\"en_US\" \/>\n<meta property=\"og:type\" content=\"article\" \/>\n<meta property=\"og:title\" content=\"FROZEN CLEANER - Hydrachim\" \/>\n<meta property=\"og:description\" content=\"Nettoyant d\u00e9sinfectant Sp\u00e9cial machine \u00e0 chantilly - Machine \u00e0 glace - Machine \u00e0 gla\u00e7ons - Tireuse \u00e0 bi\u00e8re\" \/>\n<meta property=\"og:url\" content=\"https:\/\/www.hydrachim.fr\/en\/produit\/frozen_cleaner_002071205\/\" \/>\n<meta property=\"og:site_name\" content=\"Hydrachim\" \/>\n<meta property=\"article:modified_time\" content=\"2026-03-02T13:43:36+00:00\" \/>\n<meta property=\"og:image\" content=\"https:\/\/www.hydrachim.fr\/app\/uploads\/2026\/03\/0712___FROZEN_CLEANER___1L_5L_.png\" \/>\n\t<meta property=\"og:image:width\" content=\"600\" \/>\n\t<meta property=\"og:image:height\" content=\"815\" \/>\n\t<meta property=\"og:image:type\" content=\"image\/png\" \/>\n<meta name=\"twitter:card\" content=\"summary_large_image\" \/>\n<meta name=\"twitter:label1\" content=\"Est. reading time\" \/>\n\t<meta name=\"twitter:data1\" content=\"1 minute\" \/>\n<script type=\"application\/ld+json\" class=\"yoast-schema-graph\">{\"@context\":\"https:\\\/\\\/schema.org\",\"@graph\":[{\"@type\":\"WebPage\",\"@id\":\"https:\\\/\\\/www.hydrachim.fr\\\/en\\\/produit\\\/frozen_cleaner_002071205\\\/\",\"url\":\"https:\\\/\\\/www.hydrachim.fr\\\/en\\\/produit\\\/frozen_cleaner_002071205\\\/\",\"name\":\"FROZEN CLEANER - Hydrachim\",\"isPartOf\":{\"@id\":\"https:\\\/\\\/www.hydrachim.fr\\\/en\\\/#website\"},\"primaryImageOfPage\":{\"@id\":\"https:\\\/\\\/www.hydrachim.fr\\\/en\\\/produit\\\/frozen_cleaner_002071205\\\/#primaryimage\"},\"image\":{\"@id\":\"https:\\\/\\\/www.hydrachim.fr\\\/en\\\/produit\\\/frozen_cleaner_002071205\\\/#primaryimage\"},\"thumbnailUrl\":\"https:\\\/\\\/www.hydrachim.fr\\\/app\\\/uploads\\\/2026\\\/03\\\/0712___FROZEN_CLEANER___1L_5L_.png\",\"datePublished\":\"2023-05-03T09:10:55+00:00\",\"dateModified\":\"2026-03-02T13:43:36+00:00\",\"breadcrumb\":{\"@id\":\"https:\\\/\\\/www.hydrachim.fr\\\/en\\\/produit\\\/frozen_cleaner_002071205\\\/#breadcrumb\"},\"inLanguage\":\"en-US\",\"potentialAction\":[{\"@type\":\"ReadAction\",\"target\":[\"https:\\\/\\\/www.hydrachim.fr\\\/en\\\/produit\\\/frozen_cleaner_002071205\\\/\"]}]},{\"@type\":\"ImageObject\",\"inLanguage\":\"en-US\",\"@id\":\"https:\\\/\\\/www.hydrachim.fr\\\/en\\\/produit\\\/frozen_cleaner_002071205\\\/#primaryimage\",\"url\":\"https:\\\/\\\/www.hydrachim.fr\\\/app\\\/uploads\\\/2026\\\/03\\\/0712___FROZEN_CLEANER___1L_5L_.png\",\"contentUrl\":\"https:\\\/\\\/www.hydrachim.fr\\\/app\\\/uploads\\\/2026\\\/03\\\/0712___FROZEN_CLEANER___1L_5L_.png\",\"width\":600,\"height\":815},{\"@type\":\"BreadcrumbList\",\"@id\":\"https:\\\/\\\/www.hydrachim.fr\\\/en\\\/produit\\\/frozen_cleaner_002071205\\\/#breadcrumb\",\"itemListElement\":[{\"@type\":\"ListItem\",\"position\":1,\"name\":\"Home\",\"item\":\"https:\\\/\\\/www.hydrachim.fr\\\/en\\\/\"},{\"@type\":\"ListItem\",\"position\":2,\"name\":\"Boutique\",\"item\":\"https:\\\/\\\/www.hydrachim.fr\\\/boutique\\\/\"},{\"@type\":\"ListItem\",\"position\":3,\"name\":\"FROZEN CLEANER\"}]},{\"@type\":\"WebSite\",\"@id\":\"https:\\\/\\\/www.hydrachim.fr\\\/en\\\/#website\",\"url\":\"https:\\\/\\\/www.hydrachim.fr\\\/en\\\/\",\"name\":\"Hydrachim\",\"description\":\"La science de l&#039;hygi\u00e8ne\",\"potentialAction\":[{\"@type\":\"SearchAction\",\"target\":{\"@type\":\"EntryPoint\",\"urlTemplate\":\"https:\\\/\\\/www.hydrachim.fr\\\/en\\\/?s={search_term_string}\"},\"query-input\":{\"@type\":\"PropertyValueSpecification\",\"valueRequired\":true,\"valueName\":\"search_term_string\"}}],\"inLanguage\":\"en-US\"}]}<\/script>\n<!-- \/ Yoast SEO plugin. -->","yoast_head_json":{"title":"FROZEN CLEANER - Hydrachim","robots":{"index":"index","follow":"follow","max-snippet":"max-snippet:-1","max-image-preview":"max-image-preview:large","max-video-preview":"max-video-preview:-1"},"canonical":"https:\/\/www.hydrachim.fr\/en\/produit\/frozen_cleaner_002071205\/","og_locale":"en_US","og_type":"article","og_title":"FROZEN CLEANER - Hydrachim","og_description":"Nettoyant d\u00e9sinfectant Sp\u00e9cial machine \u00e0 chantilly - Machine \u00e0 glace - Machine \u00e0 gla\u00e7ons - Tireuse \u00e0 bi\u00e8re","og_url":"https:\/\/www.hydrachim.fr\/en\/produit\/frozen_cleaner_002071205\/","og_site_name":"Hydrachim","article_modified_time":"2026-03-02T13:43:36+00:00","og_image":[{"width":600,"height":815,"url":"https:\/\/www.hydrachim.fr\/app\/uploads\/2026\/03\/0712___FROZEN_CLEANER___1L_5L_.png","type":"image\/png"}],"twitter_card":"summary_large_image","twitter_misc":{"Est. reading time":"1 minute"},"schema":{"@context":"https:\/\/schema.org","@graph":[{"@type":"WebPage","@id":"https:\/\/www.hydrachim.fr\/en\/produit\/frozen_cleaner_002071205\/","url":"https:\/\/www.hydrachim.fr\/en\/produit\/frozen_cleaner_002071205\/","name":"FROZEN CLEANER - Hydrachim","isPartOf":{"@id":"https:\/\/www.hydrachim.fr\/en\/#website"},"primaryImageOfPage":{"@id":"https:\/\/www.hydrachim.fr\/en\/produit\/frozen_cleaner_002071205\/#primaryimage"},"image":{"@id":"https:\/\/www.hydrachim.fr\/en\/produit\/frozen_cleaner_002071205\/#primaryimage"},"thumbnailUrl":"https:\/\/www.hydrachim.fr\/app\/uploads\/2026\/03\/0712___FROZEN_CLEANER___1L_5L_.png","datePublished":"2023-05-03T09:10:55+00:00","dateModified":"2026-03-02T13:43:36+00:00","breadcrumb":{"@id":"https:\/\/www.hydrachim.fr\/en\/produit\/frozen_cleaner_002071205\/#breadcrumb"},"inLanguage":"en-US","potentialAction":[{"@type":"ReadAction","target":["https:\/\/www.hydrachim.fr\/en\/produit\/frozen_cleaner_002071205\/"]}]},{"@type":"ImageObject","inLanguage":"en-US","@id":"https:\/\/www.hydrachim.fr\/en\/produit\/frozen_cleaner_002071205\/#primaryimage","url":"https:\/\/www.hydrachim.fr\/app\/uploads\/2026\/03\/0712___FROZEN_CLEANER___1L_5L_.png","contentUrl":"https:\/\/www.hydrachim.fr\/app\/uploads\/2026\/03\/0712___FROZEN_CLEANER___1L_5L_.png","width":600,"height":815},{"@type":"BreadcrumbList","@id":"https:\/\/www.hydrachim.fr\/en\/produit\/frozen_cleaner_002071205\/#breadcrumb","itemListElement":[{"@type":"ListItem","position":1,"name":"Home","item":"https:\/\/www.hydrachim.fr\/en\/"},{"@type":"ListItem","position":2,"name":"Boutique","item":"https:\/\/www.hydrachim.fr\/boutique\/"},{"@type":"ListItem","position":3,"name":"FROZEN CLEANER"}]},{"@type":"WebSite","@id":"https:\/\/www.hydrachim.fr\/en\/#website","url":"https:\/\/www.hydrachim.fr\/en\/","name":"Hydrachim","description":"La science de l&#039;hygi\u00e8ne","potentialAction":[{"@type":"SearchAction","target":{"@type":"EntryPoint","urlTemplate":"https:\/\/www.hydrachim.fr\/en\/?s={search_term_string}"},"query-input":{"@type":"PropertyValueSpecification","valueRequired":true,"valueName":"search_term_string"}}],"inLanguage":"en-US"}]}},"acf":{"fiche_methode":"","fiche_technique":"https:\/\/www.hydrachim.fr\/app\/uploads\/2026\/03\/FT_0712_DETERQUAT___FROZEN_CLEANER.pdf"},"_links":{"self":[{"href":"https:\/\/www.hydrachim.fr\/en\/wp-json\/wp\/v2\/product\/14487","targetHints":{"allow":["GET"]}}],"collection":[{"href":"https:\/\/www.hydrachim.fr\/en\/wp-json\/wp\/v2\/product"}],"about":[{"href":"https:\/\/www.hydrachim.fr\/en\/wp-json\/wp\/v2\/types\/product"}],"wp:featuredmedia":[{"embeddable":true,"href":"https:\/\/www.hydrachim.fr\/en\/wp-json\/wp\/v2\/media\/30402"}],"wp:attachment":[{"href":"https:\/\/www.hydrachim.fr\/en\/wp-json\/wp\/v2\/media?parent=14487"}],"wp:term":[{"taxonomy":"product_brand","embeddable":true,"href":"https:\/\/www.hydrachim.fr\/en\/wp-json\/wp\/v2\/product_brand?post=14487"},{"taxonomy":"product_type","embeddable":true,"href":"https:\/\/www.hydrachim.fr\/en\/wp-json\/wp\/v2\/product_type?post=14487"},{"taxonomy":"product_visibility","embeddable":true,"href":"https:\/\/www.hydrachim.fr\/en\/wp-json\/wp\/v2\/product_visibility?post=14487"},{"taxonomy":"product_cat","embeddable":true,"href":"https:\/\/www.hydrachim.fr\/en\/wp-json\/wp\/v2\/product_cat?post=14487"}],"curies":[{"name":"wp","href":"https:\/\/api.w.org\/{rel}","templated":true}]}}