{"id":14053,"date":"2023-03-17T10:56:04","date_gmt":"2023-03-17T08:56:04","guid":{"rendered":"https:\/\/www.hydrachim.fr\/?post_type=product&#038;p=14053"},"modified":"2026-03-06T10:53:46","modified_gmt":"2026-03-06T08:53:46","slug":"saphir_plus_001022701","status":"publish","type":"product","link":"https:\/\/www.hydrachim.fr\/en\/produit\/saphir_plus_001022701\/","title":{"rendered":"Saphir Plus"},"content":{"rendered":"<p><strong>Saphir Plus est une lessive g\u00e9n\u00e9rant de l&#8217;acide perac\u00e9tique pour le nettoyage et la d\u00e9sinfection des lavettes.<\/strong><\/p>\n<p>Saphir Plus \u00e9limine la pr\u00e9sence les souillures et microorganismes sur les lavettes afin d&#8217;obtenir une hygi\u00e8ne parfaite. Cela permet de diminuer le risque d&#8217;augmentation des taux cellulaires et des mammites.<br \/>\nGr\u00e2ce \u00e0 ses puissants agents oxydants, ses agents s\u00e9questrants et sa concentration en tensio-actifs, les lavettes retrouvent leur blancheur d&#8217;origine.<\/p>\n<p>En seau, SAPHIR PLUS est <b>bact\u00e9ricide<\/b> selon la norme EN1656, et <b>levuricide<\/b> selon la norme EN1657, en 45 minutes \u00e0 40\u00b0C en condition de salet\u00e9, d\u00e8s 10 g\/L d\u2019eau.<br \/>\nEn machine, SAPHIR PLUS est efficace en 30 minutes \u00e0 60\u00b0C en condition de salet\u00e9 selon la norme EN 16616, \u00e0 raison de 8 g\/kg de linge sale.<\/p>\n<p><strong><\/p>\n<ul>Disponible en :<\/p>\n<li>Seau de 10kg et gobelet doseur. R\u00e9f.001022701<\/li>\n<\/ul>\n<p><\/strong><\/p>\n<p class=\"y-product y-product__product-subtitle\">Avantage :<\/p>\n<p>SAPHIR PLUS rend les lavettes propres, douces et d\u00e9sinfect\u00e9es :<br \/>\nune m\u00e9thode rapide et tr\u00e8s \u00e9conomique.<br \/>\n<br \/>Le produit peut \u00e9galement s\u2019utiliser en machine \u00e0 laver.<\/p>\n<p>Retrouvez le mode d&#8217;emploi et le dosage du produit en t\u00e9l\u00e9chargeant, ci-dessous, sa Fiche Technique et\/ou sa Fiche M\u00e9thode.<\/p>\n<p><em>Utilisez les biocides avec pr\u00e9caution. Avant toute utilisation, lisez l&#8217;\u00e9tiquette et les informations concernant le produit.<\/em><\/p>\n","protected":false},"excerpt":{"rendered":"<p>Nettoyage et d\u00e9sinfection des lavettes en \u00e9levage.<\/p>\n","protected":false},"featured_media":30444,"template":"","meta":[],"product_brand":[],"product_type":[2],"product_visibility":[],"product_cat":[4154,3985],"class_list":{"0":"post-14053","1":"product","2":"type-product","3":"status-publish","4":"has-post-thumbnail","6":"product_cat-marqueshydrachim-elevage","7":"product_cat-hygiene-mamelle","9":"first","10":"instock","11":"shipping-taxable","12":"product-type-simple"},"yoast_head":"<!-- This site is optimized with the Yoast SEO plugin v27.5 - https:\/\/yoast.com\/product\/yoast-seo-wordpress\/ -->\n<title>Saphir Plus - Hydrachim<\/title>\n<meta name=\"description\" content=\"Saphir Plus \u00e9limine la pr\u00e9sence les souillures et les microorganismes sur les lavettes afin d&#039;obtenir une hygi\u00e8ne parfaite.\" \/>\n<meta name=\"robots\" content=\"index, follow, max-snippet:-1, max-image-preview:large, max-video-preview:-1\" \/>\n<link rel=\"canonical\" href=\"https:\/\/www.hydrachim.fr\/en\/produit\/saphir_plus_001022701\/\" \/>\n<meta property=\"og:locale\" content=\"en_US\" \/>\n<meta property=\"og:type\" content=\"article\" \/>\n<meta property=\"og:title\" content=\"Saphir Plus - Hydrachim\" \/>\n<meta property=\"og:description\" content=\"Saphir Plus \u00e9limine la pr\u00e9sence les souillures et les microorganismes sur les lavettes afin d&#039;obtenir une hygi\u00e8ne parfaite.\" \/>\n<meta property=\"og:url\" content=\"https:\/\/www.hydrachim.fr\/en\/produit\/saphir_plus_001022701\/\" \/>\n<meta property=\"og:site_name\" content=\"Hydrachim\" \/>\n<meta property=\"article:modified_time\" content=\"2026-03-06T08:53:46+00:00\" \/>\n<meta property=\"og:image\" content=\"https:\/\/www.hydrachim.fr\/app\/uploads\/2026\/03\/001022701_SAPHIR_PLUS_10kg_mercury.png\" \/>\n\t<meta property=\"og:image:width\" content=\"957\" \/>\n\t<meta property=\"og:image:height\" content=\"1008\" \/>\n\t<meta property=\"og:image:type\" content=\"image\/png\" \/>\n<meta name=\"twitter:card\" content=\"summary_large_image\" \/>\n<meta name=\"twitter:label1\" content=\"Est. reading time\" \/>\n\t<meta name=\"twitter:data1\" content=\"1 minute\" \/>\n<script type=\"application\/ld+json\" class=\"yoast-schema-graph\">{\"@context\":\"https:\\\/\\\/schema.org\",\"@graph\":[{\"@type\":\"WebPage\",\"@id\":\"https:\\\/\\\/www.hydrachim.fr\\\/en\\\/produit\\\/saphir_plus_001022701\\\/\",\"url\":\"https:\\\/\\\/www.hydrachim.fr\\\/en\\\/produit\\\/saphir_plus_001022701\\\/\",\"name\":\"Saphir Plus - Hydrachim\",\"isPartOf\":{\"@id\":\"https:\\\/\\\/www.hydrachim.fr\\\/en\\\/#website\"},\"primaryImageOfPage\":{\"@id\":\"https:\\\/\\\/www.hydrachim.fr\\\/en\\\/produit\\\/saphir_plus_001022701\\\/#primaryimage\"},\"image\":{\"@id\":\"https:\\\/\\\/www.hydrachim.fr\\\/en\\\/produit\\\/saphir_plus_001022701\\\/#primaryimage\"},\"thumbnailUrl\":\"https:\\\/\\\/www.hydrachim.fr\\\/app\\\/uploads\\\/2026\\\/03\\\/001022701_SAPHIR_PLUS_10kg_mercury.png\",\"datePublished\":\"2023-03-17T08:56:04+00:00\",\"dateModified\":\"2026-03-06T08:53:46+00:00\",\"description\":\"Saphir Plus \u00e9limine la pr\u00e9sence les souillures et les microorganismes sur les lavettes afin d'obtenir une hygi\u00e8ne parfaite.\",\"breadcrumb\":{\"@id\":\"https:\\\/\\\/www.hydrachim.fr\\\/en\\\/produit\\\/saphir_plus_001022701\\\/#breadcrumb\"},\"inLanguage\":\"en-US\",\"potentialAction\":[{\"@type\":\"ReadAction\",\"target\":[\"https:\\\/\\\/www.hydrachim.fr\\\/en\\\/produit\\\/saphir_plus_001022701\\\/\"]}]},{\"@type\":\"ImageObject\",\"inLanguage\":\"en-US\",\"@id\":\"https:\\\/\\\/www.hydrachim.fr\\\/en\\\/produit\\\/saphir_plus_001022701\\\/#primaryimage\",\"url\":\"https:\\\/\\\/www.hydrachim.fr\\\/app\\\/uploads\\\/2026\\\/03\\\/001022701_SAPHIR_PLUS_10kg_mercury.png\",\"contentUrl\":\"https:\\\/\\\/www.hydrachim.fr\\\/app\\\/uploads\\\/2026\\\/03\\\/001022701_SAPHIR_PLUS_10kg_mercury.png\",\"width\":957,\"height\":1008},{\"@type\":\"BreadcrumbList\",\"@id\":\"https:\\\/\\\/www.hydrachim.fr\\\/en\\\/produit\\\/saphir_plus_001022701\\\/#breadcrumb\",\"itemListElement\":[{\"@type\":\"ListItem\",\"position\":1,\"name\":\"Home\",\"item\":\"https:\\\/\\\/www.hydrachim.fr\\\/en\\\/\"},{\"@type\":\"ListItem\",\"position\":2,\"name\":\"Boutique\",\"item\":\"https:\\\/\\\/www.hydrachim.fr\\\/boutique\\\/\"},{\"@type\":\"ListItem\",\"position\":3,\"name\":\"Saphir Plus\"}]},{\"@type\":\"WebSite\",\"@id\":\"https:\\\/\\\/www.hydrachim.fr\\\/en\\\/#website\",\"url\":\"https:\\\/\\\/www.hydrachim.fr\\\/en\\\/\",\"name\":\"Hydrachim\",\"description\":\"La science de l&#039;hygi\u00e8ne\",\"potentialAction\":[{\"@type\":\"SearchAction\",\"target\":{\"@type\":\"EntryPoint\",\"urlTemplate\":\"https:\\\/\\\/www.hydrachim.fr\\\/en\\\/?s={search_term_string}\"},\"query-input\":{\"@type\":\"PropertyValueSpecification\",\"valueRequired\":true,\"valueName\":\"search_term_string\"}}],\"inLanguage\":\"en-US\"}]}<\/script>\n<!-- \/ Yoast SEO plugin. -->","yoast_head_json":{"title":"Saphir Plus - Hydrachim","description":"Saphir Plus \u00e9limine la pr\u00e9sence les souillures et les microorganismes sur les lavettes afin d'obtenir une hygi\u00e8ne parfaite.","robots":{"index":"index","follow":"follow","max-snippet":"max-snippet:-1","max-image-preview":"max-image-preview:large","max-video-preview":"max-video-preview:-1"},"canonical":"https:\/\/www.hydrachim.fr\/en\/produit\/saphir_plus_001022701\/","og_locale":"en_US","og_type":"article","og_title":"Saphir Plus - Hydrachim","og_description":"Saphir Plus \u00e9limine la pr\u00e9sence les souillures et les microorganismes sur les lavettes afin d'obtenir une hygi\u00e8ne parfaite.","og_url":"https:\/\/www.hydrachim.fr\/en\/produit\/saphir_plus_001022701\/","og_site_name":"Hydrachim","article_modified_time":"2026-03-06T08:53:46+00:00","og_image":[{"width":957,"height":1008,"url":"https:\/\/www.hydrachim.fr\/app\/uploads\/2026\/03\/001022701_SAPHIR_PLUS_10kg_mercury.png","type":"image\/png"}],"twitter_card":"summary_large_image","twitter_misc":{"Est. reading time":"1 minute"},"schema":{"@context":"https:\/\/schema.org","@graph":[{"@type":"WebPage","@id":"https:\/\/www.hydrachim.fr\/en\/produit\/saphir_plus_001022701\/","url":"https:\/\/www.hydrachim.fr\/en\/produit\/saphir_plus_001022701\/","name":"Saphir Plus - Hydrachim","isPartOf":{"@id":"https:\/\/www.hydrachim.fr\/en\/#website"},"primaryImageOfPage":{"@id":"https:\/\/www.hydrachim.fr\/en\/produit\/saphir_plus_001022701\/#primaryimage"},"image":{"@id":"https:\/\/www.hydrachim.fr\/en\/produit\/saphir_plus_001022701\/#primaryimage"},"thumbnailUrl":"https:\/\/www.hydrachim.fr\/app\/uploads\/2026\/03\/001022701_SAPHIR_PLUS_10kg_mercury.png","datePublished":"2023-03-17T08:56:04+00:00","dateModified":"2026-03-06T08:53:46+00:00","description":"Saphir Plus \u00e9limine la pr\u00e9sence les souillures et les microorganismes sur les lavettes afin d'obtenir une hygi\u00e8ne parfaite.","breadcrumb":{"@id":"https:\/\/www.hydrachim.fr\/en\/produit\/saphir_plus_001022701\/#breadcrumb"},"inLanguage":"en-US","potentialAction":[{"@type":"ReadAction","target":["https:\/\/www.hydrachim.fr\/en\/produit\/saphir_plus_001022701\/"]}]},{"@type":"ImageObject","inLanguage":"en-US","@id":"https:\/\/www.hydrachim.fr\/en\/produit\/saphir_plus_001022701\/#primaryimage","url":"https:\/\/www.hydrachim.fr\/app\/uploads\/2026\/03\/001022701_SAPHIR_PLUS_10kg_mercury.png","contentUrl":"https:\/\/www.hydrachim.fr\/app\/uploads\/2026\/03\/001022701_SAPHIR_PLUS_10kg_mercury.png","width":957,"height":1008},{"@type":"BreadcrumbList","@id":"https:\/\/www.hydrachim.fr\/en\/produit\/saphir_plus_001022701\/#breadcrumb","itemListElement":[{"@type":"ListItem","position":1,"name":"Home","item":"https:\/\/www.hydrachim.fr\/en\/"},{"@type":"ListItem","position":2,"name":"Boutique","item":"https:\/\/www.hydrachim.fr\/boutique\/"},{"@type":"ListItem","position":3,"name":"Saphir Plus"}]},{"@type":"WebSite","@id":"https:\/\/www.hydrachim.fr\/en\/#website","url":"https:\/\/www.hydrachim.fr\/en\/","name":"Hydrachim","description":"La science de l&#039;hygi\u00e8ne","potentialAction":[{"@type":"SearchAction","target":{"@type":"EntryPoint","urlTemplate":"https:\/\/www.hydrachim.fr\/en\/?s={search_term_string}"},"query-input":{"@type":"PropertyValueSpecification","valueRequired":true,"valueName":"search_term_string"}}],"inLanguage":"en-US"}]}},"acf":{"fiche_methode":"","fiche_technique":"https:\/\/www.hydrachim.fr\/app\/uploads\/2025\/12\/HYDRACHIM_ELEVAGE_FT0227_SAPHIR_PLUS-1.pdf"},"_links":{"self":[{"href":"https:\/\/www.hydrachim.fr\/en\/wp-json\/wp\/v2\/product\/14053","targetHints":{"allow":["GET"]}}],"collection":[{"href":"https:\/\/www.hydrachim.fr\/en\/wp-json\/wp\/v2\/product"}],"about":[{"href":"https:\/\/www.hydrachim.fr\/en\/wp-json\/wp\/v2\/types\/product"}],"wp:featuredmedia":[{"embeddable":true,"href":"https:\/\/www.hydrachim.fr\/en\/wp-json\/wp\/v2\/media\/30444"}],"wp:attachment":[{"href":"https:\/\/www.hydrachim.fr\/en\/wp-json\/wp\/v2\/media?parent=14053"}],"wp:term":[{"taxonomy":"product_brand","embeddable":true,"href":"https:\/\/www.hydrachim.fr\/en\/wp-json\/wp\/v2\/product_brand?post=14053"},{"taxonomy":"product_type","embeddable":true,"href":"https:\/\/www.hydrachim.fr\/en\/wp-json\/wp\/v2\/product_type?post=14053"},{"taxonomy":"product_visibility","embeddable":true,"href":"https:\/\/www.hydrachim.fr\/en\/wp-json\/wp\/v2\/product_visibility?post=14053"},{"taxonomy":"product_cat","embeddable":true,"href":"https:\/\/www.hydrachim.fr\/en\/wp-json\/wp\/v2\/product_cat?post=14053"}],"curies":[{"name":"wp","href":"https:\/\/api.w.org\/{rel}","templated":true}]}}