{"id":13944,"date":"2023-03-09T17:37:09","date_gmt":"2023-03-09T15:37:09","guid":{"rendered":"https:\/\/www.hydrachim.fr\/?post_type=product&#038;p=13944"},"modified":"2026-03-06T11:02:32","modified_gmt":"2026-03-06T09:02:32","slug":"hydra_wipes_001107901","status":"publish","type":"product","link":"https:\/\/www.hydrachim.fr\/en\/produit\/hydra_wipes_001107901\/","title":{"rendered":"Hydra Wipes"},"content":{"rendered":"<p><strong>Les lingettes Hydra Wipes permettent le nettoyage et la d\u00e9sinfection des trayons avant la traite, en toute simplicit\u00e9.<br \/>\nPr\u00eates \u00e0 l&#8217;emploi, elles sont impr\u00e9gn\u00e9es d\u2019une solution d\u00e9sinfectante.<br \/>\nLa solution d&#8217;impr\u00e9gnation des lingettes Hydra Wipes est efficace d\u00e8s 60 secondes, bact\u00e9ricide selon la norme EN1656 et levuricide selon la norme EN 1657, en condition de salet\u00e9 sp\u00e9cial trayon \u00e0 30\u00b0C. Consulter la fiche technique pour plus d&#8217;information.<\/p>\n<p>Ne n\u00e9cessite aucun rin\u00e7age, ce qui permet un gain de temps pour l&#8217;utilisateur.<br \/>\n<\/strong><\/p>\n<p>Produit formul\u00e9, fabriqu\u00e9 et conditionn\u00e9 en France.<\/p>\n<p><strong><\/p>\n<ul>Disponible en :<\/p>\n<li>Seau de 1200 lingettes. R\u00e9f.001107901<\/li>\n<li>Carton de 3 recharges de 1200 lingettes. R\u00e9f.001107902<\/li>\n<\/ul>\n<p><\/strong><\/p>\n<p class=\"y-product y-product__product-subtitle\">Avantage :<\/p>\n<p>Agr\u00e9able parfum ch\u00e8vrefeuille, sans allerg\u00e8ne (selon le r\u00e8glement (CE) n\u00b0648\/2004).<br \/>\nRechargez votre seau avec nos saches de lingettes pr\u00e9-imbib\u00e9es, pour un emploi \u00e9conomique, pratique et en toute s\u00e9curit\u00e9 !<\/p>\n<p>Le couvercle du seau dispose d&#8217;un clapet pour un usage simple et rapide.<\/p>\n<p>Retrouvez toutes les informations sur le produit en t\u00e9l\u00e9chargeant la fiche technique.<\/p>\n<p><em>Lingette \u00e0 usage unique. Jetez la lingette usag\u00e9e dans une poubelle. Ne l\u2019abandonnez pas dans la nature. Ne la jetez pas dans les toilettes.<br \/>\nUtilisez les biocides avec pr\u00e9caution. Avant toute utilisation, lisez l\u2019\u00e9tiquette et les informations concernant le produit.<br \/>\nProduit strictement professionnel.<\/p>\n<p>TP3 \u2013 D\u00e9sinfectant des trayons hors usage m\u00e9dicament v\u00e9t\u00e9rinaire.<\/em><\/p>\n","protected":false},"excerpt":{"rendered":"<p>Lingettes nettoyantes et d\u00e9sinfectantes des trayons avant la traite.<\/p>\n","protected":false},"featured_media":30464,"template":"","meta":[],"product_brand":[],"product_type":[2],"product_visibility":[],"product_cat":[4111,4115,4154],"class_list":{"0":"post-13944","1":"product","2":"type-product","3":"status-publish","4":"has-post-thumbnail","6":"product_cat-produitsdesinfection","7":"product_cat-dsinfectionlevage","8":"product_cat-marqueshydrachim-elevage","9":"product_tag-avant-traite","10":"product_tag-bactericide-type-defficacit","11":"product_tag-biocide","12":"product_tag-hygine-du-trayon","13":"product_tag-levuricide","14":"product_tag-lingettes","15":"product_tag-nettoyage","16":"product_tag-nettoyant","18":"first","19":"instock","20":"shipping-taxable","21":"product-type-simple"},"yoast_head":"<!-- This site is optimized with the Yoast SEO plugin v27.5 - https:\/\/yoast.com\/product\/yoast-seo-wordpress\/ -->\n<title>Hydra Wipes - Hydrachim<\/title>\n<meta name=\"robots\" content=\"index, follow, max-snippet:-1, max-image-preview:large, max-video-preview:-1\" \/>\n<link rel=\"canonical\" href=\"https:\/\/www.hydrachim.fr\/en\/produit\/hydra_wipes_001107901\/\" \/>\n<meta property=\"og:locale\" content=\"en_US\" \/>\n<meta property=\"og:type\" content=\"article\" \/>\n<meta property=\"og:title\" content=\"Hydra Wipes - Hydrachim\" \/>\n<meta property=\"og:description\" content=\"Lingettes nettoyantes et d\u00e9sinfectantes des trayons avant la traite.\" \/>\n<meta property=\"og:url\" content=\"https:\/\/www.hydrachim.fr\/en\/produit\/hydra_wipes_001107901\/\" \/>\n<meta property=\"og:site_name\" content=\"Hydrachim\" \/>\n<meta property=\"article:modified_time\" content=\"2026-03-06T09:02:32+00:00\" \/>\n<meta property=\"og:image\" content=\"https:\/\/www.hydrachim.fr\/app\/uploads\/2026\/03\/001107902_HYDRA_WIPES_SEAU___RECHARGES.png\" \/>\n\t<meta property=\"og:image:width\" content=\"1600\" \/>\n\t<meta property=\"og:image:height\" content=\"1200\" \/>\n\t<meta property=\"og:image:type\" content=\"image\/png\" \/>\n<meta name=\"twitter:card\" content=\"summary_large_image\" \/>\n<meta name=\"twitter:label1\" content=\"Est. reading time\" \/>\n\t<meta name=\"twitter:data1\" content=\"2 minutes\" \/>\n<script type=\"application\/ld+json\" class=\"yoast-schema-graph\">{\"@context\":\"https:\\\/\\\/schema.org\",\"@graph\":[{\"@type\":\"WebPage\",\"@id\":\"https:\\\/\\\/www.hydrachim.fr\\\/en\\\/produit\\\/hydra_wipes_001107901\\\/\",\"url\":\"https:\\\/\\\/www.hydrachim.fr\\\/en\\\/produit\\\/hydra_wipes_001107901\\\/\",\"name\":\"Hydra Wipes - Hydrachim\",\"isPartOf\":{\"@id\":\"https:\\\/\\\/www.hydrachim.fr\\\/en\\\/#website\"},\"primaryImageOfPage\":{\"@id\":\"https:\\\/\\\/www.hydrachim.fr\\\/en\\\/produit\\\/hydra_wipes_001107901\\\/#primaryimage\"},\"image\":{\"@id\":\"https:\\\/\\\/www.hydrachim.fr\\\/en\\\/produit\\\/hydra_wipes_001107901\\\/#primaryimage\"},\"thumbnailUrl\":\"https:\\\/\\\/www.hydrachim.fr\\\/app\\\/uploads\\\/2026\\\/03\\\/001107902_HYDRA_WIPES_SEAU___RECHARGES.png\",\"datePublished\":\"2023-03-09T15:37:09+00:00\",\"dateModified\":\"2026-03-06T09:02:32+00:00\",\"breadcrumb\":{\"@id\":\"https:\\\/\\\/www.hydrachim.fr\\\/en\\\/produit\\\/hydra_wipes_001107901\\\/#breadcrumb\"},\"inLanguage\":\"en-US\",\"potentialAction\":[{\"@type\":\"ReadAction\",\"target\":[\"https:\\\/\\\/www.hydrachim.fr\\\/en\\\/produit\\\/hydra_wipes_001107901\\\/\"]}]},{\"@type\":\"ImageObject\",\"inLanguage\":\"en-US\",\"@id\":\"https:\\\/\\\/www.hydrachim.fr\\\/en\\\/produit\\\/hydra_wipes_001107901\\\/#primaryimage\",\"url\":\"https:\\\/\\\/www.hydrachim.fr\\\/app\\\/uploads\\\/2026\\\/03\\\/001107902_HYDRA_WIPES_SEAU___RECHARGES.png\",\"contentUrl\":\"https:\\\/\\\/www.hydrachim.fr\\\/app\\\/uploads\\\/2026\\\/03\\\/001107902_HYDRA_WIPES_SEAU___RECHARGES.png\",\"width\":1600,\"height\":1200},{\"@type\":\"BreadcrumbList\",\"@id\":\"https:\\\/\\\/www.hydrachim.fr\\\/en\\\/produit\\\/hydra_wipes_001107901\\\/#breadcrumb\",\"itemListElement\":[{\"@type\":\"ListItem\",\"position\":1,\"name\":\"Home\",\"item\":\"https:\\\/\\\/www.hydrachim.fr\\\/en\\\/\"},{\"@type\":\"ListItem\",\"position\":2,\"name\":\"Boutique\",\"item\":\"https:\\\/\\\/www.hydrachim.fr\\\/boutique\\\/\"},{\"@type\":\"ListItem\",\"position\":3,\"name\":\"Hydra Wipes\"}]},{\"@type\":\"WebSite\",\"@id\":\"https:\\\/\\\/www.hydrachim.fr\\\/en\\\/#website\",\"url\":\"https:\\\/\\\/www.hydrachim.fr\\\/en\\\/\",\"name\":\"Hydrachim\",\"description\":\"La science de l&#039;hygi\u00e8ne\",\"potentialAction\":[{\"@type\":\"SearchAction\",\"target\":{\"@type\":\"EntryPoint\",\"urlTemplate\":\"https:\\\/\\\/www.hydrachim.fr\\\/en\\\/?s={search_term_string}\"},\"query-input\":{\"@type\":\"PropertyValueSpecification\",\"valueRequired\":true,\"valueName\":\"search_term_string\"}}],\"inLanguage\":\"en-US\"}]}<\/script>\n<!-- \/ Yoast SEO plugin. -->","yoast_head_json":{"title":"Hydra Wipes - Hydrachim","robots":{"index":"index","follow":"follow","max-snippet":"max-snippet:-1","max-image-preview":"max-image-preview:large","max-video-preview":"max-video-preview:-1"},"canonical":"https:\/\/www.hydrachim.fr\/en\/produit\/hydra_wipes_001107901\/","og_locale":"en_US","og_type":"article","og_title":"Hydra Wipes - Hydrachim","og_description":"Lingettes nettoyantes et d\u00e9sinfectantes des trayons avant la traite.","og_url":"https:\/\/www.hydrachim.fr\/en\/produit\/hydra_wipes_001107901\/","og_site_name":"Hydrachim","article_modified_time":"2026-03-06T09:02:32+00:00","og_image":[{"width":1600,"height":1200,"url":"https:\/\/www.hydrachim.fr\/app\/uploads\/2026\/03\/001107902_HYDRA_WIPES_SEAU___RECHARGES.png","type":"image\/png"}],"twitter_card":"summary_large_image","twitter_misc":{"Est. reading time":"2 minutes"},"schema":{"@context":"https:\/\/schema.org","@graph":[{"@type":"WebPage","@id":"https:\/\/www.hydrachim.fr\/en\/produit\/hydra_wipes_001107901\/","url":"https:\/\/www.hydrachim.fr\/en\/produit\/hydra_wipes_001107901\/","name":"Hydra Wipes - Hydrachim","isPartOf":{"@id":"https:\/\/www.hydrachim.fr\/en\/#website"},"primaryImageOfPage":{"@id":"https:\/\/www.hydrachim.fr\/en\/produit\/hydra_wipes_001107901\/#primaryimage"},"image":{"@id":"https:\/\/www.hydrachim.fr\/en\/produit\/hydra_wipes_001107901\/#primaryimage"},"thumbnailUrl":"https:\/\/www.hydrachim.fr\/app\/uploads\/2026\/03\/001107902_HYDRA_WIPES_SEAU___RECHARGES.png","datePublished":"2023-03-09T15:37:09+00:00","dateModified":"2026-03-06T09:02:32+00:00","breadcrumb":{"@id":"https:\/\/www.hydrachim.fr\/en\/produit\/hydra_wipes_001107901\/#breadcrumb"},"inLanguage":"en-US","potentialAction":[{"@type":"ReadAction","target":["https:\/\/www.hydrachim.fr\/en\/produit\/hydra_wipes_001107901\/"]}]},{"@type":"ImageObject","inLanguage":"en-US","@id":"https:\/\/www.hydrachim.fr\/en\/produit\/hydra_wipes_001107901\/#primaryimage","url":"https:\/\/www.hydrachim.fr\/app\/uploads\/2026\/03\/001107902_HYDRA_WIPES_SEAU___RECHARGES.png","contentUrl":"https:\/\/www.hydrachim.fr\/app\/uploads\/2026\/03\/001107902_HYDRA_WIPES_SEAU___RECHARGES.png","width":1600,"height":1200},{"@type":"BreadcrumbList","@id":"https:\/\/www.hydrachim.fr\/en\/produit\/hydra_wipes_001107901\/#breadcrumb","itemListElement":[{"@type":"ListItem","position":1,"name":"Home","item":"https:\/\/www.hydrachim.fr\/en\/"},{"@type":"ListItem","position":2,"name":"Boutique","item":"https:\/\/www.hydrachim.fr\/boutique\/"},{"@type":"ListItem","position":3,"name":"Hydra Wipes"}]},{"@type":"WebSite","@id":"https:\/\/www.hydrachim.fr\/en\/#website","url":"https:\/\/www.hydrachim.fr\/en\/","name":"Hydrachim","description":"La science de l&#039;hygi\u00e8ne","potentialAction":[{"@type":"SearchAction","target":{"@type":"EntryPoint","urlTemplate":"https:\/\/www.hydrachim.fr\/en\/?s={search_term_string}"},"query-input":{"@type":"PropertyValueSpecification","valueRequired":true,"valueName":"search_term_string"}}],"inLanguage":"en-US"}]}},"acf":{"fiche_methode":"","fiche_technique":"https:\/\/www.hydrachim.fr\/app\/uploads\/2025\/12\/HYDRACHIM_ELEVAGE_FT1079_HYDRA_WIPES.pdf"},"_links":{"self":[{"href":"https:\/\/www.hydrachim.fr\/en\/wp-json\/wp\/v2\/product\/13944","targetHints":{"allow":["GET"]}}],"collection":[{"href":"https:\/\/www.hydrachim.fr\/en\/wp-json\/wp\/v2\/product"}],"about":[{"href":"https:\/\/www.hydrachim.fr\/en\/wp-json\/wp\/v2\/types\/product"}],"wp:featuredmedia":[{"embeddable":true,"href":"https:\/\/www.hydrachim.fr\/en\/wp-json\/wp\/v2\/media\/30464"}],"wp:attachment":[{"href":"https:\/\/www.hydrachim.fr\/en\/wp-json\/wp\/v2\/media?parent=13944"}],"wp:term":[{"taxonomy":"product_brand","embeddable":true,"href":"https:\/\/www.hydrachim.fr\/en\/wp-json\/wp\/v2\/product_brand?post=13944"},{"taxonomy":"product_type","embeddable":true,"href":"https:\/\/www.hydrachim.fr\/en\/wp-json\/wp\/v2\/product_type?post=13944"},{"taxonomy":"product_visibility","embeddable":true,"href":"https:\/\/www.hydrachim.fr\/en\/wp-json\/wp\/v2\/product_visibility?post=13944"},{"taxonomy":"product_cat","embeddable":true,"href":"https:\/\/www.hydrachim.fr\/en\/wp-json\/wp\/v2\/product_cat?post=13944"}],"curies":[{"name":"wp","href":"https:\/\/api.w.org\/{rel}","templated":true}]}}