{"id":13533,"date":"2023-02-07T17:12:57","date_gmt":"2023-02-07T15:12:57","guid":{"rendered":"https:\/\/www.hydrachim.fr\/?post_type=product&#038;p=13533"},"modified":"2026-01-12T17:21:21","modified_gmt":"2026-01-12T15:21:21","slug":"g7f_001135601","status":"publish","type":"product","link":"https:\/\/www.hydrachim.fr\/en\/produit\/g7f_001135601\/","title":{"rendered":"G7F"},"content":{"rendered":"<p><strong>G7F est un d\u00e9sinfectant d&#8217;\u00e9levage polyvalent concentr\u00e9 utilisable pour la d\u00e9sinfection des b\u00e2timents d&#8217;\u00e9levage (dont les zones de stockage des aliments), des v\u00e9hicules de transport d&#8217;animaux (y compris les roues), du mat\u00e9riel d&#8217;\u00e9levage ainsi que des p\u00e9diluves.<br \/>\n<\/br>Il peut \u00eatre utilis\u00e9 en pulv\u00e9risation, en thermon\u00e9bulisation ou immersion selon vos besoins.<br \/>\n<\/b>Produit limpide et incolore, sans formol et sans parfum<\/strong><\/p>\n<p>G7F est efficace contre les virus envelopp\u00e9s (couvrant la grippe aviaire et la peste porcine africaine) \u00e0 0,25% et les virus non envelopp\u00e9s \u00e0 1,00% (\u00e0 10\u00b0C en 30 minutes).<\/p>\n<p><strong><\/p>\n<ul>Disponible en :<\/p>\n<li>Carton de 4 x 5L. R\u00e9f. 001135604 <\/li>\n<li>Bidon de 20L. R\u00e9f. 001135601<\/li>\n<li>F\u00fbt de 60L. R\u00e9f. 001135605<\/li>\n<li>F\u00fbt de 200L. R\u00e9f. 001135602<\/li>\n<\/ul>\n<p><\/strong><\/p>\n<p class=\"y-product y-product__product-subtitle\">Avantage :<\/p>\n<p>D\u00e9sinfectant bact\u00e9ricide, levuricide et virucide. concentr\u00e9 et polyvalent.<\/p>\n<p>Retrouvez le mode d\u2019emploi et le dosage du produit en t\u00e9l\u00e9chargeant la fiche technique.<\/p>\n<p><em>Utilisez les biocides avec pr\u00e9caution. Avant toute utilisation, lisez l\u2019\u00e9tiquette et les informations concernant le produit.<br \/>\nProduit strictement professionnel. TP3 \u2013 TP4.<\/em><\/p>\n","protected":false},"excerpt":{"rendered":"<p>D\u00e9sinfectant bact\u00e9ricide et virucide polyvalent TP3 &#8211; TP4.<\/p>\n","protected":false},"featured_media":17387,"template":"","meta":[],"product_brand":[],"product_type":[2],"product_visibility":[],"product_cat":[4174,4115,4154,4089,4175],"class_list":{"0":"post-13533","1":"product","2":"type-product","3":"status-publish","4":"has-post-thumbnail","6":"product_cat-nouveautesdesinfection","7":"product_cat-dsinfectionlevage","8":"product_cat-marqueshydrachim-elevage","9":"product_cat-elevagehygine-levage","10":"product_cat-nouveautesindustries","11":"product_tag-bactericide","12":"product_tag-btiment-dlevage","13":"product_tag-biocide","14":"product_tag-desinfectant","15":"product_tag-levuricide","16":"product_tag-tp3","17":"product_tag-tp4","18":"product_tag-virucide","20":"first","21":"instock","22":"shipping-taxable","23":"product-type-simple"},"yoast_head":"<!-- This site is optimized with the Yoast SEO plugin v27.6 - https:\/\/yoast.com\/product\/yoast-seo-wordpress\/ -->\n<title>G7F - D\u00e9sinfectant d&#039;\u00e9levage polyvalent - Hydrachim<\/title>\n<meta name=\"description\" content=\"G7F est un d\u00e9sinfectant utilisable pour la d\u00e9sinfection des b\u00e2timents, v\u00e9hicules de transport d&#039;animaux, mat\u00e9riel d&#039;\u00e9levage et p\u00e9diluves.\" \/>\n<meta name=\"robots\" content=\"index, follow, max-snippet:-1, max-image-preview:large, max-video-preview:-1\" \/>\n<link rel=\"canonical\" href=\"https:\/\/www.hydrachim.fr\/en\/produit\/g7f_001135601\/\" \/>\n<meta property=\"og:locale\" content=\"en_US\" \/>\n<meta property=\"og:type\" content=\"article\" \/>\n<meta property=\"og:title\" content=\"G7F - D\u00e9sinfectant d&#039;\u00e9levage polyvalent - Hydrachim\" \/>\n<meta property=\"og:description\" content=\"G7F est un d\u00e9sinfectant utilisable pour la d\u00e9sinfection des b\u00e2timents, v\u00e9hicules de transport d&#039;animaux, mat\u00e9riel d&#039;\u00e9levage et p\u00e9diluves.\" \/>\n<meta property=\"og:url\" content=\"https:\/\/www.hydrachim.fr\/en\/produit\/g7f_001135601\/\" \/>\n<meta property=\"og:site_name\" content=\"Hydrachim\" \/>\n<meta property=\"article:modified_time\" content=\"2026-01-12T15:21:21+00:00\" \/>\n<meta property=\"og:image\" content=\"https:\/\/www.hydrachim.fr\/app\/uploads\/2024\/04\/001135601_1356_G7F_20L_mercury.png\" \/>\n\t<meta property=\"og:image:width\" content=\"638\" \/>\n\t<meta property=\"og:image:height\" content=\"912\" \/>\n\t<meta property=\"og:image:type\" content=\"image\/png\" \/>\n<meta name=\"twitter:card\" content=\"summary_large_image\" \/>\n<meta name=\"twitter:label1\" content=\"Est. reading time\" \/>\n\t<meta name=\"twitter:data1\" content=\"1 minute\" \/>\n<script type=\"application\/ld+json\" class=\"yoast-schema-graph\">{\"@context\":\"https:\\\/\\\/schema.org\",\"@graph\":[{\"@type\":\"WebPage\",\"@id\":\"https:\\\/\\\/www.hydrachim.fr\\\/en\\\/produit\\\/g7f_001135601\\\/\",\"url\":\"https:\\\/\\\/www.hydrachim.fr\\\/en\\\/produit\\\/g7f_001135601\\\/\",\"name\":\"G7F - D\u00e9sinfectant d'\u00e9levage polyvalent - Hydrachim\",\"isPartOf\":{\"@id\":\"https:\\\/\\\/www.hydrachim.fr\\\/en\\\/#website\"},\"primaryImageOfPage\":{\"@id\":\"https:\\\/\\\/www.hydrachim.fr\\\/en\\\/produit\\\/g7f_001135601\\\/#primaryimage\"},\"image\":{\"@id\":\"https:\\\/\\\/www.hydrachim.fr\\\/en\\\/produit\\\/g7f_001135601\\\/#primaryimage\"},\"thumbnailUrl\":\"https:\\\/\\\/www.hydrachim.fr\\\/app\\\/uploads\\\/2024\\\/04\\\/001135601_1356_G7F_20L_mercury.png\",\"datePublished\":\"2023-02-07T15:12:57+00:00\",\"dateModified\":\"2026-01-12T15:21:21+00:00\",\"description\":\"G7F est un d\u00e9sinfectant utilisable pour la d\u00e9sinfection des b\u00e2timents, v\u00e9hicules de transport d'animaux, mat\u00e9riel d'\u00e9levage et p\u00e9diluves.\",\"breadcrumb\":{\"@id\":\"https:\\\/\\\/www.hydrachim.fr\\\/en\\\/produit\\\/g7f_001135601\\\/#breadcrumb\"},\"inLanguage\":\"en-US\",\"potentialAction\":[{\"@type\":\"ReadAction\",\"target\":[\"https:\\\/\\\/www.hydrachim.fr\\\/en\\\/produit\\\/g7f_001135601\\\/\"]}]},{\"@type\":\"ImageObject\",\"inLanguage\":\"en-US\",\"@id\":\"https:\\\/\\\/www.hydrachim.fr\\\/en\\\/produit\\\/g7f_001135601\\\/#primaryimage\",\"url\":\"https:\\\/\\\/www.hydrachim.fr\\\/app\\\/uploads\\\/2024\\\/04\\\/001135601_1356_G7F_20L_mercury.png\",\"contentUrl\":\"https:\\\/\\\/www.hydrachim.fr\\\/app\\\/uploads\\\/2024\\\/04\\\/001135601_1356_G7F_20L_mercury.png\",\"width\":638,\"height\":912},{\"@type\":\"BreadcrumbList\",\"@id\":\"https:\\\/\\\/www.hydrachim.fr\\\/en\\\/produit\\\/g7f_001135601\\\/#breadcrumb\",\"itemListElement\":[{\"@type\":\"ListItem\",\"position\":1,\"name\":\"Home\",\"item\":\"https:\\\/\\\/www.hydrachim.fr\\\/en\\\/\"},{\"@type\":\"ListItem\",\"position\":2,\"name\":\"Boutique\",\"item\":\"https:\\\/\\\/www.hydrachim.fr\\\/boutique\\\/\"},{\"@type\":\"ListItem\",\"position\":3,\"name\":\"G7F\"}]},{\"@type\":\"WebSite\",\"@id\":\"https:\\\/\\\/www.hydrachim.fr\\\/en\\\/#website\",\"url\":\"https:\\\/\\\/www.hydrachim.fr\\\/en\\\/\",\"name\":\"Hydrachim\",\"description\":\"La science de l&#039;hygi\u00e8ne\",\"potentialAction\":[{\"@type\":\"SearchAction\",\"target\":{\"@type\":\"EntryPoint\",\"urlTemplate\":\"https:\\\/\\\/www.hydrachim.fr\\\/en\\\/?s={search_term_string}\"},\"query-input\":{\"@type\":\"PropertyValueSpecification\",\"valueRequired\":true,\"valueName\":\"search_term_string\"}}],\"inLanguage\":\"en-US\"}]}<\/script>\n<!-- \/ Yoast SEO plugin. -->","yoast_head_json":{"title":"G7F - D\u00e9sinfectant d'\u00e9levage polyvalent - Hydrachim","description":"G7F est un d\u00e9sinfectant utilisable pour la d\u00e9sinfection des b\u00e2timents, v\u00e9hicules de transport d'animaux, mat\u00e9riel d'\u00e9levage et p\u00e9diluves.","robots":{"index":"index","follow":"follow","max-snippet":"max-snippet:-1","max-image-preview":"max-image-preview:large","max-video-preview":"max-video-preview:-1"},"canonical":"https:\/\/www.hydrachim.fr\/en\/produit\/g7f_001135601\/","og_locale":"en_US","og_type":"article","og_title":"G7F - D\u00e9sinfectant d'\u00e9levage polyvalent - Hydrachim","og_description":"G7F est un d\u00e9sinfectant utilisable pour la d\u00e9sinfection des b\u00e2timents, v\u00e9hicules de transport d'animaux, mat\u00e9riel d'\u00e9levage et p\u00e9diluves.","og_url":"https:\/\/www.hydrachim.fr\/en\/produit\/g7f_001135601\/","og_site_name":"Hydrachim","article_modified_time":"2026-01-12T15:21:21+00:00","og_image":[{"width":638,"height":912,"url":"https:\/\/www.hydrachim.fr\/app\/uploads\/2024\/04\/001135601_1356_G7F_20L_mercury.png","type":"image\/png"}],"twitter_card":"summary_large_image","twitter_misc":{"Est. reading time":"1 minute"},"schema":{"@context":"https:\/\/schema.org","@graph":[{"@type":"WebPage","@id":"https:\/\/www.hydrachim.fr\/en\/produit\/g7f_001135601\/","url":"https:\/\/www.hydrachim.fr\/en\/produit\/g7f_001135601\/","name":"G7F - D\u00e9sinfectant d'\u00e9levage polyvalent - Hydrachim","isPartOf":{"@id":"https:\/\/www.hydrachim.fr\/en\/#website"},"primaryImageOfPage":{"@id":"https:\/\/www.hydrachim.fr\/en\/produit\/g7f_001135601\/#primaryimage"},"image":{"@id":"https:\/\/www.hydrachim.fr\/en\/produit\/g7f_001135601\/#primaryimage"},"thumbnailUrl":"https:\/\/www.hydrachim.fr\/app\/uploads\/2024\/04\/001135601_1356_G7F_20L_mercury.png","datePublished":"2023-02-07T15:12:57+00:00","dateModified":"2026-01-12T15:21:21+00:00","description":"G7F est un d\u00e9sinfectant utilisable pour la d\u00e9sinfection des b\u00e2timents, v\u00e9hicules de transport d'animaux, mat\u00e9riel d'\u00e9levage et p\u00e9diluves.","breadcrumb":{"@id":"https:\/\/www.hydrachim.fr\/en\/produit\/g7f_001135601\/#breadcrumb"},"inLanguage":"en-US","potentialAction":[{"@type":"ReadAction","target":["https:\/\/www.hydrachim.fr\/en\/produit\/g7f_001135601\/"]}]},{"@type":"ImageObject","inLanguage":"en-US","@id":"https:\/\/www.hydrachim.fr\/en\/produit\/g7f_001135601\/#primaryimage","url":"https:\/\/www.hydrachim.fr\/app\/uploads\/2024\/04\/001135601_1356_G7F_20L_mercury.png","contentUrl":"https:\/\/www.hydrachim.fr\/app\/uploads\/2024\/04\/001135601_1356_G7F_20L_mercury.png","width":638,"height":912},{"@type":"BreadcrumbList","@id":"https:\/\/www.hydrachim.fr\/en\/produit\/g7f_001135601\/#breadcrumb","itemListElement":[{"@type":"ListItem","position":1,"name":"Home","item":"https:\/\/www.hydrachim.fr\/en\/"},{"@type":"ListItem","position":2,"name":"Boutique","item":"https:\/\/www.hydrachim.fr\/boutique\/"},{"@type":"ListItem","position":3,"name":"G7F"}]},{"@type":"WebSite","@id":"https:\/\/www.hydrachim.fr\/en\/#website","url":"https:\/\/www.hydrachim.fr\/en\/","name":"Hydrachim","description":"La science de l&#039;hygi\u00e8ne","potentialAction":[{"@type":"SearchAction","target":{"@type":"EntryPoint","urlTemplate":"https:\/\/www.hydrachim.fr\/en\/?s={search_term_string}"},"query-input":{"@type":"PropertyValueSpecification","valueRequired":true,"valueName":"search_term_string"}}],"inLanguage":"en-US"}]}},"acf":{"fiche_methode":"","fiche_technique":"https:\/\/www.hydrachim.fr\/app\/uploads\/2026\/01\/HYDRACHIM_ELEVAGE_FT1356_G7F.pdf"},"_links":{"self":[{"href":"https:\/\/www.hydrachim.fr\/en\/wp-json\/wp\/v2\/product\/13533","targetHints":{"allow":["GET"]}}],"collection":[{"href":"https:\/\/www.hydrachim.fr\/en\/wp-json\/wp\/v2\/product"}],"about":[{"href":"https:\/\/www.hydrachim.fr\/en\/wp-json\/wp\/v2\/types\/product"}],"wp:featuredmedia":[{"embeddable":true,"href":"https:\/\/www.hydrachim.fr\/en\/wp-json\/wp\/v2\/media\/17387"}],"wp:attachment":[{"href":"https:\/\/www.hydrachim.fr\/en\/wp-json\/wp\/v2\/media?parent=13533"}],"wp:term":[{"taxonomy":"product_brand","embeddable":true,"href":"https:\/\/www.hydrachim.fr\/en\/wp-json\/wp\/v2\/product_brand?post=13533"},{"taxonomy":"product_type","embeddable":true,"href":"https:\/\/www.hydrachim.fr\/en\/wp-json\/wp\/v2\/product_type?post=13533"},{"taxonomy":"product_visibility","embeddable":true,"href":"https:\/\/www.hydrachim.fr\/en\/wp-json\/wp\/v2\/product_visibility?post=13533"},{"taxonomy":"product_cat","embeddable":true,"href":"https:\/\/www.hydrachim.fr\/en\/wp-json\/wp\/v2\/product_cat?post=13533"}],"curies":[{"name":"wp","href":"https:\/\/api.w.org\/{rel}","templated":true}]}}