{"id":12696,"date":"2022-10-28T10:48:13","date_gmt":"2022-10-28T08:48:13","guid":{"rendered":"https:\/\/www.hydrachim.fr\/?post_type=product&#038;p=12696"},"modified":"2026-02-13T16:53:52","modified_gmt":"2026-02-13T14:53:52","slug":"respecthome_pae_recharge__multi_sanit_alim_002225096","status":"publish","type":"product","link":"https:\/\/www.hydrachim.fr\/en\/produit\/respecthome_pae_recharge__multi_sanit_alim_002225096\/","title":{"rendered":"Respect&#8217;home\u00ae PAE RECHARGE + (Multi+, Sanit+, Alim+)"},"content":{"rendered":"<p><strong>Nettoyant polyvalent bact\u00e9ricide \u2013 levuricide \u2013 virucide.<br \/>\nPlus s\u00e9chant et moins moussant.<br \/>\nEfficace sur coronavirus.<\/strong><\/p>\n<p>RESPECT\u2019HOME\u00ae PAE RECHARGE + nettoie, d\u00e9graisse, d\u00e9tartre et d\u00e9sinfecte toutes :<br \/>\n&#8211; les surfaces sanitaires : salle de bain, wc, douche, parois de verre, murs, carrelages, &#8230;<br \/>\n&#8211; les surfaces lavables : tables, mobiliers, plans de travail, carrelages, supports plastiques, &#8230;<br \/>\n&#8211; les surfaces alimentaires*, pour toutes les surfaces lavables en cuisine, en artisanats alimentaires et en Industries Agro-Alimentaires : plans de travail, tables, comptoirs, passe-plat, murs,&#8230;<br \/>\nAction d\u00e9tartrante quotidienne, il \u00e9limine aussi les d\u00e9p\u00f4ts de savons et fait briller les surfaces.<\/p>\n<p><strong>Carton de 4x5L. R\u00e9f. 002225096 (recharge pour flacon de 750mL).<\/strong><\/p>\n<p class=\"y-product y-product__product-subtitle\">Avantage :<\/p>\n<p>La formule du RESPECT\u2019HOME\u00ae PAE RECHARGE + est soutenue au niveau du r\u00e8glement biocide (CE) n\u00b0528\/2012 en vue d\u2019obtenir une AMM. Produit enregistr\u00e9 sous SIMMBAD, utilis\u00e9 en TP2 et TP4.<br \/>\nRESPECT\u2019HOME\u00ae PAE RECHARGE + est formul\u00e9 Sans ammonium quaternaire, Sans phosphonate, Sans EDTA, Sans chlore, Avec de l\u2019huile essentielle d\u2019arbre \u00e0 th\u00e9.<br \/>\n&#8211; 99% des ingr\u00e9dients sont d\u2019origine v\u00e9g\u00e9tale ou min\u00e9rale.<br \/>\n&#8211; Biod\u00e9gradable \u00e0 96% (selon la m\u00e9thode OCDE 302 B)<\/p>\n<p>Contient aussi : eau, d\u00e9naturants de l&#8217;alcool (butanone, denatonium benzoate, isopropyl alcohol).<\/p>\n<p>Retrouvez le mode d\u2019emploi et le dosage du produit en t\u00e9l\u00e9chargeant sa Fiche Technique.<\/p>\n<p><em>Utilisez les biocides avec pr\u00e9caution. Avant toute utilisation, lisez l\u2019\u00e9tiquette et les informations concernant le produit.<br \/>\nProduit conforme \u00e0 la l\u00e9gislation relative aux proc\u00e9d\u00e9s et aux produits utilis\u00e9s pour le nettoyage des mat\u00e9riaux et objets destin\u00e9s \u00e0 entrer en contact avec des denr\u00e9es, produits et boissons pour l\u2019alimentation de l\u2019homme et des animaux (Arr\u00eat\u00e9 du 08\/09\/1999 modifi\u00e9 le 19.12.2013). Rin\u00e7age obligatoire.<br \/>\nD\u00e9tergent certifi\u00e9 par ECOCERT Greenlife selon le r\u00e9f\u00e9rentiel ECOCERT \u00abEcod\u00e9tergent\u00bb disponible sur http:\/\/detergents.ecocert.com.<\/p>\n<p>TP2 : D\u00e9sinfectants utilis\u00e9s dans le domaine priv\u00e9 et dans le domaine de la sant\u00e9 publique et autres produits biocides<br \/>\nTP4 : D\u00e9sinfectants pour les surfaces en contact avec les denr\u00e9es alimentaires et les aliments pour animaux<br \/>\n<\/em><\/p>\n","protected":false},"excerpt":{"rendered":"<p>Nettoyant d\u00e9tartrant d\u00e9sinfectant pr\u00eat \u00e0 l&#8217;emploi, \u00e0 base d&#8217;acide lactique et \u00e9thanol. Ecocert<\/p>\n","protected":false},"featured_media":21437,"template":"","meta":[],"product_brand":[],"product_type":[2],"product_visibility":[],"product_cat":[4098,4117,4174,4097,4189,4026,4176,4143,4122,4099,4100,4127],"class_list":{"0":"post-12696","1":"product","2":"type-product","3":"status-publish","4":"has-post-thumbnail","6":"product_cat-ecocertcuisine","7":"product_cat-produitscuisine","8":"product_cat-nouveautesdesinfection","9":"product_cat-produitsecocert","10":"product_cat-marquesidegreen","11":"product_cat-produitsindustrie","12":"product_cat-nouveautesmulti-secteurs","13":"product_cat-nouveautes","14":"product_cat-produitssanitaire","15":"product_cat-ecocertsanitaire","16":"product_cat-ecocertsurface","17":"product_cat-produitssurface-sol","18":"product_tag-bactericide","19":"product_tag-biocide","20":"product_tag-degraissant","21":"product_tag-desinfectant","22":"product_tag-detartrant","23":"product_tag-ecocert","24":"product_tag-levuricide","25":"product_tag-pret-a-lemploi","26":"product_tag-recharge","27":"product_tag-tp2","28":"product_tag-tp4","29":"product_tag-virucide","31":"first","32":"instock","33":"shipping-taxable","34":"product-type-simple"},"yoast_head":"<!-- This site is optimized with the Yoast SEO plugin v27.5 - https:\/\/yoast.com\/product\/yoast-seo-wordpress\/ -->\n<title>Respect&#039;home\u00ae PAE RECHARGE + (Multi+, Sanit+, Alim+) - Hydrachim<\/title>\n<meta name=\"robots\" content=\"index, follow, max-snippet:-1, max-image-preview:large, max-video-preview:-1\" \/>\n<link rel=\"canonical\" href=\"https:\/\/www.hydrachim.fr\/en\/produit\/respecthome_pae_recharge__multi_sanit_alim_002225096\/\" \/>\n<meta property=\"og:locale\" content=\"en_US\" \/>\n<meta property=\"og:type\" content=\"article\" \/>\n<meta property=\"og:title\" content=\"Respect&#039;home\u00ae PAE RECHARGE + (Multi+, Sanit+, Alim+) - Hydrachim\" \/>\n<meta property=\"og:description\" content=\"Nettoyant d\u00e9tartrant d\u00e9sinfectant pr\u00eat \u00e0 l&#039;emploi, \u00e0 base d&#039;acide lactique et \u00e9thanol. Ecocert\" \/>\n<meta property=\"og:url\" content=\"https:\/\/www.hydrachim.fr\/en\/produit\/respecthome_pae_recharge__multi_sanit_alim_002225096\/\" \/>\n<meta property=\"og:site_name\" content=\"Hydrachim\" \/>\n<meta property=\"article:modified_time\" content=\"2026-02-13T14:53:52+00:00\" \/>\n<meta property=\"og:image\" content=\"https:\/\/www.hydrachim.fr\/app\/uploads\/2025\/04\/2250___PAE_RECHARGE___pour_MULTI___SANIT___ALIM__.png\" \/>\n\t<meta property=\"og:image:width\" content=\"1543\" \/>\n\t<meta property=\"og:image:height\" content=\"2227\" \/>\n\t<meta property=\"og:image:type\" content=\"image\/png\" \/>\n<meta name=\"twitter:card\" content=\"summary_large_image\" \/>\n<meta name=\"twitter:label1\" content=\"Est. reading time\" \/>\n\t<meta name=\"twitter:data1\" content=\"2 minutes\" \/>\n<script type=\"application\/ld+json\" class=\"yoast-schema-graph\">{\"@context\":\"https:\\\/\\\/schema.org\",\"@graph\":[{\"@type\":\"WebPage\",\"@id\":\"https:\\\/\\\/www.hydrachim.fr\\\/en\\\/produit\\\/respecthome_pae_recharge__multi_sanit_alim_002225096\\\/\",\"url\":\"https:\\\/\\\/www.hydrachim.fr\\\/en\\\/produit\\\/respecthome_pae_recharge__multi_sanit_alim_002225096\\\/\",\"name\":\"Respect'home\u00ae PAE RECHARGE + (Multi+, Sanit+, Alim+) - Hydrachim\",\"isPartOf\":{\"@id\":\"https:\\\/\\\/www.hydrachim.fr\\\/en\\\/#website\"},\"primaryImageOfPage\":{\"@id\":\"https:\\\/\\\/www.hydrachim.fr\\\/en\\\/produit\\\/respecthome_pae_recharge__multi_sanit_alim_002225096\\\/#primaryimage\"},\"image\":{\"@id\":\"https:\\\/\\\/www.hydrachim.fr\\\/en\\\/produit\\\/respecthome_pae_recharge__multi_sanit_alim_002225096\\\/#primaryimage\"},\"thumbnailUrl\":\"https:\\\/\\\/www.hydrachim.fr\\\/app\\\/uploads\\\/2025\\\/04\\\/2250___PAE_RECHARGE___pour_MULTI___SANIT___ALIM__.png\",\"datePublished\":\"2022-10-28T08:48:13+00:00\",\"dateModified\":\"2026-02-13T14:53:52+00:00\",\"breadcrumb\":{\"@id\":\"https:\\\/\\\/www.hydrachim.fr\\\/en\\\/produit\\\/respecthome_pae_recharge__multi_sanit_alim_002225096\\\/#breadcrumb\"},\"inLanguage\":\"en-US\",\"potentialAction\":[{\"@type\":\"ReadAction\",\"target\":[\"https:\\\/\\\/www.hydrachim.fr\\\/en\\\/produit\\\/respecthome_pae_recharge__multi_sanit_alim_002225096\\\/\"]}]},{\"@type\":\"ImageObject\",\"inLanguage\":\"en-US\",\"@id\":\"https:\\\/\\\/www.hydrachim.fr\\\/en\\\/produit\\\/respecthome_pae_recharge__multi_sanit_alim_002225096\\\/#primaryimage\",\"url\":\"https:\\\/\\\/www.hydrachim.fr\\\/app\\\/uploads\\\/2025\\\/04\\\/2250___PAE_RECHARGE___pour_MULTI___SANIT___ALIM__.png\",\"contentUrl\":\"https:\\\/\\\/www.hydrachim.fr\\\/app\\\/uploads\\\/2025\\\/04\\\/2250___PAE_RECHARGE___pour_MULTI___SANIT___ALIM__.png\",\"width\":1543,\"height\":2227},{\"@type\":\"BreadcrumbList\",\"@id\":\"https:\\\/\\\/www.hydrachim.fr\\\/en\\\/produit\\\/respecthome_pae_recharge__multi_sanit_alim_002225096\\\/#breadcrumb\",\"itemListElement\":[{\"@type\":\"ListItem\",\"position\":1,\"name\":\"Home\",\"item\":\"https:\\\/\\\/www.hydrachim.fr\\\/en\\\/\"},{\"@type\":\"ListItem\",\"position\":2,\"name\":\"Boutique\",\"item\":\"https:\\\/\\\/www.hydrachim.fr\\\/boutique\\\/\"},{\"@type\":\"ListItem\",\"position\":3,\"name\":\"Respect&rsquo;home\u00ae PAE RECHARGE + (Multi+, Sanit+, Alim+)\"}]},{\"@type\":\"WebSite\",\"@id\":\"https:\\\/\\\/www.hydrachim.fr\\\/en\\\/#website\",\"url\":\"https:\\\/\\\/www.hydrachim.fr\\\/en\\\/\",\"name\":\"Hydrachim\",\"description\":\"La science de l&#039;hygi\u00e8ne\",\"potentialAction\":[{\"@type\":\"SearchAction\",\"target\":{\"@type\":\"EntryPoint\",\"urlTemplate\":\"https:\\\/\\\/www.hydrachim.fr\\\/en\\\/?s={search_term_string}\"},\"query-input\":{\"@type\":\"PropertyValueSpecification\",\"valueRequired\":true,\"valueName\":\"search_term_string\"}}],\"inLanguage\":\"en-US\"}]}<\/script>\n<!-- \/ Yoast SEO plugin. -->","yoast_head_json":{"title":"Respect'home\u00ae PAE RECHARGE + (Multi+, Sanit+, Alim+) - Hydrachim","robots":{"index":"index","follow":"follow","max-snippet":"max-snippet:-1","max-image-preview":"max-image-preview:large","max-video-preview":"max-video-preview:-1"},"canonical":"https:\/\/www.hydrachim.fr\/en\/produit\/respecthome_pae_recharge__multi_sanit_alim_002225096\/","og_locale":"en_US","og_type":"article","og_title":"Respect'home\u00ae PAE RECHARGE + (Multi+, Sanit+, Alim+) - Hydrachim","og_description":"Nettoyant d\u00e9tartrant d\u00e9sinfectant pr\u00eat \u00e0 l'emploi, \u00e0 base d'acide lactique et \u00e9thanol. Ecocert","og_url":"https:\/\/www.hydrachim.fr\/en\/produit\/respecthome_pae_recharge__multi_sanit_alim_002225096\/","og_site_name":"Hydrachim","article_modified_time":"2026-02-13T14:53:52+00:00","og_image":[{"width":1543,"height":2227,"url":"https:\/\/www.hydrachim.fr\/app\/uploads\/2025\/04\/2250___PAE_RECHARGE___pour_MULTI___SANIT___ALIM__.png","type":"image\/png"}],"twitter_card":"summary_large_image","twitter_misc":{"Est. reading time":"2 minutes"},"schema":{"@context":"https:\/\/schema.org","@graph":[{"@type":"WebPage","@id":"https:\/\/www.hydrachim.fr\/en\/produit\/respecthome_pae_recharge__multi_sanit_alim_002225096\/","url":"https:\/\/www.hydrachim.fr\/en\/produit\/respecthome_pae_recharge__multi_sanit_alim_002225096\/","name":"Respect'home\u00ae PAE RECHARGE + (Multi+, Sanit+, Alim+) - Hydrachim","isPartOf":{"@id":"https:\/\/www.hydrachim.fr\/en\/#website"},"primaryImageOfPage":{"@id":"https:\/\/www.hydrachim.fr\/en\/produit\/respecthome_pae_recharge__multi_sanit_alim_002225096\/#primaryimage"},"image":{"@id":"https:\/\/www.hydrachim.fr\/en\/produit\/respecthome_pae_recharge__multi_sanit_alim_002225096\/#primaryimage"},"thumbnailUrl":"https:\/\/www.hydrachim.fr\/app\/uploads\/2025\/04\/2250___PAE_RECHARGE___pour_MULTI___SANIT___ALIM__.png","datePublished":"2022-10-28T08:48:13+00:00","dateModified":"2026-02-13T14:53:52+00:00","breadcrumb":{"@id":"https:\/\/www.hydrachim.fr\/en\/produit\/respecthome_pae_recharge__multi_sanit_alim_002225096\/#breadcrumb"},"inLanguage":"en-US","potentialAction":[{"@type":"ReadAction","target":["https:\/\/www.hydrachim.fr\/en\/produit\/respecthome_pae_recharge__multi_sanit_alim_002225096\/"]}]},{"@type":"ImageObject","inLanguage":"en-US","@id":"https:\/\/www.hydrachim.fr\/en\/produit\/respecthome_pae_recharge__multi_sanit_alim_002225096\/#primaryimage","url":"https:\/\/www.hydrachim.fr\/app\/uploads\/2025\/04\/2250___PAE_RECHARGE___pour_MULTI___SANIT___ALIM__.png","contentUrl":"https:\/\/www.hydrachim.fr\/app\/uploads\/2025\/04\/2250___PAE_RECHARGE___pour_MULTI___SANIT___ALIM__.png","width":1543,"height":2227},{"@type":"BreadcrumbList","@id":"https:\/\/www.hydrachim.fr\/en\/produit\/respecthome_pae_recharge__multi_sanit_alim_002225096\/#breadcrumb","itemListElement":[{"@type":"ListItem","position":1,"name":"Home","item":"https:\/\/www.hydrachim.fr\/en\/"},{"@type":"ListItem","position":2,"name":"Boutique","item":"https:\/\/www.hydrachim.fr\/boutique\/"},{"@type":"ListItem","position":3,"name":"Respect&rsquo;home\u00ae PAE RECHARGE + (Multi+, Sanit+, Alim+)"}]},{"@type":"WebSite","@id":"https:\/\/www.hydrachim.fr\/en\/#website","url":"https:\/\/www.hydrachim.fr\/en\/","name":"Hydrachim","description":"La science de l&#039;hygi\u00e8ne","potentialAction":[{"@type":"SearchAction","target":{"@type":"EntryPoint","urlTemplate":"https:\/\/www.hydrachim.fr\/en\/?s={search_term_string}"},"query-input":{"@type":"PropertyValueSpecification","valueRequired":true,"valueName":"search_term_string"}}],"inLanguage":"en-US"}]}},"acf":{"fiche_methode":"","fiche_technique":"https:\/\/www.hydrachim.fr\/app\/uploads\/2024\/06\/FT_2250_IDEGREEN_ECOCERT___RESPECT_HOME_PAE_RECHARGE__.pdf"},"_links":{"self":[{"href":"https:\/\/www.hydrachim.fr\/en\/wp-json\/wp\/v2\/product\/12696","targetHints":{"allow":["GET"]}}],"collection":[{"href":"https:\/\/www.hydrachim.fr\/en\/wp-json\/wp\/v2\/product"}],"about":[{"href":"https:\/\/www.hydrachim.fr\/en\/wp-json\/wp\/v2\/types\/product"}],"wp:featuredmedia":[{"embeddable":true,"href":"https:\/\/www.hydrachim.fr\/en\/wp-json\/wp\/v2\/media\/21437"}],"wp:attachment":[{"href":"https:\/\/www.hydrachim.fr\/en\/wp-json\/wp\/v2\/media?parent=12696"}],"wp:term":[{"taxonomy":"product_brand","embeddable":true,"href":"https:\/\/www.hydrachim.fr\/en\/wp-json\/wp\/v2\/product_brand?post=12696"},{"taxonomy":"product_type","embeddable":true,"href":"https:\/\/www.hydrachim.fr\/en\/wp-json\/wp\/v2\/product_type?post=12696"},{"taxonomy":"product_visibility","embeddable":true,"href":"https:\/\/www.hydrachim.fr\/en\/wp-json\/wp\/v2\/product_visibility?post=12696"},{"taxonomy":"product_cat","embeddable":true,"href":"https:\/\/www.hydrachim.fr\/en\/wp-json\/wp\/v2\/product_cat?post=12696"}],"curies":[{"name":"wp","href":"https:\/\/api.w.org\/{rel}","templated":true}]}}