{"id":12695,"date":"2022-10-28T10:43:25","date_gmt":"2022-10-28T08:43:25","guid":{"rendered":"https:\/\/www.hydrachim.fr\/?post_type=product&#038;p=12695"},"modified":"2026-02-13T16:52:57","modified_gmt":"2026-02-13T14:52:57","slug":"respecthome_pae_alim__002225011","status":"publish","type":"product","link":"https:\/\/www.hydrachim.fr\/en\/produit\/respecthome_pae_alim__002225011\/","title":{"rendered":"Respect&#8217;Home\u00ae PAE ALIM +"},"content":{"rendered":"<p><strong>Nettoyant polyvalent bact\u00e9ricide, levuricide et virucide.<br \/>\nPlus s\u00e9chant et moins moussant.<br \/>\nEfficace sur Coronavirus.<\/strong><\/p>\n<p>RESPECT\u2019HOME\u00ae PAE ALIM + est utilisable sur les surfaces alimentaires dans les domaines de l\u2019Industrie Agro Alimentaire, des cuisines collectives, des restaurants, des h\u00f4tels, des cr\u00e8ches.<br \/>\nRESPECT\u2019HOME\u00ae PAE ALIM + est un nettoyant d\u00e9graissant d\u00e9sinfectant des surfaces alimentaires*, pour toutes les surfaces lavables : plans de travail, tables, comptoirs, passe-plat, murs, inox, vitrines et miroirs.<\/p>\n<p><strong>Disponible en :<br \/>\nCarton de 6 x 750 mL. R\u00e9f. 002225003.<br \/>\nCarton de 4 x 5L. R\u00e9f\u00e9rence 002225006<\/strong><\/p>\n<p class=\"y-product y-product__product-subtitle\">Avantage :<\/p>\n<p>La formule du RESPECT\u2019HOME\u00ae PAE ALIM + est soutenue au niveau du r\u00e8glement biocide (CE) n\u00b0528\/2012 en vue d\u2019obtenir une AMM.<br \/>\nLa formule du RESPECT\u2019HOME\u00ae PAE ALIM + est formul\u00e9 Sans ammonium quaternaire, Sans phosphonate, Sans EDTA, Sans chlore, Avec de l&#8217;huile essentielle d&#8217;arbre \u00e0 th\u00e9.<br \/>\n&#8211; 99% des ingr\u00e9dients sont d\u2019origine v\u00e9g\u00e9tale ou min\u00e9rale.<br \/>\n&#8211; Biod\u00e9gradable \u00e0 96% (selon la m\u00e9thode OCDE 302 B)<\/p>\n<p>Contient aussi : eau, d\u00e9naturants de l&#8217;alcool (butanone, denatonium benzoate, isopropyl alcohol).<\/p>\n<p>Retrouvez le mode d&#8217;emploi et le dosage du produit en t\u00e9l\u00e9chargeant sa Fiche Technique et\/ou sa Fiche M\u00e9thode.<\/p>\n<p><em>Utilisez les biocides avec pr\u00e9caution. Avant toute utilisation, lisez l&#8217;\u00e9tiquette et les informations concernant le produit.<br \/>\n** Conforme \u00e0 la l\u00e9gislation relative aux produits de nettoyage du mat\u00e9riel pouvant se trouver en contact des denr\u00e9es alimentaires (Arr\u00eat\u00e9 du 08\/09\/1999 et ses amendements). Rin\u00e7age obligatoire.<br \/>\nD\u00e9tergent certifi\u00e9 par ECOCERT Greenlife selon le r\u00e9f\u00e9rentiel ECOCERT \u00abEcod\u00e9tergent\u00bb disponible sur http:\/\/detergents.ecocert.com.<\/p>\n<p>TP2 : D\u00e9sinfectants utilis\u00e9s dans le domaine priv\u00e9 et dans le domaine de la sant\u00e9 publique et autres produits biocides.<br \/>\nTP4 : D\u00e9sinfectants pour les surfaces en contact avec les denr\u00e9es alimentaires et les aliments pour animaux.<\/em><\/p>\n","protected":false},"excerpt":{"rendered":"<p>Nettoyant d\u00e9sinfectant pr\u00eat \u00e0 l&#8217;emploi, \u00e0 base d&#8217;acide lactique et \u00e9thanol. Ecocert.<\/p>\n","protected":false},"featured_media":15439,"template":"","meta":[],"product_brand":[],"product_type":[2],"product_visibility":[],"product_cat":[4098,4114,4174,4111,4097,4189,4143],"class_list":{"0":"post-12695","1":"product","2":"type-product","3":"status-publish","4":"has-post-thumbnail","6":"product_cat-ecocertcuisine","7":"product_cat-dsinfectioncuisine","8":"product_cat-nouveautesdesinfection","9":"product_cat-produitsdesinfection","10":"product_cat-produitsecocert","11":"product_cat-marquesidegreen","12":"product_cat-nouveautes","13":"product_tag-bactericide","14":"product_tag-biocide","15":"product_tag-cuisine","16":"product_tag-ecocert","17":"product_tag-levuricide","18":"product_tag-multisurface","19":"product_tag-nettoyant","20":"product_tag-plan-de-travail","21":"product_tag-polyvalent","22":"product_tag-pret-a-lemploi","23":"product_tag-pulverisation","24":"product_tag-tp2","25":"product_tag-tp4","26":"product_tag-virucide","28":"first","29":"instock","30":"shipping-taxable","31":"product-type-simple"},"yoast_head":"<!-- This site is optimized with the Yoast SEO plugin v27.5 - https:\/\/yoast.com\/product\/yoast-seo-wordpress\/ -->\n<title>Respect&#039;Home\u00ae PAE ALIM + - Hydrachim<\/title>\n<meta name=\"robots\" content=\"index, follow, max-snippet:-1, max-image-preview:large, max-video-preview:-1\" \/>\n<link rel=\"canonical\" href=\"https:\/\/www.hydrachim.fr\/en\/produit\/respecthome_pae_alim__002225011\/\" \/>\n<meta property=\"og:locale\" content=\"en_US\" \/>\n<meta property=\"og:type\" content=\"article\" \/>\n<meta property=\"og:title\" content=\"Respect&#039;Home\u00ae PAE ALIM + - Hydrachim\" \/>\n<meta property=\"og:description\" content=\"Nettoyant d\u00e9sinfectant pr\u00eat \u00e0 l&#039;emploi, \u00e0 base d&#039;acide lactique et \u00e9thanol. Ecocert.\" \/>\n<meta property=\"og:url\" content=\"https:\/\/www.hydrachim.fr\/en\/produit\/respecthome_pae_alim__002225011\/\" \/>\n<meta property=\"og:site_name\" content=\"Hydrachim\" \/>\n<meta property=\"article:modified_time\" content=\"2026-02-13T14:52:57+00:00\" \/>\n<meta property=\"og:image\" content=\"https:\/\/www.hydrachim.fr\/app\/uploads\/2023\/08\/Jaune___ALIM_____RVB.png\" \/>\n\t<meta property=\"og:image:width\" content=\"283\" \/>\n\t<meta property=\"og:image:height\" content=\"618\" \/>\n\t<meta property=\"og:image:type\" content=\"image\/png\" \/>\n<meta name=\"twitter:card\" content=\"summary_large_image\" \/>\n<meta name=\"twitter:label1\" content=\"Est. reading time\" \/>\n\t<meta name=\"twitter:data1\" content=\"2 minutes\" \/>\n<script type=\"application\/ld+json\" class=\"yoast-schema-graph\">{\"@context\":\"https:\\\/\\\/schema.org\",\"@graph\":[{\"@type\":\"WebPage\",\"@id\":\"https:\\\/\\\/www.hydrachim.fr\\\/en\\\/produit\\\/respecthome_pae_alim__002225011\\\/\",\"url\":\"https:\\\/\\\/www.hydrachim.fr\\\/en\\\/produit\\\/respecthome_pae_alim__002225011\\\/\",\"name\":\"Respect'Home\u00ae PAE ALIM + - Hydrachim\",\"isPartOf\":{\"@id\":\"https:\\\/\\\/www.hydrachim.fr\\\/en\\\/#website\"},\"primaryImageOfPage\":{\"@id\":\"https:\\\/\\\/www.hydrachim.fr\\\/en\\\/produit\\\/respecthome_pae_alim__002225011\\\/#primaryimage\"},\"image\":{\"@id\":\"https:\\\/\\\/www.hydrachim.fr\\\/en\\\/produit\\\/respecthome_pae_alim__002225011\\\/#primaryimage\"},\"thumbnailUrl\":\"https:\\\/\\\/www.hydrachim.fr\\\/app\\\/uploads\\\/2023\\\/08\\\/Jaune___ALIM_____RVB.png\",\"datePublished\":\"2022-10-28T08:43:25+00:00\",\"dateModified\":\"2026-02-13T14:52:57+00:00\",\"breadcrumb\":{\"@id\":\"https:\\\/\\\/www.hydrachim.fr\\\/en\\\/produit\\\/respecthome_pae_alim__002225011\\\/#breadcrumb\"},\"inLanguage\":\"en-US\",\"potentialAction\":[{\"@type\":\"ReadAction\",\"target\":[\"https:\\\/\\\/www.hydrachim.fr\\\/en\\\/produit\\\/respecthome_pae_alim__002225011\\\/\"]}]},{\"@type\":\"ImageObject\",\"inLanguage\":\"en-US\",\"@id\":\"https:\\\/\\\/www.hydrachim.fr\\\/en\\\/produit\\\/respecthome_pae_alim__002225011\\\/#primaryimage\",\"url\":\"https:\\\/\\\/www.hydrachim.fr\\\/app\\\/uploads\\\/2023\\\/08\\\/Jaune___ALIM_____RVB.png\",\"contentUrl\":\"https:\\\/\\\/www.hydrachim.fr\\\/app\\\/uploads\\\/2023\\\/08\\\/Jaune___ALIM_____RVB.png\",\"width\":283,\"height\":618},{\"@type\":\"BreadcrumbList\",\"@id\":\"https:\\\/\\\/www.hydrachim.fr\\\/en\\\/produit\\\/respecthome_pae_alim__002225011\\\/#breadcrumb\",\"itemListElement\":[{\"@type\":\"ListItem\",\"position\":1,\"name\":\"Home\",\"item\":\"https:\\\/\\\/www.hydrachim.fr\\\/en\\\/\"},{\"@type\":\"ListItem\",\"position\":2,\"name\":\"Boutique\",\"item\":\"https:\\\/\\\/www.hydrachim.fr\\\/boutique\\\/\"},{\"@type\":\"ListItem\",\"position\":3,\"name\":\"Respect&rsquo;Home\u00ae PAE ALIM +\"}]},{\"@type\":\"WebSite\",\"@id\":\"https:\\\/\\\/www.hydrachim.fr\\\/en\\\/#website\",\"url\":\"https:\\\/\\\/www.hydrachim.fr\\\/en\\\/\",\"name\":\"Hydrachim\",\"description\":\"La science de l&#039;hygi\u00e8ne\",\"potentialAction\":[{\"@type\":\"SearchAction\",\"target\":{\"@type\":\"EntryPoint\",\"urlTemplate\":\"https:\\\/\\\/www.hydrachim.fr\\\/en\\\/?s={search_term_string}\"},\"query-input\":{\"@type\":\"PropertyValueSpecification\",\"valueRequired\":true,\"valueName\":\"search_term_string\"}}],\"inLanguage\":\"en-US\"}]}<\/script>\n<!-- \/ Yoast SEO plugin. -->","yoast_head_json":{"title":"Respect'Home\u00ae PAE ALIM + - Hydrachim","robots":{"index":"index","follow":"follow","max-snippet":"max-snippet:-1","max-image-preview":"max-image-preview:large","max-video-preview":"max-video-preview:-1"},"canonical":"https:\/\/www.hydrachim.fr\/en\/produit\/respecthome_pae_alim__002225011\/","og_locale":"en_US","og_type":"article","og_title":"Respect'Home\u00ae PAE ALIM + - Hydrachim","og_description":"Nettoyant d\u00e9sinfectant pr\u00eat \u00e0 l'emploi, \u00e0 base d'acide lactique et \u00e9thanol. Ecocert.","og_url":"https:\/\/www.hydrachim.fr\/en\/produit\/respecthome_pae_alim__002225011\/","og_site_name":"Hydrachim","article_modified_time":"2026-02-13T14:52:57+00:00","og_image":[{"width":283,"height":618,"url":"https:\/\/www.hydrachim.fr\/app\/uploads\/2023\/08\/Jaune___ALIM_____RVB.png","type":"image\/png"}],"twitter_card":"summary_large_image","twitter_misc":{"Est. reading time":"2 minutes"},"schema":{"@context":"https:\/\/schema.org","@graph":[{"@type":"WebPage","@id":"https:\/\/www.hydrachim.fr\/en\/produit\/respecthome_pae_alim__002225011\/","url":"https:\/\/www.hydrachim.fr\/en\/produit\/respecthome_pae_alim__002225011\/","name":"Respect'Home\u00ae PAE ALIM + - Hydrachim","isPartOf":{"@id":"https:\/\/www.hydrachim.fr\/en\/#website"},"primaryImageOfPage":{"@id":"https:\/\/www.hydrachim.fr\/en\/produit\/respecthome_pae_alim__002225011\/#primaryimage"},"image":{"@id":"https:\/\/www.hydrachim.fr\/en\/produit\/respecthome_pae_alim__002225011\/#primaryimage"},"thumbnailUrl":"https:\/\/www.hydrachim.fr\/app\/uploads\/2023\/08\/Jaune___ALIM_____RVB.png","datePublished":"2022-10-28T08:43:25+00:00","dateModified":"2026-02-13T14:52:57+00:00","breadcrumb":{"@id":"https:\/\/www.hydrachim.fr\/en\/produit\/respecthome_pae_alim__002225011\/#breadcrumb"},"inLanguage":"en-US","potentialAction":[{"@type":"ReadAction","target":["https:\/\/www.hydrachim.fr\/en\/produit\/respecthome_pae_alim__002225011\/"]}]},{"@type":"ImageObject","inLanguage":"en-US","@id":"https:\/\/www.hydrachim.fr\/en\/produit\/respecthome_pae_alim__002225011\/#primaryimage","url":"https:\/\/www.hydrachim.fr\/app\/uploads\/2023\/08\/Jaune___ALIM_____RVB.png","contentUrl":"https:\/\/www.hydrachim.fr\/app\/uploads\/2023\/08\/Jaune___ALIM_____RVB.png","width":283,"height":618},{"@type":"BreadcrumbList","@id":"https:\/\/www.hydrachim.fr\/en\/produit\/respecthome_pae_alim__002225011\/#breadcrumb","itemListElement":[{"@type":"ListItem","position":1,"name":"Home","item":"https:\/\/www.hydrachim.fr\/en\/"},{"@type":"ListItem","position":2,"name":"Boutique","item":"https:\/\/www.hydrachim.fr\/boutique\/"},{"@type":"ListItem","position":3,"name":"Respect&rsquo;Home\u00ae PAE ALIM +"}]},{"@type":"WebSite","@id":"https:\/\/www.hydrachim.fr\/en\/#website","url":"https:\/\/www.hydrachim.fr\/en\/","name":"Hydrachim","description":"La science de l&#039;hygi\u00e8ne","potentialAction":[{"@type":"SearchAction","target":{"@type":"EntryPoint","urlTemplate":"https:\/\/www.hydrachim.fr\/en\/?s={search_term_string}"},"query-input":{"@type":"PropertyValueSpecification","valueRequired":true,"valueName":"search_term_string"}}],"inLanguage":"en-US"}]}},"acf":{"fiche_methode":"","fiche_technique":"https:\/\/www.hydrachim.fr\/app\/uploads\/2024\/06\/FT_2250_IDEGREEN_ECOCERT___RESPECT_HOME_PAE_ALIM__.pdf"},"_links":{"self":[{"href":"https:\/\/www.hydrachim.fr\/en\/wp-json\/wp\/v2\/product\/12695","targetHints":{"allow":["GET"]}}],"collection":[{"href":"https:\/\/www.hydrachim.fr\/en\/wp-json\/wp\/v2\/product"}],"about":[{"href":"https:\/\/www.hydrachim.fr\/en\/wp-json\/wp\/v2\/types\/product"}],"wp:featuredmedia":[{"embeddable":true,"href":"https:\/\/www.hydrachim.fr\/en\/wp-json\/wp\/v2\/media\/15439"}],"wp:attachment":[{"href":"https:\/\/www.hydrachim.fr\/en\/wp-json\/wp\/v2\/media?parent=12695"}],"wp:term":[{"taxonomy":"product_brand","embeddable":true,"href":"https:\/\/www.hydrachim.fr\/en\/wp-json\/wp\/v2\/product_brand?post=12695"},{"taxonomy":"product_type","embeddable":true,"href":"https:\/\/www.hydrachim.fr\/en\/wp-json\/wp\/v2\/product_type?post=12695"},{"taxonomy":"product_visibility","embeddable":true,"href":"https:\/\/www.hydrachim.fr\/en\/wp-json\/wp\/v2\/product_visibility?post=12695"},{"taxonomy":"product_cat","embeddable":true,"href":"https:\/\/www.hydrachim.fr\/en\/wp-json\/wp\/v2\/product_cat?post=12695"}],"curies":[{"name":"wp","href":"https:\/\/api.w.org\/{rel}","templated":true}]}}