{"id":12694,"date":"2022-10-28T10:38:07","date_gmt":"2022-10-28T08:38:07","guid":{"rendered":"https:\/\/www.hydrachim.fr\/?post_type=product&#038;p=12694"},"modified":"2026-02-13T16:52:27","modified_gmt":"2026-02-13T14:52:27","slug":"respecthome_pae_sanit__002225010","status":"publish","type":"product","link":"https:\/\/www.hydrachim.fr\/en\/produit\/respecthome_pae_sanit__002225010\/","title":{"rendered":"Respect&#8217;Home\u00ae PAE SANIT +"},"content":{"rendered":"<p><strong>Nettoyant polyvalent bact\u00e9ricide &#8211; levuricide &#8211; virucide.<br \/>\nPlus s\u00e9chant et moins moussant.<br \/>\nEfficace sur coronavirus.<\/strong><\/p>\n<p>RESPECT&#8217;HOME\u00ae PAE SANIT + nettoie, d\u00e9graisse, d\u00e9tartre et d\u00e9sinfecte toutes les surfaces sanitaires : salle de bain, wc, douche, parois de verre, murs, carrelages, &#8230;<br \/>\nAction d\u00e9tartrante quotidienne, il \u00e9limine aussi les d\u00e9pots de savons et fait briller les surfaces.<\/p>\n<p><strong>Disponible en carton de 6 x 750 mL &#8211; article 002225003.<\/strong><\/p>\n<p class=\"y-product y-product__product-subtitle\">Avantage :<\/p>\n<p>La formule du RESPECT\u2019HOME\u00ae PAE SANIT + est soutenue au niveau du r\u00e8glement biocide (CE) n\u00b0528\/2012 en vue d\u2019obtenir une AMM.<br \/>\nRESPECT\u2019HOME\u00ae PAE SANIT + est formul\u00e9 : Sans ammonium quaternaire, Sans phosphonate, Sans EDTA, Sans chlore, Avec de l&#8217;huile essentielle d&#8217;arbre \u00e0 th\u00e9.<br \/>\n&#8211; 99% des ingr\u00e9dients sont d\u2019origine v\u00e9g\u00e9tale ou min\u00e9rale.<br \/>\n&#8211; Biod\u00e9gradable \u00e0 96% (selon la m\u00e9thode OCDE 302 B)<\/p>\n<p>Contient aussi : eau, d\u00e9naturants de l&#8217;alcool (butanone, denatonium benzoate, isopropyl alcohol).<\/p>\n<p>Retrouvez le mode d&#8217;emploi et le dosage du produit en t\u00e9l\u00e9chargeant sa Fiche Technique et\/ou sa Fiche M\u00e9thode.<\/p>\n<p><em>Utilisez les biocides avec pr\u00e9caution. Avant toute utilisation, lisez l&#8217;\u00e9tiquette et les informations concernant le produit.<br \/>\nProduit conforme \u00e0 la l\u00e9gislation relative aux proc\u00e9d\u00e9s et aux produits utilis\u00e9s pour le nettoyage des mat\u00e9riaux et objets destin\u00e9s \u00e0 entrer en contact avec des denr\u00e9es, produits et boissons pour l\u2019alimentation de l\u2019homme et des animaux (Arr\u00eat\u00e9 du 08\/09\/1999 modifi\u00e9 le 19.12.2013). Rin\u00e7age obligatoire.<br \/>\nD\u00e9tergent certifi\u00e9 par ECOCERT Greenlife selon le r\u00e9f\u00e9rentiel ECOCERT \u00abEcod\u00e9tergent\u00bb disponible sur http:\/\/detergents.ecocert.com.<\/p>\n<p>TP2 : D\u00e9sinfectants utilis\u00e9s dans le domaine priv\u00e9 et dans le domaine de la sant\u00e9 publique et autres produits biocides.<br \/>\n<\/em><\/p>\n","protected":false},"excerpt":{"rendered":"<p>Nettoyant d\u00e9tartrant d\u00e9sinfectant pr\u00eat \u00e0 l&#8217;emploi, \u00e0 base d&#8217;acide lactique et \u00e9thanol. Ecocert<\/p>\n","protected":false},"featured_media":15444,"template":"","meta":[],"product_brand":[],"product_type":[2],"product_visibility":[],"product_cat":[4174,4111,4097,4189,4143,4113,4122,4099,4124],"class_list":{"0":"post-12694","1":"product","2":"type-product","3":"status-publish","4":"has-post-thumbnail","6":"product_cat-nouveautesdesinfection","7":"product_cat-produitsdesinfection","8":"product_cat-produitsecocert","9":"product_cat-marquesidegreen","10":"product_cat-nouveautes","11":"product_cat-dsinfectionsanitaire","12":"product_cat-produitssanitaire","13":"product_cat-ecocertsanitaire","14":"product_cat-sanitairesurface","15":"product_tag-bactericide","16":"product_tag-biocide","17":"product_tag-degraissant","18":"product_tag-desinfectant","19":"product_tag-detartrant","20":"product_tag-ecocert","21":"product_tag-levuricide","22":"product_tag-pret-a-lemploi","23":"product_tag-pulverisation","24":"product_tag-sanitaire","25":"product_tag-spray","26":"product_tag-tp2","27":"product_tag-virucide","29":"first","30":"instock","31":"shipping-taxable","32":"product-type-simple"},"yoast_head":"<!-- This site is optimized with the Yoast SEO plugin v27.5 - https:\/\/yoast.com\/product\/yoast-seo-wordpress\/ -->\n<title>Respect&#039;Home\u00ae PAE SANIT + - Hydrachim<\/title>\n<meta name=\"robots\" content=\"index, follow, max-snippet:-1, max-image-preview:large, max-video-preview:-1\" \/>\n<link rel=\"canonical\" href=\"https:\/\/www.hydrachim.fr\/en\/produit\/respecthome_pae_sanit__002225010\/\" \/>\n<meta property=\"og:locale\" content=\"en_US\" \/>\n<meta property=\"og:type\" content=\"article\" \/>\n<meta property=\"og:title\" content=\"Respect&#039;Home\u00ae PAE SANIT + - Hydrachim\" \/>\n<meta property=\"og:description\" content=\"Nettoyant d\u00e9tartrant d\u00e9sinfectant pr\u00eat \u00e0 l&#039;emploi, \u00e0 base d&#039;acide lactique et \u00e9thanol. Ecocert\" \/>\n<meta property=\"og:url\" content=\"https:\/\/www.hydrachim.fr\/en\/produit\/respecthome_pae_sanit__002225010\/\" \/>\n<meta property=\"og:site_name\" content=\"Hydrachim\" \/>\n<meta property=\"article:modified_time\" content=\"2026-02-13T14:52:27+00:00\" \/>\n<meta property=\"og:image\" content=\"https:\/\/www.hydrachim.fr\/app\/uploads\/2023\/08\/Rouge____SANIT_____RVB.png\" \/>\n\t<meta property=\"og:image:width\" content=\"283\" \/>\n\t<meta property=\"og:image:height\" content=\"618\" \/>\n\t<meta property=\"og:image:type\" content=\"image\/png\" \/>\n<meta name=\"twitter:card\" content=\"summary_large_image\" \/>\n<meta name=\"twitter:label1\" content=\"Est. reading time\" \/>\n\t<meta name=\"twitter:data1\" content=\"1 minute\" \/>\n<script type=\"application\/ld+json\" class=\"yoast-schema-graph\">{\"@context\":\"https:\\\/\\\/schema.org\",\"@graph\":[{\"@type\":\"WebPage\",\"@id\":\"https:\\\/\\\/www.hydrachim.fr\\\/en\\\/produit\\\/respecthome_pae_sanit__002225010\\\/\",\"url\":\"https:\\\/\\\/www.hydrachim.fr\\\/en\\\/produit\\\/respecthome_pae_sanit__002225010\\\/\",\"name\":\"Respect'Home\u00ae PAE SANIT + - Hydrachim\",\"isPartOf\":{\"@id\":\"https:\\\/\\\/www.hydrachim.fr\\\/en\\\/#website\"},\"primaryImageOfPage\":{\"@id\":\"https:\\\/\\\/www.hydrachim.fr\\\/en\\\/produit\\\/respecthome_pae_sanit__002225010\\\/#primaryimage\"},\"image\":{\"@id\":\"https:\\\/\\\/www.hydrachim.fr\\\/en\\\/produit\\\/respecthome_pae_sanit__002225010\\\/#primaryimage\"},\"thumbnailUrl\":\"https:\\\/\\\/www.hydrachim.fr\\\/app\\\/uploads\\\/2023\\\/08\\\/Rouge____SANIT_____RVB.png\",\"datePublished\":\"2022-10-28T08:38:07+00:00\",\"dateModified\":\"2026-02-13T14:52:27+00:00\",\"breadcrumb\":{\"@id\":\"https:\\\/\\\/www.hydrachim.fr\\\/en\\\/produit\\\/respecthome_pae_sanit__002225010\\\/#breadcrumb\"},\"inLanguage\":\"en-US\",\"potentialAction\":[{\"@type\":\"ReadAction\",\"target\":[\"https:\\\/\\\/www.hydrachim.fr\\\/en\\\/produit\\\/respecthome_pae_sanit__002225010\\\/\"]}]},{\"@type\":\"ImageObject\",\"inLanguage\":\"en-US\",\"@id\":\"https:\\\/\\\/www.hydrachim.fr\\\/en\\\/produit\\\/respecthome_pae_sanit__002225010\\\/#primaryimage\",\"url\":\"https:\\\/\\\/www.hydrachim.fr\\\/app\\\/uploads\\\/2023\\\/08\\\/Rouge____SANIT_____RVB.png\",\"contentUrl\":\"https:\\\/\\\/www.hydrachim.fr\\\/app\\\/uploads\\\/2023\\\/08\\\/Rouge____SANIT_____RVB.png\",\"width\":283,\"height\":618},{\"@type\":\"BreadcrumbList\",\"@id\":\"https:\\\/\\\/www.hydrachim.fr\\\/en\\\/produit\\\/respecthome_pae_sanit__002225010\\\/#breadcrumb\",\"itemListElement\":[{\"@type\":\"ListItem\",\"position\":1,\"name\":\"Home\",\"item\":\"https:\\\/\\\/www.hydrachim.fr\\\/en\\\/\"},{\"@type\":\"ListItem\",\"position\":2,\"name\":\"Boutique\",\"item\":\"https:\\\/\\\/www.hydrachim.fr\\\/boutique\\\/\"},{\"@type\":\"ListItem\",\"position\":3,\"name\":\"Respect&rsquo;Home\u00ae PAE SANIT +\"}]},{\"@type\":\"WebSite\",\"@id\":\"https:\\\/\\\/www.hydrachim.fr\\\/en\\\/#website\",\"url\":\"https:\\\/\\\/www.hydrachim.fr\\\/en\\\/\",\"name\":\"Hydrachim\",\"description\":\"La science de l&#039;hygi\u00e8ne\",\"potentialAction\":[{\"@type\":\"SearchAction\",\"target\":{\"@type\":\"EntryPoint\",\"urlTemplate\":\"https:\\\/\\\/www.hydrachim.fr\\\/en\\\/?s={search_term_string}\"},\"query-input\":{\"@type\":\"PropertyValueSpecification\",\"valueRequired\":true,\"valueName\":\"search_term_string\"}}],\"inLanguage\":\"en-US\"}]}<\/script>\n<!-- \/ Yoast SEO plugin. -->","yoast_head_json":{"title":"Respect'Home\u00ae PAE SANIT + - Hydrachim","robots":{"index":"index","follow":"follow","max-snippet":"max-snippet:-1","max-image-preview":"max-image-preview:large","max-video-preview":"max-video-preview:-1"},"canonical":"https:\/\/www.hydrachim.fr\/en\/produit\/respecthome_pae_sanit__002225010\/","og_locale":"en_US","og_type":"article","og_title":"Respect'Home\u00ae PAE SANIT + - Hydrachim","og_description":"Nettoyant d\u00e9tartrant d\u00e9sinfectant pr\u00eat \u00e0 l'emploi, \u00e0 base d'acide lactique et \u00e9thanol. Ecocert","og_url":"https:\/\/www.hydrachim.fr\/en\/produit\/respecthome_pae_sanit__002225010\/","og_site_name":"Hydrachim","article_modified_time":"2026-02-13T14:52:27+00:00","og_image":[{"width":283,"height":618,"url":"https:\/\/www.hydrachim.fr\/app\/uploads\/2023\/08\/Rouge____SANIT_____RVB.png","type":"image\/png"}],"twitter_card":"summary_large_image","twitter_misc":{"Est. reading time":"1 minute"},"schema":{"@context":"https:\/\/schema.org","@graph":[{"@type":"WebPage","@id":"https:\/\/www.hydrachim.fr\/en\/produit\/respecthome_pae_sanit__002225010\/","url":"https:\/\/www.hydrachim.fr\/en\/produit\/respecthome_pae_sanit__002225010\/","name":"Respect'Home\u00ae PAE SANIT + - Hydrachim","isPartOf":{"@id":"https:\/\/www.hydrachim.fr\/en\/#website"},"primaryImageOfPage":{"@id":"https:\/\/www.hydrachim.fr\/en\/produit\/respecthome_pae_sanit__002225010\/#primaryimage"},"image":{"@id":"https:\/\/www.hydrachim.fr\/en\/produit\/respecthome_pae_sanit__002225010\/#primaryimage"},"thumbnailUrl":"https:\/\/www.hydrachim.fr\/app\/uploads\/2023\/08\/Rouge____SANIT_____RVB.png","datePublished":"2022-10-28T08:38:07+00:00","dateModified":"2026-02-13T14:52:27+00:00","breadcrumb":{"@id":"https:\/\/www.hydrachim.fr\/en\/produit\/respecthome_pae_sanit__002225010\/#breadcrumb"},"inLanguage":"en-US","potentialAction":[{"@type":"ReadAction","target":["https:\/\/www.hydrachim.fr\/en\/produit\/respecthome_pae_sanit__002225010\/"]}]},{"@type":"ImageObject","inLanguage":"en-US","@id":"https:\/\/www.hydrachim.fr\/en\/produit\/respecthome_pae_sanit__002225010\/#primaryimage","url":"https:\/\/www.hydrachim.fr\/app\/uploads\/2023\/08\/Rouge____SANIT_____RVB.png","contentUrl":"https:\/\/www.hydrachim.fr\/app\/uploads\/2023\/08\/Rouge____SANIT_____RVB.png","width":283,"height":618},{"@type":"BreadcrumbList","@id":"https:\/\/www.hydrachim.fr\/en\/produit\/respecthome_pae_sanit__002225010\/#breadcrumb","itemListElement":[{"@type":"ListItem","position":1,"name":"Home","item":"https:\/\/www.hydrachim.fr\/en\/"},{"@type":"ListItem","position":2,"name":"Boutique","item":"https:\/\/www.hydrachim.fr\/boutique\/"},{"@type":"ListItem","position":3,"name":"Respect&rsquo;Home\u00ae PAE SANIT +"}]},{"@type":"WebSite","@id":"https:\/\/www.hydrachim.fr\/en\/#website","url":"https:\/\/www.hydrachim.fr\/en\/","name":"Hydrachim","description":"La science de l&#039;hygi\u00e8ne","potentialAction":[{"@type":"SearchAction","target":{"@type":"EntryPoint","urlTemplate":"https:\/\/www.hydrachim.fr\/en\/?s={search_term_string}"},"query-input":{"@type":"PropertyValueSpecification","valueRequired":true,"valueName":"search_term_string"}}],"inLanguage":"en-US"}]}},"acf":{"fiche_methode":"","fiche_technique":"https:\/\/www.hydrachim.fr\/app\/uploads\/2024\/06\/FT_2250_IDEGREEN_ECOCERT___RESPECT_HOME_PAE_SANIT__.pdf"},"_links":{"self":[{"href":"https:\/\/www.hydrachim.fr\/en\/wp-json\/wp\/v2\/product\/12694","targetHints":{"allow":["GET"]}}],"collection":[{"href":"https:\/\/www.hydrachim.fr\/en\/wp-json\/wp\/v2\/product"}],"about":[{"href":"https:\/\/www.hydrachim.fr\/en\/wp-json\/wp\/v2\/types\/product"}],"wp:featuredmedia":[{"embeddable":true,"href":"https:\/\/www.hydrachim.fr\/en\/wp-json\/wp\/v2\/media\/15444"}],"wp:attachment":[{"href":"https:\/\/www.hydrachim.fr\/en\/wp-json\/wp\/v2\/media?parent=12694"}],"wp:term":[{"taxonomy":"product_brand","embeddable":true,"href":"https:\/\/www.hydrachim.fr\/en\/wp-json\/wp\/v2\/product_brand?post=12694"},{"taxonomy":"product_type","embeddable":true,"href":"https:\/\/www.hydrachim.fr\/en\/wp-json\/wp\/v2\/product_type?post=12694"},{"taxonomy":"product_visibility","embeddable":true,"href":"https:\/\/www.hydrachim.fr\/en\/wp-json\/wp\/v2\/product_visibility?post=12694"},{"taxonomy":"product_cat","embeddable":true,"href":"https:\/\/www.hydrachim.fr\/en\/wp-json\/wp\/v2\/product_cat?post=12694"}],"curies":[{"name":"wp","href":"https:\/\/api.w.org\/{rel}","templated":true}]}}