{"id":12690,"date":"2022-10-28T10:01:07","date_gmt":"2022-10-28T08:01:07","guid":{"rendered":"https:\/\/www.hydrachim.fr\/?post_type=product&#038;p=12690"},"modified":"2026-01-20T15:46:44","modified_gmt":"2026-01-20T13:46:44","slug":"respecthome_concentre_al_002224901","status":"publish","type":"product","link":"https:\/\/www.hydrachim.fr\/en\/produit\/respecthome_concentre_al_002224901\/","title":{"rendered":"Respect&#8217;Home\u00ae Concentr\u00e9 AL+"},"content":{"rendered":"<p><strong>Nettoyant polyvalent bact\u00e9ricide, levuricide &amp; virucide.<br \/>\nPlus s\u00e9chant et moins moussant.<br \/>\nEfficace sur Coronavirus.<\/strong><\/p>\n<p>RESPECT&#8217;HOME\u00ae CONCENTR\u00c9 AL+ est un biocide tr\u00e8s polyvalent utilis\u00e9 pour toutes les :<br \/>\n&#8211; Surfaces neutres : cr\u00e8ches, jouets, EHPAD, salles d\u2018attente&#8230;<br \/>\n&#8211; Surfaces sanitaires : carrelages, wc, douches, sols, meubles.<br \/>\n&#8211; Surfaces alimentaires : plans de travail, tables, murs, sols.<br \/>\nRESPECT&#8217;HOME\u00ae CONCENTR\u00c9 AL+ est un d\u00e9tartrant quotidien qui pr\u00e9vient l&#8217;installation du calcaire et fait briller les surfaces. Agr\u00e9able \u00e0 l&#8217;utilisation, avec sa note parfum\u00e9e d&#8217;huile essentielle d&#8217;arbre \u00e0 th\u00e9.<\/p>\n<p><strong>Disponible en :<br \/>\nCarton de 4 x 5 L. R\u00e9f.\u00a0002224901<br \/>\nCarton de 6 x 1 L doseur. R\u00e9f. 002224902<br \/>\nCarton de 4 x 5 L &#8211; sp\u00e9cial sanitaire. R\u00e9f. 002224903<\/strong><\/p>\n<p class=\"y-product y-product__product-subtitle\">Avantage :<\/p>\n<p>La formule du RESPECT\u2019HOME\u00ae CONCENTR\u00c9 AL+ est soutenue au niveau du r\u00e8glement biocide (CE) n\u00b0528\/2012 en vue d\u2019obtenir une AMM.<br \/>\nRESPECT\u2019HOME\u00ae CONCENTR\u00c9 AL+ est formul\u00e9 : Sans ammonium quaternaire, Sans phosphonate, Sans EDTA, Sans chlore, Avec de l&#8217;huile essentielle d&#8217;arbre \u00e0 th\u00e9.<br \/>\n&#8211; 98% des ingr\u00e9dients sont d\u2019origine v\u00e9g\u00e9tale ou min\u00e9rale.<br \/>\n&#8211; Biod\u00e9gradable \u00e0 95% (selon la m\u00e9thode OCDE 302 B)<\/p>\n<p>Contient aussi : d\u00e9naturant de l\u2019alcool (butanone, denatonium benzoate, isopropyl alcohol), eau.<\/p>\n<p>Retrouvez le mode d&#8217;emploi et le dosage du produit en t\u00e9l\u00e9chargeant sa Fiche Technique et\/ou sa Fiche M\u00e9thode.<\/p>\n<p><em>Utilisez les biocides avec pr\u00e9caution. Avant toute utilisation, lisez l&#8217;\u00e9tiquette et les informations concernant le produit.<br \/>\nProduit conforme \u00e0 la l\u00e9gislation relative aux proc\u00e9d\u00e9s et aux produits utilis\u00e9s pour le nettoyage des mat\u00e9riaux et objets destin\u00e9s \u00e0 entrer en contact avec des denr\u00e9es, produits et boissons pour l\u2019alimentation de l\u2019homme et des animaux (Arr\u00eat\u00e9 du 08\/09\/1999 modifi\u00e9 le 19.12.2013). Rin\u00e7age obligatoire.<br \/>\nD\u00e9tergent certifi\u00e9 par ECOCERT Greenlife selon le r\u00e9f\u00e9rentiel ECOCERT \u00abEcod\u00e9tergent\u00bb disponible sur http:\/\/detergents.ecocert.com.<\/p>\n<p>TP4 : D\u00e9sinfectants pour les surfaces en contact avec les denr\u00e9es alimentaires et les aliments pour animaux<br \/>\nTP2 : D\u00e9sinfectants utilis\u00e9s dans le domaine priv\u00e9 et dans le domaine de la sant\u00e9 publique et autres produits biocides<br \/>\n<\/em><\/p>\n","protected":false},"excerpt":{"rendered":"<p>Nettoyant d\u00e9graissant d\u00e9sinfectant \u00e0 base d&#8217;acide lactique et \u00e9thanol. Ecocert.<\/p>\n","protected":false},"featured_media":21429,"template":"","meta":[],"product_brand":[],"product_type":[2],"product_visibility":[],"product_cat":[4098,4114,4111,4174,4097,4189,4143,4113,4099,4112,4100],"class_list":{"0":"post-12690","1":"product","2":"type-product","3":"status-publish","4":"has-post-thumbnail","6":"product_cat-ecocertcuisine","7":"product_cat-dsinfectioncuisine","8":"product_cat-produitsdesinfection","9":"product_cat-nouveautesdesinfection","10":"product_cat-produitsecocert","11":"product_cat-marquesidegreen","12":"product_cat-nouveautes","13":"product_cat-dsinfectionsanitaire","14":"product_cat-ecocertsanitaire","15":"product_cat-dsinfectionsurface","16":"product_cat-ecocertsurface","17":"product_tag-bactericide","18":"product_tag-biocide","19":"product_tag-concentre","20":"product_tag-degraissant","21":"product_tag-desinfectant","22":"product_tag-ecocert","23":"product_tag-levuricide","24":"product_tag-multi-surfaces","25":"product_tag-nettoyant","26":"product_tag-polyvalent","27":"product_tag-tp2","28":"product_tag-tp4","29":"product_tag-virucide","31":"first","32":"instock","33":"shipping-taxable","34":"product-type-simple"},"yoast_head":"<!-- This site is optimized with the Yoast SEO plugin v27.5 - https:\/\/yoast.com\/product\/yoast-seo-wordpress\/ -->\n<title>Respect&#039;Home\u00ae Concentr\u00e9 AL+ - Hydrachim<\/title>\n<meta name=\"robots\" content=\"index, follow, max-snippet:-1, max-image-preview:large, max-video-preview:-1\" \/>\n<link rel=\"canonical\" href=\"https:\/\/www.hydrachim.fr\/en\/produit\/respecthome_concentre_al_002224901\/\" \/>\n<meta property=\"og:locale\" content=\"en_US\" \/>\n<meta property=\"og:type\" content=\"article\" \/>\n<meta property=\"og:title\" content=\"Respect&#039;Home\u00ae Concentr\u00e9 AL+ - Hydrachim\" \/>\n<meta property=\"og:description\" content=\"Nettoyant d\u00e9graissant d\u00e9sinfectant \u00e0 base d&#039;acide lactique et \u00e9thanol. Ecocert.\" \/>\n<meta property=\"og:url\" content=\"https:\/\/www.hydrachim.fr\/en\/produit\/respecthome_concentre_al_002224901\/\" \/>\n<meta property=\"og:site_name\" content=\"Hydrachim\" \/>\n<meta property=\"article:modified_time\" content=\"2026-01-20T13:46:44+00:00\" \/>\n<meta property=\"og:image\" content=\"https:\/\/www.hydrachim.fr\/app\/uploads\/2025\/04\/2249___CONCENTRE_AL__RESPECT_HOME.png\" \/>\n\t<meta property=\"og:image:width\" content=\"1543\" \/>\n\t<meta property=\"og:image:height\" content=\"2227\" \/>\n\t<meta property=\"og:image:type\" content=\"image\/png\" \/>\n<meta name=\"twitter:card\" content=\"summary_large_image\" \/>\n<meta name=\"twitter:label1\" content=\"Est. reading time\" \/>\n\t<meta name=\"twitter:data1\" content=\"2 minutes\" \/>\n<script type=\"application\/ld+json\" class=\"yoast-schema-graph\">{\"@context\":\"https:\\\/\\\/schema.org\",\"@graph\":[{\"@type\":\"WebPage\",\"@id\":\"https:\\\/\\\/www.hydrachim.fr\\\/en\\\/produit\\\/respecthome_concentre_al_002224901\\\/\",\"url\":\"https:\\\/\\\/www.hydrachim.fr\\\/en\\\/produit\\\/respecthome_concentre_al_002224901\\\/\",\"name\":\"Respect'Home\u00ae Concentr\u00e9 AL+ - Hydrachim\",\"isPartOf\":{\"@id\":\"https:\\\/\\\/www.hydrachim.fr\\\/en\\\/#website\"},\"primaryImageOfPage\":{\"@id\":\"https:\\\/\\\/www.hydrachim.fr\\\/en\\\/produit\\\/respecthome_concentre_al_002224901\\\/#primaryimage\"},\"image\":{\"@id\":\"https:\\\/\\\/www.hydrachim.fr\\\/en\\\/produit\\\/respecthome_concentre_al_002224901\\\/#primaryimage\"},\"thumbnailUrl\":\"https:\\\/\\\/www.hydrachim.fr\\\/app\\\/uploads\\\/2025\\\/04\\\/2249___CONCENTRE_AL__RESPECT_HOME.png\",\"datePublished\":\"2022-10-28T08:01:07+00:00\",\"dateModified\":\"2026-01-20T13:46:44+00:00\",\"breadcrumb\":{\"@id\":\"https:\\\/\\\/www.hydrachim.fr\\\/en\\\/produit\\\/respecthome_concentre_al_002224901\\\/#breadcrumb\"},\"inLanguage\":\"en-US\",\"potentialAction\":[{\"@type\":\"ReadAction\",\"target\":[\"https:\\\/\\\/www.hydrachim.fr\\\/en\\\/produit\\\/respecthome_concentre_al_002224901\\\/\"]}]},{\"@type\":\"ImageObject\",\"inLanguage\":\"en-US\",\"@id\":\"https:\\\/\\\/www.hydrachim.fr\\\/en\\\/produit\\\/respecthome_concentre_al_002224901\\\/#primaryimage\",\"url\":\"https:\\\/\\\/www.hydrachim.fr\\\/app\\\/uploads\\\/2025\\\/04\\\/2249___CONCENTRE_AL__RESPECT_HOME.png\",\"contentUrl\":\"https:\\\/\\\/www.hydrachim.fr\\\/app\\\/uploads\\\/2025\\\/04\\\/2249___CONCENTRE_AL__RESPECT_HOME.png\",\"width\":1543,\"height\":2227},{\"@type\":\"BreadcrumbList\",\"@id\":\"https:\\\/\\\/www.hydrachim.fr\\\/en\\\/produit\\\/respecthome_concentre_al_002224901\\\/#breadcrumb\",\"itemListElement\":[{\"@type\":\"ListItem\",\"position\":1,\"name\":\"Home\",\"item\":\"https:\\\/\\\/www.hydrachim.fr\\\/en\\\/\"},{\"@type\":\"ListItem\",\"position\":2,\"name\":\"Boutique\",\"item\":\"https:\\\/\\\/www.hydrachim.fr\\\/boutique\\\/\"},{\"@type\":\"ListItem\",\"position\":3,\"name\":\"Respect&rsquo;Home\u00ae Concentr\u00e9 AL+\"}]},{\"@type\":\"WebSite\",\"@id\":\"https:\\\/\\\/www.hydrachim.fr\\\/en\\\/#website\",\"url\":\"https:\\\/\\\/www.hydrachim.fr\\\/en\\\/\",\"name\":\"Hydrachim\",\"description\":\"La science de l&#039;hygi\u00e8ne\",\"potentialAction\":[{\"@type\":\"SearchAction\",\"target\":{\"@type\":\"EntryPoint\",\"urlTemplate\":\"https:\\\/\\\/www.hydrachim.fr\\\/en\\\/?s={search_term_string}\"},\"query-input\":{\"@type\":\"PropertyValueSpecification\",\"valueRequired\":true,\"valueName\":\"search_term_string\"}}],\"inLanguage\":\"en-US\"}]}<\/script>\n<!-- \/ Yoast SEO plugin. -->","yoast_head_json":{"title":"Respect'Home\u00ae Concentr\u00e9 AL+ - Hydrachim","robots":{"index":"index","follow":"follow","max-snippet":"max-snippet:-1","max-image-preview":"max-image-preview:large","max-video-preview":"max-video-preview:-1"},"canonical":"https:\/\/www.hydrachim.fr\/en\/produit\/respecthome_concentre_al_002224901\/","og_locale":"en_US","og_type":"article","og_title":"Respect'Home\u00ae Concentr\u00e9 AL+ - Hydrachim","og_description":"Nettoyant d\u00e9graissant d\u00e9sinfectant \u00e0 base d'acide lactique et \u00e9thanol. Ecocert.","og_url":"https:\/\/www.hydrachim.fr\/en\/produit\/respecthome_concentre_al_002224901\/","og_site_name":"Hydrachim","article_modified_time":"2026-01-20T13:46:44+00:00","og_image":[{"width":1543,"height":2227,"url":"https:\/\/www.hydrachim.fr\/app\/uploads\/2025\/04\/2249___CONCENTRE_AL__RESPECT_HOME.png","type":"image\/png"}],"twitter_card":"summary_large_image","twitter_misc":{"Est. reading time":"2 minutes"},"schema":{"@context":"https:\/\/schema.org","@graph":[{"@type":"WebPage","@id":"https:\/\/www.hydrachim.fr\/en\/produit\/respecthome_concentre_al_002224901\/","url":"https:\/\/www.hydrachim.fr\/en\/produit\/respecthome_concentre_al_002224901\/","name":"Respect'Home\u00ae Concentr\u00e9 AL+ - Hydrachim","isPartOf":{"@id":"https:\/\/www.hydrachim.fr\/en\/#website"},"primaryImageOfPage":{"@id":"https:\/\/www.hydrachim.fr\/en\/produit\/respecthome_concentre_al_002224901\/#primaryimage"},"image":{"@id":"https:\/\/www.hydrachim.fr\/en\/produit\/respecthome_concentre_al_002224901\/#primaryimage"},"thumbnailUrl":"https:\/\/www.hydrachim.fr\/app\/uploads\/2025\/04\/2249___CONCENTRE_AL__RESPECT_HOME.png","datePublished":"2022-10-28T08:01:07+00:00","dateModified":"2026-01-20T13:46:44+00:00","breadcrumb":{"@id":"https:\/\/www.hydrachim.fr\/en\/produit\/respecthome_concentre_al_002224901\/#breadcrumb"},"inLanguage":"en-US","potentialAction":[{"@type":"ReadAction","target":["https:\/\/www.hydrachim.fr\/en\/produit\/respecthome_concentre_al_002224901\/"]}]},{"@type":"ImageObject","inLanguage":"en-US","@id":"https:\/\/www.hydrachim.fr\/en\/produit\/respecthome_concentre_al_002224901\/#primaryimage","url":"https:\/\/www.hydrachim.fr\/app\/uploads\/2025\/04\/2249___CONCENTRE_AL__RESPECT_HOME.png","contentUrl":"https:\/\/www.hydrachim.fr\/app\/uploads\/2025\/04\/2249___CONCENTRE_AL__RESPECT_HOME.png","width":1543,"height":2227},{"@type":"BreadcrumbList","@id":"https:\/\/www.hydrachim.fr\/en\/produit\/respecthome_concentre_al_002224901\/#breadcrumb","itemListElement":[{"@type":"ListItem","position":1,"name":"Home","item":"https:\/\/www.hydrachim.fr\/en\/"},{"@type":"ListItem","position":2,"name":"Boutique","item":"https:\/\/www.hydrachim.fr\/boutique\/"},{"@type":"ListItem","position":3,"name":"Respect&rsquo;Home\u00ae Concentr\u00e9 AL+"}]},{"@type":"WebSite","@id":"https:\/\/www.hydrachim.fr\/en\/#website","url":"https:\/\/www.hydrachim.fr\/en\/","name":"Hydrachim","description":"La science de l&#039;hygi\u00e8ne","potentialAction":[{"@type":"SearchAction","target":{"@type":"EntryPoint","urlTemplate":"https:\/\/www.hydrachim.fr\/en\/?s={search_term_string}"},"query-input":{"@type":"PropertyValueSpecification","valueRequired":true,"valueName":"search_term_string"}}],"inLanguage":"en-US"}]}},"acf":{"fiche_methode":"","fiche_technique":"https:\/\/www.hydrachim.fr\/app\/uploads\/2024\/06\/FT_2249_IDEGREEN_ECOCERT___RESPECT_HOME_CONCENTRE_AL_.pdf"},"_links":{"self":[{"href":"https:\/\/www.hydrachim.fr\/en\/wp-json\/wp\/v2\/product\/12690","targetHints":{"allow":["GET"]}}],"collection":[{"href":"https:\/\/www.hydrachim.fr\/en\/wp-json\/wp\/v2\/product"}],"about":[{"href":"https:\/\/www.hydrachim.fr\/en\/wp-json\/wp\/v2\/types\/product"}],"wp:featuredmedia":[{"embeddable":true,"href":"https:\/\/www.hydrachim.fr\/en\/wp-json\/wp\/v2\/media\/21429"}],"wp:attachment":[{"href":"https:\/\/www.hydrachim.fr\/en\/wp-json\/wp\/v2\/media?parent=12690"}],"wp:term":[{"taxonomy":"product_brand","embeddable":true,"href":"https:\/\/www.hydrachim.fr\/en\/wp-json\/wp\/v2\/product_brand?post=12690"},{"taxonomy":"product_type","embeddable":true,"href":"https:\/\/www.hydrachim.fr\/en\/wp-json\/wp\/v2\/product_type?post=12690"},{"taxonomy":"product_visibility","embeddable":true,"href":"https:\/\/www.hydrachim.fr\/en\/wp-json\/wp\/v2\/product_visibility?post=12690"},{"taxonomy":"product_cat","embeddable":true,"href":"https:\/\/www.hydrachim.fr\/en\/wp-json\/wp\/v2\/product_cat?post=12690"}],"curies":[{"name":"wp","href":"https:\/\/api.w.org\/{rel}","templated":true}]}}