{"id":12521,"date":"2022-09-29T11:32:32","date_gmt":"2022-09-29T09:32:32","guid":{"rendered":"https:\/\/www.hydrachim.fr\/?post_type=product&#038;p=12521"},"modified":"2023-08-03T13:47:15","modified_gmt":"2023-08-03T11:47:15","slug":"dlm_002043492","status":"publish","type":"product","link":"https:\/\/www.hydrachim.fr\/en\/produit\/dlm_002043492\/","title":{"rendered":"DLM"},"content":{"rendered":"<p><strong><\/p>\n<h3>D\u00e9terquat DLM &#8211; D\u00e9sinfectant tout support, surfaces et lave-bottes.<\/h3>\n<p><\/strong><\/p>\n<p>D\u00e9terquat DLM convient \u00e0 la d\u00e9sinfection des surfaces, mais aussi des lave-bottes avec brossage m\u00e9canique. Il s&#8217;agit d&#8217;un d\u00e9sinfectant moussant.<br \/>\nLe DLM est \u00e9galement <b><font color=\"01568f\">utilisable en Agriculture Biologique conform\u00e9ment au r\u00e8glement (UE) 2018\/848 et ses amendements<\/font>.<\/b><br \/>\nCe produit de la marque D\u00e9terquat est \u00e0 la fois bact\u00e9ricide, levuricide, fongicide et virucide (efficace sur Coronavirus).<br \/>\nSa composition est adapt\u00e9e au mat\u00e9riel et surfaces de cuisine, il est donc utilisable sur les surfaces en contact alimentaire. <\/p>\n<h5>Fabriqu\u00e9 en France.<\/h5>\n<p><b>Mode d&#8217;emploi :<\/b><br \/>\n<\/p>\n<ul>\n<li><b>Bact\u00e9ricide :<\/b> Diluer \u00e0 raison de 50 mL dans 5 L d\u2019eau \u00e0 30\u00b0C minimum. Pulv\u00e9riser sur les surfaces. Laisser agir 5 minutes, puis rincer apr\u00e8s application.<\/li>\n<li><b>Levuricide &#8211; Fongicide :<\/b> Diluer \u00e0 raison de 150 mL dans 5 L d\u2019eau \u00e0 30\u00b0C minimum. Pulv\u00e9riser sur les surfaces. Laisser agir 15 minutes, puis rincer apr\u00e8s application.<\/li>\n<li><b>Virucide :<\/b> Pour les surfaces en contact avec les denr\u00e9es alimentaires, diluer selon l\u2019efficacit\u00e9 souhait\u00e9e dans 5 L d\u2019eau \u00e0 20\u00b0C minimum. Pulv\u00e9riser sur les surfaces. Laisser agir selon l\u2019efficacit\u00e9 souhait\u00e9e, puis rincer apr\u00e8s application. Pour  toutes  les  autres  surfaces,  diluer  100  mL  par  litre  d\u2019eau  \u00e0  20\u00b0C (pour une virucidie totale).<\/li>\n<\/ul>\n<p><strong>Disponible uniquement en bidon de 20 kg. R\u00e9f. 002043492<\/strong><\/p>\n<p class=\"y-product y-product__product-subtitle\">Avantage :<\/p>\n<p>Pouvoir d\u00e9sinfectant tout support. <\/p>\n<p>Produit utilisable en agriculture biologique conforme au r\u00e8glement (UE) 2018\/848 (et ses amendements).<\/p>\n<p>Retrouvez le mode d\u2019emploi et le dosage du produit en t\u00e9l\u00e9chargeant, ci-dessous, sa Fiche Technique et\/ou sa Fiche M\u00e9thode.<\/p>\n<p><em>Ne pas utiliser le produit sur le volant des v\u00e9hicules et sur le cuir.<br \/>\nUtiliser les biocides avec pr\u00e9cautions. Avant toute utilisation, lisez l\u2019\u00e9tiquette et les informations concernant le produit.informations concernant le produit.<br \/>\nConforme \u00e0 la l\u00e9gislation relative aux produits de nettoyage du mat\u00e9riel pouvant se  trouver  en  contact  des  denr\u00e9es  alimentaires (Arr\u00eat\u00e9  du  08\/09\/1999  et  ses  amendements).<\/p>\n<p>TP2 : D\u00e9sinfectants utilis\u00e9s dans le domaine priv\u00e9 et dans le domaine de la sant\u00e9 publique et autres produits biocides.<br \/>\nTP4 : D\u00e9sinfectants pour les surfaces en contact avec les denr\u00e9es alimentaires et les aliments pour animaux.<\/em><\/p>\n","protected":false},"excerpt":{"rendered":"<p>Le produit DETERQUAT DLM est un d\u00e9sinfectant tout support.<\/p>\n","protected":false},"featured_media":12532,"template":"","meta":[],"product_brand":[],"product_type":[2],"product_visibility":[],"product_cat":[4237,4174,4151,4112],"class_list":{"0":"post-12521","1":"product","2":"type-product","3":"status-publish","4":"has-post-thumbnail","6":"product_cat-produits-produitsdsinfectioncoronavirus","7":"product_cat-nouveautesdesinfection","8":"product_cat-marquesdeterquat","9":"product_cat-dsinfectionsurface","10":"product_tag-bactericide","11":"product_tag-desinfectant","12":"product_tag-fongicide","13":"product_tag-levuricide","14":"product_tag-tp2","15":"product_tag-tp4","16":"product_tag-virucide","18":"first","19":"instock","20":"shipping-taxable","21":"product-type-simple"},"yoast_head":"<!-- This site is optimized with the Yoast SEO plugin v27.5 - https:\/\/yoast.com\/product\/yoast-seo-wordpress\/ -->\n<title>Deterquat DLM - D\u00e9sinfectant tout support - Hydrachim<\/title>\n<meta name=\"description\" content=\"Deterquat DLM est un d\u00e9sinfectant tout support. Convient \u00e0 la d\u00e9sinfection des surfaces, mais aussi des lave-bottes avec brossage m\u00e9canique.\" \/>\n<meta name=\"robots\" content=\"index, follow, max-snippet:-1, max-image-preview:large, max-video-preview:-1\" \/>\n<link rel=\"canonical\" href=\"https:\/\/www.hydrachim.fr\/en\/produit\/dlm_002043492\/\" \/>\n<meta property=\"og:locale\" content=\"en_US\" \/>\n<meta property=\"og:type\" content=\"article\" \/>\n<meta property=\"og:title\" content=\"Deterquat DLM - D\u00e9sinfectant tout support - Hydrachim\" \/>\n<meta property=\"og:description\" content=\"Deterquat DLM est un d\u00e9sinfectant tout support. Convient \u00e0 la d\u00e9sinfection des surfaces, mais aussi des lave-bottes avec brossage m\u00e9canique.\" \/>\n<meta property=\"og:url\" content=\"https:\/\/www.hydrachim.fr\/en\/produit\/dlm_002043492\/\" \/>\n<meta property=\"og:site_name\" content=\"Hydrachim\" \/>\n<meta property=\"article:modified_time\" content=\"2023-08-03T11:47:15+00:00\" \/>\n<meta property=\"og:image\" content=\"https:\/\/www.hydrachim.fr\/app\/uploads\/2022\/09\/0434___DETERQUAT_DLM___20L..png\" \/>\n\t<meta property=\"og:image:width\" content=\"306\" \/>\n\t<meta property=\"og:image:height\" content=\"439\" \/>\n\t<meta property=\"og:image:type\" content=\"image\/png\" \/>\n<meta name=\"twitter:card\" content=\"summary_large_image\" \/>\n<meta name=\"twitter:label1\" content=\"Est. reading time\" \/>\n\t<meta name=\"twitter:data1\" content=\"2 minutes\" \/>\n<script type=\"application\/ld+json\" class=\"yoast-schema-graph\">{\"@context\":\"https:\\\/\\\/schema.org\",\"@graph\":[{\"@type\":\"WebPage\",\"@id\":\"https:\\\/\\\/www.hydrachim.fr\\\/en\\\/produit\\\/dlm_002043492\\\/\",\"url\":\"https:\\\/\\\/www.hydrachim.fr\\\/en\\\/produit\\\/dlm_002043492\\\/\",\"name\":\"Deterquat DLM - D\u00e9sinfectant tout support - Hydrachim\",\"isPartOf\":{\"@id\":\"https:\\\/\\\/www.hydrachim.fr\\\/en\\\/#website\"},\"primaryImageOfPage\":{\"@id\":\"https:\\\/\\\/www.hydrachim.fr\\\/en\\\/produit\\\/dlm_002043492\\\/#primaryimage\"},\"image\":{\"@id\":\"https:\\\/\\\/www.hydrachim.fr\\\/en\\\/produit\\\/dlm_002043492\\\/#primaryimage\"},\"thumbnailUrl\":\"https:\\\/\\\/www.hydrachim.fr\\\/app\\\/uploads\\\/2022\\\/09\\\/0434___DETERQUAT_DLM___20L..png\",\"datePublished\":\"2022-09-29T09:32:32+00:00\",\"dateModified\":\"2023-08-03T11:47:15+00:00\",\"description\":\"Deterquat DLM est un d\u00e9sinfectant tout support. Convient \u00e0 la d\u00e9sinfection des surfaces, mais aussi des lave-bottes avec brossage m\u00e9canique.\",\"breadcrumb\":{\"@id\":\"https:\\\/\\\/www.hydrachim.fr\\\/en\\\/produit\\\/dlm_002043492\\\/#breadcrumb\"},\"inLanguage\":\"en-US\",\"potentialAction\":[{\"@type\":\"ReadAction\",\"target\":[\"https:\\\/\\\/www.hydrachim.fr\\\/en\\\/produit\\\/dlm_002043492\\\/\"]}]},{\"@type\":\"ImageObject\",\"inLanguage\":\"en-US\",\"@id\":\"https:\\\/\\\/www.hydrachim.fr\\\/en\\\/produit\\\/dlm_002043492\\\/#primaryimage\",\"url\":\"https:\\\/\\\/www.hydrachim.fr\\\/app\\\/uploads\\\/2022\\\/09\\\/0434___DETERQUAT_DLM___20L..png\",\"contentUrl\":\"https:\\\/\\\/www.hydrachim.fr\\\/app\\\/uploads\\\/2022\\\/09\\\/0434___DETERQUAT_DLM___20L..png\",\"width\":306,\"height\":439},{\"@type\":\"BreadcrumbList\",\"@id\":\"https:\\\/\\\/www.hydrachim.fr\\\/en\\\/produit\\\/dlm_002043492\\\/#breadcrumb\",\"itemListElement\":[{\"@type\":\"ListItem\",\"position\":1,\"name\":\"Home\",\"item\":\"https:\\\/\\\/www.hydrachim.fr\\\/en\\\/\"},{\"@type\":\"ListItem\",\"position\":2,\"name\":\"Boutique\",\"item\":\"https:\\\/\\\/www.hydrachim.fr\\\/boutique\\\/\"},{\"@type\":\"ListItem\",\"position\":3,\"name\":\"DLM\"}]},{\"@type\":\"WebSite\",\"@id\":\"https:\\\/\\\/www.hydrachim.fr\\\/en\\\/#website\",\"url\":\"https:\\\/\\\/www.hydrachim.fr\\\/en\\\/\",\"name\":\"Hydrachim\",\"description\":\"La science de l&#039;hygi\u00e8ne\",\"potentialAction\":[{\"@type\":\"SearchAction\",\"target\":{\"@type\":\"EntryPoint\",\"urlTemplate\":\"https:\\\/\\\/www.hydrachim.fr\\\/en\\\/?s={search_term_string}\"},\"query-input\":{\"@type\":\"PropertyValueSpecification\",\"valueRequired\":true,\"valueName\":\"search_term_string\"}}],\"inLanguage\":\"en-US\"}]}<\/script>\n<!-- \/ Yoast SEO plugin. -->","yoast_head_json":{"title":"Deterquat DLM - D\u00e9sinfectant tout support - Hydrachim","description":"Deterquat DLM est un d\u00e9sinfectant tout support. Convient \u00e0 la d\u00e9sinfection des surfaces, mais aussi des lave-bottes avec brossage m\u00e9canique.","robots":{"index":"index","follow":"follow","max-snippet":"max-snippet:-1","max-image-preview":"max-image-preview:large","max-video-preview":"max-video-preview:-1"},"canonical":"https:\/\/www.hydrachim.fr\/en\/produit\/dlm_002043492\/","og_locale":"en_US","og_type":"article","og_title":"Deterquat DLM - D\u00e9sinfectant tout support - Hydrachim","og_description":"Deterquat DLM est un d\u00e9sinfectant tout support. Convient \u00e0 la d\u00e9sinfection des surfaces, mais aussi des lave-bottes avec brossage m\u00e9canique.","og_url":"https:\/\/www.hydrachim.fr\/en\/produit\/dlm_002043492\/","og_site_name":"Hydrachim","article_modified_time":"2023-08-03T11:47:15+00:00","og_image":[{"width":306,"height":439,"url":"https:\/\/www.hydrachim.fr\/app\/uploads\/2022\/09\/0434___DETERQUAT_DLM___20L..png","type":"image\/png"}],"twitter_card":"summary_large_image","twitter_misc":{"Est. reading time":"2 minutes"},"schema":{"@context":"https:\/\/schema.org","@graph":[{"@type":"WebPage","@id":"https:\/\/www.hydrachim.fr\/en\/produit\/dlm_002043492\/","url":"https:\/\/www.hydrachim.fr\/en\/produit\/dlm_002043492\/","name":"Deterquat DLM - D\u00e9sinfectant tout support - Hydrachim","isPartOf":{"@id":"https:\/\/www.hydrachim.fr\/en\/#website"},"primaryImageOfPage":{"@id":"https:\/\/www.hydrachim.fr\/en\/produit\/dlm_002043492\/#primaryimage"},"image":{"@id":"https:\/\/www.hydrachim.fr\/en\/produit\/dlm_002043492\/#primaryimage"},"thumbnailUrl":"https:\/\/www.hydrachim.fr\/app\/uploads\/2022\/09\/0434___DETERQUAT_DLM___20L..png","datePublished":"2022-09-29T09:32:32+00:00","dateModified":"2023-08-03T11:47:15+00:00","description":"Deterquat DLM est un d\u00e9sinfectant tout support. Convient \u00e0 la d\u00e9sinfection des surfaces, mais aussi des lave-bottes avec brossage m\u00e9canique.","breadcrumb":{"@id":"https:\/\/www.hydrachim.fr\/en\/produit\/dlm_002043492\/#breadcrumb"},"inLanguage":"en-US","potentialAction":[{"@type":"ReadAction","target":["https:\/\/www.hydrachim.fr\/en\/produit\/dlm_002043492\/"]}]},{"@type":"ImageObject","inLanguage":"en-US","@id":"https:\/\/www.hydrachim.fr\/en\/produit\/dlm_002043492\/#primaryimage","url":"https:\/\/www.hydrachim.fr\/app\/uploads\/2022\/09\/0434___DETERQUAT_DLM___20L..png","contentUrl":"https:\/\/www.hydrachim.fr\/app\/uploads\/2022\/09\/0434___DETERQUAT_DLM___20L..png","width":306,"height":439},{"@type":"BreadcrumbList","@id":"https:\/\/www.hydrachim.fr\/en\/produit\/dlm_002043492\/#breadcrumb","itemListElement":[{"@type":"ListItem","position":1,"name":"Home","item":"https:\/\/www.hydrachim.fr\/en\/"},{"@type":"ListItem","position":2,"name":"Boutique","item":"https:\/\/www.hydrachim.fr\/boutique\/"},{"@type":"ListItem","position":3,"name":"DLM"}]},{"@type":"WebSite","@id":"https:\/\/www.hydrachim.fr\/en\/#website","url":"https:\/\/www.hydrachim.fr\/en\/","name":"Hydrachim","description":"La science de l&#039;hygi\u00e8ne","potentialAction":[{"@type":"SearchAction","target":{"@type":"EntryPoint","urlTemplate":"https:\/\/www.hydrachim.fr\/en\/?s={search_term_string}"},"query-input":{"@type":"PropertyValueSpecification","valueRequired":true,"valueName":"search_term_string"}}],"inLanguage":"en-US"}]}},"acf":{"fiche_methode":"","fiche_technique":"https:\/\/www.hydrachim.fr\/app\/uploads\/2022\/09\/FT_0434_DETERQUAT_DLM-1.pdf"},"_links":{"self":[{"href":"https:\/\/www.hydrachim.fr\/en\/wp-json\/wp\/v2\/product\/12521","targetHints":{"allow":["GET"]}}],"collection":[{"href":"https:\/\/www.hydrachim.fr\/en\/wp-json\/wp\/v2\/product"}],"about":[{"href":"https:\/\/www.hydrachim.fr\/en\/wp-json\/wp\/v2\/types\/product"}],"wp:featuredmedia":[{"embeddable":true,"href":"https:\/\/www.hydrachim.fr\/en\/wp-json\/wp\/v2\/media\/12532"}],"wp:attachment":[{"href":"https:\/\/www.hydrachim.fr\/en\/wp-json\/wp\/v2\/media?parent=12521"}],"wp:term":[{"taxonomy":"product_brand","embeddable":true,"href":"https:\/\/www.hydrachim.fr\/en\/wp-json\/wp\/v2\/product_brand?post=12521"},{"taxonomy":"product_type","embeddable":true,"href":"https:\/\/www.hydrachim.fr\/en\/wp-json\/wp\/v2\/product_type?post=12521"},{"taxonomy":"product_visibility","embeddable":true,"href":"https:\/\/www.hydrachim.fr\/en\/wp-json\/wp\/v2\/product_visibility?post=12521"},{"taxonomy":"product_cat","embeddable":true,"href":"https:\/\/www.hydrachim.fr\/en\/wp-json\/wp\/v2\/product_cat?post=12521"}],"curies":[{"name":"wp","href":"https:\/\/api.w.org\/{rel}","templated":true}]}}