{"id":11647,"date":"2022-06-03T09:19:58","date_gmt":"2022-06-03T07:19:58","guid":{"rendered":"https:\/\/www.hydrachim.fr\/?post_type=product&#038;p=11647"},"modified":"2026-01-23T16:46:21","modified_gmt":"2026-01-23T14:46:21","slug":"respecthome_deboucheur_caustique_002022401","status":"publish","type":"product","link":"https:\/\/www.hydrachim.fr\/en\/produit\/respecthome_deboucheur_caustique_002022401\/","title":{"rendered":"Respect&#8217;Home\u00ae D\u00e9boucheur caustique"},"content":{"rendered":"<p><strong>Respect&#8217;Home\u00ae D\u00e9boucheur caustique est id\u00e9al pour d\u00e9boucher les canalisations des lavabos, \u00e9viers, douches, bains et WC.<\/strong><\/p>\n<p>&#8211; Formulation concentr\u00e9e en agents alcalins.<br \/>\n&#8211; Produit liquide et corrosif qui assure une action imm\u00e9diate.<br \/>\n&#8211; Peut s\u2019utiliser en collectivit\u00e9, cr\u00e8ches, EHPAD, locaux administratifs, locaux sportifs, piscines, h\u00f4tels, industries, locaux sociaux, tertiaires,\u2026\n<\/p>\n<p><strong>Disponible en Carton de 6 X 1 L. R\u00e9f. 002022401<\/strong><\/p>\n<p class=\"y-product y-product__product-subtitle\">Avantage :<\/p>\n<p>&#8211; 100% des ingr\u00e9dients sont d\u2019origine min\u00e9rale.<br \/>\n&#8211; Formule incolore.<br \/>\n&#8211; Fabriqu\u00e9 en France.<\/p>\n<p>Retrouvez le mode d&#8217;emploi et le dosage du produit en t\u00e9l\u00e9chargeant sa Fiche Technique.<\/p>\n<p><em>Ne pas utiliser sur dorure, peintures, surfaces fragiles (aluminium, zinc, pierre, bronze, laiton, mat\u00e9riaux synth\u00e9tiques).<br \/>\nAvant toute utilisation, lisez l&#8217;\u00e9tiquette et les informations concernant le produit.<br \/>\nD\u00e9tergent certifi\u00e9 par ECOCERT Greenlife selon le r\u00e9f\u00e9rentiel ECOCERT \u00abEcod\u00e9tergent\u00bb disponible sur http:\/\/detergents.ecocert.com.<\/em><\/p>\n","protected":false},"excerpt":{"rendered":"<p>D\u00e9boucheur liquide caustique pour l&#8217;entretien et d\u00e9bouchage des canalisations. Ecocert.<\/p>\n","protected":false},"featured_media":11648,"template":"","meta":[],"product_brand":[],"product_type":[2],"product_visibility":[],"product_cat":[4097,4189,4143,4122],"class_list":{"0":"post-11647","1":"product","2":"type-product","3":"status-publish","4":"has-post-thumbnail","6":"product_cat-produitsecocert","7":"product_cat-marquesidegreen","8":"product_cat-nouveautes","9":"product_cat-produitssanitaire","10":"product_tag-canalisation","11":"product_tag-deboucheur","12":"product_tag-ecocert","13":"product_tag-entretien-3","14":"product_tag-liquide","16":"first","17":"instock","18":"shipping-taxable","19":"product-type-simple"},"yoast_head":"<!-- This site is optimized with the Yoast SEO plugin v27.5 - https:\/\/yoast.com\/product\/yoast-seo-wordpress\/ -->\n<title>Respect&#039;Home\u00ae D\u00e9boucheur caustique - Hydrachim<\/title>\n<meta name=\"robots\" content=\"index, follow, max-snippet:-1, max-image-preview:large, max-video-preview:-1\" \/>\n<link rel=\"canonical\" href=\"https:\/\/www.hydrachim.fr\/en\/produit\/respecthome_deboucheur_caustique_002022401\/\" \/>\n<meta property=\"og:locale\" content=\"en_US\" \/>\n<meta property=\"og:type\" content=\"article\" \/>\n<meta property=\"og:title\" content=\"Respect&#039;Home\u00ae D\u00e9boucheur caustique - Hydrachim\" \/>\n<meta property=\"og:description\" content=\"D\u00e9boucheur liquide caustique pour l&#039;entretien et d\u00e9bouchage des canalisations. Ecocert.\" \/>\n<meta property=\"og:url\" content=\"https:\/\/www.hydrachim.fr\/en\/produit\/respecthome_deboucheur_caustique_002022401\/\" \/>\n<meta property=\"og:site_name\" content=\"Hydrachim\" \/>\n<meta property=\"article:modified_time\" content=\"2026-01-23T14:46:21+00:00\" \/>\n<meta property=\"og:image\" content=\"https:\/\/www.hydrachim.fr\/app\/uploads\/2022\/06\/0224_RESPECT_HOME_DEBOUCHEUR_1L_atlas..png\" \/>\n\t<meta property=\"og:image:width\" content=\"550\" \/>\n\t<meta property=\"og:image:height\" content=\"1229\" \/>\n\t<meta property=\"og:image:type\" content=\"image\/png\" \/>\n<meta name=\"twitter:card\" content=\"summary_large_image\" \/>\n<meta name=\"twitter:label1\" content=\"Est. reading time\" \/>\n\t<meta name=\"twitter:data1\" content=\"1 minute\" \/>\n<script type=\"application\/ld+json\" class=\"yoast-schema-graph\">{\"@context\":\"https:\\\/\\\/schema.org\",\"@graph\":[{\"@type\":\"WebPage\",\"@id\":\"https:\\\/\\\/www.hydrachim.fr\\\/en\\\/produit\\\/respecthome_deboucheur_caustique_002022401\\\/\",\"url\":\"https:\\\/\\\/www.hydrachim.fr\\\/en\\\/produit\\\/respecthome_deboucheur_caustique_002022401\\\/\",\"name\":\"Respect'Home\u00ae D\u00e9boucheur caustique - Hydrachim\",\"isPartOf\":{\"@id\":\"https:\\\/\\\/www.hydrachim.fr\\\/en\\\/#website\"},\"primaryImageOfPage\":{\"@id\":\"https:\\\/\\\/www.hydrachim.fr\\\/en\\\/produit\\\/respecthome_deboucheur_caustique_002022401\\\/#primaryimage\"},\"image\":{\"@id\":\"https:\\\/\\\/www.hydrachim.fr\\\/en\\\/produit\\\/respecthome_deboucheur_caustique_002022401\\\/#primaryimage\"},\"thumbnailUrl\":\"https:\\\/\\\/www.hydrachim.fr\\\/app\\\/uploads\\\/2022\\\/06\\\/0224_RESPECT_HOME_DEBOUCHEUR_1L_atlas..png\",\"datePublished\":\"2022-06-03T07:19:58+00:00\",\"dateModified\":\"2026-01-23T14:46:21+00:00\",\"breadcrumb\":{\"@id\":\"https:\\\/\\\/www.hydrachim.fr\\\/en\\\/produit\\\/respecthome_deboucheur_caustique_002022401\\\/#breadcrumb\"},\"inLanguage\":\"en-US\",\"potentialAction\":[{\"@type\":\"ReadAction\",\"target\":[\"https:\\\/\\\/www.hydrachim.fr\\\/en\\\/produit\\\/respecthome_deboucheur_caustique_002022401\\\/\"]}]},{\"@type\":\"ImageObject\",\"inLanguage\":\"en-US\",\"@id\":\"https:\\\/\\\/www.hydrachim.fr\\\/en\\\/produit\\\/respecthome_deboucheur_caustique_002022401\\\/#primaryimage\",\"url\":\"https:\\\/\\\/www.hydrachim.fr\\\/app\\\/uploads\\\/2022\\\/06\\\/0224_RESPECT_HOME_DEBOUCHEUR_1L_atlas..png\",\"contentUrl\":\"https:\\\/\\\/www.hydrachim.fr\\\/app\\\/uploads\\\/2022\\\/06\\\/0224_RESPECT_HOME_DEBOUCHEUR_1L_atlas..png\",\"width\":550,\"height\":1229},{\"@type\":\"BreadcrumbList\",\"@id\":\"https:\\\/\\\/www.hydrachim.fr\\\/en\\\/produit\\\/respecthome_deboucheur_caustique_002022401\\\/#breadcrumb\",\"itemListElement\":[{\"@type\":\"ListItem\",\"position\":1,\"name\":\"Home\",\"item\":\"https:\\\/\\\/www.hydrachim.fr\\\/en\\\/\"},{\"@type\":\"ListItem\",\"position\":2,\"name\":\"Boutique\",\"item\":\"https:\\\/\\\/www.hydrachim.fr\\\/boutique\\\/\"},{\"@type\":\"ListItem\",\"position\":3,\"name\":\"Respect&rsquo;Home\u00ae D\u00e9boucheur caustique\"}]},{\"@type\":\"WebSite\",\"@id\":\"https:\\\/\\\/www.hydrachim.fr\\\/en\\\/#website\",\"url\":\"https:\\\/\\\/www.hydrachim.fr\\\/en\\\/\",\"name\":\"Hydrachim\",\"description\":\"La science de l&#039;hygi\u00e8ne\",\"potentialAction\":[{\"@type\":\"SearchAction\",\"target\":{\"@type\":\"EntryPoint\",\"urlTemplate\":\"https:\\\/\\\/www.hydrachim.fr\\\/en\\\/?s={search_term_string}\"},\"query-input\":{\"@type\":\"PropertyValueSpecification\",\"valueRequired\":true,\"valueName\":\"search_term_string\"}}],\"inLanguage\":\"en-US\"}]}<\/script>\n<!-- \/ Yoast SEO plugin. -->","yoast_head_json":{"title":"Respect'Home\u00ae D\u00e9boucheur caustique - Hydrachim","robots":{"index":"index","follow":"follow","max-snippet":"max-snippet:-1","max-image-preview":"max-image-preview:large","max-video-preview":"max-video-preview:-1"},"canonical":"https:\/\/www.hydrachim.fr\/en\/produit\/respecthome_deboucheur_caustique_002022401\/","og_locale":"en_US","og_type":"article","og_title":"Respect'Home\u00ae D\u00e9boucheur caustique - Hydrachim","og_description":"D\u00e9boucheur liquide caustique pour l'entretien et d\u00e9bouchage des canalisations. Ecocert.","og_url":"https:\/\/www.hydrachim.fr\/en\/produit\/respecthome_deboucheur_caustique_002022401\/","og_site_name":"Hydrachim","article_modified_time":"2026-01-23T14:46:21+00:00","og_image":[{"width":550,"height":1229,"url":"https:\/\/www.hydrachim.fr\/app\/uploads\/2022\/06\/0224_RESPECT_HOME_DEBOUCHEUR_1L_atlas..png","type":"image\/png"}],"twitter_card":"summary_large_image","twitter_misc":{"Est. reading time":"1 minute"},"schema":{"@context":"https:\/\/schema.org","@graph":[{"@type":"WebPage","@id":"https:\/\/www.hydrachim.fr\/en\/produit\/respecthome_deboucheur_caustique_002022401\/","url":"https:\/\/www.hydrachim.fr\/en\/produit\/respecthome_deboucheur_caustique_002022401\/","name":"Respect'Home\u00ae D\u00e9boucheur caustique - Hydrachim","isPartOf":{"@id":"https:\/\/www.hydrachim.fr\/en\/#website"},"primaryImageOfPage":{"@id":"https:\/\/www.hydrachim.fr\/en\/produit\/respecthome_deboucheur_caustique_002022401\/#primaryimage"},"image":{"@id":"https:\/\/www.hydrachim.fr\/en\/produit\/respecthome_deboucheur_caustique_002022401\/#primaryimage"},"thumbnailUrl":"https:\/\/www.hydrachim.fr\/app\/uploads\/2022\/06\/0224_RESPECT_HOME_DEBOUCHEUR_1L_atlas..png","datePublished":"2022-06-03T07:19:58+00:00","dateModified":"2026-01-23T14:46:21+00:00","breadcrumb":{"@id":"https:\/\/www.hydrachim.fr\/en\/produit\/respecthome_deboucheur_caustique_002022401\/#breadcrumb"},"inLanguage":"en-US","potentialAction":[{"@type":"ReadAction","target":["https:\/\/www.hydrachim.fr\/en\/produit\/respecthome_deboucheur_caustique_002022401\/"]}]},{"@type":"ImageObject","inLanguage":"en-US","@id":"https:\/\/www.hydrachim.fr\/en\/produit\/respecthome_deboucheur_caustique_002022401\/#primaryimage","url":"https:\/\/www.hydrachim.fr\/app\/uploads\/2022\/06\/0224_RESPECT_HOME_DEBOUCHEUR_1L_atlas..png","contentUrl":"https:\/\/www.hydrachim.fr\/app\/uploads\/2022\/06\/0224_RESPECT_HOME_DEBOUCHEUR_1L_atlas..png","width":550,"height":1229},{"@type":"BreadcrumbList","@id":"https:\/\/www.hydrachim.fr\/en\/produit\/respecthome_deboucheur_caustique_002022401\/#breadcrumb","itemListElement":[{"@type":"ListItem","position":1,"name":"Home","item":"https:\/\/www.hydrachim.fr\/en\/"},{"@type":"ListItem","position":2,"name":"Boutique","item":"https:\/\/www.hydrachim.fr\/boutique\/"},{"@type":"ListItem","position":3,"name":"Respect&rsquo;Home\u00ae D\u00e9boucheur caustique"}]},{"@type":"WebSite","@id":"https:\/\/www.hydrachim.fr\/en\/#website","url":"https:\/\/www.hydrachim.fr\/en\/","name":"Hydrachim","description":"La science de l&#039;hygi\u00e8ne","potentialAction":[{"@type":"SearchAction","target":{"@type":"EntryPoint","urlTemplate":"https:\/\/www.hydrachim.fr\/en\/?s={search_term_string}"},"query-input":{"@type":"PropertyValueSpecification","valueRequired":true,"valueName":"search_term_string"}}],"inLanguage":"en-US"}]}},"acf":{"fiche_methode":"","fiche_technique":"https:\/\/www.hydrachim.fr\/app\/uploads\/2026\/01\/FT_0224_IDEGREEN_ECOCERT___RESPECT_HOME_DEBOUCHEUR_CAUSTIQUE.pdf"},"_links":{"self":[{"href":"https:\/\/www.hydrachim.fr\/en\/wp-json\/wp\/v2\/product\/11647","targetHints":{"allow":["GET"]}}],"collection":[{"href":"https:\/\/www.hydrachim.fr\/en\/wp-json\/wp\/v2\/product"}],"about":[{"href":"https:\/\/www.hydrachim.fr\/en\/wp-json\/wp\/v2\/types\/product"}],"wp:featuredmedia":[{"embeddable":true,"href":"https:\/\/www.hydrachim.fr\/en\/wp-json\/wp\/v2\/media\/11648"}],"wp:attachment":[{"href":"https:\/\/www.hydrachim.fr\/en\/wp-json\/wp\/v2\/media?parent=11647"}],"wp:term":[{"taxonomy":"product_brand","embeddable":true,"href":"https:\/\/www.hydrachim.fr\/en\/wp-json\/wp\/v2\/product_brand?post=11647"},{"taxonomy":"product_type","embeddable":true,"href":"https:\/\/www.hydrachim.fr\/en\/wp-json\/wp\/v2\/product_type?post=11647"},{"taxonomy":"product_visibility","embeddable":true,"href":"https:\/\/www.hydrachim.fr\/en\/wp-json\/wp\/v2\/product_visibility?post=11647"},{"taxonomy":"product_cat","embeddable":true,"href":"https:\/\/www.hydrachim.fr\/en\/wp-json\/wp\/v2\/product_cat?post=11647"}],"curies":[{"name":"wp","href":"https:\/\/api.w.org\/{rel}","templated":true}]}}