{"id":11162,"date":"2022-03-21T14:55:19","date_gmt":"2022-03-21T12:55:19","guid":{"rendered":"https:\/\/www.hydrachim.fr\/?post_type=product&#038;p=11162"},"modified":"2026-01-27T09:49:06","modified_gmt":"2026-01-27T07:49:06","slug":"exaltance_002224301","status":"publish","type":"product","link":"https:\/\/www.hydrachim.fr\/en\/produit\/exaltance_002224301\/","title":{"rendered":"EXALTANCE"},"content":{"rendered":"<p><strong>EXALTANCE est une lotion moussante pour les peaux sensibles.<br \/>\nElle laisse un agr\u00e9able parfum Amande &amp; Miel, et est certifi\u00e9e COSMOS NATURAL.<\/strong><\/p>\n<p>Lotion moussante pour le lavage quotidien des mains.<br \/>\nAgr\u00e9able \u00e0 l\u2019utilisation gr\u00e2ce \u00e0 son parfum amande et miel.<br \/>\n97% des ingr\u00e9dients d\u2019origine naturelle.<br \/>\nCe produit contient des ingr\u00e9dients upcycl\u00e9s (c&#8217;est-\u00e0-dire qu&#8217;il puise ses actifs des extraits v\u00e9g\u00e9taux comme le bl\u00e9, le bois ou la palme).<br \/>\nId\u00e9al cr\u00e8ches, \u00e9coles et Ehpad.<\/p>\n<p><strong>Disponible en :<br \/>\n&#8211; Carton de 4x5L. R\u00e9f : 002224301<br \/>\n&#8211; Carton de 6x1L (poche semi-souple). R\u00e9f : 002224302<\/strong><\/p>\n<p class=\"y-product y-product__product-subtitle\">Avantage :<\/p>\n<p>Lotion moussante nettoyante pour les mains.<br \/>\nProduit sp\u00e9cialement con\u00e7u pour les peaux sensibles.<br \/>\nAdapt\u00e9e pour les b\u00e9b\u00e9s (\u00e0 partir de 2 mois), les enfants et les personnes \u00e2g\u00e9es.<\/p>\n<p>Retrouvez le mode d\u2019emploi et le dosage du produit en t\u00e9l\u00e9chargeant sa Fiche Technique.<\/p>\n<p><em>Avant toute utilisation, lisez l\u2019\u00e9tiquette et les informations concernant le produit.<br \/>\nCOSMOS NATURAL certifi\u00e9 par Ecocert Greenlife selon le r\u00e9f\u00e9rentiel COSMOS disponible sur http:\/\/COSMOS.ecocert.com.<\/p>\n<p>Ingr\u00e9dients : AQUA, GLYCERIN, SODIUM COCOAMPHOACETATE, SODIUM COCOYL ALANINATE, CAPRYLYL\/CAPRYL WHEAT BRAN\/STRAW GLYCOSIDES, SODIUM BENZOATE, CITRIC ACID, PARFUM, SODIUM CHLORIDE, COCONUT ACID.<\/em><\/p>\n","protected":false},"excerpt":{"rendered":"<p>Lotion moussante peaux sensibles mains au parfum Amande &amp; Miel.<\/p>\n","protected":false},"featured_media":30090,"template":"","meta":[],"product_brand":[],"product_type":[2],"product_visibility":[],"product_cat":[4137,4295],"class_list":{"0":"post-11162","1":"product","2":"type-product","3":"status-publish","4":"has-post-thumbnail","6":"product_cat-produitsmains-corps","7":"product_cat-marquessimplement","8":"product_tag-cosmos-natural-ecocert","9":"product_tag-lavage","10":"product_tag-mains","11":"product_tag-moussant","12":"product_tag-parfum","14":"first","15":"instock","16":"shipping-taxable","17":"product-type-simple"},"yoast_head":"<!-- This site is optimized with the Yoast SEO plugin v27.6 - https:\/\/yoast.com\/product\/yoast-seo-wordpress\/ -->\n<title>EXALTANCE - Hydrachim<\/title>\n<meta name=\"robots\" content=\"index, follow, max-snippet:-1, max-image-preview:large, max-video-preview:-1\" \/>\n<link rel=\"canonical\" href=\"https:\/\/www.hydrachim.fr\/en\/produit\/exaltance_002224301\/\" \/>\n<meta property=\"og:locale\" content=\"en_US\" \/>\n<meta property=\"og:type\" content=\"article\" \/>\n<meta property=\"og:title\" content=\"EXALTANCE - Hydrachim\" \/>\n<meta property=\"og:description\" content=\"Lotion moussante peaux sensibles mains au parfum Amande &amp; Miel.\" \/>\n<meta property=\"og:url\" content=\"https:\/\/www.hydrachim.fr\/en\/produit\/exaltance_002224301\/\" \/>\n<meta property=\"og:site_name\" content=\"Hydrachim\" \/>\n<meta property=\"article:modified_time\" content=\"2026-01-27T07:49:06+00:00\" \/>\n<meta property=\"og:image\" content=\"https:\/\/www.hydrachim.fr\/app\/uploads\/2022\/03\/SIMPLEMENT___2243___EXALTANCE___5L..png\" \/>\n\t<meta property=\"og:image:width\" content=\"416\" \/>\n\t<meta property=\"og:image:height\" content=\"600\" \/>\n\t<meta property=\"og:image:type\" content=\"image\/png\" \/>\n<meta name=\"twitter:card\" content=\"summary_large_image\" \/>\n<meta name=\"twitter:label1\" content=\"Est. reading time\" \/>\n\t<meta name=\"twitter:data1\" content=\"1 minute\" \/>\n<script type=\"application\/ld+json\" class=\"yoast-schema-graph\">{\"@context\":\"https:\\\/\\\/schema.org\",\"@graph\":[{\"@type\":\"WebPage\",\"@id\":\"https:\\\/\\\/www.hydrachim.fr\\\/en\\\/produit\\\/exaltance_002224301\\\/\",\"url\":\"https:\\\/\\\/www.hydrachim.fr\\\/en\\\/produit\\\/exaltance_002224301\\\/\",\"name\":\"EXALTANCE - Hydrachim\",\"isPartOf\":{\"@id\":\"https:\\\/\\\/www.hydrachim.fr\\\/en\\\/#website\"},\"primaryImageOfPage\":{\"@id\":\"https:\\\/\\\/www.hydrachim.fr\\\/en\\\/produit\\\/exaltance_002224301\\\/#primaryimage\"},\"image\":{\"@id\":\"https:\\\/\\\/www.hydrachim.fr\\\/en\\\/produit\\\/exaltance_002224301\\\/#primaryimage\"},\"thumbnailUrl\":\"https:\\\/\\\/www.hydrachim.fr\\\/app\\\/uploads\\\/2026\\\/01\\\/SIMPLEMENT___2243___EXALTANCE___5L.png\",\"datePublished\":\"2022-03-21T12:55:19+00:00\",\"dateModified\":\"2026-01-27T07:49:06+00:00\",\"breadcrumb\":{\"@id\":\"https:\\\/\\\/www.hydrachim.fr\\\/en\\\/produit\\\/exaltance_002224301\\\/#breadcrumb\"},\"inLanguage\":\"en-US\",\"potentialAction\":[{\"@type\":\"ReadAction\",\"target\":[\"https:\\\/\\\/www.hydrachim.fr\\\/en\\\/produit\\\/exaltance_002224301\\\/\"]}]},{\"@type\":\"ImageObject\",\"inLanguage\":\"en-US\",\"@id\":\"https:\\\/\\\/www.hydrachim.fr\\\/en\\\/produit\\\/exaltance_002224301\\\/#primaryimage\",\"url\":\"https:\\\/\\\/www.hydrachim.fr\\\/app\\\/uploads\\\/2026\\\/01\\\/SIMPLEMENT___2243___EXALTANCE___5L.png\",\"contentUrl\":\"https:\\\/\\\/www.hydrachim.fr\\\/app\\\/uploads\\\/2026\\\/01\\\/SIMPLEMENT___2243___EXALTANCE___5L.png\",\"width\":600,\"height\":800},{\"@type\":\"BreadcrumbList\",\"@id\":\"https:\\\/\\\/www.hydrachim.fr\\\/en\\\/produit\\\/exaltance_002224301\\\/#breadcrumb\",\"itemListElement\":[{\"@type\":\"ListItem\",\"position\":1,\"name\":\"Home\",\"item\":\"https:\\\/\\\/www.hydrachim.fr\\\/en\\\/\"},{\"@type\":\"ListItem\",\"position\":2,\"name\":\"Boutique\",\"item\":\"https:\\\/\\\/www.hydrachim.fr\\\/boutique\\\/\"},{\"@type\":\"ListItem\",\"position\":3,\"name\":\"EXALTANCE\"}]},{\"@type\":\"WebSite\",\"@id\":\"https:\\\/\\\/www.hydrachim.fr\\\/en\\\/#website\",\"url\":\"https:\\\/\\\/www.hydrachim.fr\\\/en\\\/\",\"name\":\"Hydrachim\",\"description\":\"La science de l&#039;hygi\u00e8ne\",\"potentialAction\":[{\"@type\":\"SearchAction\",\"target\":{\"@type\":\"EntryPoint\",\"urlTemplate\":\"https:\\\/\\\/www.hydrachim.fr\\\/en\\\/?s={search_term_string}\"},\"query-input\":{\"@type\":\"PropertyValueSpecification\",\"valueRequired\":true,\"valueName\":\"search_term_string\"}}],\"inLanguage\":\"en-US\"}]}<\/script>\n<!-- \/ Yoast SEO plugin. -->","yoast_head_json":{"title":"EXALTANCE - Hydrachim","robots":{"index":"index","follow":"follow","max-snippet":"max-snippet:-1","max-image-preview":"max-image-preview:large","max-video-preview":"max-video-preview:-1"},"canonical":"https:\/\/www.hydrachim.fr\/en\/produit\/exaltance_002224301\/","og_locale":"en_US","og_type":"article","og_title":"EXALTANCE - Hydrachim","og_description":"Lotion moussante peaux sensibles mains au parfum Amande &amp; Miel.","og_url":"https:\/\/www.hydrachim.fr\/en\/produit\/exaltance_002224301\/","og_site_name":"Hydrachim","article_modified_time":"2026-01-27T07:49:06+00:00","og_image":[{"width":416,"height":600,"url":"https:\/\/www.hydrachim.fr\/app\/uploads\/2022\/03\/SIMPLEMENT___2243___EXALTANCE___5L..png","type":"image\/png"}],"twitter_card":"summary_large_image","twitter_misc":{"Est. reading time":"1 minute"},"schema":{"@context":"https:\/\/schema.org","@graph":[{"@type":"WebPage","@id":"https:\/\/www.hydrachim.fr\/en\/produit\/exaltance_002224301\/","url":"https:\/\/www.hydrachim.fr\/en\/produit\/exaltance_002224301\/","name":"EXALTANCE - Hydrachim","isPartOf":{"@id":"https:\/\/www.hydrachim.fr\/en\/#website"},"primaryImageOfPage":{"@id":"https:\/\/www.hydrachim.fr\/en\/produit\/exaltance_002224301\/#primaryimage"},"image":{"@id":"https:\/\/www.hydrachim.fr\/en\/produit\/exaltance_002224301\/#primaryimage"},"thumbnailUrl":"https:\/\/www.hydrachim.fr\/app\/uploads\/2026\/01\/SIMPLEMENT___2243___EXALTANCE___5L.png","datePublished":"2022-03-21T12:55:19+00:00","dateModified":"2026-01-27T07:49:06+00:00","breadcrumb":{"@id":"https:\/\/www.hydrachim.fr\/en\/produit\/exaltance_002224301\/#breadcrumb"},"inLanguage":"en-US","potentialAction":[{"@type":"ReadAction","target":["https:\/\/www.hydrachim.fr\/en\/produit\/exaltance_002224301\/"]}]},{"@type":"ImageObject","inLanguage":"en-US","@id":"https:\/\/www.hydrachim.fr\/en\/produit\/exaltance_002224301\/#primaryimage","url":"https:\/\/www.hydrachim.fr\/app\/uploads\/2026\/01\/SIMPLEMENT___2243___EXALTANCE___5L.png","contentUrl":"https:\/\/www.hydrachim.fr\/app\/uploads\/2026\/01\/SIMPLEMENT___2243___EXALTANCE___5L.png","width":600,"height":800},{"@type":"BreadcrumbList","@id":"https:\/\/www.hydrachim.fr\/en\/produit\/exaltance_002224301\/#breadcrumb","itemListElement":[{"@type":"ListItem","position":1,"name":"Home","item":"https:\/\/www.hydrachim.fr\/en\/"},{"@type":"ListItem","position":2,"name":"Boutique","item":"https:\/\/www.hydrachim.fr\/boutique\/"},{"@type":"ListItem","position":3,"name":"EXALTANCE"}]},{"@type":"WebSite","@id":"https:\/\/www.hydrachim.fr\/en\/#website","url":"https:\/\/www.hydrachim.fr\/en\/","name":"Hydrachim","description":"La science de l&#039;hygi\u00e8ne","potentialAction":[{"@type":"SearchAction","target":{"@type":"EntryPoint","urlTemplate":"https:\/\/www.hydrachim.fr\/en\/?s={search_term_string}"},"query-input":{"@type":"PropertyValueSpecification","valueRequired":true,"valueName":"search_term_string"}}],"inLanguage":"en-US"}]}},"acf":{"fiche_methode":"","fiche_technique":"https:\/\/www.hydrachim.fr\/app\/uploads\/2026\/01\/FT_SIMPLEMENT___2243___EXALTANCE.pdf"},"_links":{"self":[{"href":"https:\/\/www.hydrachim.fr\/en\/wp-json\/wp\/v2\/product\/11162","targetHints":{"allow":["GET"]}}],"collection":[{"href":"https:\/\/www.hydrachim.fr\/en\/wp-json\/wp\/v2\/product"}],"about":[{"href":"https:\/\/www.hydrachim.fr\/en\/wp-json\/wp\/v2\/types\/product"}],"wp:featuredmedia":[{"embeddable":true,"href":"https:\/\/www.hydrachim.fr\/en\/wp-json\/wp\/v2\/media\/30090"}],"wp:attachment":[{"href":"https:\/\/www.hydrachim.fr\/en\/wp-json\/wp\/v2\/media?parent=11162"}],"wp:term":[{"taxonomy":"product_brand","embeddable":true,"href":"https:\/\/www.hydrachim.fr\/en\/wp-json\/wp\/v2\/product_brand?post=11162"},{"taxonomy":"product_type","embeddable":true,"href":"https:\/\/www.hydrachim.fr\/en\/wp-json\/wp\/v2\/product_type?post=11162"},{"taxonomy":"product_visibility","embeddable":true,"href":"https:\/\/www.hydrachim.fr\/en\/wp-json\/wp\/v2\/product_visibility?post=11162"},{"taxonomy":"product_cat","embeddable":true,"href":"https:\/\/www.hydrachim.fr\/en\/wp-json\/wp\/v2\/product_cat?post=11162"}],"curies":[{"name":"wp","href":"https:\/\/api.w.org\/{rel}","templated":true}]}}