{"id":11081,"date":"2022-03-08T14:58:43","date_gmt":"2022-03-08T12:58:43","guid":{"rendered":"https:\/\/www.hydrachim.fr\/?post_type=product&#038;p=11081"},"modified":"2026-03-06T11:01:56","modified_gmt":"2026-03-06T09:01:56","slug":"cap_purple_001102702","status":"publish","type":"product","link":"https:\/\/www.hydrachim.fr\/en\/produit\/cap_purple_001102702\/","title":{"rendered":"Cap purple"},"content":{"rendered":"<p><strong><\/p>\n<h3>Cap Purple &#8211; Hygi\u00e8ne et protection des trayons &#8211; Trempage apr\u00e8s traite pH neutre.<\/h3>\n<p><\/strong><\/p>\n<p>Cap Purple est un produit de texture \u00e9paisse, pr\u00eat \u00e0 l&#8217;emploi, \u00e0 base de CHLORHEXIDINE, qui s&#8217;utilise en gobelet de trempage.<br \/>\nCe produit contient du gel d\u2019Alo\u00e9 Vera, reconnu pour ses vertus de r\u00e9g\u00e9n\u00e9ration cellulaire et de cicatrisation. De plus, la formule, avec un pH neutre, ne dess\u00e8che pas l\u2019\u00e9piderme, \u00e9vitant ainsi la formation de ger\u00e7ures et de crevasses. <\/p>\n<p>Cap Purple s\u2019utilise aussi bien en \u00e9t\u00e9 qu\u2019en hiver et contient de l\u2019essence de citronnelle. Prot\u00e8ge dans toutes les situations d\u2019\u00e9levage, m\u00eame les plus extr\u00eames (froid, humidit\u00e9, chaleur, risque infectieux important de mammites entre animaux).<br \/>\nLa formation d&#8217;une protection physique \u00ab\u00a0effet capote\u00a0\u00bb apr\u00e8s s\u00e9chage, prot\u00e8ge les trayons entre deux traites contre les micro-organismes environnementaux et pr\u00e9vient des contaminations responsables des infections chez les animaux laitiers. <\/p>\n<p>Cap Purple est bact\u00e9ricide selon la norme EN 1656 et levuricide selon la norme EN 1657 en 5 minutes \u00e0 30\u00b0C.<br \/>\nD&#8217;autre part, son utilisation est possible en agriculture biologique. <\/p>\n<h5>Formul\u00e9 et fabriqu\u00e9 en France.<\/h5>\n<p><script>jQuery(function() {(tarteaucitron.job = tarteaucitron.job || []).push('youtube');});<\/script><\/p>\n<div class=\"youtube_player\" videoID=\"2dpw_yhMXcM\" width=\"500\" height=\"281\" theme=\"light\" rel=\"0\" controls=\"1\" showinfo=\"1\" autoplay=\"0\"><\/div>\n<p><b>Mode d&#8217;emploi :<\/b><br \/>\n<\/p>\n<ul>\n<li>Imm\u00e9diatement apr\u00e8s la traite.<\/li>\n<li>Tremper soigneusement chaque trayon avec Cap Purple pur.<\/li>\n<li>Ne pas essuyer, ne pas rincer, laisser agir au moins 5 minutes (temps n\u00e9cessaire \u00e0 la d\u00e9sinfection). <\/li>\n<li>Ne pas laisser l\u2019animal s\u2019allonger juste apr\u00e8s l\u2019application du produit.\n<\/li>\n<li>Les trayons seront ainsi prot\u00e9g\u00e9s jusqu\u2019\u00e0 la traite suivante.<\/li>\n<li>Eliminer les r\u00e9sidus de produit, s\u2019il a lieu au d\u00e9but de la traite suivante, \u00e0 l\u2019aide d\u2019une lavette unique impr\u00e9gn\u00e9e d\u2019une solution nettoyante.<\/li>\n<li>Bien rincer le mat\u00e9riel \u00e0 l\u2019eau ti\u00e8de apr\u00e8s utilisation, pour \u00e9viter la formation d\u2019un film.<\/li>\n<li>Apr\u00e8s s\u00e9chage, Cap purple forme une v\u00e9ritable protection physique &#8220;effet capote&#8221; pour une hygi\u00e8ne parfaite du trayon entre les deux traites.<\/li>\n<\/ul>\n<p><strong>Disponible en :<br \/>\n&#8211; Bidon 20kg R\u00e9f 001102702,<br \/>\n&#8211; F\u00fbt de 60 kg R\u00e9f. 001102703.<br \/>\n<\/strong><\/p>\n<p class=\"y-product y-product__product-subtitle\">Avantage :<\/p>\n<p>V\u00e9ritable barri\u00e8re filmog\u00e8ne pour une protection efficace jusqu&#8217;\u00e0 la traite suivante.<\/p>\n<p>Produit utilisable en agriculture biologique conforme au reglement (UE) 2018\/848 (et ses amendements).<\/p>\n<p>Retrouvez le mode d\u2019emploi et le dosage du produit en t\u00e9l\u00e9chargeant, ci-dessous, sa Fiche Technique.<\/p>\n<p><em>Utilisez les biocides avec pr\u00e9caution. Avant toute utilisation, lisez l&#8217;\u00e9tiquette et les informations concernant le produit.<\/p>\n<p>TP3 : Produits biocides destin\u00e9s \u00e0 l\u2019hygi\u00e8ne v\u00e9t\u00e9rinaire<\/p>\n<p><\/em><\/p>\n","protected":false},"excerpt":{"rendered":"<p>Trempage \u00e9pais surgraissant filmog\u00e8ne apr\u00e8s traite. pH neutre.<\/p>\n","protected":false},"featured_media":30462,"template":"","meta":[],"product_brand":[],"product_type":[2],"product_visibility":[],"product_cat":[4154,4802,3985],"class_list":{"0":"post-11081","1":"product","2":"type-product","3":"status-publish","4":"has-post-thumbnail","6":"product_cat-marqueshydrachim-elevage","7":"product_cat-nouveautshygiene-en-elevage","8":"product_cat-hygiene-mamelle","9":"product_tag-bactericide","10":"product_tag-barriere","11":"product_tag-desinfectant","12":"product_tag-effet-capote","13":"product_tag-filmogne","14":"product_tag-hygine-du-trayon","15":"product_tag-mamelle","16":"product_tag-protection","17":"product_tag-tp3","18":"product_tag-trempage","20":"first","21":"instock","22":"shipping-taxable","23":"product-type-simple"},"yoast_head":"<!-- This site is optimized with the Yoast SEO plugin v27.5 - https:\/\/yoast.com\/product\/yoast-seo-wordpress\/ -->\n<title>Cap purple - Hydrachim<\/title>\n<meta name=\"description\" content=\"Cap Purple est un produit de texture \u00e9paisse, pr\u00eat \u00e0 l&#039;emploi, \u00e0 base de CHLORHEXIDINE. Protection physique pour une hygi\u00e8ne parfaite du trayon.\" \/>\n<meta name=\"robots\" content=\"index, follow, max-snippet:-1, max-image-preview:large, max-video-preview:-1\" \/>\n<link rel=\"canonical\" href=\"https:\/\/www.hydrachim.fr\/en\/produit\/cap_purple_001102702\/\" \/>\n<meta property=\"og:locale\" content=\"en_US\" \/>\n<meta property=\"og:type\" content=\"article\" \/>\n<meta property=\"og:title\" content=\"Cap purple - Hydrachim\" \/>\n<meta property=\"og:description\" content=\"Cap Purple est un produit de texture \u00e9paisse, pr\u00eat \u00e0 l&#039;emploi, \u00e0 base de CHLORHEXIDINE. Protection physique pour une hygi\u00e8ne parfaite du trayon.\" \/>\n<meta property=\"og:url\" content=\"https:\/\/www.hydrachim.fr\/en\/produit\/cap_purple_001102702\/\" \/>\n<meta property=\"og:site_name\" content=\"Hydrachim\" \/>\n<meta property=\"article:modified_time\" content=\"2026-03-06T09:01:56+00:00\" \/>\n<meta property=\"og:image\" content=\"https:\/\/www.hydrachim.fr\/app\/uploads\/2026\/03\/001102702_Cappurple_mercury.png\" \/>\n\t<meta property=\"og:image:width\" content=\"700\" \/>\n\t<meta property=\"og:image:height\" content=\"1019\" \/>\n\t<meta property=\"og:image:type\" content=\"image\/png\" \/>\n<meta name=\"twitter:card\" content=\"summary_large_image\" \/>\n<meta name=\"twitter:label1\" content=\"Est. reading time\" \/>\n\t<meta name=\"twitter:data1\" content=\"2 minutes\" \/>\n<script type=\"application\/ld+json\" class=\"yoast-schema-graph\">{\"@context\":\"https:\\\/\\\/schema.org\",\"@graph\":[{\"@type\":\"WebPage\",\"@id\":\"https:\\\/\\\/www.hydrachim.fr\\\/en\\\/produit\\\/cap_purple_001102702\\\/\",\"url\":\"https:\\\/\\\/www.hydrachim.fr\\\/en\\\/produit\\\/cap_purple_001102702\\\/\",\"name\":\"Cap purple - Hydrachim\",\"isPartOf\":{\"@id\":\"https:\\\/\\\/www.hydrachim.fr\\\/en\\\/#website\"},\"primaryImageOfPage\":{\"@id\":\"https:\\\/\\\/www.hydrachim.fr\\\/en\\\/produit\\\/cap_purple_001102702\\\/#primaryimage\"},\"image\":{\"@id\":\"https:\\\/\\\/www.hydrachim.fr\\\/en\\\/produit\\\/cap_purple_001102702\\\/#primaryimage\"},\"thumbnailUrl\":\"https:\\\/\\\/www.hydrachim.fr\\\/app\\\/uploads\\\/2026\\\/03\\\/001102702_Cappurple_mercury.png\",\"datePublished\":\"2022-03-08T12:58:43+00:00\",\"dateModified\":\"2026-03-06T09:01:56+00:00\",\"description\":\"Cap Purple est un produit de texture \u00e9paisse, pr\u00eat \u00e0 l'emploi, \u00e0 base de CHLORHEXIDINE. Protection physique pour une hygi\u00e8ne parfaite du trayon.\",\"breadcrumb\":{\"@id\":\"https:\\\/\\\/www.hydrachim.fr\\\/en\\\/produit\\\/cap_purple_001102702\\\/#breadcrumb\"},\"inLanguage\":\"en-US\",\"potentialAction\":[{\"@type\":\"ReadAction\",\"target\":[\"https:\\\/\\\/www.hydrachim.fr\\\/en\\\/produit\\\/cap_purple_001102702\\\/\"]}]},{\"@type\":\"ImageObject\",\"inLanguage\":\"en-US\",\"@id\":\"https:\\\/\\\/www.hydrachim.fr\\\/en\\\/produit\\\/cap_purple_001102702\\\/#primaryimage\",\"url\":\"https:\\\/\\\/www.hydrachim.fr\\\/app\\\/uploads\\\/2026\\\/03\\\/001102702_Cappurple_mercury.png\",\"contentUrl\":\"https:\\\/\\\/www.hydrachim.fr\\\/app\\\/uploads\\\/2026\\\/03\\\/001102702_Cappurple_mercury.png\",\"width\":700,\"height\":1019},{\"@type\":\"BreadcrumbList\",\"@id\":\"https:\\\/\\\/www.hydrachim.fr\\\/en\\\/produit\\\/cap_purple_001102702\\\/#breadcrumb\",\"itemListElement\":[{\"@type\":\"ListItem\",\"position\":1,\"name\":\"Home\",\"item\":\"https:\\\/\\\/www.hydrachim.fr\\\/en\\\/\"},{\"@type\":\"ListItem\",\"position\":2,\"name\":\"Boutique\",\"item\":\"https:\\\/\\\/www.hydrachim.fr\\\/boutique\\\/\"},{\"@type\":\"ListItem\",\"position\":3,\"name\":\"Cap purple\"}]},{\"@type\":\"WebSite\",\"@id\":\"https:\\\/\\\/www.hydrachim.fr\\\/en\\\/#website\",\"url\":\"https:\\\/\\\/www.hydrachim.fr\\\/en\\\/\",\"name\":\"Hydrachim\",\"description\":\"La science de l&#039;hygi\u00e8ne\",\"potentialAction\":[{\"@type\":\"SearchAction\",\"target\":{\"@type\":\"EntryPoint\",\"urlTemplate\":\"https:\\\/\\\/www.hydrachim.fr\\\/en\\\/?s={search_term_string}\"},\"query-input\":{\"@type\":\"PropertyValueSpecification\",\"valueRequired\":true,\"valueName\":\"search_term_string\"}}],\"inLanguage\":\"en-US\"}]}<\/script>\n<!-- \/ Yoast SEO plugin. -->","yoast_head_json":{"title":"Cap purple - Hydrachim","description":"Cap Purple est un produit de texture \u00e9paisse, pr\u00eat \u00e0 l'emploi, \u00e0 base de CHLORHEXIDINE. Protection physique pour une hygi\u00e8ne parfaite du trayon.","robots":{"index":"index","follow":"follow","max-snippet":"max-snippet:-1","max-image-preview":"max-image-preview:large","max-video-preview":"max-video-preview:-1"},"canonical":"https:\/\/www.hydrachim.fr\/en\/produit\/cap_purple_001102702\/","og_locale":"en_US","og_type":"article","og_title":"Cap purple - Hydrachim","og_description":"Cap Purple est un produit de texture \u00e9paisse, pr\u00eat \u00e0 l'emploi, \u00e0 base de CHLORHEXIDINE. Protection physique pour une hygi\u00e8ne parfaite du trayon.","og_url":"https:\/\/www.hydrachim.fr\/en\/produit\/cap_purple_001102702\/","og_site_name":"Hydrachim","article_modified_time":"2026-03-06T09:01:56+00:00","og_image":[{"width":700,"height":1019,"url":"https:\/\/www.hydrachim.fr\/app\/uploads\/2026\/03\/001102702_Cappurple_mercury.png","type":"image\/png"}],"twitter_card":"summary_large_image","twitter_misc":{"Est. reading time":"2 minutes"},"schema":{"@context":"https:\/\/schema.org","@graph":[{"@type":"WebPage","@id":"https:\/\/www.hydrachim.fr\/en\/produit\/cap_purple_001102702\/","url":"https:\/\/www.hydrachim.fr\/en\/produit\/cap_purple_001102702\/","name":"Cap purple - Hydrachim","isPartOf":{"@id":"https:\/\/www.hydrachim.fr\/en\/#website"},"primaryImageOfPage":{"@id":"https:\/\/www.hydrachim.fr\/en\/produit\/cap_purple_001102702\/#primaryimage"},"image":{"@id":"https:\/\/www.hydrachim.fr\/en\/produit\/cap_purple_001102702\/#primaryimage"},"thumbnailUrl":"https:\/\/www.hydrachim.fr\/app\/uploads\/2026\/03\/001102702_Cappurple_mercury.png","datePublished":"2022-03-08T12:58:43+00:00","dateModified":"2026-03-06T09:01:56+00:00","description":"Cap Purple est un produit de texture \u00e9paisse, pr\u00eat \u00e0 l'emploi, \u00e0 base de CHLORHEXIDINE. Protection physique pour une hygi\u00e8ne parfaite du trayon.","breadcrumb":{"@id":"https:\/\/www.hydrachim.fr\/en\/produit\/cap_purple_001102702\/#breadcrumb"},"inLanguage":"en-US","potentialAction":[{"@type":"ReadAction","target":["https:\/\/www.hydrachim.fr\/en\/produit\/cap_purple_001102702\/"]}]},{"@type":"ImageObject","inLanguage":"en-US","@id":"https:\/\/www.hydrachim.fr\/en\/produit\/cap_purple_001102702\/#primaryimage","url":"https:\/\/www.hydrachim.fr\/app\/uploads\/2026\/03\/001102702_Cappurple_mercury.png","contentUrl":"https:\/\/www.hydrachim.fr\/app\/uploads\/2026\/03\/001102702_Cappurple_mercury.png","width":700,"height":1019},{"@type":"BreadcrumbList","@id":"https:\/\/www.hydrachim.fr\/en\/produit\/cap_purple_001102702\/#breadcrumb","itemListElement":[{"@type":"ListItem","position":1,"name":"Home","item":"https:\/\/www.hydrachim.fr\/en\/"},{"@type":"ListItem","position":2,"name":"Boutique","item":"https:\/\/www.hydrachim.fr\/boutique\/"},{"@type":"ListItem","position":3,"name":"Cap purple"}]},{"@type":"WebSite","@id":"https:\/\/www.hydrachim.fr\/en\/#website","url":"https:\/\/www.hydrachim.fr\/en\/","name":"Hydrachim","description":"La science de l&#039;hygi\u00e8ne","potentialAction":[{"@type":"SearchAction","target":{"@type":"EntryPoint","urlTemplate":"https:\/\/www.hydrachim.fr\/en\/?s={search_term_string}"},"query-input":{"@type":"PropertyValueSpecification","valueRequired":true,"valueName":"search_term_string"}}],"inLanguage":"en-US"}]}},"acf":{"fiche_methode":"","fiche_technique":"https:\/\/www.hydrachim.fr\/app\/uploads\/2025\/12\/HYDRACHIM_ELEVAGE_FT1027_CAP_PURPLE-1.pdf"},"_links":{"self":[{"href":"https:\/\/www.hydrachim.fr\/en\/wp-json\/wp\/v2\/product\/11081","targetHints":{"allow":["GET"]}}],"collection":[{"href":"https:\/\/www.hydrachim.fr\/en\/wp-json\/wp\/v2\/product"}],"about":[{"href":"https:\/\/www.hydrachim.fr\/en\/wp-json\/wp\/v2\/types\/product"}],"wp:featuredmedia":[{"embeddable":true,"href":"https:\/\/www.hydrachim.fr\/en\/wp-json\/wp\/v2\/media\/30462"}],"wp:attachment":[{"href":"https:\/\/www.hydrachim.fr\/en\/wp-json\/wp\/v2\/media?parent=11081"}],"wp:term":[{"taxonomy":"product_brand","embeddable":true,"href":"https:\/\/www.hydrachim.fr\/en\/wp-json\/wp\/v2\/product_brand?post=11081"},{"taxonomy":"product_type","embeddable":true,"href":"https:\/\/www.hydrachim.fr\/en\/wp-json\/wp\/v2\/product_type?post=11081"},{"taxonomy":"product_visibility","embeddable":true,"href":"https:\/\/www.hydrachim.fr\/en\/wp-json\/wp\/v2\/product_visibility?post=11081"},{"taxonomy":"product_cat","embeddable":true,"href":"https:\/\/www.hydrachim.fr\/en\/wp-json\/wp\/v2\/product_cat?post=11081"}],"curies":[{"name":"wp","href":"https:\/\/api.w.org\/{rel}","templated":true}]}}