{"id":10943,"date":"2022-02-17T16:14:40","date_gmt":"2022-02-17T14:14:40","guid":{"rendered":"https:\/\/www.hydrachim.fr\/?post_type=product&#038;p=10943"},"modified":"2024-12-17T15:46:44","modified_gmt":"2024-12-17T13:46:44","slug":"mousse_001105902","status":"publish","type":"product","link":"https:\/\/www.hydrachim.fr\/en\/produit\/mousse_001105902\/","title":{"rendered":"MOUSSE"},"content":{"rendered":"<p><strong>Juste l&#8217;essentiel pour une hygi\u00e8ne de traite avant traite simple et efficace.<\/strong><\/p>\n<p>Nettoyage et d\u00e9graissage du trayon avant la traite.<br \/>\nNettoyage et d\u00e9sinfection du trayon avant la traite, produit pr\u00eat \u00e0 l&#8217;emploi.<br \/>\nMOUSSE \u00e9limine les souillures sans agresser l\u2019\u00e9piderme.<br \/>\nId\u00e9al pour le nettoyage, le d\u00e9graissage et la d\u00e9sinfection avant la traite en gobelet g\u00e9n\u00e9rateur de mousse, bact\u00e9ricide et levuricide d\u00e8s 60 secondes (voir FT pour le d\u00e9tail des souches) !<br \/>\nMOUSSE est pratique, rapide et facile d&#8217;emploi.\n<\/p>\n<p><strong>Disponible en bidon 20kg. R\u00e9f. 001105902, palette de 28 bidons.<\/strong><\/p>\n<p class=\"y-product y-product__product-subtitle\">Avantage :<\/p>\n<p>Produit utilisable en agriculture biologique conforme au (UE) 2018\/848 (et ses amendements).<\/p>\n<p>Retrouvez le mode d&#8217;emploi et le dosage du produit en t\u00e9l\u00e9chargeant la Fiche Technique.<\/p>\n<p><em>Utilisez les biocides avec pr\u00e9caution. Avant toute utilisation, lisez l&#8217;\u00e9tiquette et les informations concernant le produit.<\/em><\/p>\n","protected":false},"excerpt":{"rendered":"<p>Liquide moussant pr\u00eat \u00e0 l&#8217;emploi pour l&#8217;hygi\u00e8ne avant traite.<\/p>\n","protected":false},"featured_media":18880,"template":"","meta":[],"product_brand":[],"product_type":[2],"product_visibility":[],"product_cat":[4115,4154,3985],"class_list":{"0":"post-10943","1":"product","2":"type-product","3":"status-publish","4":"has-post-thumbnail","6":"product_cat-dsinfectionlevage","7":"product_cat-marqueshydrachim-elevage","8":"product_cat-hygiene-mamelle","9":"product_tag-avant-traite","10":"product_tag-bactericide","11":"product_tag-degraissant","12":"product_tag-hygine-du-trayon","13":"product_tag-juste-lessentiel","14":"product_tag-lavage","15":"product_tag-liquide","16":"product_tag-mamelle","17":"product_tag-moussant","18":"product_tag-nettoyage","19":"product_tag-nettoyant","20":"product_tag-souillure-organique","21":"product_tag-tp3","22":"product_tag-trempage","24":"first","25":"instock","26":"shipping-taxable","27":"product-type-simple"},"yoast_head":"<!-- This site is optimized with the Yoast SEO plugin v27.4 - https:\/\/yoast.com\/product\/yoast-seo-wordpress\/ -->\n<title>MOUSSE - Hydrachim<\/title>\n<meta name=\"robots\" content=\"index, follow, max-snippet:-1, max-image-preview:large, max-video-preview:-1\" \/>\n<link rel=\"canonical\" href=\"https:\/\/www.hydrachim.fr\/en\/produit\/mousse_001105902\/\" \/>\n<meta property=\"og:locale\" content=\"en_US\" \/>\n<meta property=\"og:type\" content=\"article\" \/>\n<meta property=\"og:title\" content=\"MOUSSE - Hydrachim\" \/>\n<meta property=\"og:description\" content=\"Liquide moussant pr\u00eat \u00e0 l&#039;emploi pour l&#039;hygi\u00e8ne avant traite.\" \/>\n<meta property=\"og:url\" content=\"https:\/\/www.hydrachim.fr\/en\/produit\/mousse_001105902\/\" \/>\n<meta property=\"og:site_name\" content=\"Hydrachim\" \/>\n<meta property=\"article:modified_time\" content=\"2024-12-17T13:46:44+00:00\" \/>\n<meta property=\"og:image\" content=\"https:\/\/www.hydrachim.fr\/app\/uploads\/2024\/10\/001105902_ESSENTIEL_MOUSSE_20kg_mercury.png\" \/>\n\t<meta property=\"og:image:width\" content=\"716\" \/>\n\t<meta property=\"og:image:height\" content=\"1002\" \/>\n\t<meta property=\"og:image:type\" content=\"image\/png\" \/>\n<meta name=\"twitter:card\" content=\"summary_large_image\" \/>\n<meta name=\"twitter:label1\" content=\"Est. reading time\" \/>\n\t<meta name=\"twitter:data1\" content=\"1 minute\" \/>\n<script type=\"application\/ld+json\" class=\"yoast-schema-graph\">{\"@context\":\"https:\\\/\\\/schema.org\",\"@graph\":[{\"@type\":\"WebPage\",\"@id\":\"https:\\\/\\\/www.hydrachim.fr\\\/en\\\/produit\\\/mousse_001105902\\\/\",\"url\":\"https:\\\/\\\/www.hydrachim.fr\\\/en\\\/produit\\\/mousse_001105902\\\/\",\"name\":\"MOUSSE - Hydrachim\",\"isPartOf\":{\"@id\":\"https:\\\/\\\/www.hydrachim.fr\\\/en\\\/#website\"},\"primaryImageOfPage\":{\"@id\":\"https:\\\/\\\/www.hydrachim.fr\\\/en\\\/produit\\\/mousse_001105902\\\/#primaryimage\"},\"image\":{\"@id\":\"https:\\\/\\\/www.hydrachim.fr\\\/en\\\/produit\\\/mousse_001105902\\\/#primaryimage\"},\"thumbnailUrl\":\"https:\\\/\\\/www.hydrachim.fr\\\/app\\\/uploads\\\/2024\\\/10\\\/001105902_ESSENTIEL_MOUSSE_20kg_mercury.png\",\"datePublished\":\"2022-02-17T14:14:40+00:00\",\"dateModified\":\"2024-12-17T13:46:44+00:00\",\"breadcrumb\":{\"@id\":\"https:\\\/\\\/www.hydrachim.fr\\\/en\\\/produit\\\/mousse_001105902\\\/#breadcrumb\"},\"inLanguage\":\"en-US\",\"potentialAction\":[{\"@type\":\"ReadAction\",\"target\":[\"https:\\\/\\\/www.hydrachim.fr\\\/en\\\/produit\\\/mousse_001105902\\\/\"]}]},{\"@type\":\"ImageObject\",\"inLanguage\":\"en-US\",\"@id\":\"https:\\\/\\\/www.hydrachim.fr\\\/en\\\/produit\\\/mousse_001105902\\\/#primaryimage\",\"url\":\"https:\\\/\\\/www.hydrachim.fr\\\/app\\\/uploads\\\/2024\\\/10\\\/001105902_ESSENTIEL_MOUSSE_20kg_mercury.png\",\"contentUrl\":\"https:\\\/\\\/www.hydrachim.fr\\\/app\\\/uploads\\\/2024\\\/10\\\/001105902_ESSENTIEL_MOUSSE_20kg_mercury.png\",\"width\":716,\"height\":1002},{\"@type\":\"BreadcrumbList\",\"@id\":\"https:\\\/\\\/www.hydrachim.fr\\\/en\\\/produit\\\/mousse_001105902\\\/#breadcrumb\",\"itemListElement\":[{\"@type\":\"ListItem\",\"position\":1,\"name\":\"Home\",\"item\":\"https:\\\/\\\/www.hydrachim.fr\\\/en\\\/\"},{\"@type\":\"ListItem\",\"position\":2,\"name\":\"Boutique\",\"item\":\"https:\\\/\\\/www.hydrachim.fr\\\/boutique\\\/\"},{\"@type\":\"ListItem\",\"position\":3,\"name\":\"MOUSSE\"}]},{\"@type\":\"WebSite\",\"@id\":\"https:\\\/\\\/www.hydrachim.fr\\\/en\\\/#website\",\"url\":\"https:\\\/\\\/www.hydrachim.fr\\\/en\\\/\",\"name\":\"Hydrachim\",\"description\":\"La science de l&#039;hygi\u00e8ne\",\"potentialAction\":[{\"@type\":\"SearchAction\",\"target\":{\"@type\":\"EntryPoint\",\"urlTemplate\":\"https:\\\/\\\/www.hydrachim.fr\\\/en\\\/?s={search_term_string}\"},\"query-input\":{\"@type\":\"PropertyValueSpecification\",\"valueRequired\":true,\"valueName\":\"search_term_string\"}}],\"inLanguage\":\"en-US\"}]}<\/script>\n<!-- \/ Yoast SEO plugin. -->","yoast_head_json":{"title":"MOUSSE - Hydrachim","robots":{"index":"index","follow":"follow","max-snippet":"max-snippet:-1","max-image-preview":"max-image-preview:large","max-video-preview":"max-video-preview:-1"},"canonical":"https:\/\/www.hydrachim.fr\/en\/produit\/mousse_001105902\/","og_locale":"en_US","og_type":"article","og_title":"MOUSSE - Hydrachim","og_description":"Liquide moussant pr\u00eat \u00e0 l'emploi pour l'hygi\u00e8ne avant traite.","og_url":"https:\/\/www.hydrachim.fr\/en\/produit\/mousse_001105902\/","og_site_name":"Hydrachim","article_modified_time":"2024-12-17T13:46:44+00:00","og_image":[{"width":716,"height":1002,"url":"https:\/\/www.hydrachim.fr\/app\/uploads\/2024\/10\/001105902_ESSENTIEL_MOUSSE_20kg_mercury.png","type":"image\/png"}],"twitter_card":"summary_large_image","twitter_misc":{"Est. reading time":"1 minute"},"schema":{"@context":"https:\/\/schema.org","@graph":[{"@type":"WebPage","@id":"https:\/\/www.hydrachim.fr\/en\/produit\/mousse_001105902\/","url":"https:\/\/www.hydrachim.fr\/en\/produit\/mousse_001105902\/","name":"MOUSSE - Hydrachim","isPartOf":{"@id":"https:\/\/www.hydrachim.fr\/en\/#website"},"primaryImageOfPage":{"@id":"https:\/\/www.hydrachim.fr\/en\/produit\/mousse_001105902\/#primaryimage"},"image":{"@id":"https:\/\/www.hydrachim.fr\/en\/produit\/mousse_001105902\/#primaryimage"},"thumbnailUrl":"https:\/\/www.hydrachim.fr\/app\/uploads\/2024\/10\/001105902_ESSENTIEL_MOUSSE_20kg_mercury.png","datePublished":"2022-02-17T14:14:40+00:00","dateModified":"2024-12-17T13:46:44+00:00","breadcrumb":{"@id":"https:\/\/www.hydrachim.fr\/en\/produit\/mousse_001105902\/#breadcrumb"},"inLanguage":"en-US","potentialAction":[{"@type":"ReadAction","target":["https:\/\/www.hydrachim.fr\/en\/produit\/mousse_001105902\/"]}]},{"@type":"ImageObject","inLanguage":"en-US","@id":"https:\/\/www.hydrachim.fr\/en\/produit\/mousse_001105902\/#primaryimage","url":"https:\/\/www.hydrachim.fr\/app\/uploads\/2024\/10\/001105902_ESSENTIEL_MOUSSE_20kg_mercury.png","contentUrl":"https:\/\/www.hydrachim.fr\/app\/uploads\/2024\/10\/001105902_ESSENTIEL_MOUSSE_20kg_mercury.png","width":716,"height":1002},{"@type":"BreadcrumbList","@id":"https:\/\/www.hydrachim.fr\/en\/produit\/mousse_001105902\/#breadcrumb","itemListElement":[{"@type":"ListItem","position":1,"name":"Home","item":"https:\/\/www.hydrachim.fr\/en\/"},{"@type":"ListItem","position":2,"name":"Boutique","item":"https:\/\/www.hydrachim.fr\/boutique\/"},{"@type":"ListItem","position":3,"name":"MOUSSE"}]},{"@type":"WebSite","@id":"https:\/\/www.hydrachim.fr\/en\/#website","url":"https:\/\/www.hydrachim.fr\/en\/","name":"Hydrachim","description":"La science de l&#039;hygi\u00e8ne","potentialAction":[{"@type":"SearchAction","target":{"@type":"EntryPoint","urlTemplate":"https:\/\/www.hydrachim.fr\/en\/?s={search_term_string}"},"query-input":{"@type":"PropertyValueSpecification","valueRequired":true,"valueName":"search_term_string"}}],"inLanguage":"en-US"}]}},"acf":{"fiche_methode":"","fiche_technique":"https:\/\/www.hydrachim.fr\/app\/uploads\/2024\/12\/ESSENTIEL_ELEVAGE_FT1059_MOUSSE-1.pdf"},"_links":{"self":[{"href":"https:\/\/www.hydrachim.fr\/en\/wp-json\/wp\/v2\/product\/10943","targetHints":{"allow":["GET"]}}],"collection":[{"href":"https:\/\/www.hydrachim.fr\/en\/wp-json\/wp\/v2\/product"}],"about":[{"href":"https:\/\/www.hydrachim.fr\/en\/wp-json\/wp\/v2\/types\/product"}],"wp:featuredmedia":[{"embeddable":true,"href":"https:\/\/www.hydrachim.fr\/en\/wp-json\/wp\/v2\/media\/18880"}],"wp:attachment":[{"href":"https:\/\/www.hydrachim.fr\/en\/wp-json\/wp\/v2\/media?parent=10943"}],"wp:term":[{"taxonomy":"product_brand","embeddable":true,"href":"https:\/\/www.hydrachim.fr\/en\/wp-json\/wp\/v2\/product_brand?post=10943"},{"taxonomy":"product_type","embeddable":true,"href":"https:\/\/www.hydrachim.fr\/en\/wp-json\/wp\/v2\/product_type?post=10943"},{"taxonomy":"product_visibility","embeddable":true,"href":"https:\/\/www.hydrachim.fr\/en\/wp-json\/wp\/v2\/product_visibility?post=10943"},{"taxonomy":"product_cat","embeddable":true,"href":"https:\/\/www.hydrachim.fr\/en\/wp-json\/wp\/v2\/product_cat?post=10943"}],"curies":[{"name":"wp","href":"https:\/\/api.w.org\/{rel}","templated":true}]}}