{"id":10344,"date":"2021-11-26T16:30:27","date_gmt":"2021-11-26T14:30:27","guid":{"rendered":"https:\/\/www.hydrachim.fr\/?post_type=product&#038;p=10344"},"modified":"2024-06-07T14:51:27","modified_gmt":"2024-06-07T12:51:27","slug":"respecthome_creme_a_recurer_002224701","status":"publish","type":"product","link":"https:\/\/www.hydrachim.fr\/en\/produit\/respecthome_creme_a_recurer_002224701\/","title":{"rendered":"Respect\u2019Home\u00ae Cr\u00e8me \u00e0 r\u00e9curer"},"content":{"rendered":"<p><strong>Cr\u00e8me \u00e0 r\u00e9curer est une cr\u00e8me \u00e9paisse d\u00e9velopp\u00e9e pour le nettoyage des surfaces dures et fragiles tout en laissant un agr\u00e9able parfum Citron.<\/strong><\/p>\n<p>Respect\u2019Home\u00ae Cr\u00e8me \u00e0 r\u00e9curer est un produit qui nettoie les surfaces comme l&#8217;inox, l&#8217;\u00e9mail, la fa\u00efence, etc.<br \/>\nSes agents tensio-actifs conf\u00e8rent au produit une bonne p\u00e9n\u00e9tration et bon mouillage.<br \/>\nRespect\u2019Home\u00ae Cr\u00e8me \u00e0 r\u00e9curer est conforme aux lois concernant le nettoyage du mat\u00e9riel susceptible de se trouver au contact des denr\u00e9es alimentaires.\n<\/p>\n<p><strong>Disponible en carton de 6 x 1L. R\u00e9f. 002224701<\/strong><\/p>\n<p class=\"y-product y-product__product-subtitle\">Avantage :<\/p>\n<p>La Cr\u00e8me \u00e0 r\u00e9curer a une action d\u00e9graissante optimis\u00e9e par un abrasif \u00e0 granulom\u00e9trie contr\u00f4l\u00e9e. Elle ne raye pas.<br \/>\n&#8211; 100% des ingr\u00e9dients sont d\u2019origine v\u00e9g\u00e9tale ou min\u00e9rale<br \/>\n&#8211; Biod\u00e9gradable \u00e0 100% (selon la m\u00e9thode OCDE 302 B)<\/p>\n<p>LISTE INCI : AQUA, KAOLIN, SODIUM CARBONATE, GLYCERIN, POTASSIUM LAURATE, POTASSIUM COCOATE, SODIUM GLUCONATE, PARFUM, XANTHAN GUM, TETRASODIUM IMINODISUCCINATE.<\/p>\n<p>Retrouvez le mode d&#8217;emploi et le dosage du produit en t\u00e9l\u00e9chargeant, ci-dessous, sa Fiche Technique et\/ou sa Fiche M\u00e9thode.<\/p>\n<p><em>Avant toute utilisation, lire l&#8217;\u00e9tiquette et les informations concernant le produit.<br \/>\nProduit conforme \u00e0 la l\u00e9gislation relative aux proc\u00e9d\u00e9s et aux produits utilis\u00e9s pour le nettoyage des mat\u00e9riaux et objets destin\u00e9s \u00e0 entrer en contact avec des denr\u00e9es, produits et boissons pour l\u2019alimentation de l\u2019homme et des animaux (Arr\u00eat\u00e9 du 08\/09\/1999 modifi\u00e9 le 19.12.2013). Rin\u00e7age obligatoire.<br \/>\nD\u00e9tergent certifi\u00e9 par ECOCERT Greenlife selon le r\u00e9f\u00e9rentiel ECOCERT \u00abEcod\u00e9tergent\u00bb disponible sur http:\/\/detergents.ecocert.com.<\/em><\/p>\n","protected":false},"excerpt":{"rendered":"<p>Cr\u00e8me \u00e0 r\u00e9curer parfum citron &#8211; Ecocert<\/p>\n","protected":false},"featured_media":10349,"template":"","meta":[],"product_brand":[],"product_type":[2],"product_visibility":[],"product_cat":[4128,4189,4143,4127],"class_list":{"0":"post-10344","1":"product","2":"type-product","3":"status-publish","4":"has-post-thumbnail","6":"product_cat-solentretien","7":"product_cat-marquesidegreen","8":"product_cat-nouveautes","9":"product_cat-produitssurface-sol","10":"product_tag-creme","11":"product_tag-ecocert","12":"product_tag-inox","13":"product_tag-nettoyant","14":"product_tag-recurer","16":"first","17":"instock","18":"shipping-taxable","19":"product-type-simple"},"yoast_head":"<!-- This site is optimized with the Yoast SEO plugin v27.5 - https:\/\/yoast.com\/product\/yoast-seo-wordpress\/ -->\n<title>Respect\u2019Home\u00ae Cr\u00e8me \u00e0 r\u00e9curer - Hydrachim<\/title>\n<meta name=\"robots\" content=\"index, follow, max-snippet:-1, max-image-preview:large, max-video-preview:-1\" \/>\n<link rel=\"canonical\" href=\"https:\/\/www.hydrachim.fr\/en\/produit\/respecthome_creme_a_recurer_002224701\/\" \/>\n<meta property=\"og:locale\" content=\"en_US\" \/>\n<meta property=\"og:type\" content=\"article\" \/>\n<meta property=\"og:title\" content=\"Respect\u2019Home\u00ae Cr\u00e8me \u00e0 r\u00e9curer - Hydrachim\" \/>\n<meta property=\"og:description\" content=\"Cr\u00e8me \u00e0 r\u00e9curer parfum citron - Ecocert\" \/>\n<meta property=\"og:url\" content=\"https:\/\/www.hydrachim.fr\/en\/produit\/respecthome_creme_a_recurer_002224701\/\" \/>\n<meta property=\"og:site_name\" content=\"Hydrachim\" \/>\n<meta property=\"article:modified_time\" content=\"2024-06-07T12:51:27+00:00\" \/>\n<meta property=\"og:image\" content=\"https:\/\/www.hydrachim.fr\/app\/uploads\/2021\/11\/2247_RESPECT_HOME_CREME_A_RECURER_1L.-1.png\" \/>\n\t<meta property=\"og:image:width\" content=\"500\" \/>\n\t<meta property=\"og:image:height\" content=\"1396\" \/>\n\t<meta property=\"og:image:type\" content=\"image\/png\" \/>\n<meta name=\"twitter:card\" content=\"summary_large_image\" \/>\n<meta name=\"twitter:label1\" content=\"Est. reading time\" \/>\n\t<meta name=\"twitter:data1\" content=\"1 minute\" \/>\n<script type=\"application\/ld+json\" class=\"yoast-schema-graph\">{\"@context\":\"https:\\\/\\\/schema.org\",\"@graph\":[{\"@type\":\"WebPage\",\"@id\":\"https:\\\/\\\/www.hydrachim.fr\\\/en\\\/produit\\\/respecthome_creme_a_recurer_002224701\\\/\",\"url\":\"https:\\\/\\\/www.hydrachim.fr\\\/en\\\/produit\\\/respecthome_creme_a_recurer_002224701\\\/\",\"name\":\"Respect\u2019Home\u00ae Cr\u00e8me \u00e0 r\u00e9curer - Hydrachim\",\"isPartOf\":{\"@id\":\"https:\\\/\\\/www.hydrachim.fr\\\/en\\\/#website\"},\"primaryImageOfPage\":{\"@id\":\"https:\\\/\\\/www.hydrachim.fr\\\/en\\\/produit\\\/respecthome_creme_a_recurer_002224701\\\/#primaryimage\"},\"image\":{\"@id\":\"https:\\\/\\\/www.hydrachim.fr\\\/en\\\/produit\\\/respecthome_creme_a_recurer_002224701\\\/#primaryimage\"},\"thumbnailUrl\":\"https:\\\/\\\/www.hydrachim.fr\\\/app\\\/uploads\\\/2021\\\/11\\\/2247_RESPECT_HOME_CREME_A_RECURER_1L.-1.png\",\"datePublished\":\"2021-11-26T14:30:27+00:00\",\"dateModified\":\"2024-06-07T12:51:27+00:00\",\"breadcrumb\":{\"@id\":\"https:\\\/\\\/www.hydrachim.fr\\\/en\\\/produit\\\/respecthome_creme_a_recurer_002224701\\\/#breadcrumb\"},\"inLanguage\":\"en-US\",\"potentialAction\":[{\"@type\":\"ReadAction\",\"target\":[\"https:\\\/\\\/www.hydrachim.fr\\\/en\\\/produit\\\/respecthome_creme_a_recurer_002224701\\\/\"]}]},{\"@type\":\"ImageObject\",\"inLanguage\":\"en-US\",\"@id\":\"https:\\\/\\\/www.hydrachim.fr\\\/en\\\/produit\\\/respecthome_creme_a_recurer_002224701\\\/#primaryimage\",\"url\":\"https:\\\/\\\/www.hydrachim.fr\\\/app\\\/uploads\\\/2021\\\/11\\\/2247_RESPECT_HOME_CREME_A_RECURER_1L.-1.png\",\"contentUrl\":\"https:\\\/\\\/www.hydrachim.fr\\\/app\\\/uploads\\\/2021\\\/11\\\/2247_RESPECT_HOME_CREME_A_RECURER_1L.-1.png\",\"width\":500,\"height\":1396},{\"@type\":\"BreadcrumbList\",\"@id\":\"https:\\\/\\\/www.hydrachim.fr\\\/en\\\/produit\\\/respecthome_creme_a_recurer_002224701\\\/#breadcrumb\",\"itemListElement\":[{\"@type\":\"ListItem\",\"position\":1,\"name\":\"Home\",\"item\":\"https:\\\/\\\/www.hydrachim.fr\\\/en\\\/\"},{\"@type\":\"ListItem\",\"position\":2,\"name\":\"Boutique\",\"item\":\"https:\\\/\\\/www.hydrachim.fr\\\/boutique\\\/\"},{\"@type\":\"ListItem\",\"position\":3,\"name\":\"Respect\u2019Home\u00ae Cr\u00e8me \u00e0 r\u00e9curer\"}]},{\"@type\":\"WebSite\",\"@id\":\"https:\\\/\\\/www.hydrachim.fr\\\/en\\\/#website\",\"url\":\"https:\\\/\\\/www.hydrachim.fr\\\/en\\\/\",\"name\":\"Hydrachim\",\"description\":\"La science de l&#039;hygi\u00e8ne\",\"potentialAction\":[{\"@type\":\"SearchAction\",\"target\":{\"@type\":\"EntryPoint\",\"urlTemplate\":\"https:\\\/\\\/www.hydrachim.fr\\\/en\\\/?s={search_term_string}\"},\"query-input\":{\"@type\":\"PropertyValueSpecification\",\"valueRequired\":true,\"valueName\":\"search_term_string\"}}],\"inLanguage\":\"en-US\"}]}<\/script>\n<!-- \/ Yoast SEO plugin. -->","yoast_head_json":{"title":"Respect\u2019Home\u00ae Cr\u00e8me \u00e0 r\u00e9curer - Hydrachim","robots":{"index":"index","follow":"follow","max-snippet":"max-snippet:-1","max-image-preview":"max-image-preview:large","max-video-preview":"max-video-preview:-1"},"canonical":"https:\/\/www.hydrachim.fr\/en\/produit\/respecthome_creme_a_recurer_002224701\/","og_locale":"en_US","og_type":"article","og_title":"Respect\u2019Home\u00ae Cr\u00e8me \u00e0 r\u00e9curer - Hydrachim","og_description":"Cr\u00e8me \u00e0 r\u00e9curer parfum citron - Ecocert","og_url":"https:\/\/www.hydrachim.fr\/en\/produit\/respecthome_creme_a_recurer_002224701\/","og_site_name":"Hydrachim","article_modified_time":"2024-06-07T12:51:27+00:00","og_image":[{"width":500,"height":1396,"url":"https:\/\/www.hydrachim.fr\/app\/uploads\/2021\/11\/2247_RESPECT_HOME_CREME_A_RECURER_1L.-1.png","type":"image\/png"}],"twitter_card":"summary_large_image","twitter_misc":{"Est. reading time":"1 minute"},"schema":{"@context":"https:\/\/schema.org","@graph":[{"@type":"WebPage","@id":"https:\/\/www.hydrachim.fr\/en\/produit\/respecthome_creme_a_recurer_002224701\/","url":"https:\/\/www.hydrachim.fr\/en\/produit\/respecthome_creme_a_recurer_002224701\/","name":"Respect\u2019Home\u00ae Cr\u00e8me \u00e0 r\u00e9curer - Hydrachim","isPartOf":{"@id":"https:\/\/www.hydrachim.fr\/en\/#website"},"primaryImageOfPage":{"@id":"https:\/\/www.hydrachim.fr\/en\/produit\/respecthome_creme_a_recurer_002224701\/#primaryimage"},"image":{"@id":"https:\/\/www.hydrachim.fr\/en\/produit\/respecthome_creme_a_recurer_002224701\/#primaryimage"},"thumbnailUrl":"https:\/\/www.hydrachim.fr\/app\/uploads\/2021\/11\/2247_RESPECT_HOME_CREME_A_RECURER_1L.-1.png","datePublished":"2021-11-26T14:30:27+00:00","dateModified":"2024-06-07T12:51:27+00:00","breadcrumb":{"@id":"https:\/\/www.hydrachim.fr\/en\/produit\/respecthome_creme_a_recurer_002224701\/#breadcrumb"},"inLanguage":"en-US","potentialAction":[{"@type":"ReadAction","target":["https:\/\/www.hydrachim.fr\/en\/produit\/respecthome_creme_a_recurer_002224701\/"]}]},{"@type":"ImageObject","inLanguage":"en-US","@id":"https:\/\/www.hydrachim.fr\/en\/produit\/respecthome_creme_a_recurer_002224701\/#primaryimage","url":"https:\/\/www.hydrachim.fr\/app\/uploads\/2021\/11\/2247_RESPECT_HOME_CREME_A_RECURER_1L.-1.png","contentUrl":"https:\/\/www.hydrachim.fr\/app\/uploads\/2021\/11\/2247_RESPECT_HOME_CREME_A_RECURER_1L.-1.png","width":500,"height":1396},{"@type":"BreadcrumbList","@id":"https:\/\/www.hydrachim.fr\/en\/produit\/respecthome_creme_a_recurer_002224701\/#breadcrumb","itemListElement":[{"@type":"ListItem","position":1,"name":"Home","item":"https:\/\/www.hydrachim.fr\/en\/"},{"@type":"ListItem","position":2,"name":"Boutique","item":"https:\/\/www.hydrachim.fr\/boutique\/"},{"@type":"ListItem","position":3,"name":"Respect\u2019Home\u00ae Cr\u00e8me \u00e0 r\u00e9curer"}]},{"@type":"WebSite","@id":"https:\/\/www.hydrachim.fr\/en\/#website","url":"https:\/\/www.hydrachim.fr\/en\/","name":"Hydrachim","description":"La science de l&#039;hygi\u00e8ne","potentialAction":[{"@type":"SearchAction","target":{"@type":"EntryPoint","urlTemplate":"https:\/\/www.hydrachim.fr\/en\/?s={search_term_string}"},"query-input":{"@type":"PropertyValueSpecification","valueRequired":true,"valueName":"search_term_string"}}],"inLanguage":"en-US"}]}},"acf":{"fiche_methode":"","fiche_technique":"https:\/\/www.hydrachim.fr\/app\/uploads\/2024\/06\/FT_2247_IDEGREEN_ECOCERT___RESPECT_HOME_CREME_A_RECURER.pdf"},"_links":{"self":[{"href":"https:\/\/www.hydrachim.fr\/en\/wp-json\/wp\/v2\/product\/10344","targetHints":{"allow":["GET"]}}],"collection":[{"href":"https:\/\/www.hydrachim.fr\/en\/wp-json\/wp\/v2\/product"}],"about":[{"href":"https:\/\/www.hydrachim.fr\/en\/wp-json\/wp\/v2\/types\/product"}],"wp:featuredmedia":[{"embeddable":true,"href":"https:\/\/www.hydrachim.fr\/en\/wp-json\/wp\/v2\/media\/10349"}],"wp:attachment":[{"href":"https:\/\/www.hydrachim.fr\/en\/wp-json\/wp\/v2\/media?parent=10344"}],"wp:term":[{"taxonomy":"product_brand","embeddable":true,"href":"https:\/\/www.hydrachim.fr\/en\/wp-json\/wp\/v2\/product_brand?post=10344"},{"taxonomy":"product_type","embeddable":true,"href":"https:\/\/www.hydrachim.fr\/en\/wp-json\/wp\/v2\/product_type?post=10344"},{"taxonomy":"product_visibility","embeddable":true,"href":"https:\/\/www.hydrachim.fr\/en\/wp-json\/wp\/v2\/product_visibility?post=10344"},{"taxonomy":"product_cat","embeddable":true,"href":"https:\/\/www.hydrachim.fr\/en\/wp-json\/wp\/v2\/product_cat?post=10344"}],"curies":[{"name":"wp","href":"https:\/\/api.w.org\/{rel}","templated":true}]}}