{"id":10300,"date":"2021-11-25T14:57:57","date_gmt":"2021-11-25T12:57:57","guid":{"rendered":"https:\/\/www.hydrachim.fr\/?post_type=product&#038;p=10300"},"modified":"2025-06-16T16:22:10","modified_gmt":"2025-06-16T14:22:10","slug":"respecthome_bicarbonate_de_soude_gel_002224601","status":"publish","type":"product","link":"https:\/\/www.hydrachim.fr\/en\/produit\/respecthome_bicarbonate_de_soude_gel_002224601\/","title":{"rendered":"Respect\u2019Home\u00ae Bicarbonate de soude Gel"},"content":{"rendered":"<p><strong>RESPECT\u2019HOME BICARBONATE DE SOUDE GEL\u00ae nettoie, d\u00e9graisse, d\u00e9tache et d\u00e9sodorise pour toutes surfaces*.<br \/>\nRESPECT\u2019HOME BICARBONATE DE SOUDE GEL\u00ae s\u2019utilise sur toutes les surfaces de la maison, aussi bien dans la cuisine, dans la salle de bain que dans les WC.<\/strong><\/p>\n<p>RESPECT\u2019HOME BICARBONATE DE SOUDE GEL\u00ae s\u2019utilise en collectivit\u00e9, cr\u00e8ches, EHPAD, locaux administratifs, locaux sportifs, piscines, h\u00f4tels, industries, locaux sociaux, tertiaires,\u2026<br \/>\nRESPECT\u2019HOME BICARBONATE DE SOUDE GEL\u00ae est parfait pour nettoyer r\u00e9frig\u00e9rateur, cong\u00e9lateur, plaques de cuissons, fours, lavabos, \u00e9viers, rideaux de douche\u2026 Utiliser le \u00e9galement pour d\u00e9sodoriser votre linge.<\/p>\n<p><strong>Disponible en carton de 6x750ML. R\u00e9f. 002224601<\/strong><\/p>\n<p class=\"y-product y-product__product-subtitle\">Avantage :<\/p>\n<p>Formul\u00e9 sans parfum et en gel pour une meilleure adh\u00e9rence aux parois et une action prolong\u00e9e.<br \/>\n&#8211; 100% des ingr\u00e9dients sont d\u2019origine v\u00e9g\u00e9tale ou min\u00e9rale<br \/>\n&#8211; Biod\u00e9gradable \u00e0 100% (selon la m\u00e9thode OCDE 302 B)<\/p>\n<p>LISTE INCI : AQUA, SODIUM BICARBONATE, SODIUM CARBONATE, SODIUM HYDROXIDE, XANTHAN GUM.<\/p>\n<p>Retrouvez le mode d&#8217;emploi et le dosage du produit en t\u00e9l\u00e9chargeant sa Fiche Technique et\/ou sa Fiche M\u00e9thode.<\/p>\n<p><em>Avant toute utilisation, lire l&#8217;\u00e9tiquette et les informations concernant le produit.<br \/>\nProduit conforme \u00e0 la l\u00e9gislation relative aux proc\u00e9d\u00e9s et aux produits utilis\u00e9s pour le nettoyage des mat\u00e9riaux et objets destin\u00e9s \u00e0 entrer en contact avec des denr\u00e9es, produits et boissons pour l\u2019alimentation de l\u2019homme et des animaux (Arr\u00eat\u00e9 du 08\/09\/1999 modifi\u00e9 le 19.12.2013). Rin\u00e7age obligatoire.<br \/>\nD\u00e9tergent certifi\u00e9 par ECOCERT Greenlife selon le r\u00e9f\u00e9rentiel ECOCERT \u00abEcod\u00e9tergent\u00bb disponible sur http:\/\/detergents.ecocert.com.<\/em><\/p>\n","protected":false},"excerpt":{"rendered":"<p>Multi-Usages 4 en 1 &#8211; Ecocert<\/p>\n","protected":false},"featured_media":10315,"template":"","meta":[],"product_brand":[],"product_type":[2],"product_visibility":[],"product_cat":[4097,4119,4189,4143,4100],"class_list":{"0":"post-10300","1":"product","2":"type-product","3":"status-publish","4":"has-post-thumbnail","6":"product_cat-produitsecocert","7":"product_cat-cuisineentretien","8":"product_cat-marquesidegreen","9":"product_cat-nouveautes","10":"product_cat-ecocertsurface","11":"product_tag-degraissant","12":"product_tag-desodorisant","13":"product_tag-detachant","14":"product_tag-ecocert","15":"product_tag-gel","16":"product_tag-nettoyant","17":"product_tag-surface","19":"first","20":"instock","21":"shipping-taxable","22":"product-type-simple"},"yoast_head":"<!-- This site is optimized with the Yoast SEO plugin v27.5 - https:\/\/yoast.com\/product\/yoast-seo-wordpress\/ -->\n<title>Respect\u2019Home\u00ae Bicarbonate de soude Gel - Hydrachim<\/title>\n<meta name=\"robots\" content=\"index, follow, max-snippet:-1, max-image-preview:large, max-video-preview:-1\" \/>\n<link rel=\"canonical\" href=\"https:\/\/www.hydrachim.fr\/en\/produit\/respecthome_bicarbonate_de_soude_gel_002224601\/\" \/>\n<meta property=\"og:locale\" content=\"en_US\" \/>\n<meta property=\"og:type\" content=\"article\" \/>\n<meta property=\"og:title\" content=\"Respect\u2019Home\u00ae Bicarbonate de soude Gel - Hydrachim\" \/>\n<meta property=\"og:description\" content=\"Multi-Usages 4 en 1 - Ecocert\" \/>\n<meta property=\"og:url\" content=\"https:\/\/www.hydrachim.fr\/en\/produit\/respecthome_bicarbonate_de_soude_gel_002224601\/\" \/>\n<meta property=\"og:site_name\" content=\"Hydrachim\" \/>\n<meta property=\"article:modified_time\" content=\"2025-06-16T14:22:10+00:00\" \/>\n<meta property=\"og:image\" content=\"https:\/\/www.hydrachim.fr\/app\/uploads\/2021\/11\/2246_RESPECT_HOME_BICARBONATE_GEL_750ML..png\" \/>\n\t<meta property=\"og:image:width\" content=\"600\" \/>\n\t<meta property=\"og:image:height\" content=\"1092\" \/>\n\t<meta property=\"og:image:type\" content=\"image\/png\" \/>\n<meta name=\"twitter:card\" content=\"summary_large_image\" \/>\n<meta name=\"twitter:label1\" content=\"Est. reading time\" \/>\n\t<meta name=\"twitter:data1\" content=\"1 minute\" \/>\n<script type=\"application\/ld+json\" class=\"yoast-schema-graph\">{\"@context\":\"https:\\\/\\\/schema.org\",\"@graph\":[{\"@type\":\"WebPage\",\"@id\":\"https:\\\/\\\/www.hydrachim.fr\\\/en\\\/produit\\\/respecthome_bicarbonate_de_soude_gel_002224601\\\/\",\"url\":\"https:\\\/\\\/www.hydrachim.fr\\\/en\\\/produit\\\/respecthome_bicarbonate_de_soude_gel_002224601\\\/\",\"name\":\"Respect\u2019Home\u00ae Bicarbonate de soude Gel - Hydrachim\",\"isPartOf\":{\"@id\":\"https:\\\/\\\/www.hydrachim.fr\\\/en\\\/#website\"},\"primaryImageOfPage\":{\"@id\":\"https:\\\/\\\/www.hydrachim.fr\\\/en\\\/produit\\\/respecthome_bicarbonate_de_soude_gel_002224601\\\/#primaryimage\"},\"image\":{\"@id\":\"https:\\\/\\\/www.hydrachim.fr\\\/en\\\/produit\\\/respecthome_bicarbonate_de_soude_gel_002224601\\\/#primaryimage\"},\"thumbnailUrl\":\"https:\\\/\\\/www.hydrachim.fr\\\/app\\\/uploads\\\/2021\\\/11\\\/2246_RESPECT_HOME_BICARBONATE_GEL_750ML..png\",\"datePublished\":\"2021-11-25T12:57:57+00:00\",\"dateModified\":\"2025-06-16T14:22:10+00:00\",\"breadcrumb\":{\"@id\":\"https:\\\/\\\/www.hydrachim.fr\\\/en\\\/produit\\\/respecthome_bicarbonate_de_soude_gel_002224601\\\/#breadcrumb\"},\"inLanguage\":\"en-US\",\"potentialAction\":[{\"@type\":\"ReadAction\",\"target\":[\"https:\\\/\\\/www.hydrachim.fr\\\/en\\\/produit\\\/respecthome_bicarbonate_de_soude_gel_002224601\\\/\"]}]},{\"@type\":\"ImageObject\",\"inLanguage\":\"en-US\",\"@id\":\"https:\\\/\\\/www.hydrachim.fr\\\/en\\\/produit\\\/respecthome_bicarbonate_de_soude_gel_002224601\\\/#primaryimage\",\"url\":\"https:\\\/\\\/www.hydrachim.fr\\\/app\\\/uploads\\\/2021\\\/11\\\/2246_RESPECT_HOME_BICARBONATE_GEL_750ML..png\",\"contentUrl\":\"https:\\\/\\\/www.hydrachim.fr\\\/app\\\/uploads\\\/2021\\\/11\\\/2246_RESPECT_HOME_BICARBONATE_GEL_750ML..png\",\"width\":600,\"height\":1092},{\"@type\":\"BreadcrumbList\",\"@id\":\"https:\\\/\\\/www.hydrachim.fr\\\/en\\\/produit\\\/respecthome_bicarbonate_de_soude_gel_002224601\\\/#breadcrumb\",\"itemListElement\":[{\"@type\":\"ListItem\",\"position\":1,\"name\":\"Home\",\"item\":\"https:\\\/\\\/www.hydrachim.fr\\\/en\\\/\"},{\"@type\":\"ListItem\",\"position\":2,\"name\":\"Boutique\",\"item\":\"https:\\\/\\\/www.hydrachim.fr\\\/boutique\\\/\"},{\"@type\":\"ListItem\",\"position\":3,\"name\":\"Respect\u2019Home\u00ae Bicarbonate de soude Gel\"}]},{\"@type\":\"WebSite\",\"@id\":\"https:\\\/\\\/www.hydrachim.fr\\\/en\\\/#website\",\"url\":\"https:\\\/\\\/www.hydrachim.fr\\\/en\\\/\",\"name\":\"Hydrachim\",\"description\":\"La science de l&#039;hygi\u00e8ne\",\"potentialAction\":[{\"@type\":\"SearchAction\",\"target\":{\"@type\":\"EntryPoint\",\"urlTemplate\":\"https:\\\/\\\/www.hydrachim.fr\\\/en\\\/?s={search_term_string}\"},\"query-input\":{\"@type\":\"PropertyValueSpecification\",\"valueRequired\":true,\"valueName\":\"search_term_string\"}}],\"inLanguage\":\"en-US\"}]}<\/script>\n<!-- \/ Yoast SEO plugin. -->","yoast_head_json":{"title":"Respect\u2019Home\u00ae Bicarbonate de soude Gel - Hydrachim","robots":{"index":"index","follow":"follow","max-snippet":"max-snippet:-1","max-image-preview":"max-image-preview:large","max-video-preview":"max-video-preview:-1"},"canonical":"https:\/\/www.hydrachim.fr\/en\/produit\/respecthome_bicarbonate_de_soude_gel_002224601\/","og_locale":"en_US","og_type":"article","og_title":"Respect\u2019Home\u00ae Bicarbonate de soude Gel - Hydrachim","og_description":"Multi-Usages 4 en 1 - Ecocert","og_url":"https:\/\/www.hydrachim.fr\/en\/produit\/respecthome_bicarbonate_de_soude_gel_002224601\/","og_site_name":"Hydrachim","article_modified_time":"2025-06-16T14:22:10+00:00","og_image":[{"width":600,"height":1092,"url":"https:\/\/www.hydrachim.fr\/app\/uploads\/2021\/11\/2246_RESPECT_HOME_BICARBONATE_GEL_750ML..png","type":"image\/png"}],"twitter_card":"summary_large_image","twitter_misc":{"Est. reading time":"1 minute"},"schema":{"@context":"https:\/\/schema.org","@graph":[{"@type":"WebPage","@id":"https:\/\/www.hydrachim.fr\/en\/produit\/respecthome_bicarbonate_de_soude_gel_002224601\/","url":"https:\/\/www.hydrachim.fr\/en\/produit\/respecthome_bicarbonate_de_soude_gel_002224601\/","name":"Respect\u2019Home\u00ae Bicarbonate de soude Gel - Hydrachim","isPartOf":{"@id":"https:\/\/www.hydrachim.fr\/en\/#website"},"primaryImageOfPage":{"@id":"https:\/\/www.hydrachim.fr\/en\/produit\/respecthome_bicarbonate_de_soude_gel_002224601\/#primaryimage"},"image":{"@id":"https:\/\/www.hydrachim.fr\/en\/produit\/respecthome_bicarbonate_de_soude_gel_002224601\/#primaryimage"},"thumbnailUrl":"https:\/\/www.hydrachim.fr\/app\/uploads\/2021\/11\/2246_RESPECT_HOME_BICARBONATE_GEL_750ML..png","datePublished":"2021-11-25T12:57:57+00:00","dateModified":"2025-06-16T14:22:10+00:00","breadcrumb":{"@id":"https:\/\/www.hydrachim.fr\/en\/produit\/respecthome_bicarbonate_de_soude_gel_002224601\/#breadcrumb"},"inLanguage":"en-US","potentialAction":[{"@type":"ReadAction","target":["https:\/\/www.hydrachim.fr\/en\/produit\/respecthome_bicarbonate_de_soude_gel_002224601\/"]}]},{"@type":"ImageObject","inLanguage":"en-US","@id":"https:\/\/www.hydrachim.fr\/en\/produit\/respecthome_bicarbonate_de_soude_gel_002224601\/#primaryimage","url":"https:\/\/www.hydrachim.fr\/app\/uploads\/2021\/11\/2246_RESPECT_HOME_BICARBONATE_GEL_750ML..png","contentUrl":"https:\/\/www.hydrachim.fr\/app\/uploads\/2021\/11\/2246_RESPECT_HOME_BICARBONATE_GEL_750ML..png","width":600,"height":1092},{"@type":"BreadcrumbList","@id":"https:\/\/www.hydrachim.fr\/en\/produit\/respecthome_bicarbonate_de_soude_gel_002224601\/#breadcrumb","itemListElement":[{"@type":"ListItem","position":1,"name":"Home","item":"https:\/\/www.hydrachim.fr\/en\/"},{"@type":"ListItem","position":2,"name":"Boutique","item":"https:\/\/www.hydrachim.fr\/boutique\/"},{"@type":"ListItem","position":3,"name":"Respect\u2019Home\u00ae Bicarbonate de soude Gel"}]},{"@type":"WebSite","@id":"https:\/\/www.hydrachim.fr\/en\/#website","url":"https:\/\/www.hydrachim.fr\/en\/","name":"Hydrachim","description":"La science de l&#039;hygi\u00e8ne","potentialAction":[{"@type":"SearchAction","target":{"@type":"EntryPoint","urlTemplate":"https:\/\/www.hydrachim.fr\/en\/?s={search_term_string}"},"query-input":{"@type":"PropertyValueSpecification","valueRequired":true,"valueName":"search_term_string"}}],"inLanguage":"en-US"}]}},"acf":{"fiche_methode":"","fiche_technique":"https:\/\/www.hydrachim.fr\/app\/uploads\/2024\/06\/FT_2246_IDEGREEN_ECOCERT___RESPECT_HOME_BICARBONATE_DE_SOUDE_EN_GEL_PAE.pdf"},"_links":{"self":[{"href":"https:\/\/www.hydrachim.fr\/en\/wp-json\/wp\/v2\/product\/10300","targetHints":{"allow":["GET"]}}],"collection":[{"href":"https:\/\/www.hydrachim.fr\/en\/wp-json\/wp\/v2\/product"}],"about":[{"href":"https:\/\/www.hydrachim.fr\/en\/wp-json\/wp\/v2\/types\/product"}],"wp:featuredmedia":[{"embeddable":true,"href":"https:\/\/www.hydrachim.fr\/en\/wp-json\/wp\/v2\/media\/10315"}],"wp:attachment":[{"href":"https:\/\/www.hydrachim.fr\/en\/wp-json\/wp\/v2\/media?parent=10300"}],"wp:term":[{"taxonomy":"product_brand","embeddable":true,"href":"https:\/\/www.hydrachim.fr\/en\/wp-json\/wp\/v2\/product_brand?post=10300"},{"taxonomy":"product_type","embeddable":true,"href":"https:\/\/www.hydrachim.fr\/en\/wp-json\/wp\/v2\/product_type?post=10300"},{"taxonomy":"product_visibility","embeddable":true,"href":"https:\/\/www.hydrachim.fr\/en\/wp-json\/wp\/v2\/product_visibility?post=10300"},{"taxonomy":"product_cat","embeddable":true,"href":"https:\/\/www.hydrachim.fr\/en\/wp-json\/wp\/v2\/product_cat?post=10300"}],"curies":[{"name":"wp","href":"https:\/\/api.w.org\/{rel}","templated":true}]}}