{"id":10277,"date":"2021-11-18T11:08:59","date_gmt":"2021-11-18T09:08:59","guid":{"rendered":"https:\/\/www.hydrachim.fr\/?post_type=product&#038;p=10277"},"modified":"2024-08-26T14:16:15","modified_gmt":"2024-08-26T12:16:15","slug":"respecthome_assouplissant_peaux_sensibles_002223002","status":"publish","type":"product","link":"https:\/\/www.hydrachim.fr\/en\/produit\/respecthome_assouplissant_peaux_sensibles_002223002\/","title":{"rendered":"Respect\u2019Home\u00ae Assouplissant peaux sensibles"},"content":{"rendered":"<p><strong>Respect\u2019Home Assouplissant Peaux Sensibles\u00ae apporte plus de douceur au linge au toucher.<br \/>\nIl s&#8217;utilise en collectivit\u00e9, cr\u00e8ches, EHPAD, locaux administratifs, hotels, industrie, locaux sociaux, tertiaires&#8230;<\/strong><\/p>\n<p>Respect\u2019Home Assouplissant Peaux Sensibles\u00ae est parfum\u00e9 \u00e0 l&#8217;amande coing, il s&#8217;utilise en machine m\u00e9nag\u00e8re ou industrielle.<br \/>\nLa formule du Respect\u2019Home Assouplissant Peaux Sensibles\u00ae est pr\u00e9vue pour diminuer l&#8217;\u00e9lectricit\u00e9 statique, il respecte les couleurs et le blanc de votre linge mais aussi les peaux sensibles !\n<\/p>\n<p><strong>Disponible en carton de 4 x 3L. R\u00e9f. 002223002<\/strong><\/p>\n<p class=\"y-product y-product__product-subtitle\">Avantage :<\/p>\n<p>Respecte les peaux sensibles.<br \/>\nFormule test\u00e9e dermatologiquement.<br \/>\n&#8211; 97% des ingr\u00e9dients sont d\u2019origine naturelle<br \/>\n&#8211; Biod\u00e9gradable \u00e0 100% (selon la m\u00e9thode OCDE 302 B)<\/p>\n<p>LISTE INCI : AQUA, DIHYDROGENATED TALLOW HYDROXYETHYLMONIUM METHOSULFATE, ISOPROPYL ALCOHOL, SODIUM BENZOATE, CITRIC ACID, PARFUM, MAGNESIUM CHLORIDE.<\/p>\n<p>Retrouvez le mode d&#8217;emploi et le dosage du produit en t\u00e9l\u00e9chargeant sa Fiche Technique et\/ou sa Fiche M\u00e9thode.<\/p>\n<p><em>Avant toute utilisation, lire l&#8217;\u00e9tiquette et les informations concernant le produit.<br \/>\nD\u00e9tergent certifi\u00e9 par ECOCERT Greenlife selon le r\u00e9f\u00e9rentiel ECOCERT \u00abEcod\u00e9tergent\u00bb disponible sur http:\/\/detergents.ecocert.com.<\/em><\/p>\n","protected":false},"excerpt":{"rendered":"<p>Assouplissant liquide Ecocert test\u00e9 dermatologiquement.<\/p>\n","protected":false},"featured_media":10278,"template":"","meta":[],"product_brand":[],"product_type":[2],"product_visibility":[],"product_cat":[4135,4097,4128,4189,4355,4133,4143],"class_list":{"0":"post-10277","1":"product","2":"type-product","3":"status-publish","4":"has-post-thumbnail","6":"product_cat-lingeassouplissant","7":"product_cat-produitsecocert","8":"product_cat-solentretien","9":"product_cat-marquesidegreen","10":"product_cat-produits-produitsecocertlinge","11":"product_cat-produitslinge","12":"product_cat-nouveautes","13":"product_tag-assouplissant","14":"product_tag-ecocert","15":"product_tag-entretien-3","16":"product_tag-linge","18":"first","19":"instock","20":"shipping-taxable","21":"product-type-simple"},"yoast_head":"<!-- This site is optimized with the Yoast SEO plugin v27.5 - https:\/\/yoast.com\/product\/yoast-seo-wordpress\/ -->\n<title>Respect\u2019Home\u00ae Assouplissant peaux sensibles - Hydrachim<\/title>\n<meta name=\"robots\" content=\"index, follow, max-snippet:-1, max-image-preview:large, max-video-preview:-1\" \/>\n<link rel=\"canonical\" href=\"https:\/\/www.hydrachim.fr\/en\/produit\/respecthome_assouplissant_peaux_sensibles_002223002\/\" \/>\n<meta property=\"og:locale\" content=\"en_US\" \/>\n<meta property=\"og:type\" content=\"article\" \/>\n<meta property=\"og:title\" content=\"Respect\u2019Home\u00ae Assouplissant peaux sensibles - Hydrachim\" \/>\n<meta property=\"og:description\" content=\"Assouplissant liquide Ecocert test\u00e9 dermatologiquement.\" \/>\n<meta property=\"og:url\" content=\"https:\/\/www.hydrachim.fr\/en\/produit\/respecthome_assouplissant_peaux_sensibles_002223002\/\" \/>\n<meta property=\"og:site_name\" content=\"Hydrachim\" \/>\n<meta property=\"article:modified_time\" content=\"2024-08-26T12:16:15+00:00\" \/>\n<meta property=\"og:image\" content=\"https:\/\/www.hydrachim.fr\/app\/uploads\/2021\/11\/2230_RESPECT_HOME_ASSOUPLISSANT_PEAUX_SENSIBLES_3L___V2..png\" \/>\n\t<meta property=\"og:image:width\" content=\"1000\" \/>\n\t<meta property=\"og:image:height\" content=\"1456\" \/>\n\t<meta property=\"og:image:type\" content=\"image\/png\" \/>\n<meta name=\"twitter:card\" content=\"summary_large_image\" \/>\n<meta name=\"twitter:label1\" content=\"Est. reading time\" \/>\n\t<meta name=\"twitter:data1\" content=\"1 minute\" \/>\n<script type=\"application\/ld+json\" class=\"yoast-schema-graph\">{\"@context\":\"https:\\\/\\\/schema.org\",\"@graph\":[{\"@type\":\"WebPage\",\"@id\":\"https:\\\/\\\/www.hydrachim.fr\\\/en\\\/produit\\\/respecthome_assouplissant_peaux_sensibles_002223002\\\/\",\"url\":\"https:\\\/\\\/www.hydrachim.fr\\\/en\\\/produit\\\/respecthome_assouplissant_peaux_sensibles_002223002\\\/\",\"name\":\"Respect\u2019Home\u00ae Assouplissant peaux sensibles - Hydrachim\",\"isPartOf\":{\"@id\":\"https:\\\/\\\/www.hydrachim.fr\\\/en\\\/#website\"},\"primaryImageOfPage\":{\"@id\":\"https:\\\/\\\/www.hydrachim.fr\\\/en\\\/produit\\\/respecthome_assouplissant_peaux_sensibles_002223002\\\/#primaryimage\"},\"image\":{\"@id\":\"https:\\\/\\\/www.hydrachim.fr\\\/en\\\/produit\\\/respecthome_assouplissant_peaux_sensibles_002223002\\\/#primaryimage\"},\"thumbnailUrl\":\"https:\\\/\\\/www.hydrachim.fr\\\/app\\\/uploads\\\/2021\\\/11\\\/2230_RESPECT_HOME_ASSOUPLISSANT_PEAUX_SENSIBLES_3L___V2..png\",\"datePublished\":\"2021-11-18T09:08:59+00:00\",\"dateModified\":\"2024-08-26T12:16:15+00:00\",\"breadcrumb\":{\"@id\":\"https:\\\/\\\/www.hydrachim.fr\\\/en\\\/produit\\\/respecthome_assouplissant_peaux_sensibles_002223002\\\/#breadcrumb\"},\"inLanguage\":\"en-US\",\"potentialAction\":[{\"@type\":\"ReadAction\",\"target\":[\"https:\\\/\\\/www.hydrachim.fr\\\/en\\\/produit\\\/respecthome_assouplissant_peaux_sensibles_002223002\\\/\"]}]},{\"@type\":\"ImageObject\",\"inLanguage\":\"en-US\",\"@id\":\"https:\\\/\\\/www.hydrachim.fr\\\/en\\\/produit\\\/respecthome_assouplissant_peaux_sensibles_002223002\\\/#primaryimage\",\"url\":\"https:\\\/\\\/www.hydrachim.fr\\\/app\\\/uploads\\\/2021\\\/11\\\/2230_RESPECT_HOME_ASSOUPLISSANT_PEAUX_SENSIBLES_3L___V2..png\",\"contentUrl\":\"https:\\\/\\\/www.hydrachim.fr\\\/app\\\/uploads\\\/2021\\\/11\\\/2230_RESPECT_HOME_ASSOUPLISSANT_PEAUX_SENSIBLES_3L___V2..png\",\"width\":1000,\"height\":1456},{\"@type\":\"BreadcrumbList\",\"@id\":\"https:\\\/\\\/www.hydrachim.fr\\\/en\\\/produit\\\/respecthome_assouplissant_peaux_sensibles_002223002\\\/#breadcrumb\",\"itemListElement\":[{\"@type\":\"ListItem\",\"position\":1,\"name\":\"Home\",\"item\":\"https:\\\/\\\/www.hydrachim.fr\\\/en\\\/\"},{\"@type\":\"ListItem\",\"position\":2,\"name\":\"Boutique\",\"item\":\"https:\\\/\\\/www.hydrachim.fr\\\/boutique\\\/\"},{\"@type\":\"ListItem\",\"position\":3,\"name\":\"Respect\u2019Home\u00ae Assouplissant peaux sensibles\"}]},{\"@type\":\"WebSite\",\"@id\":\"https:\\\/\\\/www.hydrachim.fr\\\/en\\\/#website\",\"url\":\"https:\\\/\\\/www.hydrachim.fr\\\/en\\\/\",\"name\":\"Hydrachim\",\"description\":\"La science de l&#039;hygi\u00e8ne\",\"potentialAction\":[{\"@type\":\"SearchAction\",\"target\":{\"@type\":\"EntryPoint\",\"urlTemplate\":\"https:\\\/\\\/www.hydrachim.fr\\\/en\\\/?s={search_term_string}\"},\"query-input\":{\"@type\":\"PropertyValueSpecification\",\"valueRequired\":true,\"valueName\":\"search_term_string\"}}],\"inLanguage\":\"en-US\"}]}<\/script>\n<!-- \/ Yoast SEO plugin. -->","yoast_head_json":{"title":"Respect\u2019Home\u00ae Assouplissant peaux sensibles - Hydrachim","robots":{"index":"index","follow":"follow","max-snippet":"max-snippet:-1","max-image-preview":"max-image-preview:large","max-video-preview":"max-video-preview:-1"},"canonical":"https:\/\/www.hydrachim.fr\/en\/produit\/respecthome_assouplissant_peaux_sensibles_002223002\/","og_locale":"en_US","og_type":"article","og_title":"Respect\u2019Home\u00ae Assouplissant peaux sensibles - Hydrachim","og_description":"Assouplissant liquide Ecocert test\u00e9 dermatologiquement.","og_url":"https:\/\/www.hydrachim.fr\/en\/produit\/respecthome_assouplissant_peaux_sensibles_002223002\/","og_site_name":"Hydrachim","article_modified_time":"2024-08-26T12:16:15+00:00","og_image":[{"width":1000,"height":1456,"url":"https:\/\/www.hydrachim.fr\/app\/uploads\/2021\/11\/2230_RESPECT_HOME_ASSOUPLISSANT_PEAUX_SENSIBLES_3L___V2..png","type":"image\/png"}],"twitter_card":"summary_large_image","twitter_misc":{"Est. reading time":"1 minute"},"schema":{"@context":"https:\/\/schema.org","@graph":[{"@type":"WebPage","@id":"https:\/\/www.hydrachim.fr\/en\/produit\/respecthome_assouplissant_peaux_sensibles_002223002\/","url":"https:\/\/www.hydrachim.fr\/en\/produit\/respecthome_assouplissant_peaux_sensibles_002223002\/","name":"Respect\u2019Home\u00ae Assouplissant peaux sensibles - Hydrachim","isPartOf":{"@id":"https:\/\/www.hydrachim.fr\/en\/#website"},"primaryImageOfPage":{"@id":"https:\/\/www.hydrachim.fr\/en\/produit\/respecthome_assouplissant_peaux_sensibles_002223002\/#primaryimage"},"image":{"@id":"https:\/\/www.hydrachim.fr\/en\/produit\/respecthome_assouplissant_peaux_sensibles_002223002\/#primaryimage"},"thumbnailUrl":"https:\/\/www.hydrachim.fr\/app\/uploads\/2021\/11\/2230_RESPECT_HOME_ASSOUPLISSANT_PEAUX_SENSIBLES_3L___V2..png","datePublished":"2021-11-18T09:08:59+00:00","dateModified":"2024-08-26T12:16:15+00:00","breadcrumb":{"@id":"https:\/\/www.hydrachim.fr\/en\/produit\/respecthome_assouplissant_peaux_sensibles_002223002\/#breadcrumb"},"inLanguage":"en-US","potentialAction":[{"@type":"ReadAction","target":["https:\/\/www.hydrachim.fr\/en\/produit\/respecthome_assouplissant_peaux_sensibles_002223002\/"]}]},{"@type":"ImageObject","inLanguage":"en-US","@id":"https:\/\/www.hydrachim.fr\/en\/produit\/respecthome_assouplissant_peaux_sensibles_002223002\/#primaryimage","url":"https:\/\/www.hydrachim.fr\/app\/uploads\/2021\/11\/2230_RESPECT_HOME_ASSOUPLISSANT_PEAUX_SENSIBLES_3L___V2..png","contentUrl":"https:\/\/www.hydrachim.fr\/app\/uploads\/2021\/11\/2230_RESPECT_HOME_ASSOUPLISSANT_PEAUX_SENSIBLES_3L___V2..png","width":1000,"height":1456},{"@type":"BreadcrumbList","@id":"https:\/\/www.hydrachim.fr\/en\/produit\/respecthome_assouplissant_peaux_sensibles_002223002\/#breadcrumb","itemListElement":[{"@type":"ListItem","position":1,"name":"Home","item":"https:\/\/www.hydrachim.fr\/en\/"},{"@type":"ListItem","position":2,"name":"Boutique","item":"https:\/\/www.hydrachim.fr\/boutique\/"},{"@type":"ListItem","position":3,"name":"Respect\u2019Home\u00ae Assouplissant peaux sensibles"}]},{"@type":"WebSite","@id":"https:\/\/www.hydrachim.fr\/en\/#website","url":"https:\/\/www.hydrachim.fr\/en\/","name":"Hydrachim","description":"La science de l&#039;hygi\u00e8ne","potentialAction":[{"@type":"SearchAction","target":{"@type":"EntryPoint","urlTemplate":"https:\/\/www.hydrachim.fr\/en\/?s={search_term_string}"},"query-input":{"@type":"PropertyValueSpecification","valueRequired":true,"valueName":"search_term_string"}}],"inLanguage":"en-US"}]}},"acf":{"fiche_methode":"","fiche_technique":"https:\/\/www.hydrachim.fr\/app\/uploads\/2024\/06\/FT_2230_IDEGREEN_ECOCERT___RESPECT_HOME_ASSOUPLISSANT_PEAUX_SENSIBLES_AMANDE_COING.pdf"},"_links":{"self":[{"href":"https:\/\/www.hydrachim.fr\/en\/wp-json\/wp\/v2\/product\/10277","targetHints":{"allow":["GET"]}}],"collection":[{"href":"https:\/\/www.hydrachim.fr\/en\/wp-json\/wp\/v2\/product"}],"about":[{"href":"https:\/\/www.hydrachim.fr\/en\/wp-json\/wp\/v2\/types\/product"}],"wp:featuredmedia":[{"embeddable":true,"href":"https:\/\/www.hydrachim.fr\/en\/wp-json\/wp\/v2\/media\/10278"}],"wp:attachment":[{"href":"https:\/\/www.hydrachim.fr\/en\/wp-json\/wp\/v2\/media?parent=10277"}],"wp:term":[{"taxonomy":"product_brand","embeddable":true,"href":"https:\/\/www.hydrachim.fr\/en\/wp-json\/wp\/v2\/product_brand?post=10277"},{"taxonomy":"product_type","embeddable":true,"href":"https:\/\/www.hydrachim.fr\/en\/wp-json\/wp\/v2\/product_type?post=10277"},{"taxonomy":"product_visibility","embeddable":true,"href":"https:\/\/www.hydrachim.fr\/en\/wp-json\/wp\/v2\/product_visibility?post=10277"},{"taxonomy":"product_cat","embeddable":true,"href":"https:\/\/www.hydrachim.fr\/en\/wp-json\/wp\/v2\/product_cat?post=10277"}],"curies":[{"name":"wp","href":"https:\/\/api.w.org\/{rel}","templated":true}]}}