{"id":10133,"date":"2021-10-13T15:06:46","date_gmt":"2021-10-13T13:06:46","guid":{"rendered":"https:\/\/www.hydrachim.fr\/?post_type=product&#038;p=10133"},"modified":"2023-11-06T14:56:09","modified_gmt":"2023-11-06T12:56:09","slug":"apic_5_002132401","status":"publish","type":"product","link":"https:\/\/www.hydrachim.fr\/en\/produit\/apic_5_002132401\/","title":{"rendered":"APIC 5"},"content":{"rendered":"<p><strong>DETERQUAT APIC 5 est utilisable pour toutes les industries agro-alimentaires, tout au long de la cha\u00eene de transformation. DETERQUAT APIC 5 est un d\u00e9sinfectant oxydant des circuits, facilement quantifiable par conductivit\u00e9.<br \/>\nId\u00e9al en industrie de la boisson et en laiterie.<\/strong><\/p>\n<p>DETERQUAT APIC 5 est bact\u00e9ricide, levuricide, fongicide, virucide et bact\u00e9riophage selon les normes europ\u00e9ennes en vigueur.<br \/>\n\u00c9conomique, APIC 5 s&#8217;utilise \u00e0 temp\u00e9rature ambiante et \u00e0 la dose de 0,2 \u00e0 2% selon votre besoin.<\/p>\n<p><strong>Disponible en :<br \/>\n&#8211; Bidon de 24kg. R\u00e9f. 002132401.<br \/>\n&#8211; F\u00fbt de 240kg. R\u00e9f. 002132403.<br \/>\n&#8211; Container de 1100kg. R\u00e9f. 002132402.<\/strong><\/p>\n<p class=\"y-product y-product__product-subtitle\">Avantage :<\/p>\n<p>Facile \u00e0 doser et \u00e0 mesurer gr\u00e2ce \u00e0 son traceur acide.<\/p>\n<p>Retrouvez le mode d&#8217;emploi et le dosage du produit en t\u00e9l\u00e9chargeant, ci-dessous, sa Fiche Technique.<\/p>\n<p><em>Utilisez les biocides avec pr\u00e9caution. Avant toute utilisation, lisez l\u2019\u00e9tiquette et les informations concernant le produit.<br \/>\nAvant toute utilisation, assurez-vous que celle-ci est indispensable, notamment dans les lieux fr\u00e9quent\u00e9s par le grand public. Privil\u00e9giez chaque fois que possible les m\u00e9thodes alternatives et les produits pr\u00e9sentant le risque le plus faible pour la sant\u00e9 humaine et animale et pour l\u2019environnement.<br \/>\nTP4 : Surfaces en contact avec les denr\u00e9es alimentaires et les aliments pour animaux.<\/em><\/p>\n","protected":false},"excerpt":{"rendered":"<p>D\u00e9tartrant d\u00e9sinfectant acide oxydant pour circuits avec traceur.<\/p>\n","protected":false},"featured_media":10145,"template":"","meta":[],"product_brand":[],"product_type":[2],"product_visibility":[],"product_cat":[4027,4237,4174,4151,4175],"class_list":{"0":"post-10133","1":"product","2":"type-product","3":"status-publish","4":"has-post-thumbnail","6":"product_cat-agro-alimentaire-industrie","7":"product_cat-produits-produitsdsinfectioncoronavirus","8":"product_cat-nouveautesdesinfection","9":"product_cat-marquesdeterquat","10":"product_cat-nouveautesindustries","11":"product_tag-acide","12":"product_tag-agro-alimentaire","13":"product_tag-alimentaire_1","14":"product_tag-bactericide-type-defficacit","15":"product_tag-bacteriophage","16":"product_tag-desinfectant","17":"product_tag-fongicide_1","18":"product_tag-industrie-agroalimentaire_1","19":"product_tag-industrie-boisson-brasserie-viniculture","20":"product_tag-industrie-laitiere","21":"product_tag-levuricide_1","22":"product_tag-liquide","23":"product_tag-non-moussant_1","24":"product_tag-oxydant","25":"product_tag-tous-types-dapplication","26":"product_tag-tous-types-defficacite","27":"product_tag-tous-types-de-secteur-dactivite","28":"product_tag-tp4","29":"product_tag-virucide_1","31":"first","32":"instock","33":"shipping-taxable","34":"product-type-simple"},"yoast_head":"<!-- This site is optimized with the Yoast SEO plugin v27.5 - https:\/\/yoast.com\/product\/yoast-seo-wordpress\/ -->\n<title>APIC 5 - Hydrachim<\/title>\n<meta name=\"robots\" content=\"index, follow, max-snippet:-1, max-image-preview:large, max-video-preview:-1\" \/>\n<link rel=\"canonical\" href=\"https:\/\/www.hydrachim.fr\/en\/produit\/apic_5_002132401\/\" \/>\n<meta property=\"og:locale\" content=\"en_US\" \/>\n<meta property=\"og:type\" content=\"article\" \/>\n<meta property=\"og:title\" content=\"APIC 5 - Hydrachim\" \/>\n<meta property=\"og:description\" content=\"D\u00e9tartrant d\u00e9sinfectant acide oxydant pour circuits avec traceur.\" \/>\n<meta property=\"og:url\" content=\"https:\/\/www.hydrachim.fr\/en\/produit\/apic_5_002132401\/\" \/>\n<meta property=\"og:site_name\" content=\"Hydrachim\" \/>\n<meta property=\"article:modified_time\" content=\"2023-11-06T12:56:09+00:00\" \/>\n<meta property=\"og:image\" content=\"https:\/\/www.hydrachim.fr\/app\/uploads\/2021\/10\/002132401_Deterquat_APIC5_24KG.png\" \/>\n\t<meta property=\"og:image:width\" content=\"302\" \/>\n\t<meta property=\"og:image:height\" content=\"437\" \/>\n\t<meta property=\"og:image:type\" content=\"image\/png\" \/>\n<meta name=\"twitter:card\" content=\"summary_large_image\" \/>\n<meta name=\"twitter:label1\" content=\"Est. reading time\" \/>\n\t<meta name=\"twitter:data1\" content=\"1 minute\" \/>\n<script type=\"application\/ld+json\" class=\"yoast-schema-graph\">{\"@context\":\"https:\\\/\\\/schema.org\",\"@graph\":[{\"@type\":\"WebPage\",\"@id\":\"https:\\\/\\\/www.hydrachim.fr\\\/en\\\/produit\\\/apic_5_002132401\\\/\",\"url\":\"https:\\\/\\\/www.hydrachim.fr\\\/en\\\/produit\\\/apic_5_002132401\\\/\",\"name\":\"APIC 5 - Hydrachim\",\"isPartOf\":{\"@id\":\"https:\\\/\\\/www.hydrachim.fr\\\/en\\\/#website\"},\"primaryImageOfPage\":{\"@id\":\"https:\\\/\\\/www.hydrachim.fr\\\/en\\\/produit\\\/apic_5_002132401\\\/#primaryimage\"},\"image\":{\"@id\":\"https:\\\/\\\/www.hydrachim.fr\\\/en\\\/produit\\\/apic_5_002132401\\\/#primaryimage\"},\"thumbnailUrl\":\"https:\\\/\\\/www.hydrachim.fr\\\/app\\\/uploads\\\/2021\\\/10\\\/002132401_Deterquat_APIC5_24KG.png\",\"datePublished\":\"2021-10-13T13:06:46+00:00\",\"dateModified\":\"2023-11-06T12:56:09+00:00\",\"breadcrumb\":{\"@id\":\"https:\\\/\\\/www.hydrachim.fr\\\/en\\\/produit\\\/apic_5_002132401\\\/#breadcrumb\"},\"inLanguage\":\"en-US\",\"potentialAction\":[{\"@type\":\"ReadAction\",\"target\":[\"https:\\\/\\\/www.hydrachim.fr\\\/en\\\/produit\\\/apic_5_002132401\\\/\"]}]},{\"@type\":\"ImageObject\",\"inLanguage\":\"en-US\",\"@id\":\"https:\\\/\\\/www.hydrachim.fr\\\/en\\\/produit\\\/apic_5_002132401\\\/#primaryimage\",\"url\":\"https:\\\/\\\/www.hydrachim.fr\\\/app\\\/uploads\\\/2021\\\/10\\\/002132401_Deterquat_APIC5_24KG.png\",\"contentUrl\":\"https:\\\/\\\/www.hydrachim.fr\\\/app\\\/uploads\\\/2021\\\/10\\\/002132401_Deterquat_APIC5_24KG.png\",\"width\":302,\"height\":437},{\"@type\":\"BreadcrumbList\",\"@id\":\"https:\\\/\\\/www.hydrachim.fr\\\/en\\\/produit\\\/apic_5_002132401\\\/#breadcrumb\",\"itemListElement\":[{\"@type\":\"ListItem\",\"position\":1,\"name\":\"Home\",\"item\":\"https:\\\/\\\/www.hydrachim.fr\\\/en\\\/\"},{\"@type\":\"ListItem\",\"position\":2,\"name\":\"Boutique\",\"item\":\"https:\\\/\\\/www.hydrachim.fr\\\/boutique\\\/\"},{\"@type\":\"ListItem\",\"position\":3,\"name\":\"APIC 5\"}]},{\"@type\":\"WebSite\",\"@id\":\"https:\\\/\\\/www.hydrachim.fr\\\/en\\\/#website\",\"url\":\"https:\\\/\\\/www.hydrachim.fr\\\/en\\\/\",\"name\":\"Hydrachim\",\"description\":\"La science de l&#039;hygi\u00e8ne\",\"potentialAction\":[{\"@type\":\"SearchAction\",\"target\":{\"@type\":\"EntryPoint\",\"urlTemplate\":\"https:\\\/\\\/www.hydrachim.fr\\\/en\\\/?s={search_term_string}\"},\"query-input\":{\"@type\":\"PropertyValueSpecification\",\"valueRequired\":true,\"valueName\":\"search_term_string\"}}],\"inLanguage\":\"en-US\"}]}<\/script>\n<!-- \/ Yoast SEO plugin. -->","yoast_head_json":{"title":"APIC 5 - Hydrachim","robots":{"index":"index","follow":"follow","max-snippet":"max-snippet:-1","max-image-preview":"max-image-preview:large","max-video-preview":"max-video-preview:-1"},"canonical":"https:\/\/www.hydrachim.fr\/en\/produit\/apic_5_002132401\/","og_locale":"en_US","og_type":"article","og_title":"APIC 5 - Hydrachim","og_description":"D\u00e9tartrant d\u00e9sinfectant acide oxydant pour circuits avec traceur.","og_url":"https:\/\/www.hydrachim.fr\/en\/produit\/apic_5_002132401\/","og_site_name":"Hydrachim","article_modified_time":"2023-11-06T12:56:09+00:00","og_image":[{"width":302,"height":437,"url":"https:\/\/www.hydrachim.fr\/app\/uploads\/2021\/10\/002132401_Deterquat_APIC5_24KG.png","type":"image\/png"}],"twitter_card":"summary_large_image","twitter_misc":{"Est. reading time":"1 minute"},"schema":{"@context":"https:\/\/schema.org","@graph":[{"@type":"WebPage","@id":"https:\/\/www.hydrachim.fr\/en\/produit\/apic_5_002132401\/","url":"https:\/\/www.hydrachim.fr\/en\/produit\/apic_5_002132401\/","name":"APIC 5 - Hydrachim","isPartOf":{"@id":"https:\/\/www.hydrachim.fr\/en\/#website"},"primaryImageOfPage":{"@id":"https:\/\/www.hydrachim.fr\/en\/produit\/apic_5_002132401\/#primaryimage"},"image":{"@id":"https:\/\/www.hydrachim.fr\/en\/produit\/apic_5_002132401\/#primaryimage"},"thumbnailUrl":"https:\/\/www.hydrachim.fr\/app\/uploads\/2021\/10\/002132401_Deterquat_APIC5_24KG.png","datePublished":"2021-10-13T13:06:46+00:00","dateModified":"2023-11-06T12:56:09+00:00","breadcrumb":{"@id":"https:\/\/www.hydrachim.fr\/en\/produit\/apic_5_002132401\/#breadcrumb"},"inLanguage":"en-US","potentialAction":[{"@type":"ReadAction","target":["https:\/\/www.hydrachim.fr\/en\/produit\/apic_5_002132401\/"]}]},{"@type":"ImageObject","inLanguage":"en-US","@id":"https:\/\/www.hydrachim.fr\/en\/produit\/apic_5_002132401\/#primaryimage","url":"https:\/\/www.hydrachim.fr\/app\/uploads\/2021\/10\/002132401_Deterquat_APIC5_24KG.png","contentUrl":"https:\/\/www.hydrachim.fr\/app\/uploads\/2021\/10\/002132401_Deterquat_APIC5_24KG.png","width":302,"height":437},{"@type":"BreadcrumbList","@id":"https:\/\/www.hydrachim.fr\/en\/produit\/apic_5_002132401\/#breadcrumb","itemListElement":[{"@type":"ListItem","position":1,"name":"Home","item":"https:\/\/www.hydrachim.fr\/en\/"},{"@type":"ListItem","position":2,"name":"Boutique","item":"https:\/\/www.hydrachim.fr\/boutique\/"},{"@type":"ListItem","position":3,"name":"APIC 5"}]},{"@type":"WebSite","@id":"https:\/\/www.hydrachim.fr\/en\/#website","url":"https:\/\/www.hydrachim.fr\/en\/","name":"Hydrachim","description":"La science de l&#039;hygi\u00e8ne","potentialAction":[{"@type":"SearchAction","target":{"@type":"EntryPoint","urlTemplate":"https:\/\/www.hydrachim.fr\/en\/?s={search_term_string}"},"query-input":{"@type":"PropertyValueSpecification","valueRequired":true,"valueName":"search_term_string"}}],"inLanguage":"en-US"}]}},"acf":{"fiche_methode":"","fiche_technique":"https:\/\/www.hydrachim.fr\/app\/uploads\/2021\/10\/FT_1324_APIC5.pdf"},"_links":{"self":[{"href":"https:\/\/www.hydrachim.fr\/en\/wp-json\/wp\/v2\/product\/10133","targetHints":{"allow":["GET"]}}],"collection":[{"href":"https:\/\/www.hydrachim.fr\/en\/wp-json\/wp\/v2\/product"}],"about":[{"href":"https:\/\/www.hydrachim.fr\/en\/wp-json\/wp\/v2\/types\/product"}],"wp:featuredmedia":[{"embeddable":true,"href":"https:\/\/www.hydrachim.fr\/en\/wp-json\/wp\/v2\/media\/10145"}],"wp:attachment":[{"href":"https:\/\/www.hydrachim.fr\/en\/wp-json\/wp\/v2\/media?parent=10133"}],"wp:term":[{"taxonomy":"product_brand","embeddable":true,"href":"https:\/\/www.hydrachim.fr\/en\/wp-json\/wp\/v2\/product_brand?post=10133"},{"taxonomy":"product_type","embeddable":true,"href":"https:\/\/www.hydrachim.fr\/en\/wp-json\/wp\/v2\/product_type?post=10133"},{"taxonomy":"product_visibility","embeddable":true,"href":"https:\/\/www.hydrachim.fr\/en\/wp-json\/wp\/v2\/product_visibility?post=10133"},{"taxonomy":"product_cat","embeddable":true,"href":"https:\/\/www.hydrachim.fr\/en\/wp-json\/wp\/v2\/product_cat?post=10133"}],"curies":[{"name":"wp","href":"https:\/\/api.w.org\/{rel}","templated":true}]}}