{"id":10034,"date":"2021-09-14T09:23:11","date_gmt":"2021-09-14T07:23:11","guid":{"rendered":"https:\/\/www.hydrachim.fr\/?post_type=product&#038;p=10034"},"modified":"2026-04-27T13:34:00","modified_gmt":"2026-04-27T11:34:00","slug":"respecthome_savon_noir_002223401","status":"publish","type":"product","link":"https:\/\/www.hydrachim.fr\/en\/produit\/respecthome_savon_noir_002223401\/","title":{"rendered":"Respect\u2019Home\u00ae Savon Noir"},"content":{"rendered":"<p><strong>RESPECT\u2019HOME\u00ae Savon Noir est un nettoyant traditionnel qui nourrit, prot\u00e8ge et fait briller par exemple vos sols comme les carrelages, linos, parquets vitrifi\u00e9s. Il peut aussi \u00eatre utilis\u00e9 sur les tommettes, terres cuites, gr\u00e8s, dalles de pierres\u2026)<br \/>\nRESPECT\u2019HOME\u00ae Savon Noir est un puissant d\u00e9capant, d\u00e9graissant, d\u00e9tachant. Il sera parfait pour nettoyer vos vitres, vos surfaces murales mais aussi les surfaces de cuisine (meuble, plan de travail\u2026).<\/strong><\/p>\n<p>RESPECT\u2019HOME\u00ae Savon Noir s\u2019utilise en collectivit\u00e9, cr\u00e8ches, EHPAD, locaux administratifs, locaux sportifs, piscines, h\u00f4tels, industries, locaux sociaux, tertiaires,\u2026\n<\/p>\n<p><strong>Disponible en :<br \/>\nCarton de 6 x 1L. R\u00e9f. 002223401<br \/>\nCarton de 2 x 5L. R\u00e9f. 002223402<br \/>\n<\/strong><\/p>\n<p class=\"y-product y-product__product-subtitle\">Avantage :<\/p>\n<p>Respecte les surfaces.<br \/>\nMultiples usages.<br \/>\n&#8211; 99% des ingr\u00e9dients sont d\u2019origine v\u00e9g\u00e9tale et min\u00e9rale<br \/>\n&#8211; Biod\u00e9gradable \u00e0 100% (selon la m\u00e9thode OCDE 302 B)<\/p>\n<p>LISTE INCI : AQUA, POTASSIUM OLEATE, ALKYLGLUCOSIDE, POTASSIUM LINOLEATE, POTASSIUM COCOATE, C12-18 FATTY ALCOHOL ETHOLYLATED, TETRASODIUM IMINODISUCCATE.<\/p>\n<p>Retrouvez le mode d&#8217;emploi et le dosage du produit en t\u00e9l\u00e9chargeant sa Fiche Technique.<\/p>\n<p><em>Avant toute utilisation, lire l&#8217;\u00e9tiquette et les informations concernant le produit.<br \/>\nProduit conforme \u00e0 la l\u00e9gislation relative aux proc\u00e9d\u00e9s et aux produits utilis\u00e9s pour le nettoyage des mat\u00e9riaux et objets destin\u00e9s \u00e0 entrer en contact avec des denr\u00e9es, produits et boissons pour l\u2019alimentation de l\u2019homme et des animaux (Arr\u00eat\u00e9 du 08\/09\/1999 modifi\u00e9 le 19.12.2013). Rin\u00e7age obligatoire.<br \/>\nD\u00e9tergent certifi\u00e9 par ECOCERT Greenlife selon le r\u00e9f\u00e9rentiel ECOCERT \u00abEcod\u00e9tergent\u00bb disponible sur http:\/\/detergents.ecocert.com.<\/em><\/p>\n","protected":false},"excerpt":{"rendered":"<p>Nettoyant multisurfaces &#8211; Produit d&#8217; Antan Ecocert.<\/p>\n","protected":false},"featured_media":10863,"template":"","meta":[],"product_brand":[],"product_type":[2],"product_visibility":[],"product_cat":[4097,4128,4189,4143,4100,4127],"class_list":{"0":"post-10034","1":"product","2":"type-product","3":"status-publish","4":"has-post-thumbnail","6":"product_cat-produitsecocert","7":"product_cat-solentretien","8":"product_cat-marquesidegreen","9":"product_cat-nouveautes","10":"product_cat-ecocertsurface","11":"product_cat-produitssurface-sol","12":"product_tag-degraissant","13":"product_tag-ecocert","14":"product_tag-entretien-3","15":"product_tag-multi-surfaces","16":"product_tag-multi-usages","17":"product_tag-nettoyant","18":"product_tag-polyvalent","20":"first","21":"instock","22":"shipping-taxable","23":"product-type-simple"},"yoast_head":"<!-- This site is optimized with the Yoast SEO plugin v27.5 - https:\/\/yoast.com\/product\/yoast-seo-wordpress\/ -->\n<title>Respect\u2019Home\u00ae Savon Noir - Hydrachim<\/title>\n<meta name=\"robots\" content=\"index, follow, max-snippet:-1, max-image-preview:large, max-video-preview:-1\" \/>\n<link rel=\"canonical\" href=\"https:\/\/www.hydrachim.fr\/en\/produit\/respecthome_savon_noir_002223401\/\" \/>\n<meta property=\"og:locale\" content=\"en_US\" \/>\n<meta property=\"og:type\" content=\"article\" \/>\n<meta property=\"og:title\" content=\"Respect\u2019Home\u00ae Savon Noir - Hydrachim\" \/>\n<meta property=\"og:description\" content=\"Nettoyant multisurfaces - Produit d&#039; Antan Ecocert.\" \/>\n<meta property=\"og:url\" content=\"https:\/\/www.hydrachim.fr\/en\/produit\/respecthome_savon_noir_002223401\/\" \/>\n<meta property=\"og:site_name\" content=\"Hydrachim\" \/>\n<meta property=\"article:modified_time\" content=\"2026-04-27T11:34:00+00:00\" \/>\n<meta property=\"og:image\" content=\"https:\/\/www.hydrachim.fr\/app\/uploads\/2022\/02\/2234_RESPECT_HOME_SAVON_NOIR_ECODETERGENT_ECOCERT_1L_V2..png\" \/>\n\t<meta property=\"og:image:width\" content=\"600\" \/>\n\t<meta property=\"og:image:height\" content=\"807\" \/>\n\t<meta property=\"og:image:type\" content=\"image\/png\" \/>\n<meta name=\"twitter:card\" content=\"summary_large_image\" \/>\n<meta name=\"twitter:label1\" content=\"Est. reading time\" \/>\n\t<meta name=\"twitter:data1\" content=\"1 minute\" \/>\n<script type=\"application\/ld+json\" class=\"yoast-schema-graph\">{\"@context\":\"https:\\\/\\\/schema.org\",\"@graph\":[{\"@type\":\"WebPage\",\"@id\":\"https:\\\/\\\/www.hydrachim.fr\\\/en\\\/produit\\\/respecthome_savon_noir_002223401\\\/\",\"url\":\"https:\\\/\\\/www.hydrachim.fr\\\/en\\\/produit\\\/respecthome_savon_noir_002223401\\\/\",\"name\":\"Respect\u2019Home\u00ae Savon Noir - Hydrachim\",\"isPartOf\":{\"@id\":\"https:\\\/\\\/www.hydrachim.fr\\\/en\\\/#website\"},\"primaryImageOfPage\":{\"@id\":\"https:\\\/\\\/www.hydrachim.fr\\\/en\\\/produit\\\/respecthome_savon_noir_002223401\\\/#primaryimage\"},\"image\":{\"@id\":\"https:\\\/\\\/www.hydrachim.fr\\\/en\\\/produit\\\/respecthome_savon_noir_002223401\\\/#primaryimage\"},\"thumbnailUrl\":\"https:\\\/\\\/www.hydrachim.fr\\\/app\\\/uploads\\\/2022\\\/02\\\/2234_RESPECT_HOME_SAVON_NOIR_ECODETERGENT_ECOCERT_1L_V2..png\",\"datePublished\":\"2021-09-14T07:23:11+00:00\",\"dateModified\":\"2026-04-27T11:34:00+00:00\",\"breadcrumb\":{\"@id\":\"https:\\\/\\\/www.hydrachim.fr\\\/en\\\/produit\\\/respecthome_savon_noir_002223401\\\/#breadcrumb\"},\"inLanguage\":\"en-US\",\"potentialAction\":[{\"@type\":\"ReadAction\",\"target\":[\"https:\\\/\\\/www.hydrachim.fr\\\/en\\\/produit\\\/respecthome_savon_noir_002223401\\\/\"]}]},{\"@type\":\"ImageObject\",\"inLanguage\":\"en-US\",\"@id\":\"https:\\\/\\\/www.hydrachim.fr\\\/en\\\/produit\\\/respecthome_savon_noir_002223401\\\/#primaryimage\",\"url\":\"https:\\\/\\\/www.hydrachim.fr\\\/app\\\/uploads\\\/2022\\\/02\\\/2234_RESPECT_HOME_SAVON_NOIR_ECODETERGENT_ECOCERT_1L_V2..png\",\"contentUrl\":\"https:\\\/\\\/www.hydrachim.fr\\\/app\\\/uploads\\\/2022\\\/02\\\/2234_RESPECT_HOME_SAVON_NOIR_ECODETERGENT_ECOCERT_1L_V2..png\",\"width\":600,\"height\":807},{\"@type\":\"BreadcrumbList\",\"@id\":\"https:\\\/\\\/www.hydrachim.fr\\\/en\\\/produit\\\/respecthome_savon_noir_002223401\\\/#breadcrumb\",\"itemListElement\":[{\"@type\":\"ListItem\",\"position\":1,\"name\":\"Home\",\"item\":\"https:\\\/\\\/www.hydrachim.fr\\\/en\\\/\"},{\"@type\":\"ListItem\",\"position\":2,\"name\":\"Boutique\",\"item\":\"https:\\\/\\\/www.hydrachim.fr\\\/boutique\\\/\"},{\"@type\":\"ListItem\",\"position\":3,\"name\":\"Respect\u2019Home\u00ae Savon Noir\"}]},{\"@type\":\"WebSite\",\"@id\":\"https:\\\/\\\/www.hydrachim.fr\\\/en\\\/#website\",\"url\":\"https:\\\/\\\/www.hydrachim.fr\\\/en\\\/\",\"name\":\"Hydrachim\",\"description\":\"La science de l&#039;hygi\u00e8ne\",\"potentialAction\":[{\"@type\":\"SearchAction\",\"target\":{\"@type\":\"EntryPoint\",\"urlTemplate\":\"https:\\\/\\\/www.hydrachim.fr\\\/en\\\/?s={search_term_string}\"},\"query-input\":{\"@type\":\"PropertyValueSpecification\",\"valueRequired\":true,\"valueName\":\"search_term_string\"}}],\"inLanguage\":\"en-US\"}]}<\/script>\n<!-- \/ Yoast SEO plugin. -->","yoast_head_json":{"title":"Respect\u2019Home\u00ae Savon Noir - Hydrachim","robots":{"index":"index","follow":"follow","max-snippet":"max-snippet:-1","max-image-preview":"max-image-preview:large","max-video-preview":"max-video-preview:-1"},"canonical":"https:\/\/www.hydrachim.fr\/en\/produit\/respecthome_savon_noir_002223401\/","og_locale":"en_US","og_type":"article","og_title":"Respect\u2019Home\u00ae Savon Noir - Hydrachim","og_description":"Nettoyant multisurfaces - Produit d' Antan Ecocert.","og_url":"https:\/\/www.hydrachim.fr\/en\/produit\/respecthome_savon_noir_002223401\/","og_site_name":"Hydrachim","article_modified_time":"2026-04-27T11:34:00+00:00","og_image":[{"width":600,"height":807,"url":"https:\/\/www.hydrachim.fr\/app\/uploads\/2022\/02\/2234_RESPECT_HOME_SAVON_NOIR_ECODETERGENT_ECOCERT_1L_V2..png","type":"image\/png"}],"twitter_card":"summary_large_image","twitter_misc":{"Est. reading time":"1 minute"},"schema":{"@context":"https:\/\/schema.org","@graph":[{"@type":"WebPage","@id":"https:\/\/www.hydrachim.fr\/en\/produit\/respecthome_savon_noir_002223401\/","url":"https:\/\/www.hydrachim.fr\/en\/produit\/respecthome_savon_noir_002223401\/","name":"Respect\u2019Home\u00ae Savon Noir - Hydrachim","isPartOf":{"@id":"https:\/\/www.hydrachim.fr\/en\/#website"},"primaryImageOfPage":{"@id":"https:\/\/www.hydrachim.fr\/en\/produit\/respecthome_savon_noir_002223401\/#primaryimage"},"image":{"@id":"https:\/\/www.hydrachim.fr\/en\/produit\/respecthome_savon_noir_002223401\/#primaryimage"},"thumbnailUrl":"https:\/\/www.hydrachim.fr\/app\/uploads\/2022\/02\/2234_RESPECT_HOME_SAVON_NOIR_ECODETERGENT_ECOCERT_1L_V2..png","datePublished":"2021-09-14T07:23:11+00:00","dateModified":"2026-04-27T11:34:00+00:00","breadcrumb":{"@id":"https:\/\/www.hydrachim.fr\/en\/produit\/respecthome_savon_noir_002223401\/#breadcrumb"},"inLanguage":"en-US","potentialAction":[{"@type":"ReadAction","target":["https:\/\/www.hydrachim.fr\/en\/produit\/respecthome_savon_noir_002223401\/"]}]},{"@type":"ImageObject","inLanguage":"en-US","@id":"https:\/\/www.hydrachim.fr\/en\/produit\/respecthome_savon_noir_002223401\/#primaryimage","url":"https:\/\/www.hydrachim.fr\/app\/uploads\/2022\/02\/2234_RESPECT_HOME_SAVON_NOIR_ECODETERGENT_ECOCERT_1L_V2..png","contentUrl":"https:\/\/www.hydrachim.fr\/app\/uploads\/2022\/02\/2234_RESPECT_HOME_SAVON_NOIR_ECODETERGENT_ECOCERT_1L_V2..png","width":600,"height":807},{"@type":"BreadcrumbList","@id":"https:\/\/www.hydrachim.fr\/en\/produit\/respecthome_savon_noir_002223401\/#breadcrumb","itemListElement":[{"@type":"ListItem","position":1,"name":"Home","item":"https:\/\/www.hydrachim.fr\/en\/"},{"@type":"ListItem","position":2,"name":"Boutique","item":"https:\/\/www.hydrachim.fr\/boutique\/"},{"@type":"ListItem","position":3,"name":"Respect\u2019Home\u00ae Savon Noir"}]},{"@type":"WebSite","@id":"https:\/\/www.hydrachim.fr\/en\/#website","url":"https:\/\/www.hydrachim.fr\/en\/","name":"Hydrachim","description":"La science de l&#039;hygi\u00e8ne","potentialAction":[{"@type":"SearchAction","target":{"@type":"EntryPoint","urlTemplate":"https:\/\/www.hydrachim.fr\/en\/?s={search_term_string}"},"query-input":{"@type":"PropertyValueSpecification","valueRequired":true,"valueName":"search_term_string"}}],"inLanguage":"en-US"}]}},"acf":{"fiche_methode":"","fiche_technique":"https:\/\/www.hydrachim.fr\/app\/uploads\/2024\/06\/FT_2234_IDEGREEN_ECOCERT___RESPECT_HOME_SAVON_NOIR.pdf"},"_links":{"self":[{"href":"https:\/\/www.hydrachim.fr\/en\/wp-json\/wp\/v2\/product\/10034","targetHints":{"allow":["GET"]}}],"collection":[{"href":"https:\/\/www.hydrachim.fr\/en\/wp-json\/wp\/v2\/product"}],"about":[{"href":"https:\/\/www.hydrachim.fr\/en\/wp-json\/wp\/v2\/types\/product"}],"wp:featuredmedia":[{"embeddable":true,"href":"https:\/\/www.hydrachim.fr\/en\/wp-json\/wp\/v2\/media\/10863"}],"wp:attachment":[{"href":"https:\/\/www.hydrachim.fr\/en\/wp-json\/wp\/v2\/media?parent=10034"}],"wp:term":[{"taxonomy":"product_brand","embeddable":true,"href":"https:\/\/www.hydrachim.fr\/en\/wp-json\/wp\/v2\/product_brand?post=10034"},{"taxonomy":"product_type","embeddable":true,"href":"https:\/\/www.hydrachim.fr\/en\/wp-json\/wp\/v2\/product_type?post=10034"},{"taxonomy":"product_visibility","embeddable":true,"href":"https:\/\/www.hydrachim.fr\/en\/wp-json\/wp\/v2\/product_visibility?post=10034"},{"taxonomy":"product_cat","embeddable":true,"href":"https:\/\/www.hydrachim.fr\/en\/wp-json\/wp\/v2\/product_cat?post=10034"}],"curies":[{"name":"wp","href":"https:\/\/api.w.org\/{rel}","templated":true}]}}